{"id":2376,"date":"2024-01-11T20:34:04","date_gmt":"2024-01-11T20:34:04","guid":{"rendered":"https:\/\/wpml.enneagraminstitute.com\/relacion-entre-tipo-2-y-tipo-2\/"},"modified":"2025-03-04T16:36:40","modified_gmt":"2025-03-04T16:36:40","slug":"relacion-entre-tipo-2-y-tipo-2","status":"publish","type":"page","link":"https:\/\/wpml.enneagraminstitute.com\/es\/relacion-entre-tipo-2-y-tipo-2\/","title":{"rendered":"Relaci\u00f3n entre Tipo 2 y Tipo 2"},"content":{"rendered":"<h3 style=\"text-align:center\"> Traducido con AI<\/h3>\r\n\t\t\t<div class='container single-content-layout-layout-block'>\r\n\t\t\t\t<div class='row'>\r\n\t\t\t\t\t\n\r\n\t\t\t<div class='column-block col-12 col-md-10 col-lg-8 offset-lg-1'>\r\n\t\t\t\t\n\n<h1 class=\"wp-block-heading\">Eneagrama Tipo Dos (El Auxiliador)<br\/><em>con<\/em><br\/>Eneagrama Tipo Dos (El Auxiliador)<\/h1>\n\n\n\n<hr class=\"wp-block-separator has-alpha-channel-opacity\"\/>\n\n\n\n<h2 class=\"wp-block-heading\">Lo que cada tipo aporta a la relaci\u00f3n<\/h2>\n\n\n\n<p>Como ocurre con todas las relaciones de tipo doble, dos Eneagrama Dos aportan muchas de las mismas cualidades el uno al otro. En esto reside tanto una fuente principal de atracci\u00f3n como uno de los principales escollos de esta pareja. Las parejas de Dos saludables aportan un alto nivel de calidez, afecto y sensibilidad mutua. Se preocupan genuinamente por el bienestar de su pareja y de la relaci\u00f3n en s\u00ed, y est\u00e1n dispuestos y son capaces de invertir una cantidad considerable de energ\u00eda para asegurarse de que todo est\u00e9 bien. Una pareja de dos Dos tiene un alto nivel de comunicaci\u00f3n y verificaci\u00f3n entre ellos: dos Dos no tendr\u00edan problema en discutir c\u00f3mo se sienten, preguntar sobre la salud del otro, sobre c\u00f3mo van las cosas en el trabajo, y as\u00ed sucesivamente. Tambi\u00e9n estar\u00edan encantados de ayudar a apoyar los esfuerzos de su pareja de cualquier manera que pudieran. Tanto individualmente como en pareja, son considerados, observadores de las necesidades de las personas, generosos y respetuosos de los l\u00edmites y la necesidad de los dem\u00e1s de ser independientes y aprender las cosas por s\u00ed mismos. Las parejas de Dos saludables pueden expresar un enorme afecto por los dem\u00e1s, al mismo tiempo que les permiten partir apropiadamente. Tambi\u00e9n pueden encontrar un equilibrio entre ellos como pareja y cada uno de ellos como individuo.        <\/p>\n\n\n\n<p>Curiosamente, dado que ninguno est\u00e1 acostumbrado a ser nutrido por otra persona, generalmente necesitan aprender a permitirse ser amados y ayudados por el otro. Si cada uno de los Dos puede aceptar el apoyo del otro, la relaci\u00f3n puede convertirse en una fuente de amor profundo y abundancia desde la cual son capaces de proyectarse m\u00e1s plenamente en el mundo. Se sienten seguros y son leales el uno al otro, sabiendo que su pareja est\u00e1 ah\u00ed para ellos. En su mejor momento, esta es una pareja cari\u00f1osa y afectuosa que utiliza la seguridad de su relaci\u00f3n para criar una familia, adoptar ni\u00f1os y hacer del mundo un lugar m\u00e1s rico y amoroso. Se acercan a los dem\u00e1s y construyen una familia por elecci\u00f3n, un hogar del que otros realmente quieren formar parte.    <\/p>\n\n\n\n<h2 class=\"wp-block-heading\">Potenciales puntos problem\u00e1ticos o conflictos<\/h2>\n\n\n\n<p>Una pareja en la que ambas personas est\u00e1n tan orientadas a los sentimientos puede hacer mejores amigos y compa\u00f1eros de trabajo que parejas \u00edntimas. La raz\u00f3n es que ambos est\u00e1n preocupados por cuestiones de valor y autoestima, identidad y obtenci\u00f3n de validaci\u00f3n de los dem\u00e1s. Sus particulares necesidades emocionales pueden hacer que esta pareja sea m\u00e1s propensa a los celos secretos y la competencia entre s\u00ed sobre qui\u00e9n es m\u00e1s amado, qui\u00e9n es el centro de atenci\u00f3n, o a qui\u00e9n se busca con m\u00e1s frecuencia para pedir consejo o para eventos sociales, y as\u00ed sucesivamente. En algunas parejas de dos Dos, ya sean hombres o mujeres, ser\u00e1n conscientes de c\u00f3mo las personas responden a ellos f\u00edsica y sexualmente. Diferentes formas de encanto hasta demostraciones abiertas de destreza sexual ser\u00e1n parte del cuadro, aunque esto interferir\u00e1 con una relaci\u00f3n \u00edntima exclusiva satisfactoria.    <\/p>\n\n\n\n<p>Algunos Dos intentar\u00e1n resolver este problema yendo en la direcci\u00f3n opuesta, comenzando a no preocuparse por su apariencia. Pueden, por ejemplo, no hacer ejercicio y ganar peso excesivo, o no vestirse ni arreglarse lo suficiente. Una pareja de dos Dos puede comenzar a encontrar sus consuelos emocionales en otros lugares, buscando intimidad con otros o, si eso no es posible, con la comida. Si esto contin\u00faa, pueden perder gradualmente todo inter\u00e9s f\u00edsico el uno en el otro y la relaci\u00f3n sufrir\u00eda por la p\u00e9rdida de contacto e intimidad f\u00edsica. Si posteriormente los problemas de salud se convierten en un problema (debido a la sobrealimentaci\u00f3n como compensaci\u00f3n por las privaciones emocionales), el Dos f\u00edsicamente m\u00e1s saludable inevitablemente se sentir\u00e1 frenado por el compa\u00f1ero m\u00e1s necesitado. O ambos Dos podr\u00edan deteriorarse en una relaci\u00f3n centrada en la enfermedad en la que sus dolencias y sus quejas sobre ellas son lo que mantiene unida a la pareja. Ambos pueden desarrollar problemas de l\u00edmites y enredarse excesivamente el uno con el otro, o, con igual probabilidad, sentirse repelidos por la excesiva atenci\u00f3n del otro. Cuanto peor se pone esto, ir\u00f3nicamente, m\u00e1s aislados y solitarios se vuelven. La depresi\u00f3n y culpar al otro son a menudo parte del cuadro.        <\/p>\n\n\n\n<p>Para una mayor comprensi\u00f3n de esta combinaci\u00f3n de tipos, lea m\u00e1s sobre la <a href=\"https:\/\/wpml.enneagraminstitute.com\/es\/como-funciona-el-sistema-del-eneagrama\/\">Flecha de Estr\u00e9s<\/a> y c\u00f3mo se comportan los <a href=\"https:\/\/wpml.enneagraminstitute.com\/es\/eneagrama-tipo-2-el-ayudante\/\">Dos<\/a> cuando se mueven a lo largo de ella.<\/p>\n\n\r\n\t\t\t<\/div>\r\n\t\t\n\r\n\t\t\t\t<\/div>\r\n\t\t\t<\/div>\r\n\t\t","protected":false},"excerpt":{"rendered":"<p>Traducido con AI<\/p>\n","protected":false},"author":6,"featured_media":0,"parent":0,"menu_order":0,"comment_status":"closed","ping_status":"closed","template":"","meta":{"_acf_changed":false,"footnotes":""},"class_list":["post-2376","page","type-page","status-publish","hentry"],"acf":[],"_links":{"self":[{"href":"https:\/\/wpml.enneagraminstitute.com\/es\/wp-json\/wp\/v2\/pages\/2376","targetHints":{"allow":["GET"]}}],"collection":[{"href":"https:\/\/wpml.enneagraminstitute.com\/es\/wp-json\/wp\/v2\/pages"}],"about":[{"href":"https:\/\/wpml.enneagraminstitute.com\/es\/wp-json\/wp\/v2\/types\/page"}],"author":[{"embeddable":true,"href":"https:\/\/wpml.enneagraminstitute.com\/es\/wp-json\/wp\/v2\/users\/6"}],"replies":[{"embeddable":true,"href":"https:\/\/wpml.enneagraminstitute.com\/es\/wp-json\/wp\/v2\/comments?post=2376"}],"version-history":[{"count":9,"href":"https:\/\/wpml.enneagraminstitute.com\/es\/wp-json\/wp\/v2\/pages\/2376\/revisions"}],"predecessor-version":[{"id":2807,"href":"https:\/\/wpml.enneagraminstitute.com\/es\/wp-json\/wp\/v2\/pages\/2376\/revisions\/2807"}],"wp:attachment":[{"href":"https:\/\/wpml.enneagraminstitute.com\/es\/wp-json\/wp\/v2\/media?parent=2376"}],"curies":[{"name":"wp","href":"https:\/\/api.w.org\/{rel}","templated":true}]}}