{"id":2374,"date":"2024-01-11T20:34:04","date_gmt":"2024-01-11T20:34:04","guid":{"rendered":"https:\/\/wpml.enneagraminstitute.com\/eneagrama-tipo-7-el-entusiasta\/"},"modified":"2025-03-04T16:36:40","modified_gmt":"2025-03-04T16:36:40","slug":"eneagrama-tipo-7-el-entusiasta","status":"publish","type":"page","link":"https:\/\/wpml.enneagraminstitute.com\/es\/eneagrama-tipo-7-el-entusiasta\/","title":{"rendered":"Eneagrama Tipo 7: El Entusiasta"},"content":{"rendered":"<h3 style=\"text-align:center\"> Traducido con AI<\/h3>\r\n\t\t\t<div class='container single-content-layout-layout-block'>\r\n\t\t\t\t<div class='row'>\r\n\t\t\t\t\t\n\r\n\t\t\t<div class='column-block col-12 col-md-10 col-lg-8 offset-lg-1'>\r\n\t\t\t\t\n\n<h1 class=\"wp-block-heading\" id=\"h-enneagram-type-7-the-enthusiast\">Eneagrama Tipo 7: EL ENTUSIASTA<\/h1>\n\n\n\n<p>El Tipo Ocupado y Buscador de Variedad:<br\/>Espont\u00e1neo, Vers\u00e1til, Adquisitivo y Disperso<\/p>\n\n\n<div class=\"wp-block-image\">\n<figure class=\"aligncenter size-full\" id=\"yui_3_17_2_1_1705611948097_87\"><img loading=\"lazy\" decoding=\"async\" width=\"300\" height=\"192\" src=\"https:\/\/wpml.enneagraminstitute.com\/wp-content\/uploads\/2025\/08\/40_image-asset-3.png\" alt=\"\" class=\"wp-image-1844\"\/><\/figure>\n<\/div>\n\n\n<hr class=\"wp-block-separator has-alpha-channel-opacity\"\/>\n\n\n\n<h2 class=\"wp-block-heading\" id=\"h-enneagram-type-7-in-brief\">Eneagrama Tipo 7 en Breve<\/h2>\n\n\n\n<p>Los Sietes son extrovertidos, optimistas, vers\u00e1tiles y espont\u00e1neos. Juguetones, animados y pr\u00e1cticos, tambi\u00e9n pueden aplicar err\u00f3neamente sus numerosos talentos, volvi\u00e9ndose sobrecargados, dispersos e indisciplinados. Buscan constantemente experiencias nuevas y emocionantes, pero pueden distraerse y agotarse al mantenerse en constante movimiento. T\u00edpicamente tienen problemas con la impaciencia y la impulsividad. <em>En su Mejor Estado<\/em>: enfocan sus talentos en metas valiosas, volvi\u00e9ndose apreciativos, alegres y satisfechos.   <\/p>\n\n\n\n<ul class=\"wp-block-list\">\n<li><strong>Temor B\u00e1sico:<\/strong> Ser privados y sufrir dolor<\/li>\n\n\n\n<li><strong>Deseo B\u00e1sico:<\/strong> Estar satisfechos y contentos\u2014tener sus necesidades satisfechas<\/li>\n\n\n\n<li><strong>Eneagrama Siete con Ala Seis:<\/strong> \u201cEl Animador\u201d<\/li>\n\n\n\n<li><strong>Eneagrama Siete con Ala Ocho:<\/strong> \u201cEl Realista\u201d<\/li>\n<\/ul>\n\n\n\n<p><strong>Motivaciones Clave:<\/strong> Desean mantener su libertad y felicidad, evitar perderse experiencias valiosas, mantenerse excitados y ocupados, evitar y descargar el dolor.<\/p>\n\n\n\n<h3 class=\"wp-block-heading\" id=\"h-the-meaning-of-the-arrows-in-brief\">El Significado de las Flechas (en breve)<\/h3>\n\n\n\n<p>When moving in their Direction of Disintegration (stress), scattered Sevens suddenly become perfectionistic and critical at <a href=\"https:\/\/wpml.enneagraminstitute.com\/es\/eneagrama-tipo-1-el-reformador\/\">One<\/a>. However, when moving in their Direction of Integration (growth), gluttonous, scattered Sevens become more focused and fascinated by life, like healthy <a href=\"https:\/\/wpml.enneagraminstitute.com\/es\/eneagrama-tipo-5-el-investigador\/\">Fives<\/a>. <a href=\"https:\/\/wpml.enneagraminstitute.com\/es\/como-funciona-el-sistema-del-eneagrama\/\">Learn more about the arrows.<\/a> <\/p>\n\n\n\n<p><strong>Ejemplos:<\/strong> El 14\u00ba Dalai Lama, Galileo Galilei, W.A. Mozart, Thomas Jefferson, Benjamin Franklin, Amelia Earhart, Richard Feynman, Wassily Kandinsky, Ram Dass, Timothy Leary, Noel Coward, John F. Kennedy, Joe Biden, Sarah Palin, Silvio Berlusconi, Malcolm Forbes, Richard Branson, Ted Turner, Suze Orman, Leonard Bernstein, Chuck Berry, Elton John, Mick Jagger, Fergie, Miley Cyrus, Britney Spears, Katy Perry, Russell Brand, Sacha Baron Cohen, Federico Fellini, Steven Spielberg, Fred Astaire, Cary Grant, John Belushi, Joan Rivers, Bette Midler, Goldie Hawn, George Clooney, Brad Pitt, Robin Williams, Jim Carrey, Mike Meyers, Bruce Willis, Robert Downey, Jr., James Franco, Leonardo DiCaprio, Charlie Sheen, Cameron Diaz, Paris Hilton, David Duchovny, Larry King, Howard Stern, Simon Cowell, \u201cAuntie Mame\u201d<\/p>\n\n\n\n<hr class=\"wp-block-separator has-alpha-channel-opacity\"\/>\n\n\n\n<h2 class=\"wp-block-heading\" id=\"h-enneagram-type-7-overview\">Visi\u00f3n General del Eneagrama Tipo 7<\/h2>\n\n\n\n<p>Hemos denominado este tipo de personalidad <em>El Entusiasta<\/em> porque los Sietes se entusiasman con casi todo lo que capta su atenci\u00f3n. Abordan la vida con curiosidad, optimismo y un sentido de aventura, como \u201cni\u00f1os en una tienda de dulces\u201d que miran el mundo con ojos muy abiertos, en anticipaci\u00f3n extasiada de todas las cosas buenas que est\u00e1n a punto de experimentar. Son audaces y vivaces, persiguiendo lo que desean en la vida con una determinaci\u00f3n alegre. Poseen una cualidad mejor descrita por la palabra yiddish \u201cchutzpah\u201d\u2014una especie de \u201cdescaro atrevido.\u201d   <\/p>\n\n\n\n<p>Aunque los Sietes est\u00e1n en el Centro del Pensamiento, esto no es inmediatamente evidente porque tienden a ser extremadamente pr\u00e1cticos y estar involucrados en m\u00faltiples proyectos en cualquier momento dado. Su pensamiento es <em>anticipatorio<\/em>: prev\u00e9n eventos y generan ideas \u201csobre la marcha,\u201d favoreciendo actividades que estimulen sus mentes\u2014lo que a su vez genera m\u00e1s cosas que hacer y pensar. Los Sietes no son necesariamente intelectuales o estudiosos seg\u00fan ninguna definici\u00f3n est\u00e1ndar, aunque a menudo son inteligentes y pueden ser ampliamente le\u00eddos y muy elocuentes. Sus mentes se mueven r\u00e1pidamente de una idea a otra, lo que hace que los Sietes sean dotados para la lluvia de ideas y la s\u00edntesis de informaci\u00f3n. Los Sietes se sienten exhilarados por el flujo de ideas y por el placer de ser espont\u00e1neos, prefiriendo visiones generales y la emoci\u00f3n de las etapas iniciales del proceso creativo a profundizar en un solo tema.    <\/p>\n\n\n\n<p>Devon, una exitosa mujer de negocios, comparte con nosotros algunas de las operaciones internas de su mentalidad de Siete.<\/p>\n\n\n\n<blockquote class=\"wp-block-quote is-layout-flow wp-block-quote-is-layout-flow\">\n<p>\u201cDefinitivamente soy una persona de listas. No es realmente para la memoria ya que tengo una gran memoria. Es m\u00e1s para descargar informaci\u00f3n para que mi mente no d\u00e9 vueltas sobre ella. Por ejemplo, estaba en un concierto donde las entradas eran dif\u00edciles de conseguir y muy caras. No pude sentarme durante todo el concierto. Mi mente me torturaba con las cosas que necesitaba hacer. Finalmente, tuve que levantarme e irme. Esto fue muy molesto para la persona con la que fui y me perd\u00ed un buen espect\u00e1culo.\u201d<\/p>\n<\/blockquote>\n\n\n\n<p>Los Sietes suelen estar dotados de mentes \u00e1giles y r\u00e1pidas, y pueden ser aprendices excepcionalmente veloces. Esto es cierto tanto en su capacidad para absorber informaci\u00f3n (idiomas, hechos y procedimientos) como en su habilidad para aprender nuevas destrezas manuales \u2014tienden a tener una excelente coordinaci\u00f3n mente-cuerpo y destreza manual (mecanograf\u00eda, piano, tenis). Todo esto puede combinarse para convertir a un Siete en el arquet\u00edpico \u201chomo universalis\u201d.  <\/p>\n\n\n\n<p>Ir\u00f3nicamente, la amplia curiosidad de los Sietes y su capacidad para aprender r\u00e1pidamente tambi\u00e9n pueden crearles problemas. Debido a que son capaces de adquirir muchas habilidades diferentes con relativa facilidad, les resulta m\u00e1s dif\u00edcil decidir qu\u00e9 hacer consigo mismos. Como resultado, tampoco siempre valoran sus habilidades como lo har\u00edan si hubieran tenido que esforzarse para obtenerlas. Sin embargo, cuando los Sietes est\u00e1n m\u00e1s equilibrados, su versatilidad, curiosidad y capacidad de aprendizaje pueden conducirles a logros extraordinarios.   <\/p>\n\n\n\n<p>La ra\u00edz de su problema es com\u00fan a todos los tipos del Centro del Pensamiento: est\u00e1n desconectados de la gu\u00eda interna y el apoyo de su naturaleza Esencial. Como ocurre con los Cincos y los Seises, esto crea una profunda ansiedad en los Sietes. No sienten que sepan qu\u00e9 hacer o c\u00f3mo tomar decisiones que sean beneficiosas para s\u00ed mismos y para los dem\u00e1s. Los Sietes lidian con esta ansiedad de dos maneras. Primero, intentan mantener sus mentes ocupadas todo el tiempo. Mientras los Sietes puedan mantener sus mentes ocupadas, especialmente con proyectos e ideas positivas para el futuro, pueden, hasta cierto punto, mantener la ansiedad y los sentimientos negativos fuera de la conciencia. Asimismo, dado que su pensamiento se estimula con la actividad, los Sietes se ven obligados a mantenerse en movimiento, pasando de una experiencia a otra, buscando m\u00e1s estimulaci\u00f3n. Esto no quiere decir que los Sietes est\u00e9n \u201cdando vueltas en c\u00edrculos\u201d. Generalmente disfrutan siendo pr\u00e1cticos y logrando que las cosas se hagan.        <\/p>\n\n\n\n<p>Frances, una exitosa consultora de negocios, suena m\u00e1s en\u00e9rgica de lo que humanamente parece posible \u2014y, sin embargo, es una Siete t\u00edpica:<\/p>\n\n\n\n<blockquote class=\"wp-block-quote is-layout-flow wp-block-quote-is-layout-flow\">\n<p>\u201cSoy altamente, altamente productiva. En la oficina, estoy jubilosa y mi mente funciona a su m\u00e1ximo rendimiento. Podr\u00eda crear varias campa\u00f1as de marketing para un cliente, trabajar en el esquema de un pr\u00f3ximo seminario, discutir un problema dif\u00edcil con un cliente por tel\u00e9fono, cerrar dos acuerdos, hacer una lista de proyectos, dictar algunas cartas y mirar hacia arriba para ver que son las 9:30 a.m. y mi asistente est\u00e1 llegando para comenzar nuestro trabajo del d\u00eda.\u201d<\/p>\n<\/blockquote>\n\n\n\n<p>En segundo lugar, los Sietes lidian con la p\u00e9rdida de la gu\u00eda Esencial utilizando el m\u00e9todo de \u201censayo y error\u201d: prueban todo para asegurarse de saber qu\u00e9 es lo mejor. En un nivel muy profundo, <em>los Sietes no sienten que puedan encontrar lo que realmente quieren en la vida.<\/em> Por lo tanto, tienden a probarlo todo \u2014y en \u00faltima instancia pueden incluso recurrir a cualquier cosa como sustituto de lo que realmente est\u00e1n buscando. (\u201cSi no puedo tener lo que realmente me satisfar\u00e1, de todos modos disfrutar\u00e9. Tendr\u00e9 todo tipo de experiencias \u2014de esa manera no me sentir\u00e9 mal por no obtener lo que realmente quiero.\u201d)  <\/p>\n\n\n\n<p>Podemos ver esto en acci\u00f3n incluso en las \u00e1reas m\u00e1s triviales de su vida cotidiana. Incapaz de decidir si quiere helado de vainilla, chocolate o fresa, un Siete querr\u00e1 los tres sabores \u2014solo para asegurarse de no perderse la elecci\u00f3n \u201ccorrecta\u201d. Tener dos semanas de vacaciones y el deseo de visitar Europa trae un dilema similar. \u00bfQu\u00e9 pa\u00edses y ciudades visitar? \u00bfQu\u00e9 sitios ver? La forma en que el Siete lidiar\u00e1 con esto ser\u00e1 incluir tantos pa\u00edses, ciudades y atracciones diferentes como sea posible en sus vacaciones. Mientras se apresuran en busca de experiencias emocionantes, el verdadero objeto del deseo de su coraz\u00f3n (su Rosebud personal, por as\u00ed decirlo) puede estar tan profundamente enterrado en su inconsciente que nunca son realmente conscientes de lo que es precisamente.      <\/p>\n\n\n\n<p>Adem\u00e1s, a medida que los Sietes aceleran su b\u00fasqueda de lo que parece ofrecer libertad y satisfacci\u00f3n, tienden a tomar peores decisiones, y son menos capaces de satisfacerse porque todo se experimenta indirectamente, a trav\u00e9s del denso filtro de su actividad mental acelerada. El resultado es que los Sietes terminan ansiosos, frustrados y enfurecidos, con menos recursos disponibles para ellos f\u00edsica, emocional o financieramente. Pueden terminar arruinando su salud, sus relaciones y sus finanzas en su b\u00fasqueda de la felicidad.  <\/p>\n\n\n\n<p>Gertrude est\u00e1 ocupada estableciendo su carrera y familia ahora, pero recuerda c\u00f3mo esta tendencia contribuy\u00f3 a que tuviera un comienzo dif\u00edcil en la vida.<\/p>\n\n\n\n<blockquote class=\"wp-block-quote is-layout-flow wp-block-quote-is-layout-flow\">\n<p>\u201cNo hab\u00eda nada que hacer en casa o en el peque\u00f1o pueblo sure\u00f1o en el que crec\u00ed. Anhelaba salir de all\u00ed e ir a alg\u00fan lugar m\u00e1s emocionante. Cuando ten\u00eda 16 a\u00f1os, comenc\u00e9 a salir con chicos, y al poco tiempo qued\u00e9 embarazada, pero el padre no quer\u00eda casarse conmigo, lo cual estaba bien ya que yo tampoco quer\u00eda casarme con \u00e9l. No pas\u00f3 mucho tiempo antes de que encontrara a otra persona, nos cas\u00e1ramos y me mudara a una ciudad m\u00e1s grande. Pero realmente no funcion\u00f3 como yo quer\u00eda porque despu\u00e9s de tener al beb\u00e9, nos separamos y tuve que regresar a casa. Me qued\u00e9 all\u00ed por un a\u00f1o o dos para estabilizarme. Cuando las cosas parec\u00edan sombr\u00edas, me cas\u00e9 con otra persona. Ahora tengo 19 a\u00f1os y supongo que ya he hecho mucho.\u201d<\/p>\n<\/blockquote>\n\n\n\n<p>No obstante, en el aspecto positivo, los Sietes son personas extremadamente optimistas, exuberantes y alegres. Est\u00e1n dotados de una vitalidad abundante y un deseo de participar plenamente en sus vidas cada d\u00eda. Son naturalmente alegres y de buen humor, sin tomarse demasiado en serio a s\u00ed mismos, ni a ninguna otra cosa. Como hemos visto, el Deseo B\u00e1sico de los Sietes es estar satisfechos, felices y realizados, y cuando est\u00e1n equilibrados internamente, su alegr\u00eda y entusiasmo por la vida afectan naturalmente a todos a su alrededor. Nos recuerdan el puro placer de la existencia, el mayor regalo de todos.    <\/p>\n\n\n\n<p>(de <a href=\"\/store\"><em>La Sabidur\u00eda del Eneagrama<\/em><\/a>, p. 262-264)<\/p>\n\n\n\n<hr class=\"wp-block-separator has-alpha-channel-opacity\"\/>\n\n\n\n<h2 class=\"wp-block-heading\" id=\"h-enneagram-type-7-levels-of-development\">Eneagrama Tipo 7 &#8211; Niveles de Desarrollo<\/h2>\n\n\n\n<p><strong>Niveles Saludables<\/strong><\/p>\n\n\n\n<p><strong>Nivel 1 (En Su Mejor Momento):<\/strong> Asimilan las experiencias en profundidad, volvi\u00e9ndose profundamente agradecidos y apreciativos por lo que tienen. Se maravillan ante las simples maravillas de la vida: jubilosos y ext\u00e1ticos. Intuiciones de la realidad espiritual, de la bondad infinita de la vida.  <\/p>\n\n\n\n<p><strong>Nivel 2:<\/strong> Altamente receptivos, excitables, entusiastas sobre la sensaci\u00f3n y la experiencia. El tipo m\u00e1s extrovertido: los est\u00edmulos provocan respuestas inmediatas, encuentran todo estimulante. Animados, vivaces, ansiosos, espont\u00e1neos, resilientes, alegres.  <\/p>\n\n\n\n<p><strong>Nivel 3:<\/strong> F\u00e1cilmente se convierten en triunfadores consumados, generalistas que hacen bien muchas cosas diferentes: multitalentosos. Pr\u00e1cticos, productivos, usualmente prol\u00edficos, fertilizando transversalmente \u00e1reas de inter\u00e9s. <\/p>\n\n\n\n<p><strong>Niveles Promedio<\/strong><\/p>\n\n\n\n<p><strong>Nivel 4:<\/strong> A medida que aumenta la inquietud, desean tener m\u00e1s opciones y elecciones disponibles. Se vuelven aventureros y \u201cconocedores del mundo\u201d, pero menos enfocados, buscando constantemente cosas y experiencias nuevas: el sofisticado, el conocedor y el consumidor. El dinero, la variedad, mantenerse al d\u00eda con las \u00faltimas tendencias se vuelven importantes.  <\/p>\n\n\n\n<p><strong>Nivel 5:<\/strong> Incapaces de discriminar lo que realmente necesitan, se vuelven hiperactivos, incapaces de decirse \u201cno\u201d a s\u00ed mismos, lanz\u00e1ndose a una actividad constante. Desinhibidos, haciendo y diciendo lo que se les ocurre: cuentacuentos, exageraciones extravagantes, bromas ingeniosas, actuando. Temen aburrirse: en perpetuo movimiento, pero hacen demasiadas cosas\u2014muchas ideas pero poco seguimiento.  <\/p>\n\n\n\n<p><strong>Nivel 6:<\/strong> Se involucran en el consumo conspicuo y todas las formas de exceso. Egoc\u00e9ntricos, materialistas y codiciosos, nunca sienten que tienen suficiente. Exigentes y agresivos, pero insatisfechos y hastiados. Adictivos, endurecidos e insensibles.   <\/p>\n\n\n\n<p><strong>Niveles Insalubres<\/strong><\/p>\n\n\n\n<p><strong>Nivel 7:<\/strong> Desesperados por aplacar sus ansiedades, pueden ser impulsivos e infantiles: no saben cu\u00e1ndo parar. Las adicciones y el exceso pasan factura: libertinos, depravados, escapistas disipados, ofensivos y abusivos. <\/p>\n\n\n\n<p><strong>Nivel 8:<\/strong> En huida de s\u00ed mismos, actuando impulsos en lugar de lidiar con la ansiedad o las frustraciones: se descontrolan, caen en cambios de humor err\u00e1ticos y acciones compulsivas (man\u00edas).<\/p>\n\n\n\n<p><strong>Nivel 9:<\/strong> Finalmente, su energ\u00eda y salud est\u00e1n completamente agotadas: se vuelven claustrof\u00f3bicos y presos del p\u00e1nico. A menudo se rinden ante s\u00ed mismos y la vida: depresi\u00f3n profunda y desesperaci\u00f3n, sobredosis autodestructivas, suicidio impulsivo. Generalmente corresponde al trastorno bipolar y al trastorno de personalidad histri\u00f3nica.  <\/p>\n\n\n\n<hr class=\"wp-block-separator has-alpha-channel-opacity\"\/>\n\n\n\n<h2 class=\"wp-block-heading\" id=\"h-compatibility-with-other-types\">Compatibilidad con Otros Tipos<\/h2>\n\n\n\n<h3 class=\"wp-block-heading\" id=\"h-type-7-in-relationship-with-type\">Tipo 7 en relaci\u00f3n con el tipo:<\/h3>\n\n\n\n<h3 class=\"wp-block-heading\" id=\"h-1-nbsp-nbsp-nbsp-nbsp-nbsp-2-nbsp-nbsp-nbsp-nbsp-nbsp-3-nbsp-nbsp-nbsp-nbsp-nbsp-4-nbsp-nbsp-nbsp-nbsp-nbsp-5-nbsp-nbsp-nbsp-nbsp-nbsp-6-nbsp-nbsp-nbsp-nbsp-nbsp-7-nbsp-nbsp-nbsp-nbsp-nbsp-8-nbsp-nbsp-nbsp-nbsp-nbsp-9\"><a href=\"https:\/\/wpml.enneagraminstitute.com\/es\/relacion-entre-el-tipo-1-y-el-tipo-7\/\">1<\/a>     <a href=\"https:\/\/wpml.enneagraminstitute.com\/es\/relacion-entre-el-tipo-2-y-el-tipo-7\/\">2<\/a>     <a href=\"https:\/\/wpml.enneagraminstitute.com\/es\/tipo-de-relacion-3-con-tipo-7\/\">3<\/a>     <a href=\"https:\/\/wpml.enneagraminstitute.com\/es\/relacion-entre-el-tipo-4-y-el-tipo-7\/\">4<\/a>     <a href=\"https:\/\/wpml.enneagraminstitute.com\/es\/relacion-tipo-5-con-tipo-7\/\">5<\/a>     <a href=\"https:\/\/wpml.enneagraminstitute.com\/es\/relacion-tipo-6-con-tipo-7\/\">6<\/a>     <a href=\"https:\/\/wpml.enneagraminstitute.com\/es\/relacion-tipo-7-con-tipo-7\/\">7<\/a>     <a href=\"https:\/\/wpml.enneagraminstitute.com\/es\/tipo-de-relacion-7-con-tipo-8\/\">8<\/a>     <a href=\"https:\/\/wpml.enneagraminstitute.com\/es\/relacion-tipo-7-con-tipo-9\/\">9<\/a><\/h3>\n\n\n\n<hr class=\"wp-block-separator has-alpha-channel-opacity\"\/>\n\n\n\n<h2 class=\"wp-block-heading\" id=\"h-misidentification-with-other-types\">Identificaci\u00f3n Err\u00f3nea con Otros Tipos<\/h2>\n\n\n\n<h3 class=\"wp-block-heading\" id=\"h-type-7-compared-with-type\">Tipo 7 comparado con el tipo:<\/h3>\n\n\n\n<h3 class=\"wp-block-heading\" id=\"h-1-nbsp-nbsp-nbsp-nbsp-nbsp-2-nbsp-nbsp-nbsp-nbsp-nbsp-3-nbsp-nbsp-nbsp-nbsp-nbsp-4-nbsp-nbsp-nbsp-nbsp-nbsp-5-nbsp-nbsp-nbsp-nbsp-nbsp-6-nbsp-nbsp-nbsp-nbsp-nbsp-8-nbsp-nbsp-nbsp-nbsp-nbsp-9\"><a href=\"https:\/\/wpml.enneagraminstitute.com\/es\/identificacion-erronea-de-1-y-7\/\">1<\/a>     <a href=\"https:\/\/wpml.enneagraminstitute.com\/es\/identificacion-erronea-de-2-y-7\/\">2<\/a>     <a href=\"https:\/\/wpml.enneagraminstitute.com\/es\/identificacion-erronea-de-3-y-7\/\">3<\/a>     <a href=\"https:\/\/wpml.enneagraminstitute.com\/es\/identificacion-erronea-de-4-y-7\/\">4<\/a>     <a href=\"https:\/\/wpml.enneagraminstitute.com\/es\/identificacion-erronea-entre-5-y-7\/\">5<\/a>     <a href=\"https:\/\/wpml.enneagraminstitute.com\/es\/identificacion-erronea-de-los-tipos-6-y-7\/\">6<\/a>     <a href=\"https:\/\/wpml.enneagraminstitute.com\/es\/identificacion-erronea-de-7-y-8\/\">8<\/a>     <a href=\"https:\/\/wpml.enneagraminstitute.com\/es\/identificacion-erronea-de-7-y-9\/\">9<\/a><\/h3>\n\n\n\n<hr class=\"wp-block-separator has-alpha-channel-opacity\"\/>\n\n\n\n<h2 class=\"wp-block-heading\" id=\"h-addictions\">Adicciones<\/h2>\n\n\n\n<p>El tipo m\u00e1s propenso a las adicciones: estimulantes (cafe\u00edna, coca\u00edna y anfetaminas), \u00e9xtasis, psicotr\u00f3picos, narc\u00f3ticos y alcohol, pero tienden a evitar otros depresores. Desgastan su cuerpo con el esfuerzo por mantenerse \u201canimados\u201d. Cirug\u00eda cosm\u00e9tica excesiva, analg\u00e9sicos.   <\/p>\n\n\n\n<hr class=\"wp-block-separator has-alpha-channel-opacity\"\/>\n\n\n\n<h2 class=\"wp-block-heading\" id=\"h-personal-growth-recommendations-for-enneagram-type-sevens\">Recomendaciones de Crecimiento Personal<br\/>para el Eneagrama Tipo Siete<\/h2>\n\n\n\n<ul class=\"wp-block-list\">\n<li>Reconozca su impulsividad y adquiera el h\u00e1bito de observar sus impulsos en lugar de ceder ante ellos. Esto implica permitir que la mayor\u00eda de sus impulsos pasen y convertirse en un mejor juez de cu\u00e1les merecen ser actuados. Cuanto m\u00e1s pueda resistir la actuaci\u00f3n de sus impulsos, m\u00e1s podr\u00e1 enfocarse en lo que realmente es beneficioso para usted.  <\/li>\n\n\n\n<li>Aprenda a escuchar a otras personas. A menudo son interesantes, y es posible que aprenda cosas que le abrir\u00e1n nuevas puertas. Asimismo, aprenda a apreciar el silencio y la soledad: no es necesario que se distraiga (y se proteja de la ansiedad) con el ruido constante del televisor o el equipo de m\u00fasica. Al aprender a vivir con menos estimulaci\u00f3n externa, aprender\u00e1 a confiar en s\u00ed mismo. Ser\u00e1 m\u00e1s feliz de lo que espera porque estar\u00e1 satisfecho con lo que haga, incluso si es menos de lo que ha estado haciendo.    <\/li>\n\n\n\n<li>No es necesario tenerlo todo en este preciso momento. Es muy probable que esa tentadora nueva adquisici\u00f3n siga disponible ma\u00f1ana (esto es ciertamente cierto en el caso de la comida, el alcohol y otras gratificaciones comunes, como un helado, por ejemplo). La mayor\u00eda de las buenas oportunidades volver\u00e1n a presentarse, y usted estar\u00e1 en una mejor posici\u00f3n para discernir qu\u00e9 oportunidades son realmente las m\u00e1s adecuadas para usted.  <\/li>\n\n\n\n<li>Opte siempre por la calidad sobre la cantidad, especialmente en sus experiencias. La capacidad de tener experiencias de calidad solo puede aprenderse prestando toda su atenci\u00f3n a la experiencia que est\u00e1 teniendo <em>ahora<\/em>. Si contin\u00faa anticipando experiencias futuras, seguir\u00e1 perdiendo la presente y socavar\u00e1 la posibilidad de estar alguna vez satisfecho.  <\/li>\n\n\n\n<li>Aseg\u00farese de que lo que desea sea realmente beneficioso para usted a largo plazo. Como dice el refr\u00e1n, tenga cuidado con lo que pide, ya que sus oraciones pueden ser respondidas. En la misma l\u00ednea, reflexione sobre las consecuencias a largo plazo de lo que desea, ya que puede obtenerlo solo para descubrir que se convierte en otra decepci\u00f3n, o incluso en una fuente de infelicidad.  <\/li>\n<\/ul>\n\n\n\n<hr class=\"wp-block-separator has-alpha-channel-opacity\"\/>\n\n\n\n<h2 class=\"wp-block-heading\" id=\"h-learn-more\">Aprender M\u00e1s<\/h2>\n\n\n\n<p>Los <a href=\"\/store\">libros de Riso-Hudson<\/a> ofrecen las descripciones de tipos m\u00e1s completas disponibles en cualquier parte. <a href=\"\/store\"><em>Personality Types<\/em><\/a> es el tratamiento m\u00e1s completo, profundo y sistem\u00e1tico de los nueve tipos y del sistema del Eneagrama en su conjunto, y <a href=\"\/store\"><em>The Wisdom of the Enneagram<\/em><\/a> proporciona la gu\u00eda integral para el crecimiento psicol\u00f3gico y espiritual de los nueve tipos de personalidad.<\/p>\n\n\r\n\t\t\t<\/div>\r\n\t\t\n\r\n\t\t\t\t<\/div>\r\n\t\t\t<\/div>\r\n\t\t","protected":false},"excerpt":{"rendered":"<p>Traducido con AI<\/p>\n","protected":false},"author":6,"featured_media":0,"parent":0,"menu_order":0,"comment_status":"closed","ping_status":"closed","template":"","meta":{"_acf_changed":false,"footnotes":""},"class_list":["post-2374","page","type-page","status-publish","hentry"],"acf":[],"_links":{"self":[{"href":"https:\/\/wpml.enneagraminstitute.com\/es\/wp-json\/wp\/v2\/pages\/2374","targetHints":{"allow":["GET"]}}],"collection":[{"href":"https:\/\/wpml.enneagraminstitute.com\/es\/wp-json\/wp\/v2\/pages"}],"about":[{"href":"https:\/\/wpml.enneagraminstitute.com\/es\/wp-json\/wp\/v2\/types\/page"}],"author":[{"embeddable":true,"href":"https:\/\/wpml.enneagraminstitute.com\/es\/wp-json\/wp\/v2\/users\/6"}],"replies":[{"embeddable":true,"href":"https:\/\/wpml.enneagraminstitute.com\/es\/wp-json\/wp\/v2\/comments?post=2374"}],"version-history":[{"count":18,"href":"https:\/\/wpml.enneagraminstitute.com\/es\/wp-json\/wp\/v2\/pages\/2374\/revisions"}],"predecessor-version":[{"id":2808,"href":"https:\/\/wpml.enneagraminstitute.com\/es\/wp-json\/wp\/v2\/pages\/2374\/revisions\/2808"}],"wp:attachment":[{"href":"https:\/\/wpml.enneagraminstitute.com\/es\/wp-json\/wp\/v2\/media?parent=2374"}],"curies":[{"name":"wp","href":"https:\/\/api.w.org\/{rel}","templated":true}]}}