{"id":2372,"date":"2024-01-11T20:34:04","date_gmt":"2024-01-11T20:34:04","guid":{"rendered":"https:\/\/wpml.enneagraminstitute.com\/relacion-entre-el-tipo-2-y-el-tipo-8\/"},"modified":"2025-03-04T16:36:41","modified_gmt":"2025-03-04T16:36:41","slug":"relacion-entre-el-tipo-2-y-el-tipo-8","status":"publish","type":"page","link":"https:\/\/wpml.enneagraminstitute.com\/es\/relacion-entre-el-tipo-2-y-el-tipo-8\/","title":{"rendered":"Relaci\u00f3n entre el Tipo 2 y el Tipo 8"},"content":{"rendered":"<h3 style=\"text-align:center\"> Traducido con AI<\/h3>\r\n\t\t\t<div class='container single-content-layout-layout-block'>\r\n\t\t\t\t<div class='row'>\r\n\t\t\t\t\t\n\r\n\t\t\t<div class='column-block col-12 col-md-10 col-lg-8 offset-lg-1'>\r\n\t\t\t\t\n\n<h1 class=\"wp-block-heading\" id=\"h-enneagram-type-2-the-helper-with-enneagram-type-8-the-challenger\">Eneagrama Tipo 2 (el Ayudador) <em>con<\/em> Eneagrama Tipo 8 (el Desafiador)<\/h1>\n\n\n\n<hr class=\"wp-block-separator has-alpha-channel-opacity\"\/>\n\n\n\n<h2 class=\"wp-block-heading\" id=\"h-what-each-type-brings-to-the-relationship\">Lo que cada tipo aporta a la relaci\u00f3n<\/h2>\n\n\n\n<p>Estos dos tipos son m\u00e1s similares de lo que podr\u00eda parecer a primera vista. Ambos est\u00e1n orientados a la acci\u00f3n y desean tener un impacto personal en su entorno. Ambos pueden ser sentimentales y profundamente emocionales, con un lado tierno que a menudo est\u00e1 m\u00e1s oculto que visible. Ambos pueden desempe\u00f1ar los roles de proveedor, protector, cuidador y nutricionista mientras evitan o incluso niegan sus propias necesidades. Ambos tienden a sobrecargarse de trabajo y a ser el elemento fuerte en las relaciones (aunque los Dos tender\u00e1n a hacerlo como el poder detr\u00e1s del trono, mientras que los Ochos tender\u00e1n a estar claramente en el trono). Ambos tipos aportan pasi\u00f3n, vitalidad, habilidades interpersonales y sociales, magnanimidad y generosidad. Sin embargo, el \u00e9nfasis b\u00e1sico de ambos tipos es claramente diferente: los Dos se interesan principalmente por el bienestar de los dem\u00e1s, mientras que los Ochos tienden a interesarse por su bienestar f\u00edsico y por tener un impacto distintivo en su mundo, a menudo con consecuencias beneficiosas para los dem\u00e1s.      <\/p>\n\n\n\n<p>Desempe\u00f1an f\u00e1cilmente roles que el otro necesita y desea: el Ocho es pr\u00e1ctico y se preocupa por los resultados, mientras que los Dos est\u00e1n m\u00e1s orientados a las personas y son m\u00e1s abiertamente altruistas. Ambos tienen una fuerte voluntad y les gusta asumir responsabilidades, siempre que las elijan ellos mismos. Los Ochos a menudo se regocijan en el resplandor del afecto y la adoraci\u00f3n del Dos: los Dos realmente aprecian la fuerza y los esfuerzos del Ocho, y ven su autosacrificio a menudo oculto. Ambos ven las cualidades nobles del otro y pueden ser los defensores y admiradores m\u00e1s firmes el uno del otro. Sus roles tambi\u00e9n est\u00e1n claramente delimitados, por lo que no se interponen en el camino del otro. Cada uno dirige diferentes esferas de sus vidas y cubre diferentes bases (uno desempe\u00f1a el papel simb\u00f3lico de la Mam\u00e1, el otro el del Pap\u00e1, y las cosas son claras y equilibradas). Estas cualidades convierten a esta pareja en poderosos aliados que complementan las fortalezas del otro, particularmente los buenos efectos que pueden tener sobre los dem\u00e1s.      <\/p>\n\n\n\n<hr class=\"wp-block-separator has-alpha-channel-opacity\"\/>\n\n\n\n<h2 class=\"wp-block-heading\" id=\"h-potential-trouble-spots-or-issues\">Potenciales puntos problem\u00e1ticos o conflictos<\/h2>\n\n\n\n<p>Los Dos y los Ocho tienen sistemas de valores muy diferentes: como se ha se\u00f1alado anteriormente, los Dos tienden a estar orientados hacia las personas, mientras que los Ochos tienden a tener una mentalidad pr\u00e1ctica. Sus estilos interpersonales tambi\u00e9n son muy diferentes, ya que los Dos tienden a ser m\u00e1s emp\u00e1ticos e indirectos y los Ochos m\u00e1s directos e independientes. Incluso los Ochos promedio tienden a enorgullecerse de su forma resueltamente poco sentimental de tratar con las personas y las situaciones, mientras que los Dos promedio se vuelven muy apegados a las personas y excesivamente sol\u00edcitos con sus necesidades. Los Dos tienden a ver las cosas desde los puntos de vista de los dem\u00e1s, mientras que los Ochos no lo hacen: ven las cosas desde el punto de vista del inter\u00e9s propio, sintiendo que los dem\u00e1s necesitan aprender a cuidarse a s\u00ed mismos para no volverse d\u00e9biles e ineficaces. Por lo tanto, en una relaci\u00f3n, los Dos y los Ochos tienen ideas muy diferentes sobre d\u00f3nde encajan otras personas en el panorama, incluida su propia familia.    <\/p>\n\n\n\n<p>Ambos tipos tienden a moverse en direcciones opuestas y tienen puntos de vista cada vez m\u00e1s opuestos sobre c\u00f3mo tratar a otras personas. Los Ochos se vuelven m\u00e1s duros de coraz\u00f3n y confrontacionales, mientras que los Dos se vuelven m\u00e1s posesivos y abnegados. Entre ellos, pueden entrar en batallas sobre cu\u00e1l de sus filosof\u00edas prevalecer\u00e1. Sin embargo, en lugar de sentirse rechazados o perder una relaci\u00f3n clave, los Dos pueden verse atrapados en una relaci\u00f3n codependiente con el Ocho. El Dos puede convertirse en un apologista del mal comportamiento del Ocho, facilit\u00e1ndolo y as\u00ed alentando a los Ochos a continuar con h\u00e1bitos antisociales o autodestructivos. Por lo tanto, esta pareja podr\u00eda no separarse tan r\u00e1pidamente como lo har\u00edan otras combinaciones, aunque pueden arrastrarse mutuamente hacia abajo sin ver su trampa mutua. En \u00faltima instancia, los Ochos pueden perder el respeto por los Dos, encontr\u00e1ndolos insinceros y manipuladores, mientras que los Dos pierden el respeto por los Ochos pensando que son crueles y dominantes. Ambos pueden volverse m\u00e1s rudos y controladores si esto contin\u00faa, con matices de acoso y paranoia, temores de traici\u00f3n y actos de venganza.       <\/p>\n\n\n\n<p>Para una mayor comprensi\u00f3n de esta combinaci\u00f3n de tipos, lea m\u00e1s sobre la <a href=\"https:\/\/wpml.enneagraminstitute.com\/es\/como-funciona-el-sistema-del-eneagrama\/\">Flecha de Estr\u00e9s<\/a> y c\u00f3mo se comportan los tipos <a href=\"https:\/\/wpml.enneagraminstitute.com\/es\/eneagrama-tipo-2-el-ayudante\/\">Dos<\/a> y <a href=\"https:\/\/wpml.enneagraminstitute.com\/es\/eneagrama-tipo-8-el-desafiante\/\">Ocho<\/a> cuando se mueven a lo largo de ella.<\/p>\n\n\r\n\t\t\t<\/div>\r\n\t\t\n\r\n\t\t\t\t<\/div>\r\n\t\t\t<\/div>\r\n\t\t","protected":false},"excerpt":{"rendered":"<p>Traducido con AI<\/p>\n","protected":false},"author":6,"featured_media":0,"parent":0,"menu_order":0,"comment_status":"closed","ping_status":"closed","template":"","meta":{"_acf_changed":false,"footnotes":""},"class_list":["post-2372","page","type-page","status-publish","hentry"],"acf":[],"_links":{"self":[{"href":"https:\/\/wpml.enneagraminstitute.com\/es\/wp-json\/wp\/v2\/pages\/2372","targetHints":{"allow":["GET"]}}],"collection":[{"href":"https:\/\/wpml.enneagraminstitute.com\/es\/wp-json\/wp\/v2\/pages"}],"about":[{"href":"https:\/\/wpml.enneagraminstitute.com\/es\/wp-json\/wp\/v2\/types\/page"}],"author":[{"embeddable":true,"href":"https:\/\/wpml.enneagraminstitute.com\/es\/wp-json\/wp\/v2\/users\/6"}],"replies":[{"embeddable":true,"href":"https:\/\/wpml.enneagraminstitute.com\/es\/wp-json\/wp\/v2\/comments?post=2372"}],"version-history":[{"count":8,"href":"https:\/\/wpml.enneagraminstitute.com\/es\/wp-json\/wp\/v2\/pages\/2372\/revisions"}],"predecessor-version":[{"id":2809,"href":"https:\/\/wpml.enneagraminstitute.com\/es\/wp-json\/wp\/v2\/pages\/2372\/revisions\/2809"}],"wp:attachment":[{"href":"https:\/\/wpml.enneagraminstitute.com\/es\/wp-json\/wp\/v2\/media?parent=2372"}],"curies":[{"name":"wp","href":"https:\/\/api.w.org\/{rel}","templated":true}]}}