{"id":2370,"date":"2024-01-11T20:34:04","date_gmt":"2024-01-11T20:34:04","guid":{"rendered":"https:\/\/wpml.enneagraminstitute.com\/relacion-tipo-2-con-tipo-3\/"},"modified":"2025-03-04T16:36:41","modified_gmt":"2025-03-04T16:36:41","slug":"relacion-tipo-2-con-tipo-3","status":"publish","type":"page","link":"https:\/\/wpml.enneagraminstitute.com\/es\/relacion-tipo-2-con-tipo-3\/","title":{"rendered":"Relaci\u00f3n Tipo 2 con Tipo 3"},"content":{"rendered":"<h3 style=\"text-align:center\"> Traducido con AI<\/h3>\r\n\t\t\t<div class='container single-content-layout-layout-block'>\r\n\t\t\t\t<div class='row'>\r\n\t\t\t\t\t\n\r\n\t\t\t<div class='column-block col-12 col-md-10 col-lg-8 offset-lg-1'>\r\n\t\t\t\t\n\n<h1 class=\"wp-block-heading\">Eneagrama Tipo Dos (el Ayudador)<br\/><em>con<\/em><br\/>Eneagrama Tipo Tres (el Triunfador)<\/h1>\n\n\n\n<hr class=\"wp-block-separator has-alpha-channel-opacity\"\/>\n\n\n\n<h2 class=\"wp-block-heading\">Lo que cada tipo aporta a la relaci\u00f3n<\/h2>\n\n\n\n<p>Tanto los Eneagrama Dos como los Tres est\u00e1n impulsados por sus sentimientos y necesidades emocionales, aunque esto no siempre es evidente en el caso de los Tres. Ambos tambi\u00e9n est\u00e1n impulsados por su necesidad de atenci\u00f3n y el deseo de ser amados, aunque esto no siempre es evidente en el caso de los Dos. Por estas razones, ambos est\u00e1n orientados hacia las personas y hacia actividades que los colocar\u00e1n en el centro de atenci\u00f3n. Esto hace que la pareja Dos\/Tres sea una de las combinaciones interpersonalmente m\u00e1s atractivas e impactantes posibles. Individual y colectivamente, son extrovertidos, sociables, animados, encantadores y a menudo f\u00edsicamente atractivos. Ambos saben c\u00f3mo causar una impresi\u00f3n favorable en las personas y ganarlas. Cada tipo aporta energ\u00eda, ambici\u00f3n personal y social, la capacidad de comunicarse con las personas y de hacer que otros se sientan como el centro de atenci\u00f3n. Ambos saben c\u00f3mo lograr que las personas los aprecien y c\u00f3mo reunir apoyo para alcanzar sus objetivos. Los Dos, en particular, aportan un enfoque m\u00e1s personal e individual a sus interacciones con los dem\u00e1s. Son considerados y dan seguimiento a los intercambios con genuina amabilidad y compasi\u00f3n. Los Tres aportan flexibilidad, encanto, practicidad y una visi\u00f3n orientada a objetivos para formas en que la pareja puede mejorar. A los Dos les gusta sentirse orgullosos de sus seres queridos, y los Tres quieren que su pareja se sienta orgullosa.           <\/p>\n\n\n\n<p>Tambi\u00e9n hay una manera particular en que esta pareja funciona como equipo: a los Dos les gusta poner el foco en los dem\u00e1s, y a los Tres les gusta estar en el centro de atenci\u00f3n. A los Dos les gusta ser el poder detr\u00e1s del trono, y los Tres pueden estar felices siendo la persona de contacto de la pareja. Mientras los Tres saludables aprecien la abundante atenci\u00f3n del Dos, este arreglo puede funcionar bien. En cierto sentido, esta es casi una pareja pol\u00edtica ideal: socialmente h\u00e1bil, en\u00e9rgica, pr\u00e1cticamente irradiando encanto y confianza en s\u00ed mismos, invitando a otros (por su manera y atractivo) a unirse a ellos de alguna forma. Los Dos y los Tres pueden ser deslumbrantes, una pareja tan ampliamente admirada y socialmente dotada que se convierten en \u00edconos para su esfera social y \u00e9poca.    <\/p>\n\n\n\n<hr class=\"wp-block-separator has-alpha-channel-opacity\"\/>\n\n\n\n<h2 class=\"wp-block-heading\">Potenciales puntos problem\u00e1ticos o conflictos<\/h2>\n\n\n\n<p>Una pareja con tal poder estelar consciente tambi\u00e9n tiende a ser autoconsciete, y a\u00fan m\u00e1s consciente del otro. Los Dos se ponen celosos y posesivos de los Tres. Pueden caer en un s\u00edndrome de \u201cYo te hice, me lo debes\u201d, sinti\u00e9ndose utilizados y poco apreciados. A pesar de su aparente disposici\u00f3n a ocupar un segundo lugar, los Dos quieren ser reconocidos en privado por sus parejas y sentir que son importantes. Pero a los Tres t\u00edpicamente les resulta dif\u00edcil agradecer a otros por su \u00e9xito o compartir la gloria. Adem\u00e1s, los Tres pueden sentir que los Dos sobreestiman sus contribuciones: toman cr\u00e9dito por demasiado, a veces, vergonzosamente, en p\u00fablico. Como resultado, los Dos pueden comenzar a socavar la confianza del Tres para hacer que el Tres sienta que depende del Dos. Los Tres reaccionan r\u00e1pida y fuertemente ante la cr\u00edtica percibida y la humillaci\u00f3n potencial distanci\u00e1ndose, lo que inevitablemente crea m\u00e1s ansiedad y manipulaci\u00f3n en el Dos, un c\u00edrculo vicioso.       <\/p>\n\n\n\n<p>Parte del problema es que ambos tienen sentimientos subyacentes de verg\u00fcenza y vulnerabilidad y conocen los puntos d\u00e9biles del otro, pudiendo jugar con ellos cuando es necesario. Adem\u00e1s, pueden surgir conflictos potenciales porque ni los Dos ni los Tres son particularmente introspectivos ni est\u00e1n muy interesados en sus propios motivos subyacentes. Simplemente asumen que est\u00e1n viajando en la misma direcci\u00f3n, hacia un \u00e9xito y validaci\u00f3n social crecientes, solo para darse cuenta de que se han distanciado y pueden estar realmente en desacuerdo entre s\u00ed. Los Dos fundamentalmente sienten que los Tres anteponen el trabajo y la carrera a ellos, sus hijos y la vida hogare\u00f1a, valores primordiales para los Dos. Sienten que los Tres est\u00e1n demasiado enfocados en el \u00e9xito y que se est\u00e1n perdiendo las cosas realmente valiosas de la vida. Los Tres, por otro lado, pueden sentirse asfixiados por la insistencia del Dos en la necesidad de pasar tiempo juntos. Los Tres sienten que los Dos son asfixiantes y emocionalmente manipuladores, haci\u00e9ndoles sentir culpables por trabajar duro y sacar lo mejor de s\u00ed mismos. La intimidad se deteriora convirti\u00e9ndose en discusiones, y lo que significa tener una relaci\u00f3n exitosa se convierte en una pregunta real. El desd\u00e9n mutuo puede estallar en hostilidades abiertas.        <\/p>\n\n\n\n<p>Para una mayor comprensi\u00f3n sobre esta combinaci\u00f3n de tipos, lea m\u00e1s sobre la <a href=\"https:\/\/wpml.enneagraminstitute.com\/es\/como-funciona-el-sistema-del-eneagrama\/\">Flecha de Estr\u00e9s<\/a> y c\u00f3mo los tipos <a href=\"https:\/\/wpml.enneagraminstitute.com\/es\/eneagrama-tipo-2-el-ayudante\/\">Dos<\/a> y <a href=\"https:\/\/wpml.enneagraminstitute.com\/es\/eneagrama-tipo-3-el-triunfador\/\">Tres<\/a> se comportan cuando se mueven a lo largo de ella.<\/p>\n\n\r\n\t\t\t<\/div>\r\n\t\t\n\r\n\t\t\t\t<\/div>\r\n\t\t\t<\/div>\r\n\t\t","protected":false},"excerpt":{"rendered":"<p>Traducido con AI<\/p>\n","protected":false},"author":6,"featured_media":0,"parent":0,"menu_order":0,"comment_status":"closed","ping_status":"closed","template":"","meta":{"_acf_changed":false,"footnotes":""},"class_list":["post-2370","page","type-page","status-publish","hentry"],"acf":[],"_links":{"self":[{"href":"https:\/\/wpml.enneagraminstitute.com\/es\/wp-json\/wp\/v2\/pages\/2370","targetHints":{"allow":["GET"]}}],"collection":[{"href":"https:\/\/wpml.enneagraminstitute.com\/es\/wp-json\/wp\/v2\/pages"}],"about":[{"href":"https:\/\/wpml.enneagraminstitute.com\/es\/wp-json\/wp\/v2\/types\/page"}],"author":[{"embeddable":true,"href":"https:\/\/wpml.enneagraminstitute.com\/es\/wp-json\/wp\/v2\/users\/6"}],"replies":[{"embeddable":true,"href":"https:\/\/wpml.enneagraminstitute.com\/es\/wp-json\/wp\/v2\/comments?post=2370"}],"version-history":[{"count":8,"href":"https:\/\/wpml.enneagraminstitute.com\/es\/wp-json\/wp\/v2\/pages\/2370\/revisions"}],"predecessor-version":[{"id":2810,"href":"https:\/\/wpml.enneagraminstitute.com\/es\/wp-json\/wp\/v2\/pages\/2370\/revisions\/2810"}],"wp:attachment":[{"href":"https:\/\/wpml.enneagraminstitute.com\/es\/wp-json\/wp\/v2\/media?parent=2370"}],"curies":[{"name":"wp","href":"https:\/\/api.w.org\/{rel}","templated":true}]}}