{"id":2366,"date":"2024-01-11T20:34:04","date_gmt":"2024-01-11T20:34:04","guid":{"rendered":"https:\/\/wpml.enneagraminstitute.com\/relacion-tipo-8-con-tipo-9\/"},"modified":"2025-03-04T16:36:42","modified_gmt":"2025-03-04T16:36:42","slug":"relacion-tipo-8-con-tipo-9","status":"publish","type":"page","link":"https:\/\/wpml.enneagraminstitute.com\/es\/relacion-tipo-8-con-tipo-9\/","title":{"rendered":"Relaci\u00f3n Tipo 8 con Tipo 9"},"content":{"rendered":"<h3 style=\"text-align:center\"> Traducido con AI<\/h3>\r\n\t\t\t<div class='container single-content-layout-layout-block'>\r\n\t\t\t\t<div class='row'>\r\n\t\t\t\t\t\n\r\n\t\t\t<div class='column-block col-12 col-md-10 col-lg-8 offset-lg-1'>\r\n\t\t\t\t\n\n<h1 class=\"wp-block-heading\">Eneagrama Tipo Ocho (el Desafiante)<br\/><em>con<\/em><br\/>Eneagrama Tipo Nueve (el Pacificador)<\/h1>\n\n\n\n<hr class=\"wp-block-separator has-alpha-channel-opacity\"\/>\n\n\n\n<h2 class=\"wp-block-heading\">Lo que cada tipo aporta a la relaci\u00f3n<\/h2>\n\n\n\n<p>Los Ochos del Eneagrama aportan cualidades de liderazgo \u2014una mentalidad de \u201cpodemos hacerlo\u201d que generalmente otros admiran y en la que conf\u00edan. Est\u00e1n llenos de confianza en s\u00ed mismos y vitalidad, y se sienten como una fuerza de la naturaleza que no puede ser negada. Los Nueves generalmente admiran estas cualidades en los Ochos y a menudo gravitan hacia ellos. Los Nueves tienden a vivir vicariamente a trav\u00e9s de las cualidades positivas del otro, y a los Ochos les gusta tener a su alrededor personas que est\u00e9n impresionadas y estimuladas por su liderazgo, vitalidad y osad\u00eda. Los Nueves admiran genuinamente la capacidad de los Ochos para hacer que las cosas sucedan y para enfrentar los desaf\u00edos sin temor.    <\/p>\n\n\n\n<p>Por otro lado, los Nueves aportan una sensaci\u00f3n de calma y estabilidad que los Ochos encuentran reconfortante y necesaria para su bienestar. Tambi\u00e9n transmiten a los Ochos un sentimiento de orgullo silencioso por su bravuconer\u00eda y cualidades m\u00e1s asertivas, alentando a los Ochos a continuar con su estilo de tomar el control. Incluso los Ochos saludables pasan mucho tiempo superando obst\u00e1culos y adversidades; son luchadores que intentan sobrevivir y dejar su huella en el mundo. Los Nueves son como un puerto seguro, un respiro, una persona con quien los Ochos pueden bajar la guardia y relajarse. Tienden, por lo tanto, a ense\u00f1arse mutuamente lo que al otro le falta: los Ochos aportan a los Nueves confianza en s\u00ed mismos y autoafirmaci\u00f3n, mientras que los Nueves ense\u00f1an a los Ochos qu\u00e9 batallas vale la pena librar y c\u00f3mo no presionar tanto. La pareja Ocho\/Nueve es, por tanto, como el fuego y el agua \u2014una fuerza activa y una fuerza receptiva\u2014 que tiene una sensaci\u00f3n arquet\u00edpica. Sus roles est\u00e1n bien definidos, cada uno desempe\u00f1ando un papel paternal hacia el otro \u2014uno suele ser el padre mientras que el otro es la madre\u2014 aunque esto no sigue las l\u00edneas de g\u00e9nero como podr\u00eda esperarse. Ambos tienen impulsos poderosos y una fuerte voluntad; a ambos les gusta el confort y la simplicidad; ambos quieren crear un refugio seguro del mundo. Cuando estas fuerzas y sus talentos se unen tras los mismos objetivos, esta pareja puede ser din\u00e1mica y poderosa, pero tambi\u00e9n c\u00f3moda y receptiva al mismo tiempo.        <\/p>\n\n\n\n<hr class=\"wp-block-separator has-alpha-channel-opacity\"\/>\n\n\n\n<h2 class=\"wp-block-heading\">Potenciales puntos problem\u00e1ticos o conflictos<\/h2>\n\n\n\n<p>Una de las principales \u00e1reas problem\u00e1ticas para las personas de esta combinaci\u00f3n es que, a medida que se deterioran, sus defensas van en direcciones opuestas: los Ochos tienden a presionar m\u00e1s, mientras que los Nueves tienden a cerrarse cada vez m\u00e1s. Los Nueves pueden volverse poco receptivos o, peor a\u00fan, empujar energ\u00e9ticamente al Ocho como defensa. Los Ochos se vuelven m\u00e1s agresivos y beligerantes, exigiendo que su energ\u00eda sea correspondida. Los Nueves responden no respondiendo: se declaran en huelga emocional y pueden comenzar a reaccionar de manera pasivo-agresiva, saboteando las actividades del Ocho de diversas formas. Esto hace que los Ochos escalen en reprender y amenazar al Nueve, o bien fomenta que los Ochos reaccionen de manera pasivo-agresiva.    <\/p>\n\n\n\n<p>Eventualmente, los Ochos tienden a perder inter\u00e9s en los Nueves, sintiendo que son demasiado obstruccionistas para ellos y sus planes. Cada vez que los Ochos quieren hacer algo emocionante, los Nueves responden con \u201c\u00bfPara qu\u00e9 molestarse?\u201d o su equivalente. Los Ochos no solo pueden sentirse frustrados en su visi\u00f3n, sino tambi\u00e9n sentir que una de sus fortalezas fundamentales est\u00e1 siendo socavada o rechazada. Por otro lado, los Nueves pueden comenzar a ver a los Ochos de menor funcionamiento como demasiado autoritarios y controladores, ego\u00edstas y deseosos de que todo sea a su manera. (Los Nueves piensan que quieren a alguien que est\u00e9 a cargo y dirija las cosas, pero cuando los Ochos comienzan a dirigirlos, se rebelan y se vuelven tercos.) Los Ochos piensan que los Nueves son pizarras en blanco que podr\u00edan moldearse seg\u00fan sus necesidades, y se sorprenden por la profundidad y el poder de la terquedad de los Nueves.     <\/p>\n\n\n\n<p>La relaci\u00f3n a menudo se hunde en la ira, ya sea expresada abierta o encubiertamente. Los Nueves a menudo sienten que los Ochos son demasiado abiertamente agresivos y duros con los dem\u00e1s para mantener su dominio. Pueden comenzar a tomar partido para proteger a sus hijos u otras personas vulnerables de lo que perciben como la dureza y la violencia potencial de los Ochos. En el peor de los casos, esta combinaci\u00f3n arquet\u00edpica y elemental puede deteriorarse hasta convertirse en un campo de batalla dom\u00e9stico con frecuente abuso verbal y f\u00edsico.   <\/p>\n\n\n\n<p>Para una mayor comprensi\u00f3n sobre esta combinaci\u00f3n de tipos, lea m\u00e1s acerca de la <a href=\"https:\/\/wpml.enneagraminstitute.com\/es\/como-funciona-el-sistema-del-eneagrama\/\">Flecha de Estr\u00e9s<\/a> y c\u00f3mo los tipos <a href=\"https:\/\/wpml.enneagraminstitute.com\/es\/eneagrama-tipo-8-el-desafiante\/\">Ocho<\/a> y <a href=\"https:\/\/wpml.enneagraminstitute.com\/es\/eneagrama-tipo-9-el-pacificador\/\">Nueve<\/a> se comportan cuando se mueven a lo largo de ella.<\/p>\n\n\r\n\t\t\t<\/div>\r\n\t\t\n\r\n\t\t\t\t<\/div>\r\n\t\t\t<\/div>\r\n\t\t","protected":false},"excerpt":{"rendered":"<p>Traducido con AI<\/p>\n","protected":false},"author":6,"featured_media":0,"parent":0,"menu_order":0,"comment_status":"closed","ping_status":"closed","template":"","meta":{"_acf_changed":false,"footnotes":""},"class_list":["post-2366","page","type-page","status-publish","hentry"],"acf":[],"_links":{"self":[{"href":"https:\/\/wpml.enneagraminstitute.com\/es\/wp-json\/wp\/v2\/pages\/2366","targetHints":{"allow":["GET"]}}],"collection":[{"href":"https:\/\/wpml.enneagraminstitute.com\/es\/wp-json\/wp\/v2\/pages"}],"about":[{"href":"https:\/\/wpml.enneagraminstitute.com\/es\/wp-json\/wp\/v2\/types\/page"}],"author":[{"embeddable":true,"href":"https:\/\/wpml.enneagraminstitute.com\/es\/wp-json\/wp\/v2\/users\/6"}],"replies":[{"embeddable":true,"href":"https:\/\/wpml.enneagraminstitute.com\/es\/wp-json\/wp\/v2\/comments?post=2366"}],"version-history":[{"count":4,"href":"https:\/\/wpml.enneagraminstitute.com\/es\/wp-json\/wp\/v2\/pages\/2366\/revisions"}],"predecessor-version":[{"id":2811,"href":"https:\/\/wpml.enneagraminstitute.com\/es\/wp-json\/wp\/v2\/pages\/2366\/revisions\/2811"}],"wp:attachment":[{"href":"https:\/\/wpml.enneagraminstitute.com\/es\/wp-json\/wp\/v2\/media?parent=2366"}],"curies":[{"name":"wp","href":"https:\/\/api.w.org\/{rel}","templated":true}]}}