{"id":2364,"date":"2024-01-11T20:34:04","date_gmt":"2024-01-11T20:34:04","guid":{"rendered":"https:\/\/wpml.enneagraminstitute.com\/eneagrama-tipo-6-el-lealista\/"},"modified":"2025-03-04T16:36:42","modified_gmt":"2025-03-04T16:36:42","slug":"eneagrama-tipo-6-el-lealista","status":"publish","type":"page","link":"https:\/\/wpml.enneagraminstitute.com\/es\/eneagrama-tipo-6-el-lealista\/","title":{"rendered":"Eneagrama Tipo 6: El Lealista"},"content":{"rendered":"<h3 style=\"text-align:center\"> Traducido con AI<\/h3>\r\n\t\t\t<div class='container single-content-layout-layout-block'>\r\n\t\t\t\t<div class='row'>\r\n\t\t\t\t\t\n\r\n\t\t\t<div class='column-block col-12 col-md-10 col-lg-8 offset-lg-1'>\r\n\t\t\t\t\n\n<h1 class=\"wp-block-heading\" id=\"h-enneagram-type-6-the-loyalist\">Eneagrama Tipo 6: EL LEALISTA<\/h1>\n\n\n\n<p>El Tipo Comprometido y Orientado a la Seguridad:<br\/>Comprometido, Responsable, Ansioso y Suspicaz<\/p>\n\n\n<div class=\"wp-block-image\">\n<figure class=\"aligncenter size-full\" id=\"yui_3_17_2_1_1705612114555_87\"><img loading=\"lazy\" decoding=\"async\" width=\"300\" height=\"192\" src=\"https:\/\/wpml.enneagraminstitute.com\/wp-content\/uploads\/2025\/08\/43_image-asset.png\" alt=\"Eneagrama Tipo 6\" class=\"wp-image-1847\"\/><\/figure>\n<\/div>\n\n\n<hr class=\"wp-block-separator has-alpha-channel-opacity\"\/>\n\n\n\n<h2 class=\"wp-block-heading\" id=\"h-type-six-in-brief\">El Tipo Seis en Breve<\/h2>\n\n\n\n<p>El tipo comprometido y orientado a la seguridad. Los Seis son fiables, trabajadores, responsables y dignos de confianza. Excelentes \u201csolucionadores de problemas,\u201d prev\u00e9n dificultades y fomentan la cooperaci\u00f3n, pero tambi\u00e9n pueden volverse defensivos, evasivos y ansiosos, funcionando bajo estr\u00e9s mientras se quejan de ello. Pueden ser cautelosos e indecisos, pero tambi\u00e9n reactivos, desafiantes y rebeldes. T\u00edpicamente tienen problemas con la duda y la sospecha. <em>En su Mejor Momento<\/em>: internamente estables y autosuficientes, defienden valerosamente a s\u00ed mismos y a los dem\u00e1s.    <\/p>\n\n\n\n<ul class=\"wp-block-list\">\n<li><strong>Miedo B\u00e1sico:<\/strong> Quedarse sin apoyo ni orientaci\u00f3n<\/li>\n\n\n\n<li><strong>Deseo B\u00e1sico:<\/strong> Tener seguridad y apoyo<\/li>\n\n\n\n<li><strong>Eneagrama Seis con Ala Cinco:<\/strong> \u201cEl Defensor\u201d<\/li>\n\n\n\n<li><strong>Eneagrama Seis con Ala Siete:<\/strong> \u201cEl Camarada\u201d<\/li>\n<\/ul>\n\n\n\n<p><strong>Motivaciones Clave:<\/strong> Desean tener seguridad, sentirse apoyados por otros, tener certeza y tranquilidad, poner a prueba las actitudes de los dem\u00e1s hacia ellos, luchar contra la ansiedad y la inseguridad.<\/p>\n\n\n\n<h3 class=\"wp-block-heading\" id=\"h-the-meaning-of-the-arrows-in-brief\">El Significado de las Flechas (en breve)<\/h3>\n\n\n\n<p>Cuando se mueven en su Direcci\u00f3n de Desintegraci\u00f3n (estr\u00e9s), los Seis cumplidores se vuelven repentinamente competitivos y arrogantes como el <a href=\"https:\/\/wpml.enneagraminstitute.com\/es\/eneagrama-tipo-3-el-triunfador\/\">Tres<\/a>. Sin embargo, cuando se mueven en su Direcci\u00f3n de Integraci\u00f3n (crecimiento), los Seis temerosos y pesimistas se vuelven m\u00e1s relajados y optimistas, como el <a href=\"https:\/\/wpml.enneagraminstitute.com\/es\/eneagrama-tipo-9-el-pacificador\/\">Nueve<\/a> saludable. <a href=\"https:\/\/wpml.enneagraminstitute.com\/es\/como-funciona-el-sistema-del-eneagrama\/\">Conozca m\u00e1s sobre las flechas<\/a>. <\/p>\n\n\n\n<p><strong>Ejemplos:<\/strong> Krishnamurti, Johannes Brahms, Mark Twain, Sigmund Freud, J. Edgar Hoover, Richard Nixon, Robert F. Kennedy, Malcolm X, George H.W. Bush, Diana, Princesa de Gales, Pr\u00edncipe Harry, J.R.R. Tolkien, John Grisham, Mike Tyson, Bruce Springsteen, Bono de U2, Melissa Etheridge, Eminem, Oliver Stone, Michael Moore, Spike Lee, Marilyn Monroe, Robert De Niro, Dustin Hoffman, Mark Wahlberg, Woody Allen, Diane Keaton, Mel Gibson, Sally Field, Tom Hanks, Meg Ryan, Julia Roberts, Jennifer Aniston, Elliot Page, Paul Rudd, Sarah Jessica Parker, Ben Affleck, Hugh Laurie, Katie Holmes, David Letterman, Jay Leno, Ellen DeGeneres, Andy Rooney, Katie Couric, Newt Gingrich, Alex Jones (Infowars), Rush Limbaugh, Chris Rock, Lewis Black, Larry David, <q id=\"q-first-1\">George Costanza<\/q> de Seinfeld, <q id=\"q-first-2\">Frodo Bols\u00f3n<\/q> de El Se\u00f1or de los Anillos<\/p>\n\n\n\n<hr class=\"wp-block-separator has-alpha-channel-opacity\"\/>\n\n\n\n<h2 class=\"wp-block-heading\" id=\"h-type-six-overview\">Visi\u00f3n General del Tipo Seis<\/h2>\n\n\n\n<p>Hemos denominado al tipo de personalidad Seis <em>El Lealista<\/em> porque, de todos los tipos de personalidad, los Seis son los m\u00e1s leales a sus amigos y a sus creencias. \u201cSe hundir\u00e1n con el barco\u201d y se aferrar\u00e1n a relaciones de todo tipo durante mucho m\u00e1s tiempo que la mayor\u00eda de los otros tipos. Los Seis tambi\u00e9n son leales a ideas, sistemas y creencias, incluso a la creencia de que todas las ideas o autoridades deben ser cuestionadas o desafiadas. De hecho, no todos los Seis se adhieren al \u201cstatu quo\u201d: sus creencias pueden ser rebeldes y antiautoritarias, incluso revolucionarias. En cualquier caso, t\u00edpicamente luchar\u00e1n por sus creencias con m\u00e1s ferocidad que por s\u00ed mismos, y defender\u00e1n a su comunidad o familia con m\u00e1s tenacidad que a s\u00ed mismos.    <\/p>\n\n\n\n<p>La raz\u00f3n por la que los Seis son tan leales a los dem\u00e1s es que no quieren ser abandonados y quedarse sin apoyo, su Miedo B\u00e1sico. As\u00ed, el problema central para el tipo Seis es una falta de autoconfianza. Los Seis llegan a creer que no poseen los recursos internos para manejar los desaf\u00edos y vicisitudes de la vida por s\u00ed solos, y por lo tanto conf\u00edan cada vez m\u00e1s en estructuras, aliados, creencias y apoyos externos para obtener orientaci\u00f3n y sobrevivir. Si no existen estructuras adecuadas, ayudar\u00e1n a crearlas y mantenerlas.   <\/p>\n\n\n\n<p>Los Seis son el tipo principal en el Centro del Pensamiento, lo que significa que tienen m\u00e1s dificultades para contactar con su propia gu\u00eda interna. Como resultado, no tienen confianza en sus propias mentes y juicios. <\/p>\n\n\n\n<p>Esto no significa que no piensen. Por el contrario, \u00a1piensan \u2014y se preocupan\u2014 mucho! Tambi\u00e9n tienden a temer tomar decisiones importantes, aunque al mismo tiempo, se resisten a que otros tomen decisiones por ellos. Quieren evitar ser controlados, pero tambi\u00e9n temen asumir responsabilidades de una manera que podr\u00eda ponerlos \u201cen la l\u00ednea de fuego.\u201d (El antiguo adagio japon\u00e9s que dice: \u201cLa hoja de hierba que crece demasiado alta es cortada\u201d se relaciona con esta idea.)   <\/p>\n\n\n\n<p>Los Seis est\u00e1n siempre conscientes de sus ansiedades y constantemente buscan formas de construir baluartes de \u201cseguridad social\u201d contra ellas. Si los Seis sienten que tienen suficiente respaldo, pueden avanzar con cierto grado de confianza. Pero si ese respaldo se desmorona, se vuelven ansiosos y dudan de s\u00ed mismos, reactivando su Miedo B\u00e1sico. (\u201c\u00a1Estoy solo! \u00bfQu\u00e9 voy a hacer ahora?\u201d) Por lo tanto, una buena pregunta para los Seis podr\u00eda ser: \u201c\u00bfCu\u00e1ndo sabr\u00e9 que tengo suficiente seguridad?\u201d O, para llegar al meollo del asunto, \u201c\u00bfQu\u00e9 es la seguridad?\u201d Sin la gu\u00eda interior Esencial y el profundo sentido de apoyo que esta proporciona, los Seis est\u00e1n constantemente luchando por encontrar un terreno firme.      <\/p>\n\n\n\n<p>Los Seis intentan construir una red de confianza sobre un trasfondo de inestabilidad y temor. A menudo est\u00e1n llenos de una ansiedad sin nombre y luego tratan de encontrar o crear razones para ello. Deseando sentir que hay algo s\u00f3lido y definido en sus vidas, pueden apegarse a explicaciones o posiciones que parecen explicar su situaci\u00f3n. Debido a que la \u201ccreencia\u201d (confianza, fe, convicciones, posiciones) es dif\u00edcil de lograr para los Seis, y porque es tan importante para su sentido de estabilidad, una vez que establecen una creencia confiable, no la cuestionan f\u00e1cilmente, ni quieren que otros lo hagan. Lo mismo ocurre con los individuos en la vida de un Seis: una vez que los Seis sienten que pueden confiar en alguien, hacen grandes esfuerzos para mantener las conexiones con la persona que act\u00faa como caja de resonancia, mentor o regulador de las reacciones emocionales y el comportamiento del Seis. Por lo tanto, hacen todo lo posible para mantener sus afiliaciones. (\u201cSi no conf\u00edo en m\u00ed mismo, entonces tengo que encontrar algo en este mundo en lo que <em>pueda<\/em> confiar.\u201d)      <\/p>\n\n\n\n<p>Aunque inteligente y exitosa, Connie a\u00fan tiene que lidiar con la duda de s\u00ed misma propia de su tipo:<\/p>\n\n\n\n<blockquote class=\"wp-block-quote is-layout-flow wp-block-quote-is-layout-flow\">\n<p>\u00abA medida que mi ansiedad ha quedado bajo control, tambi\u00e9n lo ha hecho mi necesidad de &#8216;verificar&#8217; todo con mis amigos. Sol\u00eda tener que obtener la aprobaci\u00f3n de varios cientos (\u00a1es broma!) de &#8216;autoridades&#8217;. Casi cada decisi\u00f3n implicaba un consejo de mis amigos. Normalmente lo hac\u00eda de uno en uno: &#8216;\u00bfQu\u00e9 piensas, Mar\u00eda?&#8217; &#8216;Si hago esto, entonces podr\u00eda suceder aquello.&#8217; \u00a1Por favor, toma la decisi\u00f3n por m\u00ed!&#8217;&#8230; Recientemente, he reducido mis autoridades a solo uno o dos amigos de confianza, y en ocasiones, \u00a1realmente he tomado mis propias decisiones!\u00bb<\/p>\n<\/blockquote>\n\n\n\n<p>Hasta que puedan entrar en contacto con su propia gu\u00eda interior, los Seis son como una pelota de ping-pong que est\u00e1 constantemente rebotando entre cualquier influencia que golpee m\u00e1s fuerte en un momento dado. Debido a esta reactividad, no importa lo que digamos sobre los Seis, <em>lo opuesto a menudo es igualmente cierto<\/em>. Son fuertes y d\u00e9biles, temerosos y valientes, confiados y desconfiados, defensores y provocadores, dulces y agrios, agresivos y pasivos, matones y d\u00e9biles, a la defensiva y a la ofensiva, pensadores y hacedores, personas de grupo y solistas, creyentes y esc\u00e9pticos, cooperativos y obstruccionistas, tiernos y crueles, generosos y mezquinos, y as\u00ed sucesivamente. Es esta imagen contradictoria la que constituye la \u201chuella digital\u201d caracter\u00edstica de los Seis, el hecho de que son un conjunto de opuestos.   <\/p>\n\n\n\n<p>El mayor problema para los Seis es que intentan construir seguridad en el entorno sin resolver sus propias inseguridades emocionales. Sin embargo, cuando aprenden a enfrentar sus ansiedades, los Seis comprenden que aunque el mundo est\u00e1 siempre cambiando y es, por naturaleza, incierto, ellos pueden estar serenos y valientes en cualquier circunstancia. Y pueden alcanzar el mayor regalo de todos, una sensaci\u00f3n de paz consigo mismos a pesar de las incertidumbres de la vida.  <\/p>\n\n\n\n<p>(de <a href=\"\/store\"><em>La Sabidur\u00eda del Eneagrama<\/em><\/a>, p. 235-236)<\/p>\n\n\n\n<hr class=\"wp-block-separator has-alpha-channel-opacity\"\/>\n\n\n\n<h2 class=\"wp-block-heading\" id=\"h-type-six-levels-of-development\">Tipo Seis\u2014Niveles de Desarrollo<\/h2>\n\n\n\n<p><strong>Niveles Saludables<\/strong><\/p>\n\n\n\n<p><strong>Nivel 1 (En Su Mejor Momento):<\/strong> Se vuelven seguros de s\u00ed mismos, conf\u00edan en s\u00ed mismos y en los dem\u00e1s, son independientes pero simbi\u00f3tica e interdependientemente cooperativos como iguales. La creencia en s\u00ed mismos conduce a un verdadero coraje, pensamiento positivo, liderazgo y rica autoexpresi\u00f3n. <\/p>\n\n\n\n<p><strong>Nivel 2:<\/strong> Capaces de suscitar fuertes respuestas emocionales en otros: muy atractivos, entra\u00f1ables, adorables, afectuosos. La confianza es importante: se vinculan con otros, formando relaciones y alianzas permanentes. <\/p>\n\n\n\n<p><strong>Nivel 3:<\/strong> Dedicados a individuos y movimientos en los que creen profundamente. Constructores de comunidad: responsables, fiables, dignos de confianza. Trabajadores y perseverantes, sacrific\u00e1ndose por otros, crean estabilidad y seguridad en su mundo, aportando un esp\u00edritu cooperativo.  <\/p>\n\n\n\n<p><strong>Niveles Promedio<\/strong><\/p>\n\n\n\n<p><strong>Nivel 4:<\/strong> Comienzan a invertir su tiempo y energ\u00eda en aquello que consideran seguro y estable. Organizando y estructurando, buscan alianzas y autoridades para obtener seguridad y continuidad. Constantemente vigilantes, anticipando problemas.  <\/p>\n\n\n\n<p><strong>Nivel 5:<\/strong> Para resistirse a que se les impongan m\u00e1s exigencias, reaccionan contra otros de manera pasivo-agresiva. Se vuelven evasivos, indecisos, cautelosos, procrastinadores y ambivalentes. Son altamente reactivos, ansiosos y negativos, emitiendo \u201cse\u00f1ales contradictorias y mixtas.\u201d La confusi\u00f3n interna les hace reaccionar de manera impredecible.   <\/p>\n\n\n\n<p><strong>Nivel 6:<\/strong> Para compensar sus inseguridades, se vuelven sarc\u00e1sticos y beligerantes, culpando a otros por sus problemas y adoptando una postura dura hacia los \u201cfor\u00e1neos.\u201d Altamente reactivos y defensivos, dividen a las personas en amigos y enemigos, mientras buscan amenazas a su propia seguridad. Autoritarios pero temerosos de la autoridad, sumamente suspicaces, conspiratorios e infunden miedo para silenciar sus propios temores.  <\/p>\n\n\n\n<p><strong>Niveles Insalubres<\/strong><\/p>\n\n\n\n<p><strong>Nivel 7:<\/strong> Temiendo haber arruinado su seguridad, se vuelven p\u00e1nicos, vol\u00e1tiles y autodenigrantes con agudos sentimientos de inferioridad. Vi\u00e9ndose a s\u00ed mismos como indefensos, buscan una autoridad o creencia m\u00e1s fuerte para resolver todos los problemas. Sumamente divisivos, menospreciando y reprendiendo a otros.  <\/p>\n\n\n\n<p><strong>Nivel 8:<\/strong> Sinti\u00e9ndose perseguidos, que otros est\u00e1n \u201ctras ellos,\u201d arremeten y act\u00faan irracionalmente, provocando lo que temen. Fanatismo, violencia. <\/p>\n\n\n\n<p><strong>Nivel 9:<\/strong> Hist\u00e9ricos y buscando escapar del castigo, se vuelven autodestructivos y suicidas. Alcoholismo, sobredosis de drogas, comportamiento autodenigrante. Generalmente corresponde a los trastornos de personalidad pasivo-agresiva y paranoide.  <\/p>\n\n\n\n<hr class=\"wp-block-separator has-alpha-channel-opacity\"\/>\n\n\n\n<h2 class=\"wp-block-heading\" id=\"h-compatibility-with-other-types\">Compatibilidad con Otros Tipos<\/h2>\n\n\n\n<h3 class=\"wp-block-heading\" id=\"h-type-6-in-relationship-with-type\">Tipo 6 en relaci\u00f3n con el tipo:<\/h3>\n\n\n\n<h3 class=\"wp-block-heading\" id=\"h-1-nbsp-nbsp-nbsp-nbsp-nbsp-2-nbsp-nbsp-nbsp-nbsp-nbsp-3-nbsp-nbsp-nbsp-nbsp-nbsp-4-nbsp-nbsp-nbsp-nbsp-nbsp-5-nbsp-nbsp-nbsp-nbsp-nbsp-6-nbsp-nbsp-nbsp-nbsp-nbsp-7-nbsp-nbsp-nbsp-nbsp-nbsp-8-nbsp-nbsp-nbsp-nbsp-nbsp-9\"><a href=\"https:\/\/wpml.enneagraminstitute.com\/es\/tipo-de-relacion-1-con-tipo-6\/\">1 <\/a>    <a href=\"https:\/\/wpml.enneagraminstitute.com\/es\/relacion-tipo-2-con-tipo-6\/\">2<\/a>     <a href=\"https:\/\/wpml.enneagraminstitute.com\/es\/relacion-entre-el-tipo-3-y-el-tipo-6\/\">3<\/a>     <a href=\"https:\/\/wpml.enneagraminstitute.com\/es\/relacion-tipo-4-con-tipo-6\/\">4<\/a>     <a href=\"https:\/\/wpml.enneagraminstitute.com\/es\/relacion-entre-el-tipo-5-y-el-tipo-6\/\">5<\/a>     <a href=\"https:\/\/wpml.enneagraminstitute.com\/es\/tipo-de-relacion-6-con-tipo-6\/\">6<\/a>     <a href=\"https:\/\/wpml.enneagraminstitute.com\/es\/relacion-tipo-6-con-tipo-7\/\">7<\/a>     <a href=\"https:\/\/wpml.enneagraminstitute.com\/es\/tipo-de-relacion-6-con-tipo-8\/\">8<\/a>     <a href=\"https:\/\/wpml.enneagraminstitute.com\/es\/tipo-de-relacion-6-con-tipo-9\/\">9<\/a><\/h3>\n\n\n\n<hr class=\"wp-block-separator has-alpha-channel-opacity\"\/>\n\n\n\n<h2 class=\"wp-block-heading\" id=\"h-misidentification-with-other-types\">Identificaci\u00f3n Err\u00f3nea con Otros Tipos<\/h2>\n\n\n\n<h3 class=\"wp-block-heading\" id=\"h-type-6-compared-with-type\">Tipo 6 comparado con el tipo:<\/h3>\n\n\n\n<h3 class=\"wp-block-heading\" id=\"h-1-nbsp-nbsp-nbsp-nbsp-nbsp-2-nbsp-nbsp-nbsp-nbsp-nbsp-3-nbsp-nbsp-nbsp-nbsp-nbsp-4-nbsp-nbsp-nbsp-nbsp-nbsp-5-nbsp-nbsp-nbsp-nbsp-nbsp-7-nbsp-nbsp-nbsp-nbsp-nbsp-8-nbsp-nbsp-nbsp-nbsp-nbsp-9\"><a href=\"https:\/\/wpml.enneagraminstitute.com\/es\/confusion-en-la-identificacion-entre-1-y-6\/\">1 <\/a>   <a href=\"https:\/\/wpml.enneagraminstitute.com\/es\/confusion-en-la-identificacion-del-2-y-el-6\/\">2<\/a>     <a href=\"https:\/\/wpml.enneagraminstitute.com\/es\/tipo-de-relacion-6-con-tipo-3\/\">3<\/a>     <a href=\"https:\/\/wpml.enneagraminstitute.com\/es\/identificacion-erronea-de-4-y-6\/\">4<\/a>     <a href=\"https:\/\/wpml.enneagraminstitute.com\/es\/identificacion-erronea-de-5-y-6\/\">5<\/a>     <a href=\"https:\/\/wpml.enneagraminstitute.com\/es\/identificacion-erronea-de-los-tipos-6-y-7\/\">7<\/a>     <a href=\"https:\/\/wpml.enneagraminstitute.com\/es\/confundiendo-el-6-y-el-8\/\">8<\/a>     <a href=\"https:\/\/wpml.enneagraminstitute.com\/es\/confundiendo-6-y-9\/\">9<\/a><\/h3>\n\n\n\n<hr class=\"wp-block-separator has-alpha-channel-opacity\"\/>\n\n\n\n<h2 class=\"wp-block-heading\" id=\"h-addictions\">Adicciones<\/h2>\n\n\n\n<p>La rigidez en la dieta causa desequilibrios nutricionales (\u201cNo me gustan las verduras\u201d). Trabajo excesivo. Cafe\u00edna y anfetaminas para obtener resistencia, pero tambi\u00e9n alcohol y depresores para amortiguar la ansiedad. Mayor susceptibilidad al alcoholismo que muchos otros tipos.   <\/p>\n\n\n\n<hr class=\"wp-block-separator has-alpha-channel-opacity\"\/>\n\n\n\n<h2 class=\"wp-block-heading\" id=\"h-personal-growth-recommendations-for-enneagram-type-sixes\">Recomendaciones de Crecimiento Personal<br\/>para el Tipo Seis del Eneagrama<\/h2>\n\n\n\n<ul class=\"wp-block-list\">\n<li>Recuerde que no hay nada inusual en sentir ansiedad, ya que todos est\u00e1n ansiosos y con mucha m\u00e1s frecuencia de lo que usted podr\u00eda pensar. Aprenda a estar m\u00e1s presente en su ansiedad, a explorarla y a llegar a un acuerdo con ella. Trabaje creativamente con sus tensiones sin recurrir a cantidades excesivas de alcohol (u otras drogas) para aliviarlas. De hecho, si est\u00e1 presente y respira plenamente, la ansiedad puede ser energizante, una especie de t\u00f3nico que puede ayudarle a ser m\u00e1s productivo y consciente de lo que est\u00e1 haciendo.   <\/li>\n\n\n\n<li>Tiende a ponerse nervioso e irritable cuando est\u00e1 molesto o enojado, e incluso puede volverse contra otros y culparlos por cosas que usted ha hecho o se ha provocado a s\u00ed mismo. Sea consciente de su pesimismo: causa estados de \u00e1nimo sombr\u00edos y patrones de pensamiento negativos que tiende a proyectar en la realidad. Cuando sucumbe a esta autoduda, puede convertirse en su peor enemigo y puede hacerse m\u00e1s da\u00f1o a s\u00ed mismo que cualquier otra persona.  <\/li>\n\n\n\n<li>Los Seis tienden a reaccionar exageradamente cuando est\u00e1n bajo estr\u00e9s y se sienten ansiosos. Aprenda a identificar qu\u00e9 le hace reaccionar exageradamente. Tambi\u00e9n dese cuenta de que casi ninguna de las cosas que tanto ha temido se ha hecho realidad. Incluso si las cosas <em>est\u00e1n<\/em> tan mal como piensa, sus pensamientos temerosos le debilitan y disminuyen su capacidad para cambiar las cosas para mejor. No siempre puede controlar los eventos externos, pero <em>s\u00ed puede<\/em> controlar sus propios pensamientos.    <\/li>\n\n\n\n<li>Trabaje en volverse m\u00e1s confiado. Sin duda hay varias personas en su vida a las que puede recurrir, que se preocupan por usted y que son dignas de confianza. Si no es as\u00ed, haga un esfuerzo por encontrar a alguien confiable y perm\u00edtase acercarse a esa persona. Esto significar\u00e1 arriesgarse al rechazo y remover algunos de sus temores m\u00e1s profundos, pero el riesgo vale la pena. Usted tiene un don para agradar a las personas, pero est\u00e1 inseguro de s\u00ed mismo y puede temer comprometerse con ellas. Por lo tanto, dec\u00eddase claramente por un lado u otro de la valla en sus relaciones. Deje que las personas sepan c\u00f3mo se siente respecto a ellas.      <\/li>\n\n\n\n<li>Los dem\u00e1s probablemente piensan mejor de usted de lo que se da cuenta, y pocas personas est\u00e1n realmente tratando de perjudicarle. De hecho, sus temores le dicen m\u00e1s sobre sus actitudes hacia los dem\u00e1s que lo que indican sobre las actitudes de los dem\u00e1s hacia usted. <\/li>\n<\/ul>\n\n\n\n<hr class=\"wp-block-separator has-alpha-channel-opacity\"\/>\n\n\n\n<h2 class=\"wp-block-heading\" id=\"h-learn-more\">Aprender M\u00e1s<\/h2>\n\n\n\n<p>Los <a href=\"\/store\">libros de Riso-Hudson<\/a> ofrecen las descripciones de tipos m\u00e1s completas disponibles en cualquier parte. <a href=\"\/store\"><em>Personality Types<\/em><\/a> es el tratamiento m\u00e1s completo, profundo y sistem\u00e1tico de los nueve tipos y del sistema del Eneagrama en su conjunto, y <a href=\"\/store\"><em>The Wisdom of the Enneagram<\/em><\/a> proporciona la gu\u00eda integral para el crecimiento psicol\u00f3gico y espiritual de los nueve tipos de personalidad.<\/p>\n\n\r\n\t\t\t<\/div>\r\n\t\t\n\r\n\t\t\t\t<\/div>\r\n\t\t\t<\/div>\r\n\t\t","protected":false},"excerpt":{"rendered":"<p>Traducido con AI<\/p>\n","protected":false},"author":6,"featured_media":0,"parent":0,"menu_order":0,"comment_status":"closed","ping_status":"closed","template":"","meta":{"_acf_changed":false,"footnotes":""},"class_list":["post-2364","page","type-page","status-publish","hentry"],"acf":[],"_links":{"self":[{"href":"https:\/\/wpml.enneagraminstitute.com\/es\/wp-json\/wp\/v2\/pages\/2364","targetHints":{"allow":["GET"]}}],"collection":[{"href":"https:\/\/wpml.enneagraminstitute.com\/es\/wp-json\/wp\/v2\/pages"}],"about":[{"href":"https:\/\/wpml.enneagraminstitute.com\/es\/wp-json\/wp\/v2\/types\/page"}],"author":[{"embeddable":true,"href":"https:\/\/wpml.enneagraminstitute.com\/es\/wp-json\/wp\/v2\/users\/6"}],"replies":[{"embeddable":true,"href":"https:\/\/wpml.enneagraminstitute.com\/es\/wp-json\/wp\/v2\/comments?post=2364"}],"version-history":[{"count":5,"href":"https:\/\/wpml.enneagraminstitute.com\/es\/wp-json\/wp\/v2\/pages\/2364\/revisions"}],"predecessor-version":[{"id":2812,"href":"https:\/\/wpml.enneagraminstitute.com\/es\/wp-json\/wp\/v2\/pages\/2364\/revisions\/2812"}],"wp:attachment":[{"href":"https:\/\/wpml.enneagraminstitute.com\/es\/wp-json\/wp\/v2\/media?parent=2364"}],"curies":[{"name":"wp","href":"https:\/\/api.w.org\/{rel}","templated":true}]}}