{"id":2362,"date":"2024-01-11T20:34:04","date_gmt":"2024-01-11T20:34:04","guid":{"rendered":"https:\/\/wpml.enneagraminstitute.com\/identificacion-erronea-de-3-y-8\/"},"modified":"2025-03-04T16:36:43","modified_gmt":"2025-03-04T16:36:43","slug":"identificacion-erronea-de-3-y-8","status":"publish","type":"page","link":"https:\/\/wpml.enneagraminstitute.com\/es\/identificacion-erronea-de-3-y-8\/","title":{"rendered":"Identificaci\u00f3n err\u00f3nea de 3 y 8"},"content":{"rendered":"<h3 style=\"text-align:center\"> Traducido con AI<\/h3>\r\n\t\t\t<div class='container single-content-layout-layout-block'>\r\n\t\t\t\t<div class='row'>\r\n\t\t\t\t\t\n\r\n\t\t\t<div class='column-block col-12 col-md-10 col-lg-8 offset-lg-1'>\r\n\t\t\t\t\n\n<h1 class=\"wp-block-heading\">Identificaci\u00f3n err\u00f3nea de Tres y Ochos<\/h1>\n\n\n\n<hr class=\"wp-block-separator has-alpha-channel-opacity\"\/>\n\n\n\n<p>Los Tres y los Ochos son ambos asertivos (<em>PT<\/em>, 433-36), aunque la confusi\u00f3n entre ellos se centra en la competitividad que se encuentra en los Tres promedio y una competitividad similar en los Ochos promedio.<\/p>\n\n\n\n<p>En t\u00e9rminos generales, tanto los Ochos como los Tres son ambiciosos y competitivos: ambos tipos desean elevarse por encima de los dem\u00e1s. La diferencia radica en que los Ochos promedio son autoafirmativos y desean que los dem\u00e1s les cedan el paso inmediatamente para no tener que desperdiciar tiempo y energ\u00eda luchando con las personas, no porque teman hacerlo. Los Ochos compiten por el dominio material y sexual, menos por cuestiones puramente sociales o de estatus. Por ejemplo, los Ochos generalmente no dedican mucho tiempo a compararse con los dem\u00e1s, y ciertamente nunca en el grado en que lo hacen los Tres. Por la misma raz\u00f3n que los Tres se confunden con los Sietes y los Cincos (porque buscan una identidad halagadora), es mucho m\u00e1s probable que los Tres se identifiquen a s\u00ed mismos como Ochos en lugar de viceversa.    <\/p>\n\n\n\n<p>A pesar de algunas similitudes superficiales, las diferencias son profundas: los Ochos son l\u00edderes, negociadores y agentes de poder que desean hacer que el mundo se ajuste a su visi\u00f3n personal. Aspiran a tener un gran impacto, construir y lograr grandes cosas, posiblemente algo que perdure como testimonio de la grandeza de su audacia y voluntad. Fuertes e implacables, pueden ser despiadados cuando algo o alguien se interpone en su camino. Poseen egos prominentes, y lograr alguna forma de gloria es importante para ellos. El dinero es tanto una forma de poder como un medio para acumular m\u00e1s. Lograr el poder personal es el impulso dominante en los Ochos, y no hay nada ambiguo, mucho menos furtivo o enga\u00f1oso, acerca de ellos.     <\/p>\n\n\n\n<p>En contraste, el poder no es el motivo principal de los Tres; lograr el \u00e9xito y el prestigio, y deleitarse en la atenci\u00f3n admirativa de los dem\u00e1s, lo es. (En contraste, a los Ochos no les preocupa la popularidad; no les importa la buena voluntad de los dem\u00e1s, siempre y cuando consigan lo que desean.) Si los Ochos son l\u00edderes naturales, los Tres son administradores y t\u00e9cnicos naturales. Si los Ochos no temen al fracaso como tal, los Tres lo temen profundamente porque lo ven como una humillaci\u00f3n personal, una potencial ocasi\u00f3n para ser rechazados, su temor m\u00e1s profundo. En contraste, los Ochos ven el fracaso como una oportunidad para aprender algo y regresar m\u00e1s fuertes. Si los Ochos est\u00e1n demasiado ocupados logrando sus prop\u00f3sitos como para preocuparse por la opini\u00f3n p\u00fablica, los Tres viven y mueren por las opiniones de los dem\u00e1s y desesperadamente desean estar en demanda socialmente. Si los Ochos promedio son combativos e intimidantes y pueden \u201csoportar la presi\u00f3n\u201d, a pesar de cierta bravuconer\u00eda, los Tres promedio retroceder\u00e1n o se ver\u00e1n impulsados a la astucia: no pueden soportar la presi\u00f3n por mucho tiempo ni la exposici\u00f3n por un momento. En resumen, incluso los Ochos promedio son el \u201cart\u00edculo genuino,\u201d mientras que los Tres promedio son una imitaci\u00f3n de este. Contrasten Ochos como Telly Savalas y John Wayne con Tres como Sylvester Stallone y Burt Reynolds.      <\/p>\n\n\r\n\t\t\t<\/div>\r\n\t\t\n\r\n\t\t\t\t<\/div>\r\n\t\t\t<\/div>\r\n\t\t","protected":false},"excerpt":{"rendered":"<p>Traducido con AI<\/p>\n","protected":false},"author":6,"featured_media":0,"parent":0,"menu_order":0,"comment_status":"closed","ping_status":"closed","template":"","meta":{"_acf_changed":false,"footnotes":""},"class_list":["post-2362","page","type-page","status-publish","hentry"],"acf":[],"_links":{"self":[{"href":"https:\/\/wpml.enneagraminstitute.com\/es\/wp-json\/wp\/v2\/pages\/2362","targetHints":{"allow":["GET"]}}],"collection":[{"href":"https:\/\/wpml.enneagraminstitute.com\/es\/wp-json\/wp\/v2\/pages"}],"about":[{"href":"https:\/\/wpml.enneagraminstitute.com\/es\/wp-json\/wp\/v2\/types\/page"}],"author":[{"embeddable":true,"href":"https:\/\/wpml.enneagraminstitute.com\/es\/wp-json\/wp\/v2\/users\/6"}],"replies":[{"embeddable":true,"href":"https:\/\/wpml.enneagraminstitute.com\/es\/wp-json\/wp\/v2\/comments?post=2362"}],"version-history":[{"count":4,"href":"https:\/\/wpml.enneagraminstitute.com\/es\/wp-json\/wp\/v2\/pages\/2362\/revisions"}],"predecessor-version":[{"id":2813,"href":"https:\/\/wpml.enneagraminstitute.com\/es\/wp-json\/wp\/v2\/pages\/2362\/revisions\/2813"}],"wp:attachment":[{"href":"https:\/\/wpml.enneagraminstitute.com\/es\/wp-json\/wp\/v2\/media?parent=2362"}],"curies":[{"name":"wp","href":"https:\/\/api.w.org\/{rel}","templated":true}]}}