{"id":2360,"date":"2024-01-11T20:34:04","date_gmt":"2024-01-11T20:34:04","guid":{"rendered":"https:\/\/wpml.enneagraminstitute.com\/identificacion-erronea-de-2-y-7\/"},"modified":"2025-03-04T16:36:43","modified_gmt":"2025-03-04T16:36:43","slug":"identificacion-erronea-de-2-y-7","status":"publish","type":"page","link":"https:\/\/wpml.enneagraminstitute.com\/es\/identificacion-erronea-de-2-y-7\/","title":{"rendered":"Identificaci\u00f3n err\u00f3nea de 2 y 7"},"content":{"rendered":"<h3 style=\"text-align:center\"> Traducido con AI<\/h3>\r\n\t\t\t<div class='container single-content-layout-layout-block'>\r\n\t\t\t\t<div class='row'>\r\n\t\t\t\t\t\n\r\n\t\t\t<div class='column-block col-12 col-md-10 col-lg-8 offset-lg-1'>\r\n\t\t\t\t\n\n<h1 class=\"wp-block-heading\">Identificaci\u00f3n err\u00f3nea de Dos y Sietes<\/h1>\n\n\n\n<hr class=\"wp-block-separator has-alpha-channel-opacity\"\/>\n\n\n\n<p>Estos tipos se confunden frecuentemente debido a que ambos pueden ser emocionales e histri\u00f3nicos, aunque las emociones de los Sietes son m\u00e1s l\u00e1biles (cambian r\u00e1pidamente) que los sentimientos de los Dos. Los Dos promedio son amistosos y efusivos, incluso exuberantes y dram\u00e1ticos, aunque se esfuerzan por expresar su c\u00e1lida y personal apreciaci\u00f3n por otras personas. Son profundamente sentimentales (uno de los tipos en la Tr\u00edada del Sentimiento), y sus sentimientos est\u00e1n \u00edntimamente conectados con su sentido del yo, su comportamiento y sus interacciones con los dem\u00e1s.  <\/p>\n\n\n\n<p>Los Sietes promedio tambi\u00e9n son histri\u00f3nicos en el sentido de que dramatizan sus emociones de manera llamativa, aunque sus emociones suelen ser de corta duraci\u00f3n y de amplio espectro, desde la euforia hasta el deleite, pasando por la alegr\u00eda, la frivolidad y llegando a manifestaciones altamente negativas de ira, frustraci\u00f3n, vituperaci\u00f3n y rabia hacia los dem\u00e1s. Los Dos, si bien necesitan expresar sus sentimientos, tienden a ser m\u00e1s discretos. (A menos que sean muy poco saludables, los Dos no expresan su ira hacia los dem\u00e1s tan abiertamente, ni muestran jam\u00e1s la gama de emociones \u2014o tal variedad deslumbrante de ellas\u2014 como los Sietes.)  <\/p>\n\n\n\n<p>Aunque ambos tipos son gregarios y disfrutan estar con la gente, sus estilos interpersonales son notablemente diferentes. El Dos es m\u00e1s interpersonal, genuinamente amistoso y c\u00e1lido, e interesado en los dem\u00e1s; les gustar\u00eda ser el coraz\u00f3n y el alma de una familia o comunidad, el mejor amigo o confidente al que todos acuden en busca de atenci\u00f3n, consejo y aprobaci\u00f3n. Los Dos desean ser significativos para los dem\u00e1s y mantener t\u00e9rminos \u00edntimos con ellos, aunque a veces van demasiado lejos, entrometi\u00e9ndose excesivamente y siendo demasiado sol\u00edcitos para asegurarse de que son necesarios.  <\/p>\n\n\n\n<p>En contraste, los Sietes no se involucran tanto en las vidas de otras personas. Los Sietes no se ven a s\u00ed mismos como el centro de una comunidad o familia, sino como miembros de un grupo itinerante de compa\u00f1eros aventureros cuyo propio disfrute se ve realzado al estar con otros. A los Sietes no les gusta comer o beber solos, ni ir al teatro solos, ni salir de vacaciones solos, pero esto no siempre significa que sean grandes amantes de las personas. Sin embargo, es ciertamente cierto que sus actividades son m\u00e1s placenteras cuando hay otros alrededor para contribuir a la excitaci\u00f3n y estimulaci\u00f3n que buscan. Para proveerse de la compa\u00f1\u00eda de otros, los Sietes pueden pagar por el placer, comprando entradas para amigos m\u00e1s pobres, invit\u00e1ndolos a cenar o a la casa de campo, y as\u00ed sucesivamente. Los Sietes pueden exhibir as\u00ed cierta generosidad, aunque sus motivos bien pueden tener menos que ver con ayudar a amigos necesitados que con asegurarse de que ellos mismos se diviertan teniendo a otros alrededor.     <\/p>\n\n\n\n<p>Mientras que los Dos promedio quieren que los dem\u00e1s los necesiten, los Sietes promedio no quieren ser necesitados por nadie: todo lo contrario, tienen poca paciencia con cualquiera que sea demasiado dependiente de ellos, ya que los dependientes se convierten en un lastre para sus recursos y limitan su libertad. Los Dos promedio pueden ser posesivos con sus amigos porque sienten que han invertido mucho tiempo y energ\u00eda emocional en ellos y no quieren verlos alejarse. Los Sietes promedio tienden a estar menos apegados a las personas. (\u201cEst\u00e1 bien. Si no quieres estar conmigo, siempre hay m\u00e1s peces en el mar.\u201d) Los Sietes pueden ser devotos de sus seres queridos como cualquier otra persona, pero se niegan a aferrarse. Una vez que deciden que una relaci\u00f3n no est\u00e1 funcionando, pueden terminarla con bastante rapidez. Pueden sentirse tristes por un tiempo, pero rara vez se arrepienten de sus decisiones. Los Dos tambi\u00e9n pueden dejar atr\u00e1s las relaciones, pero tienen mucha m\u00e1s dificultad para soltarlas.       <\/p>\n\n\n\n<p>Por \u00faltimo, aunque los Sietes est\u00e1n orientados a la acci\u00f3n y son expresivos, son principalmente tipos pensantes. Son ingeniosos y les gusta llenar sus mentes con posibilidades e ideas interesantes. Aunque los Dos ciertamente pueden ser brillantes y conocedores, realmente son tipos sentimentales y su motivaci\u00f3n est\u00e1 en compartir sentimientos e intimidades. Es probable que m\u00e1s Sietes se identifiquen err\u00f3neamente como Dos que viceversa. Las diferencias entre Leo Buscaglia y Ann Landers (Dos), y Timothy Leary y Joan Rivers (Sietes) pueden clarificar estos dos tipos.    <\/p>\n\n\r\n\t\t\t<\/div>\r\n\t\t\n\r\n\t\t\t\t<\/div>\r\n\t\t\t<\/div>\r\n\t\t","protected":false},"excerpt":{"rendered":"<p>Traducido con AI<\/p>\n","protected":false},"author":6,"featured_media":0,"parent":0,"menu_order":0,"comment_status":"closed","ping_status":"closed","template":"","meta":{"_acf_changed":false,"footnotes":""},"class_list":["post-2360","page","type-page","status-publish","hentry"],"acf":[],"_links":{"self":[{"href":"https:\/\/wpml.enneagraminstitute.com\/es\/wp-json\/wp\/v2\/pages\/2360","targetHints":{"allow":["GET"]}}],"collection":[{"href":"https:\/\/wpml.enneagraminstitute.com\/es\/wp-json\/wp\/v2\/pages"}],"about":[{"href":"https:\/\/wpml.enneagraminstitute.com\/es\/wp-json\/wp\/v2\/types\/page"}],"author":[{"embeddable":true,"href":"https:\/\/wpml.enneagraminstitute.com\/es\/wp-json\/wp\/v2\/users\/6"}],"replies":[{"embeddable":true,"href":"https:\/\/wpml.enneagraminstitute.com\/es\/wp-json\/wp\/v2\/comments?post=2360"}],"version-history":[{"count":4,"href":"https:\/\/wpml.enneagraminstitute.com\/es\/wp-json\/wp\/v2\/pages\/2360\/revisions"}],"predecessor-version":[{"id":2814,"href":"https:\/\/wpml.enneagraminstitute.com\/es\/wp-json\/wp\/v2\/pages\/2360\/revisions\/2814"}],"wp:attachment":[{"href":"https:\/\/wpml.enneagraminstitute.com\/es\/wp-json\/wp\/v2\/media?parent=2360"}],"curies":[{"name":"wp","href":"https:\/\/api.w.org\/{rel}","templated":true}]}}