{"id":2358,"date":"2024-01-11T20:34:04","date_gmt":"2024-01-11T20:34:04","guid":{"rendered":"https:\/\/wpml.enneagraminstitute.com\/relacion-tipo-5-con-tipo-8\/"},"modified":"2025-03-04T16:36:43","modified_gmt":"2025-03-04T16:36:43","slug":"relacion-tipo-5-con-tipo-8","status":"publish","type":"page","link":"https:\/\/wpml.enneagraminstitute.com\/es\/relacion-tipo-5-con-tipo-8\/","title":{"rendered":"Relaci\u00f3n Tipo 5 con Tipo 8"},"content":{"rendered":"<h3 style=\"text-align:center\"> Traducido con AI<\/h3>\r\n\t\t\t<div class='container single-content-layout-layout-block'>\r\n\t\t\t\t<div class='row'>\r\n\t\t\t\t\t\n\r\n\t\t\t<div class='column-block col-12 col-md-10 col-lg-8 offset-lg-1'>\r\n\t\t\t\t\n\n<h1 class=\"wp-block-heading\" id=\"h-enneagram-type-five-the-investigator-with-enneagram-type-eight-the-challenger\">Eneagrama Tipo Cinco (el Investigador)<br\/><em>con<\/em><br\/>Eneagrama Tipo Ocho (el Desafiante)<\/h1>\n\n\n\n<hr class=\"wp-block-separator has-alpha-channel-opacity\"\/>\n\n\n\n<h2 class=\"wp-block-heading\" id=\"h-what-each-type-brings-to-the-relationship\">Lo que cada tipo aporta a la relaci\u00f3n<\/h2>\n\n\n\n<p>Estos dos tipos aportan entre s\u00ed talentos complementarios y rec\u00edprocos \u2014 precisamente lo que el otro necesita pero no necesariamente es consciente de ello. Por ejemplo, los Eneagrama Cinco necesitan identificarse m\u00e1s con su cuerpo y con su energ\u00eda instintiva; requieren involucrarse m\u00e1s con el mundo pr\u00e1ctico y sentir su propio sentido de poder y capacidad. Pueden aprender estas cualidades de los Ocho. Por otro lado, los Ocho necesitan ser m\u00e1s reflexivos y conscientes del impacto de sus acciones en s\u00ed mismos y en su entorno. Necesitan saber m\u00e1s y pensar en las consecuencias con mayor detenimiento antes de actuar. Toda acci\u00f3n produce una reacci\u00f3n, y no necesariamente es la que el Ocho desea que ocurra. Este tipo de previsi\u00f3n anal\u00edtica es algo que los Ocho pueden aprender de los Cinco.      <\/p>\n\n\n\n<p>Adem\u00e1s de estas cualidades, tanto los Cinco como los Ocho aportan una insistencia com\u00fan en la independencia y la no interferencia de los dem\u00e1s. Ambos tipos son conscientes de los l\u00edmites y detestan la intrusi\u00f3n. Ambos disfrutan de un buen debate y admiran a alguien que se defiende a s\u00ed mismo intelectual y\/o f\u00edsicamente. Ambos tipos se sienten inadaptados, por lo que comprenden el n\u00facleo emocional del otro, a menudo de manera t\u00e1cita. Ambos tipos necesitan espacio personal, pero cuando se encuentran, pueden mostrar un sorprendente grado de necesidad y vulnerabilidad. Ven a la persona detr\u00e1s de la defensa, relacion\u00e1ndose con el sentido de dignidad y las vulnerabilidades ocultas del otro. Ambos pueden ser estoicos hacia su propio sufrimiento e infelicidad, con poca o ninguna autocompasi\u00f3n. Como pareja, pueden aportar poder y profundidad, acci\u00f3n y reflexi\u00f3n, brillantez y audacia a su mundo. Tambi\u00e9n son los protectores y consejeros naturales el uno del otro: a los Ocho les encanta proteger a los Cinco menos duros, y los Cinco ayudan a los Ocho a reconocer las sutilezas de sus planes y acciones. Por lo tanto, estos dos tipos pueden unirse como una coalici\u00f3n de poder e inteligencia, una combinaci\u00f3n formidable.         <\/p>\n\n\n\n<hr class=\"wp-block-separator has-alpha-channel-opacity\"\/>\n\n\n\n<h2 class=\"wp-block-heading\" id=\"h-potential-trouble-spots-or-issues\">Potenciales puntos problem\u00e1ticos o conflictos<\/h2>\n\n\n\n<p>Los Cinco no est\u00e1n muy en contacto con sus cuerpos f\u00edsicos \u2014 se identifican con sus mentes y son indiferentes a pr\u00e1cticamente todos los objetivos f\u00edsicos y pr\u00e1cticos que tienen los Ocho m\u00e1s terrenales. No desear una casa, una empresa o un c\u00f3nyuge son todas fuentes de orgullo para los Cinco promedio que se sienten bien consigo mismos cuando pueden desconectarse de sus necesidades y aprender a prescindir de ellas. Los Ocho, por el contrario, se enorgullecen de sus conquistas terrenales, ya sean sociales, financieras, sexuales o psicol\u00f3gicas. Dejar su huella en el entorno es un objetivo primordial para los Ocho y a menudo utilizan su estatura f\u00edsica y energ\u00eda para intimidar a las personas e imponer su voluntad. As\u00ed, cuanto m\u00e1s inseguros se vuelven estos dos tipos, m\u00e1s reaccionan de maneras completamente opuestas: los Cinco se cierran m\u00e1s completamente, se vuelven m\u00e1s taciturnos, reservados y aislados, mientras que los Ocho se vuelven m\u00e1s confrontativos, amenazantes y enfurecidos.    <\/p>\n\n\n\n<p>El mayor problema es que en los Niveles inferiores, estos dos se separan f\u00edsicamente del otro y cesa cualquier comunicaci\u00f3n real. Los Cinco de funcionamiento inferior tienden a perder el respeto por cualquiera que juzguen irracional, destructivo y fuera de control. La turbulencia y las amenazas de los Ocho poco saludables aterrorizan a los Cinco, quienes deben marcharse f\u00edsicamente para sentirse seguros. Ambos conocen y atacar\u00e1n las vulnerabilidades del otro si se les provoca lo suficiente \u2014 y tanto los Cinco como los Ocho tienden a provocarse mutuamente como una forma de protegerse. Ambos tipos tambi\u00e9n son sensibles al rechazo y ambos tienden a sentirse rechazados f\u00e1cilmente. La partida del Cinco desencadenar\u00e1 una fuerte reacci\u00f3n de rechazo en el Ocho, quien probablemente tomar\u00e1 represalias de cualquier manera que pueda. La partida de un Ocho desencadenar\u00e1 los sentimientos de rechazo del Cinco, pero m\u00e1s probablemente con un colapso en el cinismo y la depresi\u00f3n. Ambos pueden ser extremadamente c\u00ednicos, y el fin de su relaci\u00f3n solo confirma sus opiniones m\u00e1s oscuras sobre la posibilidad de que los seres humanos convivan.       <\/p>\n\n\n\n<p>For further understanding about this type combination, read more about the\u00a0<a href=\"\/how-the-enneagram-system-works\">Stress Arrow<\/a>\u00a0and how types\u00a0<a href=\"\/type-5\">Five<\/a>\u00a0and\u00a0<a href=\"https:\/\/wpml.enneagraminstitute.com\/type-8\/\">Eight<\/a> behave when they are moving along it.<\/p>\n\n\r\n\t\t\t<\/div>\r\n\t\t\n\r\n\t\t\t\t<\/div>\r\n\t\t\t<\/div>\r\n\t\t","protected":false},"excerpt":{"rendered":"<p>Traducido con AI<\/p>\n","protected":false},"author":6,"featured_media":0,"parent":0,"menu_order":0,"comment_status":"closed","ping_status":"closed","template":"","meta":{"_acf_changed":false,"footnotes":""},"class_list":["post-2358","page","type-page","status-publish","hentry"],"acf":[],"_links":{"self":[{"href":"https:\/\/wpml.enneagraminstitute.com\/es\/wp-json\/wp\/v2\/pages\/2358","targetHints":{"allow":["GET"]}}],"collection":[{"href":"https:\/\/wpml.enneagraminstitute.com\/es\/wp-json\/wp\/v2\/pages"}],"about":[{"href":"https:\/\/wpml.enneagraminstitute.com\/es\/wp-json\/wp\/v2\/types\/page"}],"author":[{"embeddable":true,"href":"https:\/\/wpml.enneagraminstitute.com\/es\/wp-json\/wp\/v2\/users\/6"}],"replies":[{"embeddable":true,"href":"https:\/\/wpml.enneagraminstitute.com\/es\/wp-json\/wp\/v2\/comments?post=2358"}],"version-history":[{"count":5,"href":"https:\/\/wpml.enneagraminstitute.com\/es\/wp-json\/wp\/v2\/pages\/2358\/revisions"}],"predecessor-version":[{"id":2815,"href":"https:\/\/wpml.enneagraminstitute.com\/es\/wp-json\/wp\/v2\/pages\/2358\/revisions\/2815"}],"wp:attachment":[{"href":"https:\/\/wpml.enneagraminstitute.com\/es\/wp-json\/wp\/v2\/media?parent=2358"}],"curies":[{"name":"wp","href":"https:\/\/api.w.org\/{rel}","templated":true}]}}