{"id":2354,"date":"2024-01-11T20:34:04","date_gmt":"2024-01-11T20:34:04","guid":{"rendered":"https:\/\/wpml.enneagraminstitute.com\/relacion-tipo-1-con-tipo-4\/"},"modified":"2025-03-04T16:36:44","modified_gmt":"2025-03-04T16:36:44","slug":"relacion-tipo-1-con-tipo-4","status":"publish","type":"page","link":"https:\/\/wpml.enneagraminstitute.com\/es\/relacion-tipo-1-con-tipo-4\/","title":{"rendered":"Relaci\u00f3n Tipo 1 con Tipo 4"},"content":{"rendered":"<h3 style=\"text-align:center\"> Traducido con AI<\/h3>\r\n\t\t\t<div class='container single-content-layout-layout-block'>\r\n\t\t\t\t<div class='row'>\r\n\t\t\t\t\t\n\r\n\t\t\t<div class='column-block col-12 col-md-10 col-lg-8 offset-lg-1'>\r\n\t\t\t\t\n\n<h1 class=\"wp-block-heading\">Eneagrama Tipo Uno (el Reformador)<br\/><em>con<\/em><br\/>Eneagrama Tipo Cuatro (el Individualista)<\/h1>\n\n\n\n<h2 class=\"wp-block-heading\">Lo que cada tipo aporta a la relaci\u00f3n<\/h2>\n\n\n\n<hr class=\"wp-block-separator has-alpha-channel-opacity\"\/>\n\n\n\n<p>Los Unos y los Cuatros del Eneagrama comparten un intenso inter\u00e9s mutuo por aportar algo bueno y hermoso al mundo. Ambos son idealistas y se preocupan por hacer las cosas correctamente en su trabajo y expresiones personales. Ambos ven c\u00f3mo podr\u00edan ser las cosas, c\u00f3mo un proyecto podr\u00eda convertirse en la expresi\u00f3n de una forma ideal, si todo saliera bien. Al trabajar juntos, algo universal y trascendente podr\u00eda resultar en su trabajo y en su propia relaci\u00f3n. Los Unos aportan un deseo de objetividad, verdad, valor y raz\u00f3n a la relaci\u00f3n. Ofrecen autodisciplina, buenos h\u00e1bitos de trabajo y regularidad a la relaci\u00f3n. Los Unos son concienzudos y subordinar\u00e1n sus necesidades personales por el bien mayor, incluyendo la visi\u00f3n y metas compartidas que sienten que est\u00e1n en el n\u00facleo de la relaci\u00f3n misma. Los Unos pueden actuar como valiosos interlocutores para los Cuatros, ofreciendo consejo y sabidur\u00eda cuando los Cuatros se confunden por la multitud de sus sentimientos o sus dudas. Los Cuatros aportan creatividad, sentimientos intensos, sensualidad, espontaneidad, inspiraci\u00f3n y la capacidad de conectar con los sue\u00f1os, el inconsciente y otras fuerzas universales. Su expresividad y emocionalidad pueden ser un contrapeso bienvenido a la t\u00edpica formalidad y sentido del orden y la raz\u00f3n del Uno.         <\/p>\n\n\n\n<p>Los Cuatros dan permiso a los Unos para explorar y expresar toda la gama de sus sentimientos y pasiones. Los Unos ayudan a los Cuatros a realizar sus sue\u00f1os apoyando la creatividad con una autodisciplina saludable y una estructura apropiada. En general, los Unos aportan autocontrol a la relaci\u00f3n, lo que puede servir de modelo para los Cuatros, que tienden a ser m\u00e1s desregulados. Ambos tipos tienen gusto por el refinamiento, la belleza y el cultivo de las artes, y si ambos aprecian lo que el otro ofrece, pueden formar un equipo duradero y productivo que ayuda a equilibrar las limitaciones del otro mientras saca a relucir cualidades que cada uno carece, una de las funciones primarias de todas las buenas relaciones.   <\/p>\n\n\n\n<hr class=\"wp-block-separator has-alpha-channel-opacity\"\/>\n\n\n\n<h2 class=\"wp-block-heading\">Potenciales puntos problem\u00e1ticos o conflictos<\/h2>\n\n\n\n<p>Una relaci\u00f3n entre Unos y Cuatros a veces puede ser como mezclar aceite y agua: tienden a separarse r\u00e1pidamente porque ven las cosas desde puntos de vista opuestos. Los Unos piensan que casi siempre est\u00e1n siendo sensatos y objetivos, mientras que los Cuatros no intentan ser \u201cobjetivos\u201d: quieren ver las cosas desde el lado subjetivo y personal. Aunque ambos aportan una especie de idealismo a la relaci\u00f3n, suele ser un idealismo aplicado a cosas diferentes. Los Unos ser\u00e1n idealistas sobre causas sociales, moralidad, pol\u00edtica y problemas globales, mientras que los Cuatros son idealistas, incluso perfeccionistas, sobre aspectos de sus vidas personales: su estilo de vida, su pareja y su elecci\u00f3n de trabajo. Ambos pueden reforzar el sentido de superioridad del otro, llevando al elitismo y la pedanter\u00eda hacia los dem\u00e1s. Ambos pueden volverse desde\u00f1osos y condescendientes hacia aquellos que tienen menos educaci\u00f3n, gusto o sentido del refinamiento, y el h\u00e1bito de sentirse decepcionados con los dem\u00e1s tambi\u00e9n puede volverse contra ellos mismos.     <\/p>\n\n\n\n<p>Ambos tipos son ir\u00f3nicamente muy conscientes de sus impulsos, su sensualidad, sus anhelos y frustraciones, pero ambos intentan manejar estos problemas de maneras diametralmente opuestas. As\u00ed, una de las mayores \u00e1reas de conflicto entre Unos y Cuatros es en la autodisciplina frente a la autoindulgencia, entre los impulsos personales y emocionales que se act\u00faan (Cuatros) o se suprimen (Unos). Los Unos pueden empezar a ver a los Cuatros como irremediablemente emocionales, egoc\u00e9ntricos y autocomplacientes, mientras que los Cuatros pueden empezar a ver a los Unos como insoportablemente r\u00edgidos, cr\u00edticos y fr\u00edos. Los Cuatros pueden volverse tan enojados, cr\u00edticos, intolerantes y moralistas como los Unos con bajo funcionamiento, y los Unos pueden volverse tan melanc\u00f3licos, autocompasivos, alienados y deprimidos como los Cuatros con bajo funcionamiento. En resumen, los Unos y los Cuatros pueden terminar desafectos entre s\u00ed por ser como son: no son un ideal imaginado. Ambos pueden ser implacables, llevando cuentas y recordando heridas del pasado lejano. La relaci\u00f3n puede deteriorarse hasta una amarga frustraci\u00f3n mutua y terminar como resultado de discusiones rencorosas.      <\/p>\n\n\n\n<p>Para una mayor comprensi\u00f3n de esta combinaci\u00f3n de tipos, lea m\u00e1s sobre la <a href=\"https:\/\/wpml.enneagraminstitute.com\/es\/como-funciona-el-sistema-del-eneagrama\/\">Flecha de Estr\u00e9s<\/a> y c\u00f3mo los tipos <a href=\"https:\/\/wpml.enneagraminstitute.com\/es\/eneagrama-tipo-1-el-reformador\/\">Uno<\/a> y <a href=\"https:\/\/wpml.enneagraminstitute.com\/es\/eneagrama-tipo-4-el-individualista\/\">Cuatro<\/a> se comportan cuando se mueven a lo largo de ella.<\/p>\n\n\r\n\t\t\t<\/div>\r\n\t\t\n\r\n\t\t\t\t<\/div>\r\n\t\t\t<\/div>\r\n\t\t","protected":false},"excerpt":{"rendered":"<p>Traducido con AI<\/p>\n","protected":false},"author":6,"featured_media":0,"parent":0,"menu_order":0,"comment_status":"closed","ping_status":"closed","template":"","meta":{"_acf_changed":false,"footnotes":""},"class_list":["post-2354","page","type-page","status-publish","hentry"],"acf":[],"_links":{"self":[{"href":"https:\/\/wpml.enneagraminstitute.com\/es\/wp-json\/wp\/v2\/pages\/2354","targetHints":{"allow":["GET"]}}],"collection":[{"href":"https:\/\/wpml.enneagraminstitute.com\/es\/wp-json\/wp\/v2\/pages"}],"about":[{"href":"https:\/\/wpml.enneagraminstitute.com\/es\/wp-json\/wp\/v2\/types\/page"}],"author":[{"embeddable":true,"href":"https:\/\/wpml.enneagraminstitute.com\/es\/wp-json\/wp\/v2\/users\/6"}],"replies":[{"embeddable":true,"href":"https:\/\/wpml.enneagraminstitute.com\/es\/wp-json\/wp\/v2\/comments?post=2354"}],"version-history":[{"count":6,"href":"https:\/\/wpml.enneagraminstitute.com\/es\/wp-json\/wp\/v2\/pages\/2354\/revisions"}],"predecessor-version":[{"id":2817,"href":"https:\/\/wpml.enneagraminstitute.com\/es\/wp-json\/wp\/v2\/pages\/2354\/revisions\/2817"}],"wp:attachment":[{"href":"https:\/\/wpml.enneagraminstitute.com\/es\/wp-json\/wp\/v2\/media?parent=2354"}],"curies":[{"name":"wp","href":"https:\/\/api.w.org\/{rel}","templated":true}]}}