{"id":2352,"date":"2024-01-11T20:34:04","date_gmt":"2024-01-11T20:34:04","guid":{"rendered":"https:\/\/wpml.enneagraminstitute.com\/tipo-de-relacion-3-con-tipo-7\/"},"modified":"2025-03-04T16:36:44","modified_gmt":"2025-03-04T16:36:44","slug":"tipo-de-relacion-3-con-tipo-7","status":"publish","type":"page","link":"https:\/\/wpml.enneagraminstitute.com\/es\/tipo-de-relacion-3-con-tipo-7\/","title":{"rendered":"Tipo de relaci\u00f3n 3 con Tipo 7"},"content":{"rendered":"<h3 style=\"text-align:center\"> Traducido con AI<\/h3>\r\n\t\t\t<div class='container single-content-layout-layout-block'>\r\n\t\t\t\t<div class='row'>\r\n\t\t\t\t\t\n\r\n\t\t\t<div class='column-block col-12 col-md-10 col-lg-8 offset-lg-1'>\r\n\t\t\t\t\n\n<h1 class=\"wp-block-heading\" id=\"h-enneagram-type-three-the-achiever-with-enneagram-type-seven-the-enthusiast\">Eneagrama Tipo Tres (el Triunfador)<br\/><em>con<\/em><br\/>Eneagrama Tipo Siete (el Entusiasta)<\/h1>\n\n\n\n<hr class=\"wp-block-separator has-alpha-channel-opacity\"\/>\n\n\n\n<h3 class=\"wp-block-heading\" id=\"h-what-each-type-brings-to-the-relationship\">Lo que cada tipo aporta a la relaci\u00f3n<\/h3>\n\n\n\n<p>Esta es una pareja altamente complementaria: ambos tipos son asertivos, poseen una energ\u00eda elevada, y son extrovertidos y capaces de relacionarse con las personas con relativa facilidad. Ambos tipos aportan optimismo, una orientaci\u00f3n hacia el futuro, y un sentido de posibilidad y renovaci\u00f3n a sus relaciones y a las empresas en las que se involucran. Los Tres pueden trabajar en solitario con mayor facilidad que los Siete, aunque ambos se estimulan al interactuar con personas y ambos pueden ser excelentes comunicadores de sus ideas y valores. Ambos son persuasivos y elocuentes, a menudo vivaces y atractivos, lo que los convierte en compa\u00f1\u00eda codiciada. Ambos tienen una orientaci\u00f3n juvenil de tal manera que se alimentan de la energ\u00eda del otro: ninguna otra pareja es tan vivaz o gregaria como la pareja Tres\/Siete. Esta es probablemente la combinaci\u00f3n de tipos con mayor energ\u00eda y se involucran de todo coraz\u00f3n en numerosas actividades, planes y proyectos, con \u00e9nfasis en alcanzar la buena vida. El enfoque est\u00e1 en la sociabilidad, salir, tener aventuras juntos y en realizar posibilidades y encontrar la realizaci\u00f3n personal.      <\/p>\n\n\n\n<p>A esta mezcla, los Tres aportan sensibilidad hacia las personas y c\u00f3mo comunicarse con ellas, un sentido de decoro, adecuaci\u00f3n y convenciones sociales, as\u00ed como la capacidad de enfocarse en objetivos y lograrlos. Los Siete aportan un sentido de diversi\u00f3n y aventura, resiliencia y una escasa preocupaci\u00f3n por el fracaso. Los Siete pueden ser espont\u00e1neos de maneras que resultan \u00fatiles para los Tres m\u00e1s autoconscientes. Los Siete aportan amplitud de conocimiento y experiencia, entusiasmo ilimitado y buen \u00e1nimo. Los Tres aportan un enfoque en las metas, en mantenerse pr\u00e1cticos y con los pies en la tierra, y en observar l\u00edmites saludables. Esta puede ser una pareja divertida, elocuente y generosa, pr\u00e1cticamente resplandeciente de vitalidad y alegr\u00eda de vivir. A veces, esto puede parecer a los dem\u00e1s una pareja casi m\u00e1gica.      <\/p>\n\n\n\n<hr class=\"wp-block-separator has-alpha-channel-opacity\"\/>\n\n\n\n<h2 class=\"wp-block-heading\" id=\"h-potential-trouble-spots-or-issues\">Potenciales puntos problem\u00e1ticos o conflictos<\/h2>\n\n\n\n<p>Esta es tambi\u00e9n una pareja extremadamente vol\u00e1til: hay casi demasiada electricidad bajo un mismo techo. Una pareja Tres\/Siete siempre parece una gran pareja, pero esto tambi\u00e9n puede significar tener que estar a la altura de su propia exageraci\u00f3n. Pueden ser agotadores de seguir y sus cualidades mutuas dificultan admitir o examinar los problemas. Ambos sienten la presi\u00f3n de ser \u201cfabulosos\u201d y perfectos todo el tiempo. Ambos tipos parecen despreocupados y desenfadados; sin embargo, en sus rutinas de alta energ\u00eda, a menudo se hieren mutuamente sin darse cuenta. Con frecuencia, esto resulta en una acumulaci\u00f3n de heridas pasadas que han sido suprimidas hasta que es demasiado tarde y se ha causado demasiado da\u00f1o.     <\/p>\n\n\n\n<p>Dependiendo de su Nivel de salud, los Tres pueden convertirse en adictos al trabajo, completamente enfocados en lograr el \u00e9xito, construir m\u00e1s prestigio y planificar movimientos de carrera con el cuidado de un general, tanto as\u00ed que la vida de pareja y familiar ocupa un claro segundo lugar, si acaso. Por el contrario, los Siete tienden a no tomar su carrera tan en serio como los Tres, siempre sintiendo que si las cosas no van bien en un trabajo, pueden pasar a algo mejor. En la superficie, los Tres parecen tener tanta confianza en s\u00ed mismos como los Siete; en realidad, no es as\u00ed, por lo que sienten que necesitan promocionarse a s\u00ed mismos y sus logros. Los Tres pueden envidiar el \u00e9xito f\u00e1cil de los Siete, mientras que los Siete pueden sentir que se est\u00e1 sacrificando demasiada diversi\u00f3n y disfrute por el enfoque del Tres en la carrera. Los Siete pueden tener la sensaci\u00f3n de que solo existen para apoyar al Tres de diversas maneras. Ninguno de los dos tipos quiere hablar sobre sus defectos, fracasos o sentimientos negativos, por lo que estos temas tienden a evitarse durante el mayor tiempo posible. A menudo, una crisis de salud o de carrera sacar\u00e1 las cosas a la superficie: los Siete no quieren estar atrapados en una relaci\u00f3n que ya no es placentera, los Tres no quieren estar en una relaci\u00f3n que ha fracasado. Una vez que dudan de que el otro est\u00e9 ah\u00ed para ellos, se vuelven hacia actitudes egoc\u00e9ntricas que erosionan a\u00fan m\u00e1s la relaci\u00f3n. Una ruptura puede llegar abruptamente y ser permanente.        <\/p>\n\n\n\n<p>For further understanding about this type combination, read more about the\u00a0<a href=\"\/how-the-enneagram-system-works\">Stress Arrow<\/a>\u00a0and how types\u00a0<a href=\"\/type-3\">Three<\/a>\u00a0and\u00a0<a href=\"https:\/\/wpml.enneagraminstitute.com\/type-7\/\">Seven<\/a> behave when they are moving along it.<\/p>\n\n\r\n\t\t\t<\/div>\r\n\t\t\n\r\n\t\t\t\t<\/div>\r\n\t\t\t<\/div>\r\n\t\t","protected":false},"excerpt":{"rendered":"<p>Traducido con AI<\/p>\n","protected":false},"author":6,"featured_media":0,"parent":0,"menu_order":0,"comment_status":"closed","ping_status":"closed","template":"","meta":{"_acf_changed":false,"footnotes":""},"class_list":["post-2352","page","type-page","status-publish","hentry"],"acf":[],"_links":{"self":[{"href":"https:\/\/wpml.enneagraminstitute.com\/es\/wp-json\/wp\/v2\/pages\/2352","targetHints":{"allow":["GET"]}}],"collection":[{"href":"https:\/\/wpml.enneagraminstitute.com\/es\/wp-json\/wp\/v2\/pages"}],"about":[{"href":"https:\/\/wpml.enneagraminstitute.com\/es\/wp-json\/wp\/v2\/types\/page"}],"author":[{"embeddable":true,"href":"https:\/\/wpml.enneagraminstitute.com\/es\/wp-json\/wp\/v2\/users\/6"}],"replies":[{"embeddable":true,"href":"https:\/\/wpml.enneagraminstitute.com\/es\/wp-json\/wp\/v2\/comments?post=2352"}],"version-history":[{"count":5,"href":"https:\/\/wpml.enneagraminstitute.com\/es\/wp-json\/wp\/v2\/pages\/2352\/revisions"}],"predecessor-version":[{"id":2818,"href":"https:\/\/wpml.enneagraminstitute.com\/es\/wp-json\/wp\/v2\/pages\/2352\/revisions\/2818"}],"wp:attachment":[{"href":"https:\/\/wpml.enneagraminstitute.com\/es\/wp-json\/wp\/v2\/media?parent=2352"}],"curies":[{"name":"wp","href":"https:\/\/api.w.org\/{rel}","templated":true}]}}