{"id":2350,"date":"2024-01-11T20:34:04","date_gmt":"2024-01-11T20:34:04","guid":{"rendered":"https:\/\/wpml.enneagraminstitute.com\/relacion-tipo-3-con-tipo-3\/"},"modified":"2025-03-04T16:36:45","modified_gmt":"2025-03-04T16:36:45","slug":"relacion-tipo-3-con-tipo-3","status":"publish","type":"page","link":"https:\/\/wpml.enneagraminstitute.com\/es\/relacion-tipo-3-con-tipo-3\/","title":{"rendered":"Relaci\u00f3n Tipo 3 con Tipo 3"},"content":{"rendered":"<h3 style=\"text-align:center\"> Traducido con AI<\/h3>\r\n\t\t\t<div class='container single-content-layout-layout-block'>\r\n\t\t\t\t<div class='row'>\r\n\t\t\t\t\t\n\r\n\t\t\t<div class='column-block col-12 col-md-10 col-lg-8 offset-lg-1'>\r\n\t\t\t\t\n\n<h1 class=\"wp-block-heading\">Eneagrama Tipo Tres (el Triunfador)<br\/><em>con<\/em><br\/>Eneagrama Tipo Tres (el Triunfador)<\/h1>\n\n\n\n<hr class=\"wp-block-separator has-alpha-channel-opacity\"\/>\n\n\n\n<h2 class=\"wp-block-heading\">Lo que cada tipo aporta a la relaci\u00f3n<\/h2>\n\n\n\n<p>Como en todas las relaciones de doble tipo, dos Tres del Eneagrama generalmente aportan las mismas cualidades el uno al otro. En ello radica tanto una fuente principal de atracci\u00f3n como uno de los principales escollos. Por lo tanto, el nivel de salud de cada persona es especialmente importante para este tipo de relaciones, al igual que sus instintos dominantes. Dos Tres se aportan mutuamente una preocupaci\u00f3n por el logro y la excelencia, por hacer algo de s\u00ed mismos y de sus oportunidades, y por ser un cr\u00e9dito para la relaci\u00f3n. Ambos son trabajadores incansables, siempre buscando una manera de mejorar su posici\u00f3n en la vida y compartir estos beneficios con sus seres queridos y amigos. Los Tres tambi\u00e9n tienden a ser sociables y a disfrutar de la compa\u00f1\u00eda de los dem\u00e1s. Tienen la capacidad de encantar a otros y presentarse bajo una luz favorable y atractiva, incluso a su c\u00f3nyuge o amigos cercanos. Algunos Tres son menos sociables y m\u00e1s preocupados por los asuntos de negocios y por obtener seguridad financiera, pero ellos tambi\u00e9n desean que tanto ellos mismos como su relaci\u00f3n sean admirables y sobresalientes de alguna manera. Pueden ser conocidos por su cercan\u00eda o devoci\u00f3n personal, o por la longevidad de la relaci\u00f3n en s\u00ed.        <\/p>\n\n\n\n<p>Ambos Tres pueden formar un equipo extremadamente eficaz que probablemente tendr\u00e1 \u00e9xito en pr\u00e1cticamente cualquier empresa que puedan emprender. Son capaces de coordinar tareas en el hogar o en la oficina, convirti\u00e9ndose en un equipo de trabajo que se apoya mutuamente. Cada uno quiere que el otro se sienta orgulloso de ellos y que sea admirado por el otro como un compa\u00f1ero digno. Ambos tratan de evitar el drama en la relaci\u00f3n y se dan espacio mutuamente para perseguir sus propios intereses y autodesarrollo. Las parejas de doble Tres suelen ser excelentes motivadores el uno del otro, inst\u00e1ndose mutuamente a lograr mayores metas y a alcanzar sus objetivos, ya sea en la crianza de los hijos, la educaci\u00f3n, o los deportes y la aptitud f\u00edsica. Pueden actuar como entrenadores el uno del otro, ayudando al compa\u00f1ero a mejorar su t\u00e9cnica y perfeccionar sus habilidades profesionales y personales. Lo que exigen el uno del otro es respeto por sus logros y por su arduo trabajo. As\u00ed, en muchos aspectos, dos Tres pueden dar la impresi\u00f3n a los dem\u00e1s de ser pr\u00e1cticamente una pareja ideal: atractivos, en\u00e9rgicos, ambiciosos, enfocados y a menudo miembros destacados de su grupo social.       <\/p>\n\n\n\n<hr class=\"wp-block-separator has-alpha-channel-opacity\"\/>\n\n\n\n<h2 class=\"wp-block-heading\">Potenciales puntos problem\u00e1ticos o conflictos<\/h2>\n\n\n\n<p>Mientras una pareja de Tres sea saludable, ambos tienden a apoyarse mutuamente y a respaldar los intereses y la carrera del otro. Se alegran por el \u00e9xito y el prestigio que su c\u00f3nyuge pueda obtener. Pueden surgir problemas en parejas de Tres de funcionamiento promedio a bajo si comienzan a compararse entre s\u00ed. Un esp\u00edritu malsano de competencia y de querer superar al otro puede infectar la relaci\u00f3n y socavar el orgullo y la generosidad que han sentido el uno hacia el otro. Incluso si tienen carreras diferentes, dos Tres pueden comenzar a comparar su \u00e9xito relativo, sus ingresos, cu\u00e1n bien considerado es cada uno profesionalmente y cu\u00e1les son sus posibilidades relativas de ascenso. Que uno de los miembros de la pareja sea elegido para un comit\u00e9 o junta directiva ejerce presi\u00f3n sobre el otro para hacer algo similar o incluso m\u00e1s prestigioso.     <\/p>\n\n\n\n<p>Adem\u00e1s, uno o ambos Tres pueden comenzar a sentir que la relaci\u00f3n est\u00e1 quitando tiempo a su propia carrera y a su propia b\u00fasqueda del \u00e9xito. Uno puede sentir que est\u00e1 sacrificando su potencial profesional por el bien de mantener la relaci\u00f3n unida mientras el otro est\u00e1 avanzando a sus expensas. Los hijos, las mascotas, los familiares y los amigos tambi\u00e9n pueden sufrir diversos grados de abandono mientras la pareja de doble Tres invierte energ\u00eda en su avance profesional, dedicando cada vez m\u00e1s horas a la oficina o en la carretera. Uno de los mayores problemas para las parejas de doble Tres es que ninguno es particularmente consciente de sus verdaderos sentimientos o del deseo de su coraz\u00f3n. Tampoco suelen saber c\u00f3mo hablar de sus sentimientos m\u00e1s profundos, por lo que a menudo no lo hacen. Con frecuencia experimentan los sentimientos como distracciones de su trabajo profesional, as\u00ed como fuentes potenciales de verg\u00fcenza y humillaci\u00f3n. Por lo tanto, tienden a aislarse m\u00e1s en la relaci\u00f3n a medida que la intimidad disminuye. Todav\u00eda pueden ser trofeos el uno para el otro, pero las parejas de doble Tres llegan a no saber c\u00f3mo hablar entre s\u00ed sobre lo que realmente les est\u00e1 sucediendo. Eventualmente, el aislamiento conduce a la alienaci\u00f3n y la depresi\u00f3n, lo que puede llevar a distanciarse o a tener aventuras que ponen fin a la relaci\u00f3n.        <\/p>\n\n\n\n<p>Para una mayor comprensi\u00f3n de esta combinaci\u00f3n de tipos, lea m\u00e1s sobre la <a href=\"https:\/\/wpml.enneagraminstitute.com\/es\/como-funciona-el-sistema-del-eneagrama\/\">Flecha de Estr\u00e9s<\/a> y c\u00f3mo se comportan los <a href=\"https:\/\/wpml.enneagraminstitute.com\/es\/eneagrama-tipo-3-el-triunfador\/\">Tres<\/a> cuando se mueven a lo largo de ella.<\/p>\n\n\r\n\t\t\t<\/div>\r\n\t\t\n\r\n\t\t\t\t<\/div>\r\n\t\t\t<\/div>\r\n\t\t","protected":false},"excerpt":{"rendered":"<p>Traducido con AI<\/p>\n","protected":false},"author":6,"featured_media":0,"parent":0,"menu_order":0,"comment_status":"closed","ping_status":"closed","template":"","meta":{"_acf_changed":false,"footnotes":""},"class_list":["post-2350","page","type-page","status-publish","hentry"],"acf":[],"_links":{"self":[{"href":"https:\/\/wpml.enneagraminstitute.com\/es\/wp-json\/wp\/v2\/pages\/2350","targetHints":{"allow":["GET"]}}],"collection":[{"href":"https:\/\/wpml.enneagraminstitute.com\/es\/wp-json\/wp\/v2\/pages"}],"about":[{"href":"https:\/\/wpml.enneagraminstitute.com\/es\/wp-json\/wp\/v2\/types\/page"}],"author":[{"embeddable":true,"href":"https:\/\/wpml.enneagraminstitute.com\/es\/wp-json\/wp\/v2\/users\/6"}],"replies":[{"embeddable":true,"href":"https:\/\/wpml.enneagraminstitute.com\/es\/wp-json\/wp\/v2\/comments?post=2350"}],"version-history":[{"count":4,"href":"https:\/\/wpml.enneagraminstitute.com\/es\/wp-json\/wp\/v2\/pages\/2350\/revisions"}],"predecessor-version":[{"id":2819,"href":"https:\/\/wpml.enneagraminstitute.com\/es\/wp-json\/wp\/v2\/pages\/2350\/revisions\/2819"}],"wp:attachment":[{"href":"https:\/\/wpml.enneagraminstitute.com\/es\/wp-json\/wp\/v2\/media?parent=2350"}],"curies":[{"name":"wp","href":"https:\/\/api.w.org\/{rel}","templated":true}]}}