{"id":2346,"date":"2024-01-11T20:34:04","date_gmt":"2024-01-11T20:34:04","guid":{"rendered":"https:\/\/wpml.enneagraminstitute.com\/tipo-de-relacion-6-con-tipo-8\/"},"modified":"2025-03-04T16:36:46","modified_gmt":"2025-03-04T16:36:46","slug":"tipo-de-relacion-6-con-tipo-8","status":"publish","type":"page","link":"https:\/\/wpml.enneagraminstitute.com\/es\/tipo-de-relacion-6-con-tipo-8\/","title":{"rendered":"Tipo de relaci\u00f3n 6 con Tipo 8"},"content":{"rendered":"<h3 style=\"text-align:center\"> Traducido con AI<\/h3>\r\n\t\t\t<div class='container single-content-layout-layout-block'>\r\n\t\t\t\t<div class='row'>\r\n\t\t\t\t\t\n\r\n\t\t\t<div class='column-block col-12 col-md-10 col-lg-8 offset-lg-1'>\r\n\t\t\t\t\n\n<h1 class=\"wp-block-heading\">Eneagrama Tipo Seis (el Lealista)<br\/><em>con<\/em><br\/>Eneagrama Tipo Ocho (el Desafiante)<\/h1>\n\n\n\n<hr class=\"wp-block-separator has-alpha-channel-opacity\"\/>\n\n\n\n<h2 class=\"wp-block-heading\">Lo que cada tipo aporta a la relaci\u00f3n<\/h2>\n\n\n\n<p>Los Seis y Ochos del Eneagrama pueden construir una relaci\u00f3n extraordinariamente s\u00f3lida y duradera sobre lo que es, en esencia, una visi\u00f3n defensiva del mundo. Ambos tipos sienten que la mayor\u00eda de las personas y el mundo son ego\u00edstas y poco confiables, y que el mundo es altamente impredecible. Por lo tanto, uno necesita cuidar de s\u00ed mismo y de sus propios intereses (Ochos) y tener aliados fuertes y la capacidad de obtener respaldo de los amigos (Seis). Tanto los Seis como los Ochos tienen problemas profundos con la confianza \u2014y con encontrar personas en quienes puedan confiar\u2014 y, por lo tanto, cuando se han encontrado y han pasado por un per\u00edodo de prueba, su alianza puede ser s\u00f3lida y profunda. Una vez que se han vinculado entre s\u00ed, ambos tipos lo han hecho en un nivel profundo de su ser, y aunque la relaci\u00f3n puede cambiar con el tiempo, nunca son indiferentes el uno al otro. Ambos admiran y tratan de encarnar la fuerza, el compromiso con la palabra dada, el honor, la lealtad incuestionable, la responsabilidad, el trabajo duro, el coraje, un esp\u00edritu de protecci\u00f3n y la lucha por el desvalido. Ambos son hacedores y disfrutan estar activos, logrando tareas, construyendo un mundo m\u00e1s seguro para ellos y sus seres queridos. Los Seis aportan calidez, el deseo de conexi\u00f3n personal y compromiso, cierta alegr\u00eda y sensibilidad.       <\/p>\n\n\n\n<p>Tambi\u00e9n son tipos mentales y aportan escepticismo, pensamiento anal\u00edtico y la capacidad de reflexionar sobre las decisiones y prever resultados y problemas potenciales antes de actuar. Los Seis tienden as\u00ed a actuar como asesores y lugartenientes de los Ochos, quienes tienden a tomar la iniciativa y proporcionar la visi\u00f3n y la audacia que a veces les falta a los Seis. Los Ochos tambi\u00e9n aportan franqueza y decisi\u00f3n, voluntades fuertes, confianza, un esp\u00edritu emprendedor que se energiza con la adversidad y una inclinaci\u00f3n por asumir desaf\u00edos. Los Seis tienden a ver a los Ochos como sus h\u00e9roes, mientras que los Ochos se conmueven por la devoci\u00f3n y el coraje de los Seis. Los Ochos son conscientes de sus luchas internas y de lo que se necesita para superarlas. Cuando hay un afecto genuino entre estos dos tipos, puede haber fuegos artificiales y peleas ocasionales, pero el v\u00ednculo solo parece fortalecerse con el tiempo.     <\/p>\n\n\n\n<hr class=\"wp-block-separator has-alpha-channel-opacity\"\/>\n\n\n\n<h2 class=\"wp-block-heading\">Potenciales puntos problem\u00e1ticos o conflictos<\/h2>\n\n\n\n<p>Tanto los Seis como los Ochos son emocionales, aunque ambos tienden a ocultar sus emociones y vulnerabilidades lo mejor que pueden. Los Ochos lo hacen bajo una capa de dureza y bravuconer\u00eda, los Seis bajo una coraza de defensividad y fanfarroner\u00eda. Ambos tienden a contraatacar y ponerse a la ofensiva cuando se sienten amenazados \u2014o cuando creen que est\u00e1n siendo amenazados. En general, los Ochos tienden a tomar la iniciativa en la mayor\u00eda de las relaciones en las que se encuentran y a establecer el tono y tomar decisiones. Esperan que los dem\u00e1s les obedezcan y les sean leales. Los Ochos pueden tolerar (o incluso divertirse con) un ocasional arrebato de independencia por parte de otros a su alrededor, pero en \u00faltima instancia, esperan estar a cargo. En su mayor parte, esto tambi\u00e9n est\u00e1 bien para los Seis, excepto en aquellos momentos en que los Seis sienten la necesidad de resistirse y probarse a s\u00ed mismos. Necesitan mostrar a los dem\u00e1s (incluido el Ocho) que no se les puede intimidar ni aprovecharse de ellos. Pueden surgir luchas de poder de todo tipo. Esto es especialmente cierto en los Seis \u201ccontraf\u00f3bicos\u201d que en realidad pueden reaccionar muy parecido a los Ochos, mostrando liderazgo, decisi\u00f3n e independencia (en el lado positivo), as\u00ed como fanfarroner\u00eda, agresi\u00f3n y desaf\u00edo. Los Seis que son m\u00e1s contraf\u00f3bicos tienden a entrar en peleas m\u00e1s abiertas con los Ochos hasta que ambos han determinado su territorio y hasta d\u00f3nde pueden empujarse mutuamente.          <\/p>\n\n\n\n<p>Los Seis que son m\u00e1s abiertamente f\u00f3bicos (temerosos, t\u00edmidos, ansiosos) generalmente tienden a evitar confrontaciones con los Ochos; en su lugar, tienden a no presentar una amenaza abierta al dominio del Ocho, mientras son encubiertamente pasivo-agresivos y evasivos. Los Ochos pueden entrar en conflictos con los Seis f\u00f3bicos al percibir sus cualidades indirectas y cuestionadoras \u2014y si el Seis es o no tan leal al Ocho como el Ocho desea. Los Ochos pueden volverse m\u00e1s o menos abiertamente despectivos hacia ellos si sienten que el Seis es d\u00e9bil o vacilante. Los problemas en esta relaci\u00f3n pueden verse exacerbados por la tendencia del Ocho a entrar en ataques de ira, a hacer amenazas a la seguridad del Seis, o a intimidar y jugar con las debilidades. Cuando la confianza y el respeto se desmoronan en esta relaci\u00f3n, las constantes pruebas de ambas partes provocan el final bastante r\u00e1pidamente.    <\/p>\n\n\n\n<p>Para una mayor comprensi\u00f3n de esta combinaci\u00f3n de tipos, lea m\u00e1s sobre la <a href=\"https:\/\/wpml.enneagraminstitute.com\/es\/como-funciona-el-sistema-del-eneagrama\/\">Flecha de Estr\u00e9s<\/a> y c\u00f3mo los tipos <a href=\"https:\/\/wpml.enneagraminstitute.com\/es\/eneagrama-tipo-6-el-lealista\/\">Seis<\/a> y <a href=\"https:\/\/wpml.enneagraminstitute.com\/es\/eneagrama-tipo-8-el-desafiante\/\">Ocho<\/a> se comportan cuando se mueven a lo largo de ella.<\/p>\n\n\r\n\t\t\t<\/div>\r\n\t\t\n\r\n\t\t\t\t<\/div>\r\n\t\t\t<\/div>\r\n\t\t","protected":false},"excerpt":{"rendered":"<p>Traducido con AI<\/p>\n","protected":false},"author":6,"featured_media":0,"parent":0,"menu_order":0,"comment_status":"closed","ping_status":"closed","template":"","meta":{"_acf_changed":false,"footnotes":""},"class_list":["post-2346","page","type-page","status-publish","hentry"],"acf":[],"_links":{"self":[{"href":"https:\/\/wpml.enneagraminstitute.com\/es\/wp-json\/wp\/v2\/pages\/2346","targetHints":{"allow":["GET"]}}],"collection":[{"href":"https:\/\/wpml.enneagraminstitute.com\/es\/wp-json\/wp\/v2\/pages"}],"about":[{"href":"https:\/\/wpml.enneagraminstitute.com\/es\/wp-json\/wp\/v2\/types\/page"}],"author":[{"embeddable":true,"href":"https:\/\/wpml.enneagraminstitute.com\/es\/wp-json\/wp\/v2\/users\/6"}],"replies":[{"embeddable":true,"href":"https:\/\/wpml.enneagraminstitute.com\/es\/wp-json\/wp\/v2\/comments?post=2346"}],"version-history":[{"count":5,"href":"https:\/\/wpml.enneagraminstitute.com\/es\/wp-json\/wp\/v2\/pages\/2346\/revisions"}],"predecessor-version":[{"id":2821,"href":"https:\/\/wpml.enneagraminstitute.com\/es\/wp-json\/wp\/v2\/pages\/2346\/revisions\/2821"}],"wp:attachment":[{"href":"https:\/\/wpml.enneagraminstitute.com\/es\/wp-json\/wp\/v2\/media?parent=2346"}],"curies":[{"name":"wp","href":"https:\/\/api.w.org\/{rel}","templated":true}]}}