{"id":2344,"date":"2024-01-11T20:34:04","date_gmt":"2024-01-11T20:34:04","guid":{"rendered":"https:\/\/wpml.enneagraminstitute.com\/tipo-de-relacion-1-con-tipo-6\/"},"modified":"2025-03-04T16:36:46","modified_gmt":"2025-03-04T16:36:46","slug":"tipo-de-relacion-1-con-tipo-6","status":"publish","type":"page","link":"https:\/\/wpml.enneagraminstitute.com\/es\/tipo-de-relacion-1-con-tipo-6\/","title":{"rendered":"Tipo de relaci\u00f3n 1 con Tipo 6"},"content":{"rendered":"<h3 style=\"text-align:center\"> Traducido con AI<\/h3>\r\n\t\t\t<div class='container single-content-layout-layout-block'>\r\n\t\t\t\t<div class='row'>\r\n\t\t\t\t\t\n\r\n\t\t\t<div class='column-block col-12 col-md-10 col-lg-8 offset-lg-1'>\r\n\t\t\t\t\n\n<h1 class=\"wp-block-heading\">Eneagrama Tipo Uno (el Reformador)<br\/><em>con<\/em><br\/>Eneagrama Tipo Seis (el Lealista)<\/h1>\n\n\n\n<h2 class=\"wp-block-heading\">Lo que cada tipo aporta a la relaci\u00f3n<\/h2>\n\n\n\n<hr class=\"wp-block-separator has-alpha-channel-opacity\"\/>\n\n\n\n<p>Los Unos y los Seis del Eneagrama son similares en muchos aspectos y a menudo se confunden entre s\u00ed. Ambos tipos son extremadamente trabajadores, concienzudos, de mentalidad seria y tienen un fuerte sentido del deber y el honor. Ambos se preocupan profundamente por la verdad y el compromiso, y ambos tienen el deseo de servir a los dem\u00e1s y mejorar el mundo. Ambos poseen un sentido de prop\u00f3sito rector, a menudo guiado por creencias e ideales profundamente arraigados. Por supuesto, tambi\u00e9n aportan otras cualidades que les son especialmente propias. Los Unos aportan un sentido de raz\u00f3n y claridad mental, la capacidad de pensar con claridad bajo presi\u00f3n y de tomar decisiones firmes r\u00e1pidamente. Est\u00e1n m\u00e1s seguros de s\u00ed mismos y de sus opiniones de lo que suelen estarlo los Seis, por lo que los Unos a menudo sirven como l\u00edderes en una relaci\u00f3n Uno-Seis, tomando la decisi\u00f3n final y asumiendo la responsabilidad. Los Unos tambi\u00e9n aportan una preocupaci\u00f3n por el orden y la coherencia, por la l\u00f3gica y la elegancia que a veces falta en los Seis. Tambi\u00e9n pueden aportar un idealismo distintivo que tiene poco que ver con la lealtad personal o la adoraci\u00f3n a los h\u00e9roes (como puede ocurrir en un Seis).        <\/p>\n\n\n\n<p>Por otro lado, los Seis aportan calidez, mayor capacidad de respuesta y disponibilidad emocional, generosidad y un sentido l\u00fadico que puede ser entra\u00f1able y que puede hacer que los Unos reconsideren sus certezas y posiciones. Los Seis tambi\u00e9n tienen la capacidad de conectar con las personas de una manera m\u00e1s directa y humana de lo que suelen hacer los Unos. Estas cualidades son atractivas para el otro y pueden hacer de esta pareja un equipo din\u00e1mico y a la vez altamente estable, siempre que sus creencias fundamentales est\u00e9n alineadas. Asumen la responsabilidad en las relaciones, compartiendo las cargas y las tareas por igual. Tambi\u00e9n sienten que pueden contar con el otro: son firmes, leales y fieles entre s\u00ed, deseando construir una base s\u00f3lida juntos. Dado que ambos pueden contar con el otro, esto les da a ambos espacio para relajarse, algo que ambos necesitan hacer con m\u00e1s frecuencia.     <\/p>\n\n\n\n<hr class=\"wp-block-separator has-alpha-channel-opacity\"\/>\n\n\n\n<h2 class=\"wp-block-heading\">Potenciales puntos problem\u00e1ticos o conflictos<\/h2>\n\n\n\n<p>A medida que aumenta el estr\u00e9s, los Unos se vuelven m\u00e1s cr\u00edticos y juzgadores con todos, incluyendo a s\u00ed mismos y a su pareja. Tienden a ser un claro caso de todo trabajo y nada de diversi\u00f3n, lo que los hace bastante poco alegres y dif\u00edciles de tratar incluso en los Niveles promedio. Los Unos comienzan a sentir que los dem\u00e1s no se esfuerzan lo suficiente, no son lo suficientemente serios, o no son lo suficientemente maduros y meticulosos, o ciertamente no tanto como lo son los Unos mismos. Esto crea resentimiento y acusaciones y disputas bastante constantes que pueden ser extremadamente agotadoras para los Seis m\u00e1s que para los Unos. A medida que se estresan m\u00e1s, los Seis se vuelven cada vez m\u00e1s emocionalmente reactivos, preocupados e inseguros, buscando en su pareja un baluarte de estabilidad y justicia. Lo que los Seis encuentran en su lugar son Unos que son cr\u00edticos, buscan fallos y rechazan, llevando a los Seis m\u00e1s profundamente a sus sentimientos de ansiedad e inseguridad. Esto a menudo hace que los Seis comiencen a dudar del futuro de la relaci\u00f3n, sintiendo que probablemente est\u00e9 condenada, lo que puede convertirse a menudo en una profec\u00eda autocumplida.      <\/p>\n\n\n\n<p>Si las tensiones contin\u00faan, los Seis se volver\u00e1n cada vez m\u00e1s defensivos y evasivos; tambi\u00e9n tender\u00e1n a trabajar m\u00e1s duro y a permanecer fuera de casa con m\u00e1s frecuencia para poder evitar pasar tiempo con el Uno. Los Seis tambi\u00e9n encontrar\u00e1n dif\u00edcil hablar directamente sobre sus sentimientos o temores, por lo que poco se ventila adecuadamente. A medida que los Seis se vuelven m\u00e1s inconsistentes y poco fiables, estas reacciones alimentan el resentimiento y la decepci\u00f3n del Uno hacia ellos. Los Seis, normalmente firmes, comienzan a no presentarse o a hacer incluso el m\u00ednimo de lo que se espera de ellos, llevando a los Unos a ataques de frustraci\u00f3n y apoplej\u00eda. Adem\u00e1s, los Unos encuentran frustrantes las ansiedades y actitudes defensivas de los Seis y comienzan a enojarse y a ser condescendientes con ellos. Los Unos se volver\u00e1n cada vez m\u00e1s fr\u00edos y cr\u00edticos hasta que los Seis arremetan contra ellos, culp\u00e1ndolos por su situaci\u00f3n. La ira, el resentimiento, las acusaciones y los insultos pueden ser parte del panorama a medida que la relaci\u00f3n se deteriora.      <\/p>\n\n\n\n<p>Para una mayor comprensi\u00f3n de esta combinaci\u00f3n de tipos, lea m\u00e1s sobre la <a href=\"https:\/\/wpml.enneagraminstitute.com\/es\/como-funciona-el-sistema-del-eneagrama\/\">Flecha de Estr\u00e9s<\/a> y c\u00f3mo los tipos <a href=\"https:\/\/wpml.enneagraminstitute.com\/es\/eneagrama-tipo-1-el-reformador\/\">Uno<\/a> y <a href=\"https:\/\/wpml.enneagraminstitute.com\/es\/eneagrama-tipo-6-el-lealista\/\">Seis<\/a> se comportan cuando se mueven a lo largo de ella.<\/p>\n\n\r\n\t\t\t<\/div>\r\n\t\t\n\r\n\t\t\t\t<\/div>\r\n\t\t\t<\/div>\r\n\t\t","protected":false},"excerpt":{"rendered":"<p>Traducido con AI<\/p>\n","protected":false},"author":6,"featured_media":0,"parent":0,"menu_order":0,"comment_status":"closed","ping_status":"closed","template":"","meta":{"_acf_changed":false,"footnotes":""},"class_list":["post-2344","page","type-page","status-publish","hentry"],"acf":[],"_links":{"self":[{"href":"https:\/\/wpml.enneagraminstitute.com\/es\/wp-json\/wp\/v2\/pages\/2344","targetHints":{"allow":["GET"]}}],"collection":[{"href":"https:\/\/wpml.enneagraminstitute.com\/es\/wp-json\/wp\/v2\/pages"}],"about":[{"href":"https:\/\/wpml.enneagraminstitute.com\/es\/wp-json\/wp\/v2\/types\/page"}],"author":[{"embeddable":true,"href":"https:\/\/wpml.enneagraminstitute.com\/es\/wp-json\/wp\/v2\/users\/6"}],"replies":[{"embeddable":true,"href":"https:\/\/wpml.enneagraminstitute.com\/es\/wp-json\/wp\/v2\/comments?post=2344"}],"version-history":[{"count":5,"href":"https:\/\/wpml.enneagraminstitute.com\/es\/wp-json\/wp\/v2\/pages\/2344\/revisions"}],"predecessor-version":[{"id":2822,"href":"https:\/\/wpml.enneagraminstitute.com\/es\/wp-json\/wp\/v2\/pages\/2344\/revisions\/2822"}],"wp:attachment":[{"href":"https:\/\/wpml.enneagraminstitute.com\/es\/wp-json\/wp\/v2\/media?parent=2344"}],"curies":[{"name":"wp","href":"https:\/\/api.w.org\/{rel}","templated":true}]}}