{"id":2342,"date":"2024-01-11T20:34:04","date_gmt":"2024-01-11T20:34:04","guid":{"rendered":"https:\/\/wpml.enneagraminstitute.com\/tipo-de-relacion-6-con-tipo-9\/"},"modified":"2025-03-04T16:36:46","modified_gmt":"2025-03-04T16:36:46","slug":"tipo-de-relacion-6-con-tipo-9","status":"publish","type":"page","link":"https:\/\/wpml.enneagraminstitute.com\/es\/tipo-de-relacion-6-con-tipo-9\/","title":{"rendered":"Tipo de relaci\u00f3n 6 con Tipo 9"},"content":{"rendered":"<h3 style=\"text-align:center\"> Traducido con AI<\/h3>\r\n\t\t\t<div class='container single-content-layout-layout-block'>\r\n\t\t\t\t<div class='row'>\r\n\t\t\t\t\t\n\r\n\t\t\t<div class='column-block col-12 col-md-10 col-lg-8 offset-lg-1'>\r\n\t\t\t\t\n\n<h1 class=\"wp-block-heading\" id=\"h-enneagram-type-six-the-loyalist-with-enneagram-type-nine-the-peacemaker\">Eneagrama Tipo Seis (el Lealista)<br\/><em>con<\/em><br\/>Eneagrama Tipo Nueve (el Pacificador)<\/h1>\n\n\n\n<hr class=\"wp-block-separator has-alpha-channel-opacity\"\/>\n\n\n\n<h2 class=\"wp-block-heading\" id=\"h-what-each-type-brings-to-the-relationship\">Lo que cada tipo aporta a la relaci\u00f3n<\/h2>\n\n\n\n<p>Esta es una de las relaciones m\u00e1s estables y comunes. Aunque ambos tipos son muy diferentes, desean cosas bastante similares: seguridad y previsibilidad (los Seis) y estabilidad y autonom\u00eda (los Nueve). Ambos desean que sus vidas se construyan sobre valores s\u00f3lidos y confiables y que el trabajo honesto y bueno sea recompensado. Ambos tipos tienden a personificar los valores \u201cmoderados\u201d de su \u00e9poca y cultura, a ser diligentes, respetuosos de la autoridad y a acatar el estado de derecho. Por otro lado, existe una veta rebelde en los Seis y una tendencia contracultural en los Nueve que permite que algunas de estas parejas vivan al margen de la sociedad, sean inusuales en su estilo de vida y creencias, sean librepensadores y despreocupados por los valores y costumbres convencionales.    <\/p>\n\n\n\n<p>M\u00e1s que para la mayor\u00eda de las parejas, para los Seis y los Nueve mucho depende de sus sistemas de creencias y la calidad de sus experiencias infantiles, y buscan una pareja que refleje esto, incluyendo sus propias creencias y reacciones. A esta combinaci\u00f3n, tambi\u00e9n se a\u00f1aden diferencias complementarias: los Seis aportan una mente m\u00e1s activa, cuestionadora y alerta a las excepciones, a los problemas y a los asuntos de seguridad. Pueden ser m\u00e1s esc\u00e9pticos con los dem\u00e1s y les resulta m\u00e1s dif\u00edcil confiar: los otros necesitan probarse a s\u00ed mismos primero. Los Nueve, por otro lado, suelen ser confiados y no cuestionadores, alegres y f\u00e1ciles de llevar. Son optimistas y constantes, ofreciendo apoyo y aceptaci\u00f3n no amenazante. Si los Seis tienden a ver la excepci\u00f3n y a centrarse en las complicaciones, los Nueve tienden a ver lo general y a centrarse en lo que funcionar\u00e1 sin problemas. Esta pareja se lleva bien, facilit\u00e1ndose mutuamente el camino y a\u00f1adiendo justo el combustible necesario para mantenerlos avanzando juntos. El cambio, cuando llega, es lento y met\u00f3dico. Ambos tienden a verse a s\u00ed mismos como personas sencillas y normales y no se sienten especiales o exentos de ninguna manera. Ambos refuerzan la confianza del otro a trav\u00e9s de su solidaridad mutua. Son generosos entre s\u00ed y no agobian al otro ni hacen demandas especiales. Cuando encuentran una relaci\u00f3n como esta, generalmente sienten que han encontrado lo que su coraz\u00f3n ha estado buscando y que su sue\u00f1o se ha hecho realidad.           <\/p>\n\n\n\n<hr class=\"wp-block-separator has-alpha-channel-opacity\"\/>\n\n\n\n<h2 class=\"wp-block-heading\" id=\"h-potential-trouble-spots-or-issues\">Potenciales puntos problem\u00e1ticos o conflictos<\/h2>\n\n\n\n<p>Dado que a los Seis y a los Nueve les resulta muy dif\u00edcil expresar lo que realmente tienen en mente (y lo que realmente quieren para s\u00ed mismos), existe una gran tendencia en esta relaci\u00f3n a cerrarse, a ser silenciosamente tercos y defensivos, y a hacer que la otra persona adivine lo que est\u00e1 sucediendo. Si hay poco motivo para hacerlo, las dos partes caer\u00e1n en un punto muerto que mantiene al otro a distancia, pero lo suficientemente cerca como para que no se aleje. Tambi\u00e9n pueden comenzar a tener problemas de salud u otras quejas inespec\u00edficas sobre s\u00ed mismos que buscan unir a la pareja en lazos de preocupaci\u00f3n y culpa. Los problemas psicol\u00f3gicos o f\u00edsicos ayudan a asegurar que la otra persona continuar\u00e1 estando all\u00ed.   <\/p>\n\n\n\n<p>Adem\u00e1s, si bien estos dos tipos cumplen muy bien los roles sociales, ambos tienden a desaparecer en sus roles de manera demasiado completa para su propio bien. Los Seis frecuentemente est\u00e1n agobiados por sentimientos de culpa y hacen obstinadamente lo que creen que deben hacer para mantener su trabajo o su seguridad en su lugar. Intentan asegurarse de haber cubierto todas las bases para que nadie se enoje con ellos por fallar en su responsabilidad. Los Nueve tambi\u00e9n cumplen roles, pero estos generalmente tienen que ver con mediar entre las personas para mantenerlas unidas de alguna manera. Se acomodan y siguen lo que otros necesitan incluso cuando su propio estr\u00e9s aumenta.    <\/p>\n\n\n\n<p>Otro problema potencial es que ambos tipos aman lo familiar y desconf\u00edan del cambio. La sensaci\u00f3n es que la familiaridad equivale a seguridad, lo cual se refuerza con la convicci\u00f3n de que no deben agitar las aguas. Ambos tipos tender\u00e1n a posponer las confrontaciones hasta que sean llevados al l\u00edmite, aunque los Seis tienen una mecha m\u00e1s corta en cuanto a su ira. O bien se dar\u00e1n por vencidos con el Nueve, o habr\u00e1 una explosi\u00f3n en la que se dir\u00e1 una acumulaci\u00f3n de hostilidades reprimidas, a menudo con da\u00f1o permanente para la relaci\u00f3n.   <\/p>\n\n\n\n<p>For further understanding about this type combination, read more about the\u00a0<a href=\"\/how-the-enneagram-system-works\">Stress Arrow<\/a>\u00a0and how types\u00a0<a href=\"\/type-6\">Six<\/a>\u00a0and\u00a0<a href=\"https:\/\/wpml.enneagraminstitute.com\/type-9\/\">Nine<\/a> behave when they are moving along it.<\/p>\n\n\r\n\t\t\t<\/div>\r\n\t\t\n\r\n\t\t\t\t<\/div>\r\n\t\t\t<\/div>\r\n\t\t","protected":false},"excerpt":{"rendered":"<p>Traducido con AI<\/p>\n","protected":false},"author":6,"featured_media":0,"parent":0,"menu_order":0,"comment_status":"closed","ping_status":"closed","template":"","meta":{"_acf_changed":false,"footnotes":""},"class_list":["post-2342","page","type-page","status-publish","hentry"],"acf":[],"_links":{"self":[{"href":"https:\/\/wpml.enneagraminstitute.com\/es\/wp-json\/wp\/v2\/pages\/2342","targetHints":{"allow":["GET"]}}],"collection":[{"href":"https:\/\/wpml.enneagraminstitute.com\/es\/wp-json\/wp\/v2\/pages"}],"about":[{"href":"https:\/\/wpml.enneagraminstitute.com\/es\/wp-json\/wp\/v2\/types\/page"}],"author":[{"embeddable":true,"href":"https:\/\/wpml.enneagraminstitute.com\/es\/wp-json\/wp\/v2\/users\/6"}],"replies":[{"embeddable":true,"href":"https:\/\/wpml.enneagraminstitute.com\/es\/wp-json\/wp\/v2\/comments?post=2342"}],"version-history":[{"count":5,"href":"https:\/\/wpml.enneagraminstitute.com\/es\/wp-json\/wp\/v2\/pages\/2342\/revisions"}],"predecessor-version":[{"id":2823,"href":"https:\/\/wpml.enneagraminstitute.com\/es\/wp-json\/wp\/v2\/pages\/2342\/revisions\/2823"}],"wp:attachment":[{"href":"https:\/\/wpml.enneagraminstitute.com\/es\/wp-json\/wp\/v2\/media?parent=2342"}],"curies":[{"name":"wp","href":"https:\/\/api.w.org\/{rel}","templated":true}]}}