{"id":2340,"date":"2024-01-11T20:34:04","date_gmt":"2024-01-11T20:34:04","guid":{"rendered":"https:\/\/wpml.enneagraminstitute.com\/relacion-tipo-2-con-tipo-6\/"},"modified":"2025-03-04T16:36:47","modified_gmt":"2025-03-04T16:36:47","slug":"relacion-tipo-2-con-tipo-6","status":"publish","type":"page","link":"https:\/\/wpml.enneagraminstitute.com\/es\/relacion-tipo-2-con-tipo-6\/","title":{"rendered":"Relaci\u00f3n Tipo 2 con Tipo 6"},"content":{"rendered":"<h3 style=\"text-align:center\"> Traducido con AI<\/h3>\r\n\t\t\t<div class='container single-content-layout-layout-block'>\r\n\t\t\t\t<div class='row'>\r\n\t\t\t\t\t\n\r\n\t\t\t<div class='column-block col-12 col-md-10 col-lg-8 offset-lg-1'>\r\n\t\t\t\t\n\n<h1 class=\"wp-block-heading\">Eneagrama Tipo Dos (el Ayudador)<br\/><em>con<\/em><br\/>Eneagrama Tipo Seis (el Lealista)<\/h1>\n\n\n\n<hr class=\"wp-block-separator has-alpha-channel-opacity\"\/>\n\n\n\n<h2 class=\"wp-block-heading\">Lo que cada tipo aporta a la relaci\u00f3n<\/h2>\n\n\n\n<p>Tanto los Eneagrama Tipo Dos como los Tipo Seis son altamente diligentes y toman sus responsabilidades mutuas con suma seriedad. No obstante, el \u00e9nfasis tiende a ser ligeramente diferente: los Dos se centran primordialmente en forjar intimidad y sentimientos positivos entre ellos mismos y otros individuos, mientras que el \u00e9nfasis de los Seis tiende a recaer en la construcci\u00f3n de una base de seguridad, una plataforma s\u00f3lida de arduo trabajo y confianza en la que todos puedan apoyarse. Ambos tipos son sumamente responsables y tienden a anteponer las necesidades ajenas a las propias. Ambos est\u00e1n orientados a la familia y fomentan la domesticidad; comparten f\u00e1cilmente las tareas dom\u00e9sticas y las relacionadas con sus hijos o amigos. Ambos est\u00e1n socialmente involucrados en su comunidad y ven gran valor en tener numerosas conexiones sociales que les proporcionan la sensaci\u00f3n de ser valorados en su entorno. Los Seis aprecian la calidez, la bondad, la generosidad y el autosacrificio del Dos. Los Seis son conscientes de cu\u00e1n bien dotados est\u00e1n los Dos para ser excelentes y devotos c\u00f3nyuges y progenitores, y de que se puede confiar en su lealtad.      <\/p>\n\n\n\n<p>Por otra parte, los Dos probablemente admirar\u00e1n el arduo trabajo, la firmeza en los compromisos, la perseverancia, la modestia y el car\u00e1cter l\u00fadico de los Seis. Incluso si en ocasiones pueden mostrarse malhumorados e indecisos, los Dos reconocen que los Seis saludables casi siempre terminan por recapacitar. La cautela y la vigilancia son reconocidas como activos valiosos en un mundo que puede ser cruel y explotador. Los Dos a menudo sienten que pueden contar con la atenci\u00f3n del Seis para detectar dificultades antes de que se conviertan en problemas. Cuando los Dos y los Seis gozan de buena salud, es posible que en realidad se admiren mutuamente m\u00e1s de lo que sienten una gran pasi\u00f3n el uno por el otro. Su relaci\u00f3n puede basarse m\u00e1s en la constancia, el respeto mutuo y el afecto que en alg\u00fan tipo de qu\u00edmica exacerbada entre ellos. Ven al otro como bueno y confiable, y eso a menudo es m\u00e1s que suficiente como base para una vida duradera y productiva en com\u00fan.      <\/p>\n\n\n\n<hr class=\"wp-block-separator has-alpha-channel-opacity\"\/>\n\n\n\n<h2 class=\"wp-block-heading\">Potenciales puntos problem\u00e1ticos o conflictos<\/h2>\n\n\n\n<p>Una de las principales \u00e1reas potenciales de conflicto entre los Dos y los Seis tiene que ver con el control y la autonom\u00eda, entre estar demasiado cerca y demasiado lejos. Parte del problema se relaciona con la falta de confianza de los Seis con un funcionamiento inferior y su capacidad para tomar decisiones y ser resolutivos. Los Seis promedio tienden a sentirse presionados por todo tipo de demandas competitivas sobre su tiempo y energ\u00eda: por el Dos, por el jefe, por los amigos, por su iglesia e incluso por su pa\u00eds. La presi\u00f3n desde todos los flancos hace que los Seis se sientan m\u00e1s ansiosos e inestables emocionalmente, incapaces de pensar con claridad o de tomar decisiones con facilidad. Pueden volverse dubitativos, suspicaces y negativistas. A medida que los Seis se vuelven m\u00e1s reactivos, es probable que impulsivaente tomen casi cualquier acci\u00f3n solo para aliviar moment\u00e1neamente sus ansiedades. En tales momentos, los Dos pueden comenzar a ofrecerles m\u00e1s ayuda y consejo, o a emitir \u201c\u00f3rdenes\u201d como una forma de empoderar al Seis y ayudarlos a superar su ansiedad.      <\/p>\n\n\n\n<p>Sin embargo, los Seis usualmente perciben la ayuda del Dos como una intrusi\u00f3n y un socavamiento de su autoconfianza, y la resienten. Los ciclos de ansiedad y actuaci\u00f3n, seguidos de reuniones lacrimosas, seguidas de la necesidad de ser m\u00e1s aut\u00f3nomos por parte del Seis, seguidos de m\u00e1s intrusi\u00f3n por parte del Dos, pueden desgastar esta relaci\u00f3n. El problema radica en que los Dos con un funcionamiento inferior consideran que no existe tal cosa como demasiada intimidad, ya que siempre desean estar m\u00e1s cerca. No obstante, los Seis son m\u00e1s ambivalentes, alejando al Dos y luego acerc\u00e1ndolo. La ambivalencia e inconsistencia del Seis exaspera al Dos y activa sus temores al rechazo. Los Dos elevar\u00e1n la apuesta intentando ayudar m\u00e1s al Seis, aunque los Seis experimentan su ayuda como control y buscan m\u00e1s distancia. Esta pareja puede verse enredada en un drama de ni\u00f1o malo y padre castigador que, en \u00faltima instancia, puede ser fatal para su relaci\u00f3n y el verdadero respeto mutuo en el que potencialmente se fundamentaba.      <\/p>\n\n\n\n<p>Para una comprensi\u00f3n m\u00e1s profunda de esta combinaci\u00f3n de tipos, lea m\u00e1s sobre la <a href=\"https:\/\/wpml.enneagraminstitute.com\/es\/como-funciona-el-sistema-del-eneagrama\/\">Flecha de Estr\u00e9s<\/a> y c\u00f3mo los tipos <a href=\"https:\/\/wpml.enneagraminstitute.com\/es\/eneagrama-tipo-2-el-ayudante\/\">Dos<\/a> y <a href=\"https:\/\/wpml.enneagraminstitute.com\/es\/eneagrama-tipo-6-el-lealista\/\">Seis<\/a> se comportan cuando se mueven a lo largo de ella.<\/p>\n\n\r\n\t\t\t<\/div>\r\n\t\t\n\r\n\t\t\t\t<\/div>\r\n\t\t\t<\/div>\r\n\t\t","protected":false},"excerpt":{"rendered":"<p>Traducido con AI<\/p>\n","protected":false},"author":6,"featured_media":0,"parent":0,"menu_order":0,"comment_status":"closed","ping_status":"closed","template":"","meta":{"_acf_changed":false,"footnotes":""},"class_list":["post-2340","page","type-page","status-publish","hentry"],"acf":[],"_links":{"self":[{"href":"https:\/\/wpml.enneagraminstitute.com\/es\/wp-json\/wp\/v2\/pages\/2340","targetHints":{"allow":["GET"]}}],"collection":[{"href":"https:\/\/wpml.enneagraminstitute.com\/es\/wp-json\/wp\/v2\/pages"}],"about":[{"href":"https:\/\/wpml.enneagraminstitute.com\/es\/wp-json\/wp\/v2\/types\/page"}],"author":[{"embeddable":true,"href":"https:\/\/wpml.enneagraminstitute.com\/es\/wp-json\/wp\/v2\/users\/6"}],"replies":[{"embeddable":true,"href":"https:\/\/wpml.enneagraminstitute.com\/es\/wp-json\/wp\/v2\/comments?post=2340"}],"version-history":[{"count":5,"href":"https:\/\/wpml.enneagraminstitute.com\/es\/wp-json\/wp\/v2\/pages\/2340\/revisions"}],"predecessor-version":[{"id":2824,"href":"https:\/\/wpml.enneagraminstitute.com\/es\/wp-json\/wp\/v2\/pages\/2340\/revisions\/2824"}],"wp:attachment":[{"href":"https:\/\/wpml.enneagraminstitute.com\/es\/wp-json\/wp\/v2\/media?parent=2340"}],"curies":[{"name":"wp","href":"https:\/\/api.w.org\/{rel}","templated":true}]}}