{"id":2338,"date":"2024-01-11T20:34:04","date_gmt":"2024-01-11T20:34:04","guid":{"rendered":"https:\/\/wpml.enneagraminstitute.com\/identificacion-erronea-de-1-y-2\/"},"modified":"2025-03-04T16:36:47","modified_gmt":"2025-03-04T16:36:47","slug":"identificacion-erronea-de-1-y-2","status":"publish","type":"page","link":"https:\/\/wpml.enneagraminstitute.com\/es\/identificacion-erronea-de-1-y-2\/","title":{"rendered":"Identificaci\u00f3n err\u00f3nea de 1 y 2"},"content":{"rendered":"<h3 style=\"text-align:center\"> Traducido con AI<\/h3>\r\n\t\t\t<div class='container single-content-layout-layout-block'>\r\n\t\t\t\t<div class='row'>\r\n\t\t\t\t\t\n\r\n\t\t\t<div class='column-block col-12 col-md-10 col-lg-8 offset-lg-1'>\r\n\t\t\t\t\n\n<h1 class=\"wp-block-heading\">Identificaci\u00f3n err\u00f3nea de los Unos y los Dos<\/h1>\n\n\n\n<hr class=\"wp-block-separator has-alpha-channel-opacity\"\/>\n\n\n\n<p>Esta no es una confusi\u00f3n com\u00fan, pero ocurre cuando se confunde un ala con el tipo dominante. En otras palabras, los 1w2 pueden a veces ser confundidos con los 2w1, pero la confusi\u00f3n es mucho menos probable con los 1w9 (debido a su comportamiento reservado y relativamente poco emocional) y los 2w3 (debido a su comportamiento extrovertido y efusivo). El g\u00e9nero tambi\u00e9n puede influir en esta identificaci\u00f3n err\u00f3nea. Las mujeres que son 1w2 tienden a verse a s\u00ed mismas como 2w1, y los hombres que son 2w1 pueden verse a s\u00ed mismos como 1w2.   <\/p>\n\n\n\n<p>Ambos tipos son serios y est\u00e1n impulsados por la conciencia, ambos gustan de sentir que est\u00e1n al servicio de los dem\u00e1s, y ambos pueden ser muy altruistas; sin embargo, sus estilos y motivaciones difieren significativamente. Los Unos intentan trascender lo personal en sus tratos, apelando a los principios y a la evidente \u201crectitud\u201d de sus posiciones o sugerencias. Los Dos son altamente personales y ven su servicio en t\u00e9rminos personales. Los Unos defienden su autonom\u00eda; no desean que las personas interfieran con ellos. Los Dos buscan una conexi\u00f3n cercana e incluso la fusi\u00f3n. Los Unos son reservados en la expresi\u00f3n de sus sentimientos positivos, aunque hacen saber a las personas cuando est\u00e1n insatisfechos o irritados. Los Dos pueden tener dificultades con los sentimientos hostiles o de ira, pero son bastante desinhibidos en la expresi\u00f3n de sus sentimientos positivos.      <\/p>\n\n\r\n\t\t\t<\/div>\r\n\t\t\n\r\n\t\t\t\t<\/div>\r\n\t\t\t<\/div>\r\n\t\t","protected":false},"excerpt":{"rendered":"<p>Traducido con AI<\/p>\n","protected":false},"author":6,"featured_media":0,"parent":0,"menu_order":0,"comment_status":"closed","ping_status":"closed","template":"","meta":{"_acf_changed":false,"footnotes":""},"class_list":["post-2338","page","type-page","status-publish","hentry"],"acf":[],"_links":{"self":[{"href":"https:\/\/wpml.enneagraminstitute.com\/es\/wp-json\/wp\/v2\/pages\/2338","targetHints":{"allow":["GET"]}}],"collection":[{"href":"https:\/\/wpml.enneagraminstitute.com\/es\/wp-json\/wp\/v2\/pages"}],"about":[{"href":"https:\/\/wpml.enneagraminstitute.com\/es\/wp-json\/wp\/v2\/types\/page"}],"author":[{"embeddable":true,"href":"https:\/\/wpml.enneagraminstitute.com\/es\/wp-json\/wp\/v2\/users\/6"}],"replies":[{"embeddable":true,"href":"https:\/\/wpml.enneagraminstitute.com\/es\/wp-json\/wp\/v2\/comments?post=2338"}],"version-history":[{"count":4,"href":"https:\/\/wpml.enneagraminstitute.com\/es\/wp-json\/wp\/v2\/pages\/2338\/revisions"}],"predecessor-version":[{"id":2825,"href":"https:\/\/wpml.enneagraminstitute.com\/es\/wp-json\/wp\/v2\/pages\/2338\/revisions\/2825"}],"wp:attachment":[{"href":"https:\/\/wpml.enneagraminstitute.com\/es\/wp-json\/wp\/v2\/media?parent=2338"}],"curies":[{"name":"wp","href":"https:\/\/api.w.org\/{rel}","templated":true}]}}