{"id":2336,"date":"2024-01-11T20:34:04","date_gmt":"2024-01-11T20:34:04","guid":{"rendered":"https:\/\/wpml.enneagraminstitute.com\/relacion-entre-el-tipo-3-y-el-tipo-4\/"},"modified":"2025-03-04T16:36:47","modified_gmt":"2025-03-04T16:36:47","slug":"relacion-entre-el-tipo-3-y-el-tipo-4","status":"publish","type":"page","link":"https:\/\/wpml.enneagraminstitute.com\/es\/relacion-entre-el-tipo-3-y-el-tipo-4\/","title":{"rendered":"Relaci\u00f3n entre el Tipo 3 y el Tipo 4"},"content":{"rendered":"<h3 style=\"text-align:center\"> Traducido con AI<\/h3>\r\n\t\t\t<div class='container single-content-layout-layout-block'>\r\n\t\t\t\t<div class='row'>\r\n\t\t\t\t\t\n\r\n\t\t\t<div class='column-block col-12 col-md-10 col-lg-8 offset-lg-1'>\r\n\t\t\t\t\n\n<h1 class=\"wp-block-heading\">Eneagrama Tipo Tres (el Triunfador)<br\/><em>con<\/em><br\/>Eneagrama Tipo Cuatro (el Individualista)<\/h1>\n\n\n\n<hr class=\"wp-block-separator has-alpha-channel-opacity\"\/>\n\n\n\n<h2 class=\"wp-block-heading\">Lo que cada tipo aporta a la relaci\u00f3n<\/h2>\n\n\n\n<p>Estos dos tipos pueden formar una relaci\u00f3n complementaria, aportando cada uno cualidades importantes que el otro generalmente carece. Los Cuatro del Eneagrama pueden ense\u00f1ar a los Tres a hablar de s\u00ed mismos a un nivel m\u00e1s profundo y ayudarles a reconocer y procesar sus sentimientos. Tambi\u00e9n pueden aportar a los Tres mayor sensibilidad, apreciaci\u00f3n por la belleza y por los aspectos no pr\u00e1cticos pero satisfactorios de la vida. Descubrir el deseo m\u00e1s profundo del coraz\u00f3n del Tres es un \u00e1rea extremadamente importante de autoconciencia en la que los Cuatro pueden desempe\u00f1ar un papel \u00fatil. Los Cuatro pueden aportar sentido del estilo y presentaci\u00f3n, comunicaci\u00f3n rica y sentido del refinamiento. Los Tres modelan muchas de las cualidades que los Cuatro desear\u00edan desarrollar en s\u00ed mismos, y los Tres est\u00e1n bien preparados para ayudar a los Cuatro a adquirir nuevas habilidades. Los Tres pueden aportar un gran tacto y diplomacia para manejar las reacciones emocionales de los Cuatro y sus sentimientos y dudas a veces demasiado sensibles. Saber qu\u00e9 decir y cu\u00e1ndo decirlo \u2014y qu\u00e9 no decir\u2014 a un Cuatro puede ser crucial para construir confianza en la relaci\u00f3n y evitar episodios inadvertidos en los que cualquiera se sienta humillado o avergonzado. Los Tres pueden aportar un sentido de esperanza y ambici\u00f3n a la relaci\u00f3n, establecimiento de metas pr\u00e1cticas, t\u00e9cnicas de entrenamiento y gesti\u00f3n del comportamiento que ayudan a los Cuatro a salir de un bache o un per\u00edodo de baja energ\u00eda. Los Tres pueden instruir a los Cuatro sobre c\u00f3mo seguir adelante con asuntos pr\u00e1cticos y actuar profesionalmente a pesar de los cambios en sus sentimientos y dudas sobre s\u00ed mismos.         <\/p>\n\n\n\n<p>Dado que ambos tipos est\u00e1n impulsados por sentimientos y reacciones (a menudo inconscientes), esta puede ser una uni\u00f3n intensa y apasionada. Ambos son conscientes de los problemas de \u201cimagen\u201d y de c\u00f3mo los perciben los dem\u00e1s, por lo que esta pareja se destacar\u00e1 por su energ\u00eda, estilo, sentido de la elegancia y disfrute de las cosas m\u00e1s refinadas de la vida. Ambos pueden sentir una conexi\u00f3n con el otro que va m\u00e1s all\u00e1 de las palabras o la raz\u00f3n, adentr\u00e1ndose en otro reino, como si se hubieran conocido en una existencia anterior o que el otro es una especie de alma gemela.  <\/p>\n\n\n\n<hr class=\"wp-block-separator has-alpha-channel-opacity\"\/>\n\n\n\n<h2 class=\"wp-block-heading\">Potenciales puntos problem\u00e1ticos o conflictos<\/h2>\n\n\n\n<p>Tanto los Tres como los Cuatro tienen problemas de autoestima y necesitan atenci\u00f3n y validaci\u00f3n de los dem\u00e1s. Ambos sufren por cuestiones relacionadas con su propia identidad y tienen sentimientos ocultos de verg\u00fcenza y falta de valor. Estos dos tipos se comparan secretamente con otros y tienen tendencias competitivas m\u00e1s o menos abiertas. Mucho depender\u00e1 de cu\u00e1n narcis\u00edsticamente herida est\u00e9 cada persona \u2014y, por lo tanto, cu\u00e1nto competir\u00e1n por la aprobaci\u00f3n, la atenci\u00f3n y el reconocimiento. Tanto los Tres como los Cuatro necesitan atenci\u00f3n y sentirse apreciados, aunque los Tres ser\u00e1n m\u00e1s capaces de buscar estas cosas abiertamente. Los Cuatro pueden sentirse eclipsados o excluidos del centro de atenci\u00f3n por el Tres m\u00e1s en\u00e9rgico. Esto puede desencadenar sentimientos en los Cuatro de ser defectuosos e insuficientes, lo cual los Tres pueden explotar. Los Tres tender\u00e1n a prestar menos atenci\u00f3n que los Cuatro a la relaci\u00f3n en s\u00ed, aunque ambos tender\u00e1n a ver al otro como esencial para su bienestar. Los Cuatro t\u00edpicamente desear\u00e1n mucha m\u00e1s implicaci\u00f3n emocional e intimidad de la que los Tres se sienten c\u00f3modos (o incluso capaces de proporcionar).        <\/p>\n\n\n\n<p>Un problema relacionado es que ninguno de los dos tipos realmente ve al otro como es: ambos ven al otro a trav\u00e9s de proyecciones de lo que necesitan y esperan que el otro sea. Los Cuatro pueden ver a los Tres como un salvador y como la encarnaci\u00f3n de todo lo que les falta, mientras que los Tres pueden ver a los Cuatro como un trofeo ex\u00f3tico, misterioso, sexual o art\u00edstico que realza su deseabilidad. Sin embargo, ambos tipos pueden entrar en estados de furia hostil si sus necesidades emocionales no son satisfechas. Quiz\u00e1s lo peor para esta pareja es que inadvertidamente se recuerdan constantemente el uno al otro su propio tipo particular de ocultamiento y falsedad \u2014una fuente constante de irritaci\u00f3n mutua. Pueden volverse mordaces y sarc\u00e1sticos, chismorreando y quej\u00e1ndose de los defectos del otro a sus propios amigos. Ambos tambi\u00e9n pueden ser encubiertos e indirectos al sabotear al otro por venganza, si su relaci\u00f3n llegara a terminar. Una vez que el respeto y la admiraci\u00f3n que han tenido el uno por el otro termina, comienzan el desd\u00e9n, el desprecio y el socavamiento \u2014y la relaci\u00f3n misma est\u00e1 seguramente a punto de terminar.      <\/p>\n\n\n\n<p>Para una mayor comprensi\u00f3n de esta combinaci\u00f3n de tipos, lea m\u00e1s sobre la <a href=\"https:\/\/wpml.enneagraminstitute.com\/es\/como-funciona-el-sistema-del-eneagrama\/\">Flecha de Estr\u00e9s<\/a> y c\u00f3mo los tipos <a href=\"https:\/\/wpml.enneagraminstitute.com\/es\/eneagrama-tipo-3-el-triunfador\/\">Tres<\/a> y <a href=\"https:\/\/wpml.enneagraminstitute.com\/es\/eneagrama-tipo-4-el-individualista\/\">Cuatro<\/a> se comportan cuando se mueven a lo largo de ella.<\/p>\n\n\r\n\t\t\t<\/div>\r\n\t\t\n\r\n\t\t\t\t<\/div>\r\n\t\t\t<\/div>\r\n\t\t","protected":false},"excerpt":{"rendered":"<p>Traducido con AI<\/p>\n","protected":false},"author":6,"featured_media":0,"parent":0,"menu_order":0,"comment_status":"closed","ping_status":"closed","template":"","meta":{"_acf_changed":false,"footnotes":""},"class_list":["post-2336","page","type-page","status-publish","hentry"],"acf":[],"_links":{"self":[{"href":"https:\/\/wpml.enneagraminstitute.com\/es\/wp-json\/wp\/v2\/pages\/2336","targetHints":{"allow":["GET"]}}],"collection":[{"href":"https:\/\/wpml.enneagraminstitute.com\/es\/wp-json\/wp\/v2\/pages"}],"about":[{"href":"https:\/\/wpml.enneagraminstitute.com\/es\/wp-json\/wp\/v2\/types\/page"}],"author":[{"embeddable":true,"href":"https:\/\/wpml.enneagraminstitute.com\/es\/wp-json\/wp\/v2\/users\/6"}],"replies":[{"embeddable":true,"href":"https:\/\/wpml.enneagraminstitute.com\/es\/wp-json\/wp\/v2\/comments?post=2336"}],"version-history":[{"count":4,"href":"https:\/\/wpml.enneagraminstitute.com\/es\/wp-json\/wp\/v2\/pages\/2336\/revisions"}],"predecessor-version":[{"id":2826,"href":"https:\/\/wpml.enneagraminstitute.com\/es\/wp-json\/wp\/v2\/pages\/2336\/revisions\/2826"}],"wp:attachment":[{"href":"https:\/\/wpml.enneagraminstitute.com\/es\/wp-json\/wp\/v2\/media?parent=2336"}],"curies":[{"name":"wp","href":"https:\/\/api.w.org\/{rel}","templated":true}]}}