{"id":2334,"date":"2024-01-11T20:34:04","date_gmt":"2024-01-11T20:34:04","guid":{"rendered":"https:\/\/wpml.enneagraminstitute.com\/tipo-de-relacion-7-con-tipo-8\/"},"modified":"2025-03-04T16:36:48","modified_gmt":"2025-03-04T16:36:48","slug":"tipo-de-relacion-7-con-tipo-8","status":"publish","type":"page","link":"https:\/\/wpml.enneagraminstitute.com\/es\/tipo-de-relacion-7-con-tipo-8\/","title":{"rendered":"Tipo de relaci\u00f3n 7 con Tipo 8"},"content":{"rendered":"<h3 style=\"text-align:center\"> Traducido con AI<\/h3>\r\n\t\t\t<div class='container single-content-layout-layout-block'>\r\n\t\t\t\t<div class='row'>\r\n\t\t\t\t\t\n\r\n\t\t\t<div class='column-block col-12 col-md-10 col-lg-8 offset-lg-1'>\r\n\t\t\t\t\n\n<h1 class=\"wp-block-heading\">Eneagrama Tipo Siete (el Entusiasta)<br\/><em>con<\/em><br\/>Eneagrama Tipo Ocho (el Desafiante)<\/h1>\n\n\n\n<hr class=\"wp-block-separator has-alpha-channel-opacity\"\/>\n\n\n\n<h2 class=\"wp-block-heading\">Lo que cada tipo aporta a la relaci\u00f3n<\/h2>\n\n\n\n<p>Tanto los Eneagrama Siete como los Ocho son altamente autoafirmativos, independientes y de voluntad f\u00e9rrea. Ambos tipos tambi\u00e9n se resisten a ser controlados o limitados por autoridades o incluso por mecanismos psicol\u00f3gicos internos. Cuando alguien (o incluso alguna voz interior) dice que no, tanto los Siete como los Ocho responden con desaf\u00edo y un deseo de superar los l\u00edmites, cualesquiera que sean. Ambos tipos son pr\u00e1cticos, orientados al mundo presente, no necesariamente mundanos o materialistas, sino preocupados por los asuntos concretos y por encontrar la felicidad y la realizaci\u00f3n en el aqu\u00ed y ahora. A ninguno le gusta posponer sus satisfacciones o conformarse con vagas promesas sobre el futuro. Ambos tienden a excederse en su presupuesto en un estilo de vida abundante que es una fuente de placer para ellos mismos y para sus amigos y familiares. Les encanta entretener y ofrecer lo mejor que hay a los dem\u00e1s como se\u00f1al de su generosidad y como indicador de su \u00e9xito y posici\u00f3n en el mundo.      <\/p>\n\n\n\n<p>Ambos son personas de alta energ\u00eda, a menudo dotadas de una vitalidad y un gusto por la vida que es notable. Una pareja Siete\/Ocho puede lograr una cantidad tremenda de cosas, y se revitalizan manteni\u00e9ndose activos. Son aventureros y est\u00e1n dispuestos a probar cosas nuevas en su relaci\u00f3n. Tambi\u00e9n son ambos extremadamente francos y no se abstienen de expresar sus propias opiniones o hacer conocer sus necesidades. Los Siete aportan m\u00e1s ligereza y un sentido de diversi\u00f3n y emoci\u00f3n, probando algo nuevo y diferente con el fin de mantener las cosas frescas y estimulantes. Tambi\u00e9n suelen ser los m\u00e1s habladores de los dos: los Siete son generalmente narradores y conversadores altamente atractivos, convirtiendo sus aventuras (y cat\u00e1strofes) en historias entretenidas. Los Ocho son usualmente sorprendentemente m\u00e1s reservados y de humor variable de lo que a menudo se reconoce, y conf\u00edan en el Siete para aligerar la atm\u00f3sfera y hacer que sus asuntos pr\u00e1cticos sean m\u00e1s divertidos y agradables. Los Ocho tambi\u00e9n aportan franqueza, decisi\u00f3n y la voluntad de enfrentar situaciones dif\u00edciles con determinaci\u00f3n y persistencia.       <\/p>\n\n\n\n<hr class=\"wp-block-separator has-alpha-channel-opacity\"\/>\n\n\n\n<h2 class=\"wp-block-heading\">Potenciales puntos problem\u00e1ticos o conflictos<\/h2>\n\n\n\n<p>Si bien una pareja Siete\/Ocho puede ser extremadamente productiva y de alta energ\u00eda, los problemas pueden comenzar si las salidas constructivas para esa energ\u00eda se ven frustradas o mal dirigidas. Tanto los Siete como los Ocho necesitan encontrar salidas positivas para sus prodigiosas energ\u00edas e intereses, y si no lo hacen, inevitablemente descubrir\u00e1n formas destructivas de liberarlas. Tambi\u00e9n pueden comenzar a volverse el uno contra el otro o a arrastrarse mutuamente en una especie de oscura colusi\u00f3n que puede tener consecuencias tr\u00e1gicas para ambos. Tanto los Siete como los Ocho tienen una voluntad extremadamente fuerte y son independientes, por lo que ambos se resisten a ser controlados por el otro, a menudo burl\u00e1ndose de la falta de influencia del otro sobre ellos. Los Ocho tienden a ser autoritarios y abusivos, dando \u00f3rdenes al Siete y haciendo amenazas si son desobedecidos. Los Siete intentar\u00e1n evitar ser controlados, y pueden volverse altamente insultantes y despectivos hacia el Ocho y sus t\u00e1cticas pesadas. Ambos tipos har\u00e1n alarde de la incapacidad del otro para salirse con la suya, como si su desaf\u00edo fuera una insignia de honor. Ambos tipos pueden ser extremadamente ego\u00edstas y egoc\u00e9ntricos, sintiendo que el mundo gira alrededor de ellos y sus deseos. Por supuesto, esto aumenta la probabilidad de conflictos.        <\/p>\n\n\n\n<p>Ambos tipos tambi\u00e9n pueden ser verbalmente crudos e insultantes, diciendo frecuentemente cosas que otros tipos solo ocasionalmente se permitir\u00edan pensar. Sus peleas pueden ser reyertas gigantescas y escenas p\u00fablicas en las que el abuso f\u00edsico y la violencia tambi\u00e9n pueden jugar un papel significativo. El problema es, sin embargo, que ambos tipos tienden a ser adictos a la emoci\u00f3n y a la descarga de adrenalina del comportamiento temerario. Una vez que han comenzado a construir su relaci\u00f3n en un cierto nivel de excitaci\u00f3n f\u00edsica (ya sea por la sexualidad o la violencia), es dif\u00edcil para esta pareja volver a algo m\u00e1s moderado. Cualquier cosa menos que desafiar a la muerte parece sin vida y aburrida. Sin embargo, pueden llevar los l\u00edmites demasiado lejos una vez, con consecuencias tr\u00e1gicas no solo para su relaci\u00f3n, sino para todos a su alrededor.     <\/p>\n\n\n\n<p>Para una mayor comprensi\u00f3n de esta combinaci\u00f3n de tipos, lea m\u00e1s sobre la <a href=\"https:\/\/wpml.enneagraminstitute.com\/es\/como-funciona-el-sistema-del-eneagrama\/\">Flecha de Estr\u00e9s<\/a> y c\u00f3mo los tipos <a href=\"https:\/\/wpml.enneagraminstitute.com\/es\/eneagrama-tipo-7-el-entusiasta\/\">Siete<\/a> y <a href=\"https:\/\/wpml.enneagraminstitute.com\/es\/eneagrama-tipo-8-el-desafiante\/\">Ocho<\/a> se comportan cuando se mueven a lo largo de ella.<\/p>\n\n\r\n\t\t\t<\/div>\r\n\t\t\n\r\n\t\t\t\t<\/div>\r\n\t\t\t<\/div>\r\n\t\t","protected":false},"excerpt":{"rendered":"<p>Traducido con AI<\/p>\n","protected":false},"author":6,"featured_media":0,"parent":0,"menu_order":0,"comment_status":"closed","ping_status":"closed","template":"","meta":{"_acf_changed":false,"footnotes":""},"class_list":["post-2334","page","type-page","status-publish","hentry"],"acf":[],"_links":{"self":[{"href":"https:\/\/wpml.enneagraminstitute.com\/es\/wp-json\/wp\/v2\/pages\/2334","targetHints":{"allow":["GET"]}}],"collection":[{"href":"https:\/\/wpml.enneagraminstitute.com\/es\/wp-json\/wp\/v2\/pages"}],"about":[{"href":"https:\/\/wpml.enneagraminstitute.com\/es\/wp-json\/wp\/v2\/types\/page"}],"author":[{"embeddable":true,"href":"https:\/\/wpml.enneagraminstitute.com\/es\/wp-json\/wp\/v2\/users\/6"}],"replies":[{"embeddable":true,"href":"https:\/\/wpml.enneagraminstitute.com\/es\/wp-json\/wp\/v2\/comments?post=2334"}],"version-history":[{"count":5,"href":"https:\/\/wpml.enneagraminstitute.com\/es\/wp-json\/wp\/v2\/pages\/2334\/revisions"}],"predecessor-version":[{"id":2827,"href":"https:\/\/wpml.enneagraminstitute.com\/es\/wp-json\/wp\/v2\/pages\/2334\/revisions\/2827"}],"wp:attachment":[{"href":"https:\/\/wpml.enneagraminstitute.com\/es\/wp-json\/wp\/v2\/media?parent=2334"}],"curies":[{"name":"wp","href":"https:\/\/api.w.org\/{rel}","templated":true}]}}