{"id":2332,"date":"2024-01-11T20:34:04","date_gmt":"2024-01-11T20:34:04","guid":{"rendered":"https:\/\/wpml.enneagraminstitute.com\/relacion-entre-el-tipo-5-y-el-tipo-6\/"},"modified":"2025-03-04T16:36:48","modified_gmt":"2025-03-04T16:36:48","slug":"relacion-entre-el-tipo-5-y-el-tipo-6","status":"publish","type":"page","link":"https:\/\/wpml.enneagraminstitute.com\/es\/relacion-entre-el-tipo-5-y-el-tipo-6\/","title":{"rendered":"Relaci\u00f3n entre el Tipo 5 y el Tipo 6"},"content":{"rendered":"<h3 style=\"text-align:center\"> Traducido con AI<\/h3>\r\n\t\t\t<div class='container single-content-layout-layout-block'>\r\n\t\t\t\t<div class='row'>\r\n\t\t\t\t\t\n\r\n\t\t\t<div class='column-block col-12 col-md-10 col-lg-8 offset-lg-1'>\r\n\t\t\t\t\n\n<h1 class=\"wp-block-heading\" id=\"h-enneagram-type-five-the-investigator-with-enneagram-type-six-the-loyalist\">Eneagrama Tipo Cinco (el Investigador)<br\/><em>con<\/em><br\/>Eneagrama Tipo Seis (el Lealista)<\/h1>\n\n\n\n<hr class=\"wp-block-separator has-alpha-channel-opacity\"\/>\n\n\n\n<h2 class=\"wp-block-heading\" id=\"h-what-each-type-brings-to-the-relationship\">Lo que cada tipo aporta a la relaci\u00f3n<\/h2>\n\n\n\n<p>Tanto los Eneatipos Cinco como los Seis son tipos mentales, aunque existen diferencias significativas. Ambos tienen respeto por la agudeza intelectual del otro y por la experiencia y el dominio t\u00e9cnico que el otro posee. Es posible que inicien una relaci\u00f3n como colegas o compartiendo la misma \u00e1rea profesional de inter\u00e9s, lo que forma la base para una amistad y, eventualmente, algo m\u00e1s \u00edntimo. Ambos tipos respetan el detalle, la objetividad factual y la precisi\u00f3n, la destreza y la capacidad de analizar situaciones sin insertar opiniones o sesgos personales. Como pareja, los Cincos y los Seis pueden ser altamente eficaces al enfrentar crisis, ya que ambos est\u00e1n sintonizados con el peligro y con aportar su experiencia para resolver problemas.    <\/p>\n\n\n\n<p>Los Cincos tambi\u00e9n ofrecen calma emocional, objetividad desapegada, habilidades de observaci\u00f3n, una curiosidad inusual y penetrante, y una renuencia a conformarse con respuestas f\u00e1ciles. Los Seis aportan valores e ideas fuertemente arraigados que los hacen menos objetivos que los Cincos, aunque son m\u00e1s apasionados. Su propia reactividad emocional \u2014incluyendo ansiedad y miedo\u2014 otorga a los Seis una cualidad m\u00e1s emp\u00e1tica y humana. Los Seis est\u00e1n m\u00e1s abiertamente inseguros de s\u00ed mismos y a menudo buscan autoridades de alg\u00fan tipo (incluyendo a los Cincos en quienes conf\u00edan) para que les proporcionen orientaci\u00f3n y consejo. Los Cincos tienden a estar m\u00e1s seguros de su capacidad para pensar por s\u00ed mismos y para entretener nuevas ideas. Los Cincos tambi\u00e9n tienden a ser m\u00e1s esc\u00e9pticos y a rechazar la autoridad. Los Cincos aceptan las cambiantes necesidades de independencia con conexi\u00f3n de los Seis; tambi\u00e9n son pacientes con las vacilaciones del Seis. La devoci\u00f3n de los Seis y su cuidado sutil pueden romper la tendencia al aislamiento del Cinco. As\u00ed, los Cincos y los Seis, como pareja, tienden a tener una relaci\u00f3n intelectual simbi\u00f3tica de duda y decisi\u00f3n, preguntas y respuestas, problemas resueltos y problemas descubiertos que puede ser infinitamente estimulante. En cualquier caso, para que una relaci\u00f3n entre estos dos tipos opuestos de la cabeza funcione, debe existir una confianza probada e inquebrantable entre ellos: pueden llegar a menudo a conclusiones diferentes, pero al menos saben que sus corazones y mentes est\u00e1n en el lugar correcto.         <\/p>\n\n\n\n<hr class=\"wp-block-separator has-alpha-channel-opacity\"\/>\n\n\n\n<h2 class=\"wp-block-heading\" id=\"h-potential-trouble-spots-or-issues\">Potenciales puntos problem\u00e1ticos o conflictos<\/h2>\n\n\n\n<p>Los potenciales puntos de conflicto entre Cincos y Seis ya se han insinuado anteriormente. En resumen, los Cincos y los Seis tienden a pensar de manera diametralmente opuesta y a menudo se encuentran en lados opuestos de la valla en sus conclusiones. Habr\u00e1 una buena cantidad de tensi\u00f3n intelectual y emocional entre ellos, para bien o para mal. Los Seis tienden a buscar precedentes como gu\u00eda sobre c\u00f3mo proceder; tambi\u00e9n tienden a guiarse m\u00e1s por reglas, procedimientos y protocolos, construyendo sus argumentos y reuniendo sus hechos meticulosamente, aunque a veces de manera engorrosa, para poder sentirse inexpugnables. Los Cincos tienden a dar mayores saltos intelectuales de imaginaci\u00f3n y a considerar menos o nada en absoluto lo que ha sido la sabidur\u00eda recibida o el consenso com\u00fan de opini\u00f3n.    <\/p>\n\n\n\n<p>Una vez que la confianza y la comunicaci\u00f3n se deterioran, los Cincos pueden comenzar a ver a los Seis como demasiado conservadores e indecisos en su pensamiento y acciones. Los Seis se ponen nerviosos por cometer errores y no quieren ser criticados (mucho menos ostracizados) por sus esfuerzos. Pueden parecer prejuiciosos y cerrados de mente, mezquinos y pol\u00edticos, mostrando favoritismo y tratando de complacer a las autoridades en lugar de buscar la verdad objetiva. Para los Seis, los Cincos pueden parecer excesivamente independientes, reacios e incapaces constitucionalmente de trabajar dentro de un sistema o grupo. Los Seis sienten que los Cincos son innecesariamente provocativos y tienen ideas extra\u00f1as e in\u00fatiles que son impr\u00e1cticas y una p\u00e9rdida de tiempo. Los Seis quieren construir seguridad teniendo algo claro en qu\u00e9 creer; los Cincos quieren encontrar los hechos objetivos, independientemente de si los hace sentir seguros o no. Los Cincos no necesitan el \u201cenfoque desalentador y pesimista de los Seis. Los Seis no necesitan la\u201d imaginaci\u00f3n infinitamente v\u00edvida de los Cincos para la oscuridad y la cat\u00e1strofe. Cada uno puede alimentar el sentido de impotencia y desesperanza del otro. Los Cincos pueden ver a los Seis como fan\u00e1ticos y esclavos de mentalidad cerrada, mientras que los Seis ven a los Cincos como extra\u00f1os, aislados e irremediablemente impr\u00e1cticos. Sin intencionalidad y arduo trabajo, este par de opuestos emocionales podr\u00eda sentir que estaban mejor como colegas que como parejas \u00edntimas: uno quiere apagar incendios, el otro quiere jugar con f\u00f3sforos.          <\/p>\n\n\n\n<p>For further understanding about this type combination, read more about the\u00a0<a href=\"\/how-the-enneagram-system-works\">Stress Arrow<\/a>\u00a0and how types\u00a0<a href=\"\/type-5\">Five<\/a>\u00a0and\u00a0<a href=\"https:\/\/wpml.enneagraminstitute.com\/type-6\/\">Six<\/a>\u00a0behave when they are moving along it.<\/p>\n\n\r\n\t\t\t<\/div>\r\n\t\t\n\r\n\t\t\t\t<\/div>\r\n\t\t\t<\/div>\r\n\t\t","protected":false},"excerpt":{"rendered":"<p>Traducido con AI<\/p>\n","protected":false},"author":6,"featured_media":0,"parent":0,"menu_order":0,"comment_status":"closed","ping_status":"closed","template":"","meta":{"_acf_changed":false,"footnotes":""},"class_list":["post-2332","page","type-page","status-publish","hentry"],"acf":[],"_links":{"self":[{"href":"https:\/\/wpml.enneagraminstitute.com\/es\/wp-json\/wp\/v2\/pages\/2332","targetHints":{"allow":["GET"]}}],"collection":[{"href":"https:\/\/wpml.enneagraminstitute.com\/es\/wp-json\/wp\/v2\/pages"}],"about":[{"href":"https:\/\/wpml.enneagraminstitute.com\/es\/wp-json\/wp\/v2\/types\/page"}],"author":[{"embeddable":true,"href":"https:\/\/wpml.enneagraminstitute.com\/es\/wp-json\/wp\/v2\/users\/6"}],"replies":[{"embeddable":true,"href":"https:\/\/wpml.enneagraminstitute.com\/es\/wp-json\/wp\/v2\/comments?post=2332"}],"version-history":[{"count":5,"href":"https:\/\/wpml.enneagraminstitute.com\/es\/wp-json\/wp\/v2\/pages\/2332\/revisions"}],"predecessor-version":[{"id":2828,"href":"https:\/\/wpml.enneagraminstitute.com\/es\/wp-json\/wp\/v2\/pages\/2332\/revisions\/2828"}],"wp:attachment":[{"href":"https:\/\/wpml.enneagraminstitute.com\/es\/wp-json\/wp\/v2\/media?parent=2332"}],"curies":[{"name":"wp","href":"https:\/\/api.w.org\/{rel}","templated":true}]}}