{"id":2330,"date":"2024-01-11T20:34:04","date_gmt":"2024-01-11T20:34:04","guid":{"rendered":"https:\/\/wpml.enneagraminstitute.com\/relacion-tipo-7-con-tipo-9\/"},"modified":"2025-03-04T16:36:49","modified_gmt":"2025-03-04T16:36:49","slug":"relacion-tipo-7-con-tipo-9","status":"publish","type":"page","link":"https:\/\/wpml.enneagraminstitute.com\/es\/relacion-tipo-7-con-tipo-9\/","title":{"rendered":"Relaci\u00f3n Tipo 7 con Tipo 9"},"content":{"rendered":"<h3 style=\"text-align:center\"> Traducido con AI<\/h3>\r\n\t\t\t<div class='container single-content-layout-layout-block'>\r\n\t\t\t\t<div class='row'>\r\n\t\t\t\t\t\n\r\n\t\t\t<div class='column-block col-12 col-md-10 col-lg-8 offset-lg-1'>\r\n\t\t\t\t\n\n<h1 class=\"wp-block-heading\" id=\"h-enneagram-type-seven-the-enthusiast-with-enneagram-type-nine-the-peacemaker\">Eneagrama Tipo Siete (el Entusiasta)<br\/><em>con<\/em><br\/>Eneagrama Tipo Nueve (el Pacificador)<\/h1>\n\n\n\n<hr class=\"wp-block-separator has-alpha-channel-opacity\"\/>\n\n\n\n<h2 class=\"wp-block-heading\" id=\"h-what-each-type-brings-to-the-relationship\">Lo que cada tipo aporta a la relaci\u00f3n<\/h2>\n\n\n\n<p>Los Sietes y los Nueves del Eneagrama constituyen una de las combinaciones de tipos m\u00e1s frecuentemente observadas, dado que aportan una excelente mezcla de cualidades similares y opuestas. Fundamentalmente, los Sietes y los Nueves son tipos de perspectiva positiva que se caracterizan por ser optimistas, animados y que prefieren evitar los conflictos y las negatividades tanto en sus vidas como en su relaci\u00f3n. Ambos tipos son afables, sociables y generalmente est\u00e1n satisfechos consigo mismos y con sus vidas. Ninguno de los dos suele ser introspectivo o taciturno, prefiriendo avanzar en lugar de mirar hacia atr\u00e1s o rumiar sobre fracasos o decepciones. Ambos son capaces de perdonar y olvidar, y de sacar el m\u00e1ximo provecho de sus limitaciones, cualesquiera que \u00e9stas sean. Pueden estar separados f\u00edsicamente o disponer de escasos recursos econ\u00f3micos, pero los Sietes y los Nueves son capaces de aprovechar al m\u00e1ximo estas circunstancias y continuar construyendo su futuro juntos. Ambos tienden a ser pr\u00e1cticos, aunque los dos pueden tener un lado rom\u00e1ntico y una fisicalidad que a\u00f1ade picante a su relaci\u00f3n. Asimismo, ambos suelen ser divertidos y pueden hacer que incluso los eventos m\u00e1s mundanos resulten placenteros y agradables. Los Sietes proporcionan la estimulaci\u00f3n, los Nueves la audiencia.        <\/p>\n\n\n\n<p>En cuanto a los aspectos complementarios opuestos, los Sietes son m\u00e1s activos y asertivos que los Nueves; tienden a tomar iniciativas, hacer planes, tener m\u00faltiples intereses y proporcionar la energ\u00eda para la pareja. Los Sietes son mentalmente \u00e1giles, seguros de s\u00ed mismos, curiosos, abiertos a nuevas experiencias y resilientes frente a los contratiempos. Aportan la diversi\u00f3n, el brillo y el sentido de la aventura. Los Nueves aportan a la relaci\u00f3n una sensaci\u00f3n de estabilidad, apoyo y aceptaci\u00f3n. Tienden a ser m\u00e1s comprensivos y de coraz\u00f3n blando que los Sietes, as\u00ed como m\u00e1s relajados y menos exigentes consigo mismos y con su entorno, incluyendo a otras personas. Los Nueves son tambi\u00e9n a menudo generosos y est\u00e1n dispuestos a hacer sacrificios personales para ayudar a los dem\u00e1s y hacerlos felices. Su sencillez y ausencia de complicaciones personales se conjugan bien con las cualidades m\u00e1s asertivas del Siete. Mientras ninguno se aproveche del otro, existe un buen equilibrio entre energ\u00eda y relajaci\u00f3n en esta pareja.       <\/p>\n\n\n\n<hr class=\"wp-block-separator has-alpha-channel-opacity\"\/>\n\n\n\n<h2 class=\"wp-block-heading\" id=\"h-potential-trouble-spots-or-issues\">Potenciales puntos problem\u00e1ticos o conflictos<\/h2>\n\n\n\n<p>Una de las principales \u00e1reas de potenciales problemas radica en el hecho de que ni los Sietes ni los Nueves suelen ser h\u00e1biles para trabajar los aspectos negativos o dolorosos de sus vidas o de la relaci\u00f3n. Ambos preferir\u00edan que todo se mantuviera en el lado positivo; ninguno de los dos desea caer en la posibilidad de depresi\u00f3n o cortar de otra manera su oportunidad de felicidad. En el mejor de los casos, reconocer\u00e1n brevemente un problema o conflicto en su relaci\u00f3n culpando al otro: ambos tipos tienden a volverse ansiosos, cr\u00edticos e irritables bajo estr\u00e9s, desahogando estas emociones con alguien m\u00e1s en lugar de trabajar ellos mismos a trav\u00e9s de los sentimientos negativos. Ambos tipos tambi\u00e9n tienden a ser ciegos a su propia cuota de responsabilidad en el deterioro de la relaci\u00f3n, incluyendo su propia contribuci\u00f3n a los problemas de comunicaci\u00f3n. Los Nueves tienden a colapsar frente a las demandas airadas del Siete, retir\u00e1ndose al silencio y, eventualmente, a la inacci\u00f3n. Se vuelven cada vez m\u00e1s incapaces de dar sentido a las quejas del Siete, por lo que se vuelven obstinados y se cierran a\u00fan m\u00e1s, con ocasionales arrebatos de ira o ansiedad, o ambas.     <\/p>\n\n\n\n<p>De los dos tipos, los Sietes est\u00e1n mucho m\u00e1s equipados para hablar sobre lo que les molesta que los Nueves, aunque esto no significa necesariamente que los Sietes sean m\u00e1s capaces de enfrentar lo que realmente les perturba, y mucho menos de resolverlo. Los Sietes tienden a decir impulsivamente lo que se les viene a la mente y a caer en el abuso verbal mordaz del Nueve cada vez que el Siete se siente frustrado. Los Sietes a menudo sienten que el Nueve est\u00e1 demasiado desconectado y no responde a ellos. Los Nueves parecen perpetuamente indecisos, lentos e ineficaces. Las cr\u00edticas de los Sietes y su abierto desprecio por la falta de respuesta del Nueve solo hacen que los Nueves se alejen m\u00e1s de ellos y se desvinculen de la situaci\u00f3n. Sin embargo, los Sietes a menudo sienten que no pueden evitarlo y que la honestidad exige que le digan al Nueve lo infelices que est\u00e1n con ellos. Una de las parejas m\u00e1s alegres y despreocupadas puede convertirse en una de las m\u00e1s desesperadamente atormentadas si se vuelven reacios o incapaces de hablar realmente entre s\u00ed.      <\/p>\n\n\n\n<p>Para una mayor comprensi\u00f3n de esta combinaci\u00f3n de tipos, lea m\u00e1s sobre la <a href=\"https:\/\/wpml.enneagraminstitute.com\/es\/como-funciona-el-sistema-del-eneagrama\/\">Flecha de Estr\u00e9s<\/a> y c\u00f3mo los tipos <a href=\"https:\/\/wpml.enneagraminstitute.com\/es\/eneagrama-tipo-7-el-entusiasta\/\">Siete<\/a> y <a href=\"https:\/\/wpml.enneagraminstitute.com\/es\/eneagrama-tipo-9-el-pacificador\/\">Nueve<\/a> se comportan cuando se mueven a lo largo de ella.<\/p>\n\n\r\n\t\t\t<\/div>\r\n\t\t\n\r\n\t\t\t\t<\/div>\r\n\t\t\t<\/div>\r\n\t\t","protected":false},"excerpt":{"rendered":"<p>Traducido con AI<\/p>\n","protected":false},"author":6,"featured_media":0,"parent":0,"menu_order":0,"comment_status":"closed","ping_status":"closed","template":"","meta":{"_acf_changed":false,"footnotes":""},"class_list":["post-2330","page","type-page","status-publish","hentry"],"acf":[],"_links":{"self":[{"href":"https:\/\/wpml.enneagraminstitute.com\/es\/wp-json\/wp\/v2\/pages\/2330","targetHints":{"allow":["GET"]}}],"collection":[{"href":"https:\/\/wpml.enneagraminstitute.com\/es\/wp-json\/wp\/v2\/pages"}],"about":[{"href":"https:\/\/wpml.enneagraminstitute.com\/es\/wp-json\/wp\/v2\/types\/page"}],"author":[{"embeddable":true,"href":"https:\/\/wpml.enneagraminstitute.com\/es\/wp-json\/wp\/v2\/users\/6"}],"replies":[{"embeddable":true,"href":"https:\/\/wpml.enneagraminstitute.com\/es\/wp-json\/wp\/v2\/comments?post=2330"}],"version-history":[{"count":5,"href":"https:\/\/wpml.enneagraminstitute.com\/es\/wp-json\/wp\/v2\/pages\/2330\/revisions"}],"predecessor-version":[{"id":2829,"href":"https:\/\/wpml.enneagraminstitute.com\/es\/wp-json\/wp\/v2\/pages\/2330\/revisions\/2829"}],"wp:attachment":[{"href":"https:\/\/wpml.enneagraminstitute.com\/es\/wp-json\/wp\/v2\/media?parent=2330"}],"curies":[{"name":"wp","href":"https:\/\/api.w.org\/{rel}","templated":true}]}}