{"id":2328,"date":"2024-01-11T20:34:04","date_gmt":"2024-01-11T20:34:04","guid":{"rendered":"https:\/\/wpml.enneagraminstitute.com\/relacion-tipo-4-con-tipo-4\/"},"modified":"2025-03-04T16:36:49","modified_gmt":"2025-03-04T16:36:49","slug":"relacion-tipo-4-con-tipo-4","status":"publish","type":"page","link":"https:\/\/wpml.enneagraminstitute.com\/es\/relacion-tipo-4-con-tipo-4\/","title":{"rendered":"Relaci\u00f3n Tipo 4 con Tipo 4"},"content":{"rendered":"<h3 style=\"text-align:center\"> Traducido con AI<\/h3>\r\n\t\t\t<div class='container single-content-layout-layout-block'>\r\n\t\t\t\t<div class='row'>\r\n\t\t\t\t\t\n\r\n\t\t\t<div class='column-block col-12 col-md-10 col-lg-8 offset-lg-1'>\r\n\t\t\t\t\n\n<h1 class=\"wp-block-heading\">Eneagrama Tipo Cuatro (el Individualista)<br\/><em>con<\/em><br\/>Eneagrama Tipo Cuatro (el Individualista)<\/h1>\n\n\n\n<hr class=\"wp-block-separator has-alpha-channel-opacity\"\/>\n\n\n\n<h2 class=\"wp-block-heading\">Lo que cada tipo aporta a la relaci\u00f3n<\/h2>\n\n\n\n<p>Como ocurre con todas las relaciones de tipos duplicados, dos Cuatros generalmente aportan las mismas cualidades entre s\u00ed. Por lo tanto, el Nivel de salud de cada persona es especialmente importante para este tipo de relaciones, al igual que sus instintos dominantes. Las parejas de Cuatro-Cuatro generalmente establecen buenas amistades, y la profunda amistad es algo que a menudo aportan a sus relaciones \u00edntimas. Los Cuatros frecuentemente se sienten incomprendidos, pero experimentan un v\u00ednculo especial de entendimiento con otros Cuatros. Comparten historias de sus traumas infantiles, sus sue\u00f1os privados y sus decepciones. Ambos tipos son abiertamente emocionales y sensibles a las necesidades del otro. Ambos buscan un reflejo adecuado y en una relaci\u00f3n Cuatro-Cuatro, tienen una posibilidad real de encontrarlo.      <\/p>\n\n\n\n<p>Debido a que cada persona en una pareja Cuatro-Cuatro est\u00e1 tan sintonizada con sus propias emociones, existe una gran sensibilidad y respeto por la individualidad y las necesidades emocionales del otro. Tienen la capacidad de re\u00edrse de s\u00ed mismos y de encontrar diversi\u00f3n juntos en la oscura soledad de la infancia y la adolescencia. No se sienten intimidados al desenterrar cuestiones psicol\u00f3gicas y personales profundas. Ambos se alientan mutuamente en sus esfuerzos art\u00edsticos y creativos y encuentran f\u00e1cil comunicarse sobre los temas m\u00e1s privados e \u00edntimos a medida que surgen. Sienten que su relaci\u00f3n es un espacio verdaderamente seguro donde el otro est\u00e1 en una longitud de onda emocional similar: ambos se sienten menos solos y menos como si algo estuviera mal con ellos personalmente. Los Cuatro-Cuatro son altamente rom\u00e1nticos e idealistas como pareja y su intimidad tiene el potencial de convertirse en una gran pasi\u00f3n de proporciones pr\u00e1cticamente oper\u00edsticas. Los altibajos emocionales, las esperanzas y decepciones, la euforia y la desesperaci\u00f3n tienden a hacer que esta pareja se enfoque m\u00e1s en s\u00ed misma que en la vida pr\u00e1ctica, la crianza de los hijos o sus carreras. Una enorme franqueza, una profunda amistad y la consideraci\u00f3n por la historia \u00fanica y las necesidades emocionales del otro ser\u00edan caracter\u00edsticas distintivas de esta relaci\u00f3n.       <\/p>\n\n\n\n<hr class=\"wp-block-separator has-alpha-channel-opacity\"\/>\n\n\n\n<h2 class=\"wp-block-heading\">Potenciales puntos problem\u00e1ticos o conflictos<\/h2>\n\n\n\n<p>La inestabilidad emocional de la relaci\u00f3n misma es el principal problema potencial con una pareja \u00edntima Cuatro-Cuatro. Cada persona puede ser egoc\u00e9ntrica y dolorosamente consciente de lo que est\u00e1 recibiendo (y no recibiendo) en la relaci\u00f3n. Ambos desean ser el centro de atenci\u00f3n en cuanto a cuestiones emocionales. Ambos quieren un trato especial, e insisten en tener necesidades especiales y pueden resentirse con el otro por exigir lo mismo para s\u00ed mismos. Ambos anhelan una pareja ideal, y la sensaci\u00f3n de haberla encontrado puede alternarse con depresi\u00f3n (y otras reacciones) cuando las expectativas se ven frustradas. Pueden entrar en concursos de \u201c\u00bfQui\u00e9n est\u00e1 m\u00e1s da\u00f1ado?\u201d, una forma de competencia negativa. Ambos est\u00e1n m\u00e1s o menos secretamente buscando un salvador y pueden perderse en un pantano de drama emocional incluso si lo encuentran.      <\/p>\n\n\n\n<p>A pesar de toda su sensibilidad potencial, los Cuatros tambi\u00e9n tienden a retirarse de los dem\u00e1s y a retener su atenci\u00f3n y afecto cuando est\u00e1n teniendo un conflicto con alguien. Los Cuatros tienen una profunda falta de confianza en los dem\u00e1s, y esta falta de confianza puede extenderse incluso a su pareja \u00edntima. Invariablemente ocurrir\u00e1 un per\u00edodo de prueba que puede ser demasiado para que el otro Cuatro lo soporte. Pueden irritarse por las peculiaridades y \u201csensibilidades\u201d del otro y por las demandas no reconocidas. Pueden ser intolerantes el uno con el otro, haciendo que cada uno camine sobre c\u00e1scaras de huevo, ir\u00f3nicamente dificultando el planteamiento de ciertos temas con el otro.    <\/p>\n\n\n\n<p>Los Cuatro-Cuatro pueden volverse malhumorados e incomunicativos, pasivo-agresivos y desde\u00f1osos, llegando incluso a odiar a la misma persona de la que pueden haber estado tan apasionadamente enamorados. El rechazo del otro (y sentirse rechazado) puede alternarse entre ambas partes. Las discusiones pueden espiralar fuera de control y se pueden decir cosas hirientes hasta que la reconciliaci\u00f3n se vuelve dif\u00edcil, si no imposible. Una vez que se dicen ciertas cosas en el calor del momento, nunca se pueden retirar. Se produce un da\u00f1o permanente en los sentimientos de confianza y seguridad, y en el futuro de la relaci\u00f3n. Una vez que muere la esperanza por la relaci\u00f3n, es dif\u00edcil resucitarla.     <\/p>\n\n\n\n<p>Para una mayor comprensi\u00f3n de esta combinaci\u00f3n de tipos, lea m\u00e1s sobre la <a href=\"https:\/\/wpml.enneagraminstitute.com\/es\/como-funciona-el-sistema-del-eneagrama\/\">Flecha de Estr\u00e9s<\/a> y c\u00f3mo se comportan los <a href=\"https:\/\/wpml.enneagraminstitute.com\/es\/eneagrama-tipo-4-el-individualista\/\">Cuatros<\/a> cuando se mueven a lo largo de ella.<\/p>\n\n\r\n\t\t\t<\/div>\r\n\t\t\n\r\n\t\t\t\t<\/div>\r\n\t\t\t<\/div>\r\n\t\t","protected":false},"excerpt":{"rendered":"<p>Traducido con AI<\/p>\n","protected":false},"author":6,"featured_media":0,"parent":0,"menu_order":0,"comment_status":"closed","ping_status":"closed","template":"","meta":{"_acf_changed":false,"footnotes":""},"class_list":["post-2328","page","type-page","status-publish","hentry"],"acf":[],"_links":{"self":[{"href":"https:\/\/wpml.enneagraminstitute.com\/es\/wp-json\/wp\/v2\/pages\/2328","targetHints":{"allow":["GET"]}}],"collection":[{"href":"https:\/\/wpml.enneagraminstitute.com\/es\/wp-json\/wp\/v2\/pages"}],"about":[{"href":"https:\/\/wpml.enneagraminstitute.com\/es\/wp-json\/wp\/v2\/types\/page"}],"author":[{"embeddable":true,"href":"https:\/\/wpml.enneagraminstitute.com\/es\/wp-json\/wp\/v2\/users\/6"}],"replies":[{"embeddable":true,"href":"https:\/\/wpml.enneagraminstitute.com\/es\/wp-json\/wp\/v2\/comments?post=2328"}],"version-history":[{"count":4,"href":"https:\/\/wpml.enneagraminstitute.com\/es\/wp-json\/wp\/v2\/pages\/2328\/revisions"}],"predecessor-version":[{"id":2830,"href":"https:\/\/wpml.enneagraminstitute.com\/es\/wp-json\/wp\/v2\/pages\/2328\/revisions\/2830"}],"wp:attachment":[{"href":"https:\/\/wpml.enneagraminstitute.com\/es\/wp-json\/wp\/v2\/media?parent=2328"}],"curies":[{"name":"wp","href":"https:\/\/api.w.org\/{rel}","templated":true}]}}