{"id":2326,"date":"2024-01-11T20:34:04","date_gmt":"2024-01-11T20:34:04","guid":{"rendered":"https:\/\/wpml.enneagraminstitute.com\/confusion-entre-4-y-9\/"},"modified":"2025-03-04T16:36:49","modified_gmt":"2025-03-04T16:36:49","slug":"confusion-entre-4-y-9","status":"publish","type":"page","link":"https:\/\/wpml.enneagraminstitute.com\/es\/confusion-entre-4-y-9\/","title":{"rendered":"Confusi\u00f3n entre 4 y 9"},"content":{"rendered":"<h3 style=\"text-align:center\"> Traducido con AI<\/h3>\r\n\t\t\t<div class='container single-content-layout-layout-block'>\r\n\t\t\t\t<div class='row'>\r\n\t\t\t\t\t\n\r\n\t\t\t<div class='column-block col-12 col-md-10 col-lg-8 offset-lg-1'>\r\n\t\t\t\t\n\n<h1 class=\"wp-block-heading\">Confusi\u00f3n entre Cuatros y Nueves<\/h1>\n\n\n\n<hr class=\"wp-block-separator has-alpha-channel-opacity\"\/>\n\n\n\n<p>Algunos Nueves promedio creen que son Cuatros debido a que poseen talentos art\u00edsticos e inclinaciones creativas de alg\u00fan tipo. Al igual que el amor no es dominio exclusivo de los Dos, la capacidad art\u00edstica no es provincia \u00fanica de los Cuatros. Otros tipos pueden ser, y a menudo son, artistas.  <\/p>\n\n\n\n<p>No obstante, el arte de los Cuatros es mucho m\u00e1s personal y revelador que el de los Nueves. El arte de los Nueves a menudo expresa mundos idealizados, mitol\u00f3gicos y arquet\u00edpicos, generalmente el mundo real embellecido en algo fant\u00e1stico y maravilloso. Los Nueves son frecuentemente narradores dotados en los que \u201c&#8230;y todos vivieron felices para siempre\u201d est\u00e1 asegurado. (No hay finales infelices en el mundo de fantas\u00eda de los Nueves.) En contraste, el arte de los Cuatros es generalmente m\u00e1s personal y realista, la expresi\u00f3n del profundo anhelo de amor, plenitud y significado de los Cuatros (y de todos). Los Cuatros a menudo tratan con lo tr\u00e1gico, encontrando redenci\u00f3n en la autotrascendencia; los Nueves tratan con lo com\u00fan, hallando consuelo en vidas ordinarias y situaciones simples.     <\/p>\n\n\n\n<p>La raz\u00f3n principal por la que estos tipos pueden confundirse es que ambos son tipos retra\u00eddos. (<em>PT<\/em>, 433-36). Los Cuatros se retiran de los dem\u00e1s para protegerse y darse tiempo para lidiar con sus emociones. Los Nueves, por otro lado, est\u00e1n retra\u00eddos en el sentido de que retiran su atenci\u00f3n de las personas o situaciones que los amenazan, desconect\u00e1ndose emocionalmente para no sentirse ansiosos o alterados. Cortan su identificaci\u00f3n con los dem\u00e1s (o nunca se identifican con ellos en primer lugar), identific\u00e1ndose en cambio con una versi\u00f3n privada idealizada de la realidad. Los Nueves promedio a no saludables se desconectan de cualquier desagrado disoci\u00e1ndose de lo que les perturba, mientras que los Cuatros hacen exactamente lo contrario, rumiando sobre sus ansiedades en un intento de llegar a t\u00e9rminos con ellas. Los Cuatros ciertamente no est\u00e1n desapegados de sus emociones; al contrario, son agudamente conscientes de ellas, quiz\u00e1s demasiado.     <\/p>\n\n\n\n<p>Ambos tipos pueden, por lo tanto, ser t\u00edmidos, distra\u00eddos, confusos y desapegados del mundo real. La diferencia es que los Nueves est\u00e1n desconectados tanto del mundo exterior como de sus emociones, mientras que los Cuatros se retiran de lo que les ha causado dolor. (Al final, eso puede sumar bastante.) Los Nueves ven el mundo a trav\u00e9s de lentes color de rosa, y su visi\u00f3n de \u00e9l es reconfortante, mientras que los Cuatros ven el mundo desde una ventana de buhardilla como forasteros y no se sienten reconfortados: todos los dem\u00e1s parecen estar viviendo una vida m\u00e1s feliz y normal. Contraste las personalidades de Mahler (un Cuatro) y Aaron Copland (un Nueve), Saul Steinberg (un Cuatro) y Norman Rockwell (un Nueve).    <\/p>\n\n\r\n\t\t\t<\/div>\r\n\t\t\n\r\n\t\t\t\t<\/div>\r\n\t\t\t<\/div>\r\n\t\t","protected":false},"excerpt":{"rendered":"<p>Traducido con AI<\/p>\n","protected":false},"author":6,"featured_media":0,"parent":0,"menu_order":0,"comment_status":"closed","ping_status":"closed","template":"","meta":{"_acf_changed":false,"footnotes":""},"class_list":["post-2326","page","type-page","status-publish","hentry"],"acf":[],"_links":{"self":[{"href":"https:\/\/wpml.enneagraminstitute.com\/es\/wp-json\/wp\/v2\/pages\/2326","targetHints":{"allow":["GET"]}}],"collection":[{"href":"https:\/\/wpml.enneagraminstitute.com\/es\/wp-json\/wp\/v2\/pages"}],"about":[{"href":"https:\/\/wpml.enneagraminstitute.com\/es\/wp-json\/wp\/v2\/types\/page"}],"author":[{"embeddable":true,"href":"https:\/\/wpml.enneagraminstitute.com\/es\/wp-json\/wp\/v2\/users\/6"}],"replies":[{"embeddable":true,"href":"https:\/\/wpml.enneagraminstitute.com\/es\/wp-json\/wp\/v2\/comments?post=2326"}],"version-history":[{"count":4,"href":"https:\/\/wpml.enneagraminstitute.com\/es\/wp-json\/wp\/v2\/pages\/2326\/revisions"}],"predecessor-version":[{"id":2831,"href":"https:\/\/wpml.enneagraminstitute.com\/es\/wp-json\/wp\/v2\/pages\/2326\/revisions\/2831"}],"wp:attachment":[{"href":"https:\/\/wpml.enneagraminstitute.com\/es\/wp-json\/wp\/v2\/media?parent=2326"}],"curies":[{"name":"wp","href":"https:\/\/api.w.org\/{rel}","templated":true}]}}