{"id":2324,"date":"2024-01-11T20:34:04","date_gmt":"2024-01-11T20:34:04","guid":{"rendered":"https:\/\/wpml.enneagraminstitute.com\/identificacion-erronea-de-los-tipos-6-y-7\/"},"modified":"2025-03-04T16:36:50","modified_gmt":"2025-03-04T16:36:50","slug":"identificacion-erronea-de-los-tipos-6-y-7","status":"publish","type":"page","link":"https:\/\/wpml.enneagraminstitute.com\/es\/identificacion-erronea-de-los-tipos-6-y-7\/","title":{"rendered":"Identificaci\u00f3n err\u00f3nea de los tipos 6 y 7"},"content":{"rendered":"<h3 style=\"text-align:center\"> Traducido con AI<\/h3>\r\n\t\t\t<div class='container single-content-layout-layout-block'>\r\n\t\t\t\t<div class='row'>\r\n\t\t\t\t\t\n\r\n\t\t\t<div class='column-block col-12 col-md-10 col-lg-8 offset-lg-1'>\r\n\t\t\t\t\n\n<h1 class=\"wp-block-heading\">Identificaci\u00f3n err\u00f3nea de los Seis y los Siete<\/h1>\n\n\n\n<hr class=\"wp-block-separator has-alpha-channel-opacity\"\/>\n\n\n\n<p>Los Seis y los Siete pueden ser identificados err\u00f3neamente cuando existe confusi\u00f3n entre el tipo principal y el ala: es decir, entre un Seis con ala Siete y un Siete con ala Seis. Ambos son tipos de Pensamiento, y ambos est\u00e1n impulsados por la ansiedad, aunque afrontan sus sentimientos ansiosos de maneras notablemente diferentes. Los Seis tienden a reaccionar a su ansiedad preocup\u00e1ndose y volvi\u00e9ndose m\u00e1s ansiosos. Pueden reaccionar contraf\u00f3bicamente oponi\u00e9ndose a sus temores, pero reaccionan. Adem\u00e1s, la ansiedad tiende a hacer que los Seis sean m\u00e1s pesimistas y negativos acerca de s\u00ed mismos y sus perspectivas. Pueden estar llenos de dudas sobre s\u00ed mismos, mientras que desconf\u00edan de los motivos de los dem\u00e1s.     <\/p>\n\n\n\n<p>Los Siete, por el contrario, son extremadamente optimistas y reaccionan a la ansiedad buscando distracciones placenteras. Los Siete suprimen sus dudas tanto como les es posible e intentan mantener todo en un tono positivo. Los Siete tienden a negar los rincones oscuros de su alma, mientras que los Seis tienden a quedar atrapados en ellos. Los Seis, sin embargo, tienen un sentido de responsabilidad elevado y no se permiten \u201cholgazanear\u201d hasta que todas sus obligaciones hayan sido cumplidas. Los Siete, para bien o para mal, son mucho m\u00e1s espont\u00e1neos y se resisten a que se les impongan demasiadas expectativas. Desean ser libres para ir y venir como les plazca, y consideran que el persistente sentido del compromiso de los Seis es potencialmente limitante y tedioso. Los Seis tienden a encontrar el estilo de vida de los Siete como voluble e irresponsable. En resumen, los Seis buscan estructura y directrices: los Siete se resisten a ambas. Comp\u00e1rese a David Letterman (un Seis) con Jim Carrey (un Siete).        <\/p>\n\n\r\n\t\t\t<\/div>\r\n\t\t\n\r\n\t\t\t\t<\/div>\r\n\t\t\t<\/div>\r\n\t\t","protected":false},"excerpt":{"rendered":"<p>Traducido con AI<\/p>\n","protected":false},"author":6,"featured_media":0,"parent":0,"menu_order":0,"comment_status":"closed","ping_status":"closed","template":"","meta":{"_acf_changed":false,"footnotes":""},"class_list":["post-2324","page","type-page","status-publish","hentry"],"acf":[],"_links":{"self":[{"href":"https:\/\/wpml.enneagraminstitute.com\/es\/wp-json\/wp\/v2\/pages\/2324","targetHints":{"allow":["GET"]}}],"collection":[{"href":"https:\/\/wpml.enneagraminstitute.com\/es\/wp-json\/wp\/v2\/pages"}],"about":[{"href":"https:\/\/wpml.enneagraminstitute.com\/es\/wp-json\/wp\/v2\/types\/page"}],"author":[{"embeddable":true,"href":"https:\/\/wpml.enneagraminstitute.com\/es\/wp-json\/wp\/v2\/users\/6"}],"replies":[{"embeddable":true,"href":"https:\/\/wpml.enneagraminstitute.com\/es\/wp-json\/wp\/v2\/comments?post=2324"}],"version-history":[{"count":4,"href":"https:\/\/wpml.enneagraminstitute.com\/es\/wp-json\/wp\/v2\/pages\/2324\/revisions"}],"predecessor-version":[{"id":2832,"href":"https:\/\/wpml.enneagraminstitute.com\/es\/wp-json\/wp\/v2\/pages\/2324\/revisions\/2832"}],"wp:attachment":[{"href":"https:\/\/wpml.enneagraminstitute.com\/es\/wp-json\/wp\/v2\/media?parent=2324"}],"curies":[{"name":"wp","href":"https:\/\/api.w.org\/{rel}","templated":true}]}}