{"id":2322,"date":"2024-01-11T20:34:04","date_gmt":"2024-01-11T20:34:04","guid":{"rendered":"https:\/\/wpml.enneagraminstitute.com\/relacion-del-tipo-2-con-el-tipo-5\/"},"modified":"2025-03-04T16:36:50","modified_gmt":"2025-03-04T16:36:50","slug":"relacion-del-tipo-2-con-el-tipo-5","status":"publish","type":"page","link":"https:\/\/wpml.enneagraminstitute.com\/es\/relacion-del-tipo-2-con-el-tipo-5\/","title":{"rendered":"Relaci\u00f3n del Tipo 2 con el Tipo 5"},"content":{"rendered":"<h3 style=\"text-align:center\"> Traducido con AI<\/h3>\r\n\t\t\t<div class='container single-content-layout-layout-block'>\r\n\t\t\t\t<div class='row'>\r\n\t\t\t\t\t\n\r\n\t\t\t<div class='column-block col-12 col-md-10 col-lg-8 offset-lg-1'>\r\n\t\t\t\t\n\n<h1 class=\"wp-block-heading\">Eneagrama Tipo Dos (el Ayudador)<br\/><em>con<\/em><br\/>Eneagrama Tipo Cinco (el Investigador)<\/h1>\n\n\n\n<hr class=\"wp-block-separator has-alpha-channel-opacity\"\/>\n\n\n\n<h2 class=\"wp-block-heading\">Lo que cada tipo aporta a la relaci\u00f3n<\/h2>\n\n\n\n<p>Los Dos y los Cinco del Eneagrama son opuestos en doble sentido, por as\u00ed decirlo: una persona sociable frente a un solitario, un tipo emocional frente a un tipo racional. Los Dos y los Cinco parten de puntos de vista diferentes sobre lo que es importante en la vida y en una relaci\u00f3n. Y, sin embargo, precisamente por ser tan diferentes, tambi\u00e9n puede existir una intensa atracci\u00f3n hacia el misterio del otro. Los Dos y los Cinco son una combinaci\u00f3n m\u00e1s frecuente de lo que cabr\u00eda esperar: los Dos pueden ver a los Cinco como desaf\u00edos\u2014distantes, mentalmente preocupados, que no emiten muchas se\u00f1ales externas y dif\u00edciles de encantar f\u00e1cilmente debido a su car\u00e1cter reservado. Es dif\u00edcil saber qu\u00e9 complace a los Cinco, lo que solo hace que los Dos se esfuercen m\u00e1s. Los Dos aportan a la relaci\u00f3n una disposici\u00f3n a tomar la iniciativa y a perseguir al Cinco\u2014ser los primeros en llamar o pedir una cita, independientemente de su g\u00e9nero. Cuando est\u00e1n saludables, los Dos aportan calidez, confort f\u00edsico y comodidad (algo que los Cinco t\u00edpicamente carecen), un deseo de mejorar las condiciones de vida del Cinco, su estilo de vestir y sus h\u00e1bitos alimenticios\u2014y muchas otras muestras de consideraci\u00f3n\u2014como signos de afecto e inter\u00e9s genuino. Los Cinco no suelen ser inconscientes de estas atenciones, aunque puede que no reaccionen externamente a las expresiones de afecto de los Dos; los Cinco se sienten secretamente complacidos de que alguien se preocupe por ellos y les preste atenci\u00f3n.       <\/p>\n\n\n\n<p>Por su parte, los Cinco suelen ser muy leales: encuentran las relaciones complejas y dif\u00edciles, por lo que tienden a valorar una que comienza a funcionar, y tienden a invertir energ\u00eda en ella. Los Cinco aportan estabilidad y un juicio tranquilo, desapasionado y objetivo, particularmente en situaciones de crisis. Cuando los Cinco se concentran, son buenos oyentes y prestan atenci\u00f3n indivisa. No est\u00e1n tan apegados a los resultados, por lo que a menudo pueden tomar decisiones con m\u00e1s sabidur\u00eda y ser buenos consejeros para los Dos emocionalmente m\u00e1s vol\u00e1tiles. Los Cinco suelen ser m\u00e1s calmados que los Dos, y esto les da a ambos tipos una sensaci\u00f3n de estabilidad y esperanza. En resumen, los Cinco estabilizan la emocionalidad de los Dos \u201c, mientras que los Dos calientan la frialdad de los Cinco\u201d. Los Dos disfrutan viendo que su atenci\u00f3n y afecto han tenido efectos positivos y visibles en el Cinco. Los Cinco secretamente disfrutan siendo mimados y finalmente encontrando el cuidado que inconscientemente han estado buscando (pero que quiz\u00e1s casi hab\u00edan abandonado).       <\/p>\n\n\n\n<hr class=\"wp-block-separator has-alpha-channel-opacity\"\/>\n\n\n\n<h2 class=\"wp-block-heading\">Potenciales puntos problem\u00e1ticos o conflictos<\/h2>\n\n\n\n<p>Muchos de los problemas que enfrenta esta pareja tienen que ver con sus l\u00edmites y con el respeto mutuo que se profesan o no. Los Dos tienden a frustrarse por la falta de respuesta inmediata del Cinco\u2014a veces los Cinco son tan taciturnos y est\u00e1n tan involucrados en su propio mundo mental que no hay respuesta en absoluto\u2014lo que hiere los sentimientos del Dos y se siente como un rechazo para ellos. La sensaci\u00f3n de rechazo desencadena profundas ansiedades en los Dos relacionadas con el temor a no ser deseados ni amados. Esto puede hacer que redoblen sus esfuerzos para obtener alg\u00fan tipo de respuesta del Cinco. Pueden volverse m\u00e1s habladores, m\u00e1s curiosos y cuestionadores del Cinco, y m\u00e1s exigentes\u2014f\u00edsicamente sacando al Cinco de su escritorio, o irrumpiendo en su biblioteca para arrastrarlo a bailar o al cine porque necesita un descanso del trabajo. Gran parte de las actividades del Dos se convierten en una forma de intrusi\u00f3n que tiene como ra\u00edz la necesidad de asegurarse de que el Cinco sigue conectado con \u00e9l.     <\/p>\n\n\n\n<p>Pero cuanto m\u00e1s intrusivos se vuelven los Dos, m\u00e1s se retiran internamente los Cinco y se desconectan emocionalmente de lo que sienten como una amenaza a su autonom\u00eda y competencia. Los Cinco comienzan a perder confianza en s\u00ed mismos y en realidad se ven perjudicados por ser ayudados en exceso. Los Dos de funcionamiento m\u00e1s bajo, sin embargo, sienten que no tienen valor a menos que est\u00e9n activamente involucrados en cada aspecto de la vida del otro. Pero cuanto m\u00e1s sienten que se invade su espacio, m\u00e1s inseguros comienzan a sentirse los Cinco, y pueden empezar a temer al Dos (porque les parecen irracionales y fuera de control). Los Cinco tambi\u00e9n pueden volverse c\u00ednicos sobre el valor y la viabilidad de las relaciones\u2014y c\u00ednicos sobre la posibilidad de encontrar una que funcione para ellos. Los Cinco tienden a alejarse de toda la cuesti\u00f3n, perdiendo inter\u00e9s en tener una relaci\u00f3n \u00edntima a menudo durante a\u00f1os. Pero cuanta m\u00e1s distancia ponen los Cinco entre ellos y los Dos, m\u00e1s saca esto a relucir las obsesiones del Dos y m\u00e1s agresivos se vuelven en su persecuci\u00f3n del Cinco. Es una receta para el desastre, o al menos para la soledad, para ambos.       <\/p>\n\n\n\n<p>Para una mayor comprensi\u00f3n de esta combinaci\u00f3n de tipos, lea m\u00e1s sobre la <a href=\"https:\/\/wpml.enneagraminstitute.com\/es\/como-funciona-el-sistema-del-eneagrama\/\">Flecha de Estr\u00e9s<\/a> y c\u00f3mo se comportan los tipos <a href=\"https:\/\/wpml.enneagraminstitute.com\/es\/eneagrama-tipo-2-el-ayudante\/\">Dos<\/a> y <a href=\"https:\/\/wpml.enneagraminstitute.com\/es\/eneagrama-tipo-5-el-investigador\/\">C<\/a><a href=\"https:\/\/wpml.enneagraminstitute.com\/es\/eneagrama-tipo-5-el-investigador\/\">inco<\/a> cuando se mueven a lo largo de ella.<\/p>\n\n\r\n\t\t\t<\/div>\r\n\t\t\n\r\n\t\t\t\t<\/div>\r\n\t\t\t<\/div>\r\n\t\t","protected":false},"excerpt":{"rendered":"<p>Traducido con AI<\/p>\n","protected":false},"author":6,"featured_media":0,"parent":0,"menu_order":0,"comment_status":"closed","ping_status":"closed","template":"","meta":{"_acf_changed":false,"footnotes":""},"class_list":["post-2322","page","type-page","status-publish","hentry"],"acf":[],"_links":{"self":[{"href":"https:\/\/wpml.enneagraminstitute.com\/es\/wp-json\/wp\/v2\/pages\/2322","targetHints":{"allow":["GET"]}}],"collection":[{"href":"https:\/\/wpml.enneagraminstitute.com\/es\/wp-json\/wp\/v2\/pages"}],"about":[{"href":"https:\/\/wpml.enneagraminstitute.com\/es\/wp-json\/wp\/v2\/types\/page"}],"author":[{"embeddable":true,"href":"https:\/\/wpml.enneagraminstitute.com\/es\/wp-json\/wp\/v2\/users\/6"}],"replies":[{"embeddable":true,"href":"https:\/\/wpml.enneagraminstitute.com\/es\/wp-json\/wp\/v2\/comments?post=2322"}],"version-history":[{"count":4,"href":"https:\/\/wpml.enneagraminstitute.com\/es\/wp-json\/wp\/v2\/pages\/2322\/revisions"}],"predecessor-version":[{"id":2833,"href":"https:\/\/wpml.enneagraminstitute.com\/es\/wp-json\/wp\/v2\/pages\/2322\/revisions\/2833"}],"wp:attachment":[{"href":"https:\/\/wpml.enneagraminstitute.com\/es\/wp-json\/wp\/v2\/media?parent=2322"}],"curies":[{"name":"wp","href":"https:\/\/api.w.org\/{rel}","templated":true}]}}