{"id":2320,"date":"2024-01-11T20:34:04","date_gmt":"2024-01-11T20:34:04","guid":{"rendered":"https:\/\/wpml.enneagraminstitute.com\/relaciones-combinaciones-de-tipos-del-eneagrama\/"},"modified":"2025-03-04T16:36:50","modified_gmt":"2025-03-04T16:36:50","slug":"relaciones-combinaciones-de-tipos-del-eneagrama","status":"publish","type":"page","link":"https:\/\/wpml.enneagraminstitute.com\/es\/relaciones-combinaciones-de-tipos-del-eneagrama\/","title":{"rendered":"Relaciones (Combinaciones de Tipos del Eneagrama)"},"content":{"rendered":"<h3 style=\"text-align:center\"> Traducido con AI<\/h3>\r\n\t\t\t<div class='container single-content-layout-layout-block'>\r\n\t\t\t\t<div class='row'>\r\n\t\t\t\t\t\n\r\n\t\t\t<div class='column-block col-12 col-md-10 col-lg-8 offset-lg-1'>\r\n\t\t\t\t\n\n<h1 class=\"wp-block-heading\" id=\"h-the-enneagram-type-combinations\">Las Combinaciones de Tipos del Eneagrama<\/h1>\n\n\n\n<p>Ninguna combinaci\u00f3n de tipos est\u00e1 particularmente bendecida y ninguna combinaci\u00f3n est\u00e1 particularmente condenada. Estas combinaciones de tipos del Eneagrama son una visi\u00f3n general para ayudar a las personas a comprender algunos de los principales aspectos positivos y negativos que probablemente surjan entre dos tipos cualesquiera. <\/p>\n\n\n\n<p>Tenga en cuenta que uno puede tener una relaci\u00f3n con cualquier tipo si ambas personas est\u00e1n saludables. Dado que este no siempre es el caso, conocer el tipo, el nivel de salud y los instintos de cada persona puede proporcionar una mayor comprensi\u00f3n. <\/p>\n\n\n\n<p>Para obtener m\u00e1s informaci\u00f3n sobre los problemas de compatibilidad de su tipo y sus interacciones con otros tipos, encuentre su tipo de personalidad a continuaci\u00f3n y haga clic en el tipo de la otra persona en la relaci\u00f3n.<\/p>\n\n\n\n<p>\u00a0<\/p>\n\n\n\n<h2 class=\"wp-block-heading\" id=\"h-type-1-the-reformer\">Tipo 1 &#8211; El Reformador<\/h2>\n\n\n\n<h2 class=\"wp-block-heading\" id=\"h-1-nbsp-nbsp-nbsp-nbsp-2-nbsp-nbsp-nbsp-nbsp-3-nbsp-nbsp-nbsp-nbsp-4-nbsp-nbsp-nbsp-nbsp-5-nbsp-nbsp-nbsp-nbsp-6-nbsp-nbsp-nbsp-nbsp-7-nbsp-nbsp-nbsp-nbsp-8-nbsp-nbsp-nbsp-nbsp-9\"><a href=\"https:\/\/wpml.enneagraminstitute.com\/es\/tipo-de-relacion-1-con-tipo-1\/\">1<\/a>    <a href=\"https:\/\/wpml.enneagraminstitute.com\/es\/relacion-entre-el-tipo-1-y-el-tipo-2\/\">2<\/a>    <a href=\"https:\/\/wpml.enneagraminstitute.com\/es\/relacion-entre-el-tipo-1-y-el-tipo-3\/\">3<\/a>    <a href=\"https:\/\/wpml.enneagraminstitute.com\/es\/relacion-tipo-1-con-tipo-4\/\">4<\/a>    <a href=\"https:\/\/wpml.enneagraminstitute.com\/es\/relacion-tipo-1-con-tipo-5\/\">5<\/a>    <a href=\"https:\/\/wpml.enneagraminstitute.com\/es\/tipo-de-relacion-1-con-tipo-6\/\">6<\/a>    <a href=\"https:\/\/wpml.enneagraminstitute.com\/es\/relacion-entre-el-tipo-1-y-el-tipo-7\/\">7<\/a>    <a href=\"https:\/\/wpml.enneagraminstitute.com\/es\/relacion-tipo-1-con-tipo-8\/\">8<\/a>    <a href=\"https:\/\/wpml.enneagraminstitute.com\/es\/tipo-de-relacion-1-con-tipo-9\/\">9<\/a><\/h2>\n\n\n\n<hr class=\"wp-block-separator has-alpha-channel-opacity\"\/>\n\n\n\n<h2 class=\"wp-block-heading\" id=\"h-type-2-the-helper\">Tipo 2 &#8211; El Ayudador<\/h2>\n\n\n\n<h2 class=\"wp-block-heading\" id=\"h-1-nbsp-nbsp-nbsp-nbsp-2-nbsp-nbsp-nbsp-nbsp-3-nbsp-nbsp-nbsp-nbsp-4-nbsp-nbsp-nbsp-nbsp-5-nbsp-nbsp-nbsp-nbsp-6-nbsp-nbsp-nbsp-nbsp-7-nbsp-nbsp-nbsp-nbsp-8-nbsp-nbsp-nbsp-nbsp-9-0\"><a href=\"https:\/\/wpml.enneagraminstitute.com\/es\/relacion-entre-el-tipo-1-y-el-tipo-2\/\">1<\/a>    <a href=\"https:\/\/wpml.enneagraminstitute.com\/es\/relacion-entre-tipo-2-y-tipo-2\/\">2<\/a>    <a href=\"https:\/\/wpml.enneagraminstitute.com\/es\/relacion-tipo-2-con-tipo-3\/\">3<\/a>    <a href=\"https:\/\/wpml.enneagraminstitute.com\/es\/relacion-tipo-2-con-tipo-4\/\">4<\/a>    <a href=\"https:\/\/wpml.enneagraminstitute.com\/es\/relacion-del-tipo-2-con-el-tipo-5\/\">5<\/a>    <a href=\"https:\/\/wpml.enneagraminstitute.com\/es\/relacion-tipo-2-con-tipo-6\/\">6<\/a>    <a href=\"https:\/\/wpml.enneagraminstitute.com\/es\/relacion-entre-el-tipo-2-y-el-tipo-7\/\">7<\/a>    <a href=\"https:\/\/wpml.enneagraminstitute.com\/es\/relacion-entre-el-tipo-2-y-el-tipo-8\/\">8<\/a>    <a href=\"https:\/\/wpml.enneagraminstitute.com\/es\/relacion-tipo-2-con-tipo-9\/\">9<\/a><\/h2>\n\n\n\n<hr class=\"wp-block-separator has-alpha-channel-opacity\"\/>\n\n\n\n<h2 class=\"wp-block-heading\" id=\"h-type-3-nbsp-the-achiever\">Tipo 3 &#8211; El Triunfador<\/h2>\n\n\n\n<h2 class=\"wp-block-heading\" id=\"h-1-nbsp-nbsp-nbsp-nbsp-2-nbsp-nbsp-nbsp-nbsp-3-nbsp-nbsp-nbsp-nbsp-4-nbsp-nbsp-nbsp-nbsp-5-nbsp-nbsp-nbsp-nbsp-6-nbsp-nbsp-nbsp-nbsp-7-nbsp-nbsp-nbsp-nbsp-8-nbsp-nbsp-nbsp-nbsp-9-1\"><a href=\"https:\/\/wpml.enneagraminstitute.com\/es\/relacion-entre-el-tipo-1-y-el-tipo-3\/\">1<\/a>    <a href=\"https:\/\/wpml.enneagraminstitute.com\/es\/relacion-tipo-2-con-tipo-3\/\">2<\/a>    <a href=\"https:\/\/wpml.enneagraminstitute.com\/es\/relacion-tipo-3-con-tipo-3\/\">3<\/a>    <a href=\"https:\/\/wpml.enneagraminstitute.com\/es\/relacion-entre-el-tipo-3-y-el-tipo-4\/\">4<\/a>    <a href=\"https:\/\/wpml.enneagraminstitute.com\/es\/relacion-tipo-3-con-tipo-5\/\">5<\/a>    <a href=\"https:\/\/wpml.enneagraminstitute.com\/es\/relacion-entre-el-tipo-3-y-el-tipo-6\/\">6<\/a>    <a href=\"https:\/\/wpml.enneagraminstitute.com\/es\/tipo-de-relacion-3-con-tipo-7\/\">7<\/a>    <a href=\"https:\/\/wpml.enneagraminstitute.com\/es\/tipo-de-relacion-3-con-tipo-8\/\">8<\/a>    <a href=\"https:\/\/wpml.enneagraminstitute.com\/es\/tipo-de-relacion-3-con-tipo-9\/\">9<\/a><\/h2>\n\n\n\n<hr class=\"wp-block-separator has-alpha-channel-opacity\"\/>\n\n\n\n<h2 class=\"wp-block-heading\" id=\"h-type-4-the-individualist\">Tipo 4 &#8211; El Individualista<\/h2>\n\n\n\n<h2 class=\"wp-block-heading\" id=\"h-1-nbsp-nbsp-nbsp-nbsp-2-nbsp-nbsp-nbsp-nbsp-3-nbsp-nbsp-nbsp-nbsp-4-nbsp-nbsp-nbsp-nbsp-5-nbsp-nbsp-nbsp-nbsp-6-nbsp-nbsp-nbsp-nbsp-7-nbsp-nbsp-nbsp-nbsp-8-nbsp-nbsp-nbsp-nbsp-9-2\"><a href=\"https:\/\/wpml.enneagraminstitute.com\/es\/relacion-tipo-1-con-tipo-4\/\">1<\/a>    <a href=\"https:\/\/wpml.enneagraminstitute.com\/es\/relacion-tipo-2-con-tipo-4\/\">2<\/a>    <a href=\"https:\/\/wpml.enneagraminstitute.com\/es\/relacion-entre-el-tipo-3-y-el-tipo-4\/\">3<\/a>    <a href=\"https:\/\/wpml.enneagraminstitute.com\/es\/relacion-tipo-4-con-tipo-4\/\">4<\/a>    <a href=\"https:\/\/wpml.enneagraminstitute.com\/es\/relacion-entre-el-tipo-4-y-el-tipo-5\/\">5<\/a>    <a href=\"https:\/\/wpml.enneagraminstitute.com\/es\/relacion-tipo-4-con-tipo-6\/\">6<\/a>    <a href=\"https:\/\/wpml.enneagraminstitute.com\/es\/relacion-entre-el-tipo-4-y-el-tipo-7\/\">7<\/a>    <a href=\"https:\/\/wpml.enneagraminstitute.com\/es\/relacion-tipo-4-con-tipo-8\/\">8<\/a>    <a href=\"https:\/\/wpml.enneagraminstitute.com\/es\/relacion-tipo-4-con-tipo-9\/\">9<\/a><\/h2>\n\n\n\n<hr class=\"wp-block-separator has-alpha-channel-opacity\"\/>\n\n\n\n<h2 class=\"wp-block-heading\" id=\"h-type-5-the-investigator\">Tipo 5 &#8211; El Investigador<\/h2>\n\n\n\n<h2 class=\"wp-block-heading\" id=\"h-1-nbsp-nbsp-nbsp-nbsp-2-nbsp-nbsp-nbsp-nbsp-3-nbsp-nbsp-nbsp-nbsp-4-nbsp-nbsp-nbsp-nbsp-5-nbsp-nbsp-nbsp-nbsp-6-nbsp-nbsp-nbsp-nbsp-7-nbsp-nbsp-nbsp-nbsp-8-nbsp-nbsp-nbsp-nbsp-9-3\"><a href=\"https:\/\/wpml.enneagraminstitute.com\/es\/relacion-tipo-1-con-tipo-5\/\">1<\/a>    <a href=\"https:\/\/wpml.enneagraminstitute.com\/es\/relacion-del-tipo-2-con-el-tipo-5\/\">2<\/a>    <a href=\"https:\/\/wpml.enneagraminstitute.com\/es\/relacion-tipo-3-con-tipo-5\/\">3<\/a>    <a href=\"https:\/\/wpml.enneagraminstitute.com\/es\/relacion-entre-el-tipo-4-y-el-tipo-5\/\">4<\/a>    <a href=\"https:\/\/wpml.enneagraminstitute.com\/es\/relacion-tipo-5-con-tipo-5\/\">5<\/a>    <a href=\"https:\/\/wpml.enneagraminstitute.com\/es\/relacion-entre-el-tipo-5-y-el-tipo-6\/\">6<\/a>    <a href=\"https:\/\/wpml.enneagraminstitute.com\/es\/relacion-tipo-5-con-tipo-7\/\">7<\/a>    <a href=\"https:\/\/wpml.enneagraminstitute.com\/es\/relacion-tipo-5-con-tipo-8\/\">8<\/a>    <a href=\"https:\/\/wpml.enneagraminstitute.com\/es\/relacion-del-tipo-5-con-el-tipo-9\/\">9<\/a><\/h2>\n\n\n\n<hr class=\"wp-block-separator has-alpha-channel-opacity\"\/>\n\n\n\n<h2 class=\"wp-block-heading\" id=\"h-type-6-the-loyalist\">Tipo 6 &#8211; El Lealista<\/h2>\n\n\n\n<h2 class=\"wp-block-heading\" id=\"h-1-nbsp-nbsp-nbsp-nbsp-2-nbsp-nbsp-nbsp-nbsp-3-nbsp-nbsp-nbsp-nbsp-4-nbsp-nbsp-nbsp-nbsp-5-nbsp-nbsp-nbsp-nbsp-6-nbsp-nbsp-nbsp-nbsp-7-nbsp-nbsp-nbsp-nbsp-8-nbsp-nbsp-nbsp-nbsp-9-4\"><a href=\"https:\/\/wpml.enneagraminstitute.com\/es\/tipo-de-relacion-1-con-tipo-6\/\">1<\/a>    <a href=\"https:\/\/wpml.enneagraminstitute.com\/es\/relacion-tipo-2-con-tipo-6\/\">2<\/a>    <a href=\"https:\/\/wpml.enneagraminstitute.com\/es\/relacion-entre-el-tipo-3-y-el-tipo-6\/\">3<\/a>    <a href=\"https:\/\/wpml.enneagraminstitute.com\/es\/relacion-tipo-4-con-tipo-6\/\">4<\/a>    <a href=\"https:\/\/wpml.enneagraminstitute.com\/es\/relacion-entre-el-tipo-5-y-el-tipo-6\/\">5<\/a>    <a href=\"https:\/\/wpml.enneagraminstitute.com\/es\/tipo-de-relacion-6-con-tipo-6\/\">6<\/a>    <a href=\"https:\/\/wpml.enneagraminstitute.com\/es\/relacion-tipo-6-con-tipo-7\/\">7<\/a>    <a href=\"https:\/\/wpml.enneagraminstitute.com\/es\/tipo-de-relacion-6-con-tipo-8\/\">8<\/a>    <a href=\"https:\/\/wpml.enneagraminstitute.com\/es\/tipo-de-relacion-6-con-tipo-9\/\">9<\/a><\/h2>\n\n\n\n<hr class=\"wp-block-separator has-alpha-channel-opacity\"\/>\n\n\n\n<h2 class=\"wp-block-heading\" id=\"h-type-7-the-enthusiast\">Tipo 7 &#8211; El Entusiasta<\/h2>\n\n\n\n<h2 class=\"wp-block-heading\" id=\"h-1-nbsp-nbsp-nbsp-nbsp-2-nbsp-nbsp-nbsp-nbsp-3-nbsp-nbsp-nbsp-nbsp-4-nbsp-nbsp-nbsp-nbsp-5-nbsp-nbsp-nbsp-nbsp-6-nbsp-nbsp-nbsp-nbsp-7-nbsp-nbsp-nbsp-nbsp-8-nbsp-nbsp-nbsp-nbsp-nbsp-9\"><a href=\"https:\/\/wpml.enneagraminstitute.com\/es\/relacion-entre-el-tipo-1-y-el-tipo-7\/\">1<\/a>    <a href=\"https:\/\/wpml.enneagraminstitute.com\/es\/relacion-entre-el-tipo-2-y-el-tipo-7\/\">2<\/a>    <a href=\"https:\/\/wpml.enneagraminstitute.com\/es\/tipo-de-relacion-3-con-tipo-7\/\">3<\/a>    <a href=\"https:\/\/wpml.enneagraminstitute.com\/es\/relacion-entre-el-tipo-4-y-el-tipo-7\/\">4<\/a>    <a href=\"https:\/\/wpml.enneagraminstitute.com\/es\/relacion-tipo-5-con-tipo-7\/\">5<\/a>    <a href=\"https:\/\/wpml.enneagraminstitute.com\/es\/relacion-tipo-6-con-tipo-7\/\">6<\/a>    <a href=\"https:\/\/wpml.enneagraminstitute.com\/es\/relacion-tipo-7-con-tipo-7\/\">7<\/a>    <a href=\"https:\/\/wpml.enneagraminstitute.com\/es\/tipo-de-relacion-7-con-tipo-8\/\">8<\/a>     <a href=\"https:\/\/wpml.enneagraminstitute.com\/es\/relacion-tipo-7-con-tipo-9\/\">9<\/a><\/h2>\n\n\n\n<hr class=\"wp-block-separator has-alpha-channel-opacity\"\/>\n\n\n\n<h2 class=\"wp-block-heading\" id=\"h-type-8-the-challenger\">Tipo 8 &#8211; El Desafiador<\/h2>\n\n\n\n<h2 class=\"wp-block-heading\" id=\"h-1-nbsp-nbsp-nbsp-nbsp-2-nbsp-nbsp-nbsp-nbsp-3-nbsp-nbsp-nbsp-nbsp-4-nbsp-nbsp-nbsp-nbsp-5-nbsp-nbsp-nbsp-nbsp-6-nbsp-nbsp-nbsp-nbsp-7-nbsp-nbsp-nbsp-nbsp-8-nbsp-nbsp-nbsp-nbsp-9-5\"><a href=\"https:\/\/wpml.enneagraminstitute.com\/es\/relacion-tipo-1-con-tipo-8\/\">1<\/a>    <a href=\"https:\/\/wpml.enneagraminstitute.com\/es\/relacion-entre-el-tipo-2-y-el-tipo-8\/\">2<\/a>    <a href=\"https:\/\/wpml.enneagraminstitute.com\/es\/tipo-de-relacion-3-con-tipo-8\/\">3<\/a>    <a href=\"https:\/\/wpml.enneagraminstitute.com\/es\/relacion-tipo-4-con-tipo-8\/\">4<\/a>    <a href=\"https:\/\/wpml.enneagraminstitute.com\/es\/relacion-tipo-5-con-tipo-8\/\">5<\/a>    <a href=\"https:\/\/wpml.enneagraminstitute.com\/es\/tipo-de-relacion-6-con-tipo-8\/\">6<\/a>    <a href=\"https:\/\/wpml.enneagraminstitute.com\/es\/tipo-de-relacion-7-con-tipo-8\/\">7<\/a>    <a href=\"https:\/\/wpml.enneagraminstitute.com\/es\/relacion-tipo-8-con-tipo-8\/\">8<\/a>    <a href=\"https:\/\/wpml.enneagraminstitute.com\/es\/relacion-tipo-8-con-tipo-9\/\">9<\/a><\/h2>\n\n\n\n<hr class=\"wp-block-separator has-alpha-channel-opacity\"\/>\n\n\n\n<h2 class=\"wp-block-heading\" id=\"h-type-9-the-peacemaker\">Tipo 9 &#8211; El Pacificador<\/h2>\n\n\n\n<h2 class=\"wp-block-heading\" id=\"h-1-nbsp-nbsp-nbsp-nbsp-2-nbsp-nbsp-nbsp-nbsp-3-nbsp-nbsp-nbsp-nbsp-4-nbsp-nbsp-nbsp-nbsp-5-nbsp-nbsp-nbsp-nbsp-6-nbsp-nbsp-nbsp-nbsp-7-nbsp-nbsp-nbsp-nbsp-8-nbsp-nbsp-nbsp-nbsp-9-6\"><a href=\"https:\/\/wpml.enneagraminstitute.com\/es\/tipo-de-relacion-1-con-tipo-9\/\">1<\/a>    <a href=\"https:\/\/wpml.enneagraminstitute.com\/es\/relacion-tipo-2-con-tipo-9\/\">2<\/a>    <a href=\"https:\/\/wpml.enneagraminstitute.com\/es\/tipo-de-relacion-3-con-tipo-9\/\">3<\/a>    <a href=\"https:\/\/wpml.enneagraminstitute.com\/es\/relacion-tipo-4-con-tipo-9\/\">4<\/a>    <a href=\"https:\/\/wpml.enneagraminstitute.com\/es\/relacion-del-tipo-5-con-el-tipo-9\/\">5<\/a>    <a href=\"https:\/\/wpml.enneagraminstitute.com\/es\/tipo-de-relacion-6-con-tipo-9\/\">6<\/a>    <a href=\"https:\/\/wpml.enneagraminstitute.com\/es\/relacion-tipo-7-con-tipo-9\/\">7<\/a>    <a href=\"https:\/\/wpml.enneagraminstitute.com\/es\/relacion-tipo-8-con-tipo-9\/\">8<\/a>    <a href=\"https:\/\/wpml.enneagraminstitute.com\/es\/tipo-de-relacion-9-con-tipo-9\/\">9<\/a><\/h2>\n\n\r\n\t\t\t<\/div>\r\n\t\t\n\r\n\t\t\t\t<\/div>\r\n\t\t\t<\/div>\r\n\t\t","protected":false},"excerpt":{"rendered":"<p>Traducido con AI<\/p>\n","protected":false},"author":6,"featured_media":0,"parent":0,"menu_order":0,"comment_status":"closed","ping_status":"closed","template":"","meta":{"_acf_changed":false,"footnotes":""},"class_list":["post-2320","page","type-page","status-publish","hentry"],"acf":[],"_links":{"self":[{"href":"https:\/\/wpml.enneagraminstitute.com\/es\/wp-json\/wp\/v2\/pages\/2320","targetHints":{"allow":["GET"]}}],"collection":[{"href":"https:\/\/wpml.enneagraminstitute.com\/es\/wp-json\/wp\/v2\/pages"}],"about":[{"href":"https:\/\/wpml.enneagraminstitute.com\/es\/wp-json\/wp\/v2\/types\/page"}],"author":[{"embeddable":true,"href":"https:\/\/wpml.enneagraminstitute.com\/es\/wp-json\/wp\/v2\/users\/6"}],"replies":[{"embeddable":true,"href":"https:\/\/wpml.enneagraminstitute.com\/es\/wp-json\/wp\/v2\/comments?post=2320"}],"version-history":[{"count":5,"href":"https:\/\/wpml.enneagraminstitute.com\/es\/wp-json\/wp\/v2\/pages\/2320\/revisions"}],"predecessor-version":[{"id":2834,"href":"https:\/\/wpml.enneagraminstitute.com\/es\/wp-json\/wp\/v2\/pages\/2320\/revisions\/2834"}],"wp:attachment":[{"href":"https:\/\/wpml.enneagraminstitute.com\/es\/wp-json\/wp\/v2\/media?parent=2320"}],"curies":[{"name":"wp","href":"https:\/\/api.w.org\/{rel}","templated":true}]}}