{"id":2316,"date":"2024-01-11T20:34:04","date_gmt":"2024-01-11T20:34:04","guid":{"rendered":"https:\/\/wpml.enneagraminstitute.com\/identificacion-erronea-de-4-y-5\/"},"modified":"2025-03-04T16:36:51","modified_gmt":"2025-03-04T16:36:51","slug":"identificacion-erronea-de-4-y-5","status":"publish","type":"page","link":"https:\/\/wpml.enneagraminstitute.com\/es\/identificacion-erronea-de-4-y-5\/","title":{"rendered":"Identificaci\u00f3n err\u00f3nea de 4 y 5"},"content":{"rendered":"<h3 style=\"text-align:center\"> Traducido con AI<\/h3>\r\n\t\t\t<div class='container single-content-layout-layout-block'>\r\n\t\t\t\t<div class='row'>\r\n\t\t\t\t\t\n\r\n\t\t\t<div class='column-block col-12 col-md-10 col-lg-8 offset-lg-1'>\r\n\t\t\t\t\n\n<h1 class=\"wp-block-heading\">Identificaci\u00f3n err\u00f3nea de Cuatros y Cincos<\/h1>\n\n\n\n<hr class=\"wp-block-separator has-alpha-channel-opacity\"\/>\n\n\n\n<p>Los Cuatros y los Cincos pueden asemejarse entre s\u00ed en que ambos son tipos retra\u00eddos (<em>PT<\/em>, 433-36), ambos pueden ser individualistas y exc\u00e9ntricos seg\u00fan los est\u00e1ndares culturales convencionales, y ambos pueden ser altamente creativos. Naturalmente, existe un mayor riesgo de clasificaci\u00f3n err\u00f3nea con los 4w5 y los 5w4. <\/p>\n\n\n\n<p>Los Cincos son m\u00e1s propensos a clasificarse err\u00f3neamente como Cuatros que viceversa, principalmente debido a definiciones simplistas de los tipos. Algunos Cincos han aprendido que los Cuatros est\u00e1n m\u00e1s orientados a los sentimientos, y los Cincos son m\u00e1s intelectuales, y al percibir que tienen sentimientos profundos, presumen que deben ser Cuatros. (Esto es especialmente cierto en el caso de las mujeres Cinco.) Adem\u00e1s, los Cincos a menudo son retratados como cient\u00edficos o ingenieros, mientras que los Cuatros son artistas creativos. De hecho, es cierto que los Cuatros tienen menos probabilidades de ser cient\u00edficos que algunos otros tipos, pero hay tantos Cincos que son artistas como Cuatros, aunque sus estilos son algo diferentes.    <\/p>\n\n\n\n<p>Los Cuatros son ensimismados y emocionalmente vol\u00e1tiles; expresan sus sentimientos de una manera u otra, y necesitan que las personas respondan a ellos de manera emocional. Su trabajo art\u00edstico tiende a ser autobiogr\u00e1fico, basado en sus familias, en relaciones pasadas o no correspondidas, y en el contenido de su experiencia subjetiva. Los Cincos pueden tener sentimientos intensos, pero los comparten con pocas personas. Sus sentimientos tienden a alimentar sus pensamientos y su imaginaci\u00f3n, llev\u00e1ndolos a formas m\u00e1s abstractas o fant\u00e1sticas de expresi\u00f3n creativa. Su trabajo es menos autobiogr\u00e1fico y con mayor frecuencia retrata su visi\u00f3n de la realidad. (\u201c\u00a1Pinto lo que veo!\u201d) Los Cincos tienden a ser m\u00e1s experimentales y extravagantes en su obra art\u00edstica. Aunque ambos tipos pueden explorar la oscuridad personal m\u00e1s a fondo que la mayor\u00eda, los Cuatros tienden a centrarse en sus decepciones en el amor y con sus infancias y el dolor asociado. Los Cincos tienden a centrarse en el vac\u00edo interior y los sentimientos de falta de sentido. Los Cincos est\u00e1n m\u00e1s impulsados a penetrar la superficie de las cosas para comprender, los Cuatros para entrar en contacto con los sentimientos y expresarlos cat\u00e1rticamente. Compare a los Cuatros Ingmar Bergman y Anne Rice con los Cincos David Lynch y Clive Barker.          <\/p>\n\n\r\n\t\t\t<\/div>\r\n\t\t\n\r\n\t\t\t\t<\/div>\r\n\t\t\t<\/div>\r\n\t\t","protected":false},"excerpt":{"rendered":"<p>Traducido con AI<\/p>\n","protected":false},"author":6,"featured_media":0,"parent":0,"menu_order":0,"comment_status":"closed","ping_status":"closed","template":"","meta":{"_acf_changed":false,"footnotes":""},"class_list":["post-2316","page","type-page","status-publish","hentry"],"acf":[],"_links":{"self":[{"href":"https:\/\/wpml.enneagraminstitute.com\/es\/wp-json\/wp\/v2\/pages\/2316","targetHints":{"allow":["GET"]}}],"collection":[{"href":"https:\/\/wpml.enneagraminstitute.com\/es\/wp-json\/wp\/v2\/pages"}],"about":[{"href":"https:\/\/wpml.enneagraminstitute.com\/es\/wp-json\/wp\/v2\/types\/page"}],"author":[{"embeddable":true,"href":"https:\/\/wpml.enneagraminstitute.com\/es\/wp-json\/wp\/v2\/users\/6"}],"replies":[{"embeddable":true,"href":"https:\/\/wpml.enneagraminstitute.com\/es\/wp-json\/wp\/v2\/comments?post=2316"}],"version-history":[{"count":4,"href":"https:\/\/wpml.enneagraminstitute.com\/es\/wp-json\/wp\/v2\/pages\/2316\/revisions"}],"predecessor-version":[{"id":2836,"href":"https:\/\/wpml.enneagraminstitute.com\/es\/wp-json\/wp\/v2\/pages\/2316\/revisions\/2836"}],"wp:attachment":[{"href":"https:\/\/wpml.enneagraminstitute.com\/es\/wp-json\/wp\/v2\/media?parent=2316"}],"curies":[{"name":"wp","href":"https:\/\/api.w.org\/{rel}","templated":true}]}}