{"id":2314,"date":"2024-01-11T20:34:04","date_gmt":"2024-01-11T20:34:04","guid":{"rendered":"https:\/\/wpml.enneagraminstitute.com\/identificacion-erronea-de-3-y-9\/"},"modified":"2025-03-04T16:36:52","modified_gmt":"2025-03-04T16:36:52","slug":"identificacion-erronea-de-3-y-9","status":"publish","type":"page","link":"https:\/\/wpml.enneagraminstitute.com\/es\/identificacion-erronea-de-3-y-9\/","title":{"rendered":"Identificaci\u00f3n err\u00f3nea de 3 y 9"},"content":{"rendered":"<h3 style=\"text-align:center\"> Traducido con AI<\/h3>\r\n\t\t\t<div class='container single-content-layout-layout-block'>\r\n\t\t\t\t<div class='row'>\r\n\t\t\t\t\t\n\r\n\t\t\t<div class='column-block col-12 col-md-10 col-lg-8 offset-lg-1'>\r\n\t\t\t\t\n\n<h1 class=\"wp-block-heading\">Identificaci\u00f3n err\u00f3nea de Tres y Nueve<\/h1>\n\n\n\n<hr class=\"wp-block-separator has-alpha-channel-opacity\"\/>\n\n\n\n<p>Los Tres y los Nueve pueden confundirse entre s\u00ed debido a que ambos son altamente adaptables y ambos pueden estar interesados en obtener la aceptaci\u00f3n de los dem\u00e1s. Aunque no siempre es evidente en el caso de los Tres, ambos tambi\u00e9n pueden tener dificultades para reconocer qui\u00e9nes son o qu\u00e9 es lo que realmente desean. Los Tres tambi\u00e9n pueden asemejarse a los Nueve cuando se mueven hacia el Nueve en su Direcci\u00f3n de Desintegraci\u00f3n, volvi\u00e9ndose m\u00e1s desconectados y desmotivados por sus objetivos habituales.  <\/p>\n\n\n\n<p>Las diferencias entre estos tipos pueden ser bastante pronunciadas. Los Tres son personas altamente motivadas y autosuficientes que se lanzan a los proyectos con la sensaci\u00f3n de que pueden y van a tener \u00e9xito. Est\u00e1n determinados a alcanzar sus metas y tienen dificultades para reducir el ritmo y relajarse. Los Nueve pueden ser altamente competentes en la vida y enormemente exitosos, pero muchos de estos Nueve tienen amigos o c\u00f3nyuges que los mantienen motivados y enfocados en sus objetivos. En general, los Nueve tienen dificultades para hacer cosas buenas para s\u00ed mismos, y les resulta mucho m\u00e1s f\u00e1cil tom\u00e1rselo con calma que a los Tres. Los Tres intentan captar la atenci\u00f3n de las personas que consideran importantes para ellos. Los Nueve son reacios a solicitar atenci\u00f3n y se subestiman f\u00e1cilmente. Los Tres se entusiasman con sus proyectos, los Nueve con su tiempo libre y comodidades. Compare a los Nueve Ronald Reagan y George Lucas con los Tres Bill Clinton y Tony Robbins.        <\/p>\n\n\r\n\t\t\t<\/div>\r\n\t\t\n\r\n\t\t\t\t<\/div>\r\n\t\t\t<\/div>\r\n\t\t","protected":false},"excerpt":{"rendered":"<p>Traducido con AI<\/p>\n","protected":false},"author":6,"featured_media":0,"parent":0,"menu_order":0,"comment_status":"closed","ping_status":"closed","template":"","meta":{"_acf_changed":false,"footnotes":""},"class_list":["post-2314","page","type-page","status-publish","hentry"],"acf":[],"_links":{"self":[{"href":"https:\/\/wpml.enneagraminstitute.com\/es\/wp-json\/wp\/v2\/pages\/2314","targetHints":{"allow":["GET"]}}],"collection":[{"href":"https:\/\/wpml.enneagraminstitute.com\/es\/wp-json\/wp\/v2\/pages"}],"about":[{"href":"https:\/\/wpml.enneagraminstitute.com\/es\/wp-json\/wp\/v2\/types\/page"}],"author":[{"embeddable":true,"href":"https:\/\/wpml.enneagraminstitute.com\/es\/wp-json\/wp\/v2\/users\/6"}],"replies":[{"embeddable":true,"href":"https:\/\/wpml.enneagraminstitute.com\/es\/wp-json\/wp\/v2\/comments?post=2314"}],"version-history":[{"count":4,"href":"https:\/\/wpml.enneagraminstitute.com\/es\/wp-json\/wp\/v2\/pages\/2314\/revisions"}],"predecessor-version":[{"id":2837,"href":"https:\/\/wpml.enneagraminstitute.com\/es\/wp-json\/wp\/v2\/pages\/2314\/revisions\/2837"}],"wp:attachment":[{"href":"https:\/\/wpml.enneagraminstitute.com\/es\/wp-json\/wp\/v2\/media?parent=2314"}],"curies":[{"name":"wp","href":"https:\/\/api.w.org\/{rel}","templated":true}]}}