{"id":2312,"date":"2024-01-11T20:34:04","date_gmt":"2024-01-11T20:34:04","guid":{"rendered":"https:\/\/wpml.enneagraminstitute.com\/relacion-tipo-1-con-tipo-8\/"},"modified":"2025-03-04T16:36:52","modified_gmt":"2025-03-04T16:36:52","slug":"relacion-tipo-1-con-tipo-8","status":"publish","type":"page","link":"https:\/\/wpml.enneagraminstitute.com\/es\/relacion-tipo-1-con-tipo-8\/","title":{"rendered":"Relaci\u00f3n Tipo 1 con Tipo 8"},"content":{"rendered":"<h3 style=\"text-align:center\"> Traducido con AI<\/h3>\r\n\t\t\t<div class='container single-content-layout-layout-block'>\r\n\t\t\t\t<div class='row'>\r\n\t\t\t\t\t\n\r\n\t\t\t<div class='column-block col-12 col-md-10 col-lg-8 offset-lg-1'>\r\n\t\t\t\t\n\n<h1 class=\"wp-block-heading\">Eneagrama Tipo Uno (el Reformador)<br\/><em>con<\/em><br\/>Eneagrama Tipo Ocho (el Desafiante)<\/h1>\n\n\n\n<hr class=\"wp-block-separator has-alpha-channel-opacity\"\/>\n\n\n\n<h2 class=\"wp-block-heading\">Lo que cada tipo aporta a la relaci\u00f3n<\/h2>\n\n\n\n<p>Los Unos y Ochos del Eneagrama comparten una preocupaci\u00f3n com\u00fan por luchar por la verdad y la justicia en su mundo. Ambos suelen sentir (aunque de diferentes maneras y por diferentes razones) que les corresponde oponerse a lo que perciben como injusticia o falsedad. Ambos pueden verse a s\u00ed mismos como gallardos cruzados que protegen a los d\u00e9biles, corrigen los errores y hacen del mundo un lugar mejor. En una relaci\u00f3n, estos dos tipos est\u00e1n orientados a la acci\u00f3n, y si su atenci\u00f3n y energ\u00eda se dirigen particularmente hacia causas sociales, pueden tener un gran efecto en su familia y su comunidad, e incluso en su pa\u00eds o el mundo. Ambos aportan cierta nobleza de visi\u00f3n y un prop\u00f3sito enfocado, practicidad y perseverancia en el apoyo de lo que creen que es correcto. Ambos est\u00e1n dispuestos a sacrificar mucho para hacer lo que creen que debe hacerse. Para ambos, la equidad es de importancia central. (Los Unos aportan un sentido de verdad y justicia absoluta o ideal, mientras que los Ochos aportan un enfoque m\u00e1s pr\u00e1ctico e inmediato a estos conceptos.)       <\/p>\n\n\n\n<p>La combinaci\u00f3n puede ser muy poderosa: logran cosas con un sentido claro de prop\u00f3sito y misi\u00f3n personal. Ambos son decisivos y directos, aunque los Ochos aportan una pasi\u00f3n y un entusiasmo que contrarresta el autocontrol y la propiedad de los Unos. Los Unos pueden encontrar a los Ochos emocionantes, f\u00edsicos y terrenales, todas las cosas que ellos reprimen en s\u00ed mismos. Por lo tanto, puede haber una fuerte atracci\u00f3n por ambas partes. Adem\u00e1s, los Ochos reconocen que los Unos son tan obstinados y determinados como ellos: no pueden influenciarlos o dominarlos f\u00e1cilmente. Los Ochos, por lo tanto, admiran su convicci\u00f3n y se sienten atra\u00eddos por el desaf\u00edo de acercarse a los Unos. En muchos aspectos, estos dos tipos son opuestos -el pirata y el maestro de escuela- aunque ambos podr\u00edan aprender mucho del otro, si est\u00e1n dispuestos a escuchar a alguien con valores, reacciones y formas de hacer las cosas tan diferentes.      <\/p>\n\n\n\n<hr class=\"wp-block-separator has-alpha-channel-opacity\"\/>\n\n\n\n<h2 class=\"wp-block-heading\">Potenciales puntos problem\u00e1ticos o conflictos<\/h2>\n\n\n\n<p>Lo que separa a los Unos y a los Ochos es a menudo lo mismo que los atrajo en primer lugar: cu\u00e1n diferentes son el uno del otro, como el fuego y el hielo. Esta es una pareja rom\u00e1ntica relativamente poco com\u00fan; es m\u00e1s f\u00e1cil para ellos ser amigos o colegas que vivir \u00edntimamente juntos. Ambos quieren estar a cargo; ambos quieren lograr algo significativo, pero tienden a discrepar sobre los medios a emplear. Los Unos tienden a ser autocontrolados y reservados en sus expresiones personales y m\u00e9todos de hacer las cosas. Se negar\u00e1n el placer de actuar seg\u00fan sus verdaderos deseos e impulsos si est\u00e1n convencidos de que algo que quieren no es correcto seg\u00fan sus convicciones morales. Aunque pueden admirar la audacia y la picard\u00eda de los Ochos y su aparente facilidad para ir tras lo que quieren, los Unos finalmente comienzan a trazar una l\u00ednea si ven que los Ochos van demasiado lejos en la b\u00fasqueda de su propio inter\u00e9s. Los Unos pueden empezar a considerar a los Ochos como ego\u00edstas, insensibles, agresivos y moralmente corruptos. Pueden admirar la bravuconer\u00eda del forajido, pero aborrecer a d\u00f3nde les conduce y cu\u00e1nto caos y destrucci\u00f3n crea a su paso. Los Unos pueden comenzar a ver a los Ochos como groseros, poco confiables y violentos.        <\/p>\n\n\n\n<p>Por otro lado, los Ochos ven a los Unos como hip\u00f3critas que predican una cosa p\u00fablicamente mientras hacen lo contrario en privado. Ven a los Unos como r\u00edgidos, santurrones, quisquillosos y totalmente irrealistas sobre c\u00f3mo funciona el mundo. Los Ochos a menudo quieren hacer cosas m\u00e1s escandalosas solo para provocar la apoplej\u00eda moralmente sentenciosa del Uno: ambos responden con ira antes de reconocer el dolor o el miedo. Ambos pueden adoptar posiciones r\u00edgidas y sentir que no pueden retroceder. A menudo pueden surgir discusiones violentas a medida que la relaci\u00f3n se desintegra en ataques personales. Esta es una relaci\u00f3n que es mucho m\u00e1s dif\u00edcil de reparar una vez que se ha cruzado cierto umbral de abuso.     <\/p>\n\n\n\n<p>Para una mayor comprensi\u00f3n sobre esta combinaci\u00f3n de tipos, lea m\u00e1s sobre la <a href=\"https:\/\/wpml.enneagraminstitute.com\/es\/como-funciona-el-sistema-del-eneagrama\/\">Flecha de Estr\u00e9s<\/a> y c\u00f3mo los tipos <a href=\"https:\/\/wpml.enneagraminstitute.com\/es\/eneagrama-tipo-1-el-reformador\/\">Uno<\/a> y <a href=\"https:\/\/wpml.enneagraminstitute.com\/es\/eneagrama-tipo-8-el-desafiante\/\">O<\/a><a href=\"https:\/\/wpml.enneagraminstitute.com\/es\/eneagrama-tipo-8-el-desafiante\/\">cho <\/a>se comportan cuando se mueven a lo largo de ella.<\/p>\n\n\r\n\t\t\t<\/div>\r\n\t\t\n\r\n\t\t\t\t<\/div>\r\n\t\t\t<\/div>\r\n\t\t","protected":false},"excerpt":{"rendered":"<p>Traducido con AI<\/p>\n","protected":false},"author":6,"featured_media":0,"parent":0,"menu_order":0,"comment_status":"closed","ping_status":"closed","template":"","meta":{"_acf_changed":false,"footnotes":""},"class_list":["post-2312","page","type-page","status-publish","hentry"],"acf":[],"_links":{"self":[{"href":"https:\/\/wpml.enneagraminstitute.com\/es\/wp-json\/wp\/v2\/pages\/2312","targetHints":{"allow":["GET"]}}],"collection":[{"href":"https:\/\/wpml.enneagraminstitute.com\/es\/wp-json\/wp\/v2\/pages"}],"about":[{"href":"https:\/\/wpml.enneagraminstitute.com\/es\/wp-json\/wp\/v2\/types\/page"}],"author":[{"embeddable":true,"href":"https:\/\/wpml.enneagraminstitute.com\/es\/wp-json\/wp\/v2\/users\/6"}],"replies":[{"embeddable":true,"href":"https:\/\/wpml.enneagraminstitute.com\/es\/wp-json\/wp\/v2\/comments?post=2312"}],"version-history":[{"count":8,"href":"https:\/\/wpml.enneagraminstitute.com\/es\/wp-json\/wp\/v2\/pages\/2312\/revisions"}],"predecessor-version":[{"id":2838,"href":"https:\/\/wpml.enneagraminstitute.com\/es\/wp-json\/wp\/v2\/pages\/2312\/revisions\/2838"}],"wp:attachment":[{"href":"https:\/\/wpml.enneagraminstitute.com\/es\/wp-json\/wp\/v2\/media?parent=2312"}],"curies":[{"name":"wp","href":"https:\/\/api.w.org\/{rel}","templated":true}]}}