{"id":2308,"date":"2024-01-11T20:34:04","date_gmt":"2024-01-11T20:34:04","guid":{"rendered":"https:\/\/wpml.enneagraminstitute.com\/eneagrama-tipo-2-el-ayudante\/"},"modified":"2025-03-04T16:36:53","modified_gmt":"2025-03-04T16:36:53","slug":"eneagrama-tipo-2-el-ayudante","status":"publish","type":"page","link":"https:\/\/wpml.enneagraminstitute.com\/es\/eneagrama-tipo-2-el-ayudante\/","title":{"rendered":"Eneagrama Tipo 2: El Ayudante"},"content":{"rendered":"<h3 style=\"text-align:center\"> Traducido con AI<\/h3>\r\n\t\t\t<div class='container single-content-layout-layout-block'>\r\n\t\t\t\t<div class='row'>\r\n\t\t\t\t\t\n\r\n\t\t\t<div class='column-block col-12 col-md-10 col-lg-8 offset-lg-1'>\r\n\t\t\t\t\n\n<h1 class=\"wp-block-heading\" id=\"h-enneagram-type-2-the-helper\">Eneagrama Tipo 2: EL AYUDANTE<\/h1>\n\n\n\n<p>El Tipo Afectuoso e Interpersonal:<br\/>Generoso, Demostrativo, Complaciente y Posesivo<\/p>\n\n\n<div class=\"wp-block-image\">\n<figure class=\"aligncenter size-full\" id=\"yui_3_17_2_1_1705612306107_87\"><img loading=\"lazy\" decoding=\"async\" width=\"300\" height=\"192\" src=\"https:\/\/wpml.enneagraminstitute.com\/wp-content\/uploads\/2025\/08\/49_image-asset.png\" alt=\"Eneagrama Tipo 2\" class=\"wp-image-1853\"\/><\/figure>\n<\/div>\n\n\n<hr class=\"wp-block-separator has-alpha-channel-opacity\"\/>\n\n\n\n<h2 class=\"wp-block-heading\" id=\"h-enneagram-type-2-in-brief\">Eneagrama Tipo 2 en Breve<\/h2>\n\n\n\n<p>Los Dos son emp\u00e1ticos, sinceros y cordiales. Son amistosos, generosos y abnegados, pero tambi\u00e9n pueden ser sentimentales, aduladores y complacientes. Son bien intencionados y motivados a estar cerca de los dem\u00e1s, pero pueden caer en hacer cosas por otros para sentirse necesitados. T\u00edpicamente tienen problemas con la posesividad y con reconocer sus propias necesidades. <em>En su Mejor momento<\/em>: son desinteresados y altruistas, tienen un amor incondicional por los dem\u00e1s.   <\/p>\n\n\n\n<ul class=\"wp-block-list\">\n<li><strong>Temor B\u00e1sico:<\/strong> Ser no deseado, indigno de ser amado<\/li>\n\n\n\n<li><strong>Deseo B\u00e1sico:<\/strong> Sentirse amado<\/li>\n\n\n\n<li><strong>Eneagrama Dos con Ala Uno:<\/strong> \u201cEl Servidor\u201d<\/li>\n\n\n\n<li><strong>Eneagrama Dos con Ala Tres:<\/strong> \u201cEl Anfitri\u00f3n\/La Anfitriona\u201d<\/li>\n<\/ul>\n\n\n\n<p><strong>Motivaciones Clave:<\/strong> Desean ser amados, expresar sus sentimientos hacia los dem\u00e1s, ser necesitados y apreciados, lograr que otros respondan a ellos, reivindicar sus afirmaciones sobre s\u00ed mismos.<\/p>\n\n\n\n<h3 class=\"wp-block-heading\" id=\"h-the-meaning-of-the-arrows-in-brief\">El Significado de las Flechas (en breve)<\/h3>\n\n\n\n<p>Cuando se mueven en su Direcci\u00f3n de Desintegraci\u00f3n (estr\u00e9s), los Dos necesitados repentinamente se vuelven agresivos y dominantes como el <a href=\"https:\/\/wpml.enneagraminstitute.com\/es\/eneagrama-tipo-8-el-desafiante\/\">Ocho<\/a>. Sin embargo, cuando se mueven en su Direcci\u00f3n de Integraci\u00f3n (crecimiento), los Dos orgullosos y autoenga\u00f1ados se vuelven m\u00e1s autonutritivos y emocionalmente conscientes, como los <a href=\"https:\/\/wpml.enneagraminstitute.com\/es\/eneagrama-tipo-4-el-individualista\/\">Cuatro<\/a> saludables. <a href=\"https:\/\/wpml.enneagraminstitute.com\/es\/como-funciona-el-sistema-del-eneagrama\/\">Aprenda m\u00e1s sobre las flechas.<\/a> <\/p>\n\n\n\n<p><strong>Ejemplos:<\/strong> Paramahansa Yogananda, Papa Juan XXIII, Guru Ammaji (\u201cLa Santa de los Abrazos\u201d), Byron Katie, Obispo Desmond Tutu, Eleanor Roosevelt, Nancy Reagan, Monica Lewinsky, Ann Landers, Mary Kay Ash (Mary Kay Cosmetics), Leo Buscaglia, Richard Simmons, Luciano Pavarotti, John Denver, Lionel Richie, Stevie Wonder, Barry Manilow, Dolly Parton, Josh Groban, M\u00fasica de Journey, Bobby McFerrin, Kenny G, Paula Abdul, Priscilla Presley, Elizabeth Taylor, Danny Thomas, Martin Sheen, Jennifer Tilly, Danny Glover, Richard Thomas \u201cJohn Boy Walton,\u201d Juliette Binoche, Arsenio Hall, Timothy Treadwell \u201cGrizzly Man,\u201d \u201cMelanie Hamilton Wilkes\u201d (Lo que el viento se llev\u00f3), \u201cEve Harrington\u201d (Eva al desnudo), \u201cDr. McCoy\u201d (Star Trek)<\/p>\n\n\n\n<hr class=\"wp-block-separator has-alpha-channel-opacity\"\/>\n\n\n\n<h2 class=\"wp-block-heading\" id=\"h-enneagram-type-2-overview\">Visi\u00f3n General del Eneagrama Tipo 2<\/h2>\n\n\n\n<p>Hemos denominado al tipo de personalidad Dos <em>El Ayudante<\/em> porque las personas de este tipo son o bien las m\u00e1s genuinamente serviciales con otras personas o, cuando est\u00e1n menos saludables, las m\u00e1s interesadas en <em>verse a s\u00ed mismas<\/em> como serviciales. Ser generosos y hacer esfuerzos por los dem\u00e1s hace que los Dos sientan que la suya es la forma de vida m\u00e1s rica y significativa. El amor y la preocupaci\u00f3n que sienten \u2014y el bien genuino que hacen\u2014 calienta sus corazones y les hace sentir valiosos. Los Dos est\u00e1n m\u00e1s interesados en lo que consideran las cosas \u201crealmente, realmente buenas\u201d de la vida: amor, cercan\u00eda, compartir, familia y amistad.   <\/p>\n\n\n\n<p>Louise es una ministra que comparte la alegr\u00eda que encuentra en ser un Dos.<\/p>\n\n\n\n<blockquote class=\"wp-block-quote is-layout-flow wp-block-quote-is-layout-flow\">\n<p><q id=\"q-first-1\">No puedo imaginarme siendo de otro tipo y no querr\u00eda ser de otro tipo. Me gusta estar involucrada en las vidas de las personas. Me gusta sentirme compasiva, cari\u00f1osa, nutricia. Me gusta cocinar y hacer tareas dom\u00e9sticas. Me gusta tener la confianza de que cualquiera puede contarme cualquier cosa sobre s\u00ed mismo y yo ser\u00e9 capaz de amarlo&#8230; Estoy realmente orgullosa de m\u00ed misma y me amo por ser capaz de estar con las personas donde est\u00e1n. Realmente puedo, y lo hago, amar a las personas, las mascotas y las cosas. \u00a1Y soy una excelente cocinera!<\/q><\/p>\n<\/blockquote>\n\n\n\n<p>Cuando los Dos est\u00e1n saludables y equilibrados, realmente son amorosos, serviciales, generosos y considerados. Las personas se sienten atra\u00eddas hacia ellos como las abejas a la miel. Los Dos saludables calientan a los dem\u00e1s en el resplandor de sus corazones. Animan a otros con su aprecio y atenci\u00f3n, ayudando a las personas a ver cualidades positivas en s\u00ed mismas que no hab\u00edan reconocido previamente. En resumen, los Dos saludables son la personificaci\u00f3n de \u201cel buen padre\u201d que todos desear\u00edan haber tenido: alguien que los ve como son, los comprende con inmensa compasi\u00f3n, los ayuda y anima con paciencia infinita, y siempre est\u00e1 dispuesto a echar una mano, mientras sabe precisamente c\u00f3mo y cu\u00e1ndo dejar ir. Los Dos saludables abren nuestros corazones porque los suyos ya est\u00e1n tan abiertos y nos muestran el camino para ser m\u00e1s profunda y ricamente humanos.     <\/p>\n\n\n\n<p>Louise contin\u00faa:<\/p>\n\n\n\n<blockquote class=\"wp-block-quote is-layout-flow wp-block-quote-is-layout-flow\">\n<p>\u201cTodos mis empleos giraban en torno a ayudar a las personas. Fui docente con el deseo de ser sensible a los ni\u00f1os y ayudarles a tener un buen comienzo. Fui directora de educaci\u00f3n religiosa en varias parroquias. Pensaba que si las personas aprend\u00edan sobre la vida espiritual, ser\u00edan m\u00e1s felices&#8230; La parte m\u00e1s importante de mi vida es mi vida espiritual. Estuve en una comunidad religiosa durante diez a\u00f1os. Me cas\u00e9 con un ex sacerdote, y ambos tenemos nuestra espiritualidad como base de nuestra vida en com\u00fan.\u201d<\/p>\n<\/blockquote>\n\n\n\n<p>No obstante, el desarrollo interno de los Dos puede verse limitado por su <q id=\"q-first-1\">lado oscuro<\/q>: el orgullo, el autoenga\u00f1o, la tendencia a involucrarse excesivamente en las vidas ajenas y la propensi\u00f3n a manipular a otros para satisfacer sus propias necesidades emocionales. El trabajo transformacional implica adentrarse en los aspectos oscuros de nosotros mismos, lo cual va en contra de la estructura de personalidad del Dos, que prefiere verse a s\u00ed mismo \u00fanicamente en los t\u00e9rminos m\u00e1s positivos y halag\u00fce\u00f1os. <\/p>\n\n\n\n<p>Quiz\u00e1s el mayor obst\u00e1culo que enfrentan los Dos, los Tres y los Cuatro en su trabajo interno es tener que afrontar el miedo subyacente de su Centro: la falta de val\u00eda. Bajo la superficie, los tres tipos temen carecer de valor intr\u00ednseco, por lo que deben ser o hacer algo extraordinario para ganar el amor y la aceptaci\u00f3n de los dem\u00e1s. En los niveles promedio a insalubres, los Dos presentan una imagen falsa de ser completamente generosos y desinteresados, y de no desear ning\u00fan tipo de recompensa para s\u00ed mismos, cuando en realidad pueden albergar enormes expectativas y necesidades emocionales no reconocidas.  <\/p>\n\n\n\n<p>Los Dos promedio a insalubres <em>buscan la validaci\u00f3n de su val\u00eda obedeciendo las exigencias de su supery\u00f3 de sacrificarse por los dem\u00e1s.<\/em> Creen que siempre deben anteponer a los otros y ser amorosos y desinteresados si desean recibir amor. El problema es que <q id=\"q-first-1\">anteponer a los dem\u00e1s<\/q> genera en los Dos una ira y un resentimiento secretos, sentimientos que se esfuerzan por reprimir o negar. Sin embargo, estos eventualmente estallan de diversas formas, perturbando las relaciones de los Dos y revelando la falta de autenticidad de muchas de las afirmaciones que los Dos promedio a insalubres hacen sobre s\u00ed mismos y sobre la profundidad de su <q id=\"q-first-2\">amor<\/q>.  <\/p>\n\n\n\n<p>No obstante, en el rango saludable, el panorama es completamente diferente. Mi propia abuela materna (la de Don) era una Dos arquet\u00edpica. Durante la Segunda Guerra Mundial, ella fue la <q id=\"q-first-1\">Mam\u00e1<\/q> de lo que parec\u00eda ser la mitad de la Base de la Fuerza A\u00e9rea Keesler en Biloxi, Mississippi, alimentando a los muchachos, permitiendo que su hogar fuera utilizado como un <q id=\"q-first-2\">hogar lejos del hogar<\/q>, brindando consejos y consuelo a cualquiera que se sintiera solo o temeroso de ir a la guerra. Aunque ella y su esposo no eran acaudalados y ten\u00edan dos hijos adolescentes propios, cocinaba comidas adicionales para los militares, los alojaba por la noche y se aseguraba de que sus uniformes tuvieran todos los botones y estuvieran bien planchados. Vivi\u00f3 hasta los 80 a\u00f1os, recordando aquellos a\u00f1os como los m\u00e1s felices y satisfactorios de su vida, probablemente porque sus capacidades saludables de Dos estaban tan plena y ricamente comprometidas.    <\/p>\n\n\n\n<p>(de <a href=\"\/store\"><em>La Sabidur\u00eda del Eneagrama<\/em><\/a>, p. 127-128)<\/p>\n\n\n\n<hr class=\"wp-block-separator has-alpha-channel-opacity\"\/>\n\n\n\n<h2 class=\"wp-block-heading\" id=\"h-type-two-levels-of-development\">Tipo Dos\u2014Niveles de Desarrollo<\/h2>\n\n\n\n<p><strong>Niveles Saludables<\/strong><\/p>\n\n\n\n<p><strong>Nivel 1 (En su mejor momento):<\/strong> Se vuelven profundamente desinteresados, humildes y altruistas: ofreciendo amor incondicional a s\u00ed mismos y a los dem\u00e1s. Sienten que es un privilegio estar en las vidas de otros. <\/p>\n\n\n\n<p><strong>Nivel 2:<\/strong> Emp\u00e1ticos, compasivos, sintiendo por los dem\u00e1s. Atentos y preocupados por sus necesidades. Considerados, afectuosos, indulgentes y sinceros.  <\/p>\n\n\n\n<p><strong>Nivel 3:<\/strong> Alentadores y apreciativos, capaces de ver lo bueno en los dem\u00e1s. El servicio es importante, pero tambi\u00e9n se cuidan a s\u00ed mismos: son nutricios, generosos y dadivosos\u2014una persona verdaderamente amorosa. <\/p>\n\n\n\n<p><strong>Niveles Promedio<\/strong><\/p>\n\n\n\n<p><strong>Nivel 4:<\/strong> Desean estar m\u00e1s cerca de los dem\u00e1s, por lo que comienzan a \u201ccomplacer a la gente\u201d, volvi\u00e9ndose excesivamente amigables, emocionalmente demostrativos y llenos de \u201cbuenas intenciones\u201d sobre todo. Brindan atenci\u00f3n seductora: aprobaci\u00f3n, \u201chalagos\u201d, adulaci\u00f3n. El amor es su valor supremo, y hablan constantemente de ello.  <\/p>\n\n\n\n<p><strong>Nivel 5:<\/strong> Se vuelven excesivamente \u00edntimos e intrusivos: necesitan ser necesitados, por lo que revolotean, se entrometen y controlan en nombre del amor. Quieren que otros dependan de ellos: dan, pero esperan una retribuci\u00f3n: env\u00edan mensajes contradictorios. Envolventes y posesivos: la persona codependiente y auto-sacrificada que no puede hacer suficiente por los dem\u00e1s\u2014agot\u00e1ndose por todos, creando necesidades para ellos mismos que satisfacer.  <\/p>\n\n\n\n<p><strong>Nivel 6:<\/strong> Cada vez m\u00e1s engre\u00eddos y autosatisfechos, sienten que son indispensables, aunque sobrevaloran sus esfuerzos en beneficio de los dem\u00e1s. Hipocondr\u00eda, convirti\u00e9ndose en un <q id=\"q-first-1\">m\u00e1rtir<\/q> por los dem\u00e1s. Autoritarios, condescendientes, presuntuosos.  <\/p>\n\n\n\n<p><strong>Niveles Insalubres<\/strong><\/p>\n\n\n\n<p><strong>Nivel 7:<\/strong> Pueden ser manipuladores y ego\u00edstas, infundiendo culpa al decirles a otros cu\u00e1nto les deben y haci\u00e9ndoles sufrir. Abusan de la comida y la medicaci\u00f3n para \u201creprimir sentimientos\u201d y obtener simpat\u00eda. Socavan a las personas, haciendo comentarios despectivos y menospreciativos. Son extremadamente autoenga\u00f1osos sobre sus motivos y sobre cu\u00e1n agresivo y\/o ego\u00edsta es su comportamiento.   <\/p>\n\n\n\n<p><strong>Nivel 8:<\/strong> Dominantes y coercitivos: se sienten con derecho a obtener todo lo que desean de los dem\u00e1s: el pago de deudas antiguas, dinero, favores sexuales.<\/p>\n\n\n\n<p><strong>Nivel 9:<\/strong> Capaces de excusar y racionalizar lo que hacen, ya que se sienten abusados y victimizados por otros y est\u00e1n amargamente resentidos y enojados. La somatizaci\u00f3n de sus agresiones resulta en problemas de salud cr\u00f3nicos mientras se vindican \u201cdesmoron\u00e1ndose\u201d y siendo una carga para los dem\u00e1s. Generalmente corresponde al Trastorno de Personalidad Histri\u00f3nico y al Trastorno Facticio.  <\/p>\n\n\n\n<hr class=\"wp-block-separator has-alpha-channel-opacity\"\/>\n\n\n\n<h2 class=\"wp-block-heading\" id=\"h-compatibility-with-other-types\">Compatibilidad con Otros Tipos<\/h2>\n\n\n\n<h3 class=\"wp-block-heading\" id=\"h-type-2-in-relationship-with-type\">Tipo 2 en relaci\u00f3n con el tipo:<\/h3>\n\n\n\n<h3 class=\"wp-block-heading\" id=\"h-1-2-3-4-5-6-7-8-9\"><a href=\"https:\/\/wpml.enneagraminstitute.com\/es\/relacion-entre-el-tipo-1-y-el-tipo-2\/\">1<\/a>    <a href=\"https:\/\/wpml.enneagraminstitute.com\/es\/relacion-entre-tipo-2-y-tipo-2\/\">2<\/a>     <a href=\"https:\/\/wpml.enneagraminstitute.com\/es\/relacion-tipo-2-con-tipo-3\/\">3<\/a>     <a href=\"https:\/\/wpml.enneagraminstitute.com\/es\/relacion-tipo-2-con-tipo-4\/\">4<\/a>      <a href=\"https:\/\/wpml.enneagraminstitute.com\/es\/relacion-del-tipo-2-con-el-tipo-5\/\">5<\/a>      <a href=\"https:\/\/wpml.enneagraminstitute.com\/es\/relacion-tipo-2-con-tipo-6\/\">6<\/a>      <a href=\"https:\/\/wpml.enneagraminstitute.com\/es\/relacion-entre-el-tipo-2-y-el-tipo-7\/\">7<\/a>     <a href=\"https:\/\/wpml.enneagraminstitute.com\/es\/relacion-entre-el-tipo-2-y-el-tipo-8\/\">8<\/a>     <a href=\"https:\/\/wpml.enneagraminstitute.com\/es\/relacion-tipo-2-con-tipo-9\/\">9<\/a><\/h3>\n\n\n\n<hr class=\"wp-block-separator has-alpha-channel-opacity\"\/>\n\n\n\n<h2 class=\"wp-block-heading\" id=\"h-misidentification-with-other-types\">Identificaci\u00f3n Err\u00f3nea con Otros Tipos<\/h2>\n\n\n\n<h3 class=\"wp-block-heading\" id=\"h-type-2-compared-with-type\">Tipo 2 comparado con el tipo:<\/h3>\n\n\n\n<h3 class=\"wp-block-heading\" id=\"h-1-3-4-5-6-7-8-9\"><a href=\"https:\/\/wpml.enneagraminstitute.com\/es\/identificacion-erronea-de-1-y-2\/\">1<\/a>    <a href=\"https:\/\/wpml.enneagraminstitute.com\/es\/identificacion-erronea-de-2-y-3\/\">3<\/a>     <a href=\"https:\/\/wpml.enneagraminstitute.com\/es\/identificacion-erronea-de-2-y-4\/\">4<\/a>      <a href=\"https:\/\/wpml.enneagraminstitute.com\/es\/identificacion-erronea-de-2-y-5\/\">5<\/a>      <a href=\"https:\/\/wpml.enneagraminstitute.com\/es\/confusion-en-la-identificacion-del-2-y-el-6\/\">6<\/a>      <a href=\"https:\/\/wpml.enneagraminstitute.com\/es\/identificacion-erronea-de-2-y-7\/\">7<\/a>     <a href=\"https:\/\/wpml.enneagraminstitute.com\/es\/confusion-entre-2-y-8\/\">8<\/a>     <a href=\"https:\/\/wpml.enneagraminstitute.com\/es\/identificacion-erronea-de-2-y-9\/\">9<\/a><\/h3>\n\n\n\n<hr class=\"wp-block-separator has-alpha-channel-opacity\"\/>\n\n\n\n<h2 class=\"wp-block-heading\" id=\"h-addictions\">Adicciones<\/h2>\n\n\n\n<p>Abuso de alimentos y medicamentos de venta libre. Atracones, especialmente de dulces y carbohidratos. Comer en exceso por sentirse \u201cfaltos de amor;\u201d en casos extremos, bulimia. Hipocondr\u00eda para buscar simpat\u00eda.    <\/p>\n\n\n\n<hr class=\"wp-block-separator has-alpha-channel-opacity\"\/>\n\n\n\n<h2 class=\"wp-block-heading\" id=\"h-personal-growth-recommendations-for-enneagram-type-twos\">Recomendaciones de Crecimiento Personal<br\/>para el Tipo Dos del Eneagrama<\/h2>\n\n\n\n<ul class=\"wp-block-list\">\n<li>En primer lugar y ante todo, recuerde que si no est\u00e1 atendiendo sus propias necesidades, es altamente improbable que pueda satisfacer las necesidades de alguien m\u00e1s sin problemas, resentimientos subyacentes y frustraci\u00f3n continua. Adem\u00e1s, estar\u00e1 menos capacitado para responder a las personas de manera equilibrada si no ha descansado adecuadamente y no se ha cuidado apropiadamente. No es ego\u00edsta asegurarse de estar bien antes de atender las necesidades de los dem\u00e1s; es simplemente sentido com\u00fan.  <\/li>\n\n\n\n<li>Intente ser m\u00e1s consciente de sus propios motivos cuando decide ayudar a alguien. Si bien hacer cosas buenas por las personas es ciertamente un rasgo admirable, cuando lo hace porque espera que la otra persona lo aprecie o haga algo agradable por usted a cambio, se est\u00e1 preparando para decepciones. Su tipo tiene un peligro real de caer en patrones codependientes inconscientes con sus seres queridos, y casi nunca le brindan lo que realmente desea.  <\/li>\n\n\n\n<li>Aunque hay muchas cosas que podr\u00eda querer hacer por las personas, a menudo es mejor preguntarles primero qu\u00e9 es lo que realmente necesitan. Usted tiene el don de intuir con precisi\u00f3n los sentimientos y necesidades de los dem\u00e1s, pero eso no significa necesariamente que quieran que usted satisfaga esas necesidades de la manera que tiene en mente. Comunique sus intenciones y est\u00e9 dispuesto a aceptar un <q id=\"q-first-1\">no, gracias.<\/q> Que alguien decida que no quiere su oferta particular de ayuda no significa que le desagrade o lo est\u00e9 rechazando.   <\/li>\n\n\n\n<li>Resista la tentaci\u00f3n de llamar la atenci\u00f3n sobre usted mismo y sus buenas obras. Despu\u00e9s de haber hecho algo por los dem\u00e1s, no se lo recuerde. D\u00e9jelo estar: o bien recordar\u00e1n su amabilidad por s\u00ed mismos y le agradecer\u00e1n a su manera, o no lo har\u00e1n. Llamar la atenci\u00f3n sobre lo que ha hecho por ellos solo pone a las personas en una situaci\u00f3n inc\u00f3moda y las hace sentir intranquilas. No satisfar\u00e1 a nadie ni mejorar\u00e1 sus relaciones.    <\/li>\n\n\n\n<li>Aprenda a reconocer el afecto y los buenos deseos de los dem\u00e1s, incluso cuando estos no est\u00e9n expresados en t\u00e9rminos que le resulten familiares. Aunque otros no expresen sus sentimientos de la manera que usted desea, pueden estar haci\u00e9ndole saber de otras formas cu\u00e1nto se preocupan por usted. Si puede reconocer lo que los dem\u00e1s <em>est\u00e1n<\/em> d\u00e1ndole, descansar\u00e1 m\u00e1s f\u00e1cilmente en el conocimiento de que realmente es amado. El amor siempre est\u00e1 disponible, pero solo en la medida en que estemos presentes y, por lo tanto, receptivos a \u00e9l.   <\/li>\n<\/ul>\n\n\n\n<hr class=\"wp-block-separator has-alpha-channel-opacity\"\/>\n\n\n\n<h2 class=\"wp-block-heading\" id=\"h-learn-more\">Aprender M\u00e1s<\/h2>\n\n\n\n<p>Los <a href=\"\/store\">libros de Riso-Hudson<\/a> ofrecen las descripciones de tipos m\u00e1s completas disponibles en cualquier parte. <a href=\"\/store\"><em>Personality Types<\/em><\/a> es el tratamiento m\u00e1s completo, profundo y sistem\u00e1tico de los nueve tipos y del sistema del Eneagrama en su conjunto, y <a href=\"\/store\"><em>The Wisdom of the Enneagram<\/em><\/a> proporciona la gu\u00eda integral para el crecimiento psicol\u00f3gico y espiritual de los nueve tipos de personalidad.<\/p>\n\n\r\n\t\t\t<\/div>\r\n\t\t\n\r\n\t\t\t\t<\/div>\r\n\t\t\t<\/div>\r\n\t\t","protected":false},"excerpt":{"rendered":"<p>Traducido con AI<\/p>\n","protected":false},"author":6,"featured_media":0,"parent":0,"menu_order":0,"comment_status":"closed","ping_status":"closed","template":"","meta":{"_acf_changed":false,"footnotes":""},"class_list":["post-2308","page","type-page","status-publish","hentry"],"acf":[],"_links":{"self":[{"href":"https:\/\/wpml.enneagraminstitute.com\/es\/wp-json\/wp\/v2\/pages\/2308","targetHints":{"allow":["GET"]}}],"collection":[{"href":"https:\/\/wpml.enneagraminstitute.com\/es\/wp-json\/wp\/v2\/pages"}],"about":[{"href":"https:\/\/wpml.enneagraminstitute.com\/es\/wp-json\/wp\/v2\/types\/page"}],"author":[{"embeddable":true,"href":"https:\/\/wpml.enneagraminstitute.com\/es\/wp-json\/wp\/v2\/users\/6"}],"replies":[{"embeddable":true,"href":"https:\/\/wpml.enneagraminstitute.com\/es\/wp-json\/wp\/v2\/comments?post=2308"}],"version-history":[{"count":6,"href":"https:\/\/wpml.enneagraminstitute.com\/es\/wp-json\/wp\/v2\/pages\/2308\/revisions"}],"predecessor-version":[{"id":2840,"href":"https:\/\/wpml.enneagraminstitute.com\/es\/wp-json\/wp\/v2\/pages\/2308\/revisions\/2840"}],"wp:attachment":[{"href":"https:\/\/wpml.enneagraminstitute.com\/es\/wp-json\/wp\/v2\/media?parent=2308"}],"curies":[{"name":"wp","href":"https:\/\/api.w.org\/{rel}","templated":true}]}}