{"id":2306,"date":"2024-01-11T20:34:04","date_gmt":"2024-01-11T20:34:04","guid":{"rendered":"https:\/\/wpml.enneagraminstitute.com\/confundiendo-1-y-3\/"},"modified":"2025-03-04T16:36:53","modified_gmt":"2025-03-04T16:36:53","slug":"confundiendo-1-y-3","status":"publish","type":"page","link":"https:\/\/wpml.enneagraminstitute.com\/es\/confundiendo-1-y-3\/","title":{"rendered":"Confundiendo 1 y 3"},"content":{"rendered":"<h3 style=\"text-align:center\"> Traducido con AI<\/h3>\r\n\t\t\t<div class='container single-content-layout-layout-block'>\r\n\t\t\t\t<div class='row'>\r\n\t\t\t\t\t\n\r\n\t\t\t<div class='column-block col-12 col-md-10 col-lg-8 offset-lg-1'>\r\n\t\t\t\t\n\n<h1 class=\"wp-block-heading\">Confundiendo Unos y Treses<\/h1>\n\n\n\n<hr class=\"wp-block-separator has-alpha-channel-opacity\"\/>\n\n\n\n<p>Los Unos promedio y los Treses promedio a veces se confunden porque ambos tipos son eficientes y altamente organizados. Si se considera \u00fanicamente un comportamiento aislado (por ejemplo, presidir una reuni\u00f3n de negocios o planificar unas vacaciones), sus habilidades organizativas son similares, de ah\u00ed la confusi\u00f3n entre ellos. Ambos est\u00e1n altamente orientados a las tareas y tienden a relegar sus sentimientos para lograr que las cosas se hagan. Adem\u00e1s, comparten el deseo de mejorarse a s\u00ed mismos y cumplir con altos est\u00e1ndares, aunque la base de sus est\u00e1ndares y sus motivaciones clave son de naturaleza bastante diferente.   <\/p>\n\n\n\n<p>Los Unos promedio son idealistas que luchan por la perfecci\u00f3n y el orden en todas las \u00e1reas de sus vidas, especialmente en sus vidas emocionales, en un esfuerzo por controlar tanto a s\u00ed mismos como a su entorno para que no se introduzcan errores y fallos de ning\u00fan tipo. Motivados internamente por conciencias fuertes, son organizados y eficientes para no desperdiciar tiempo y otros recursos o permitirse estar en una posici\u00f3n en la que sus conciencias les reprochen por ser imperfectos, por no esforzarse lo suficiente o por ser culpables de alguna forma de ego\u00edsmo. <\/p>\n\n\n\n<p>Los Treses promedio, en contraste, son pragm\u00e1ticos eficientes, no idealistas. Los Treses est\u00e1n m\u00e1s impulsados por sus objetivos que por los est\u00e1ndares; se preocupan m\u00e1s por lograr que el trabajo se haga que por los detalles de <em>c\u00f3mo<\/em> se hace. Los Unos tienden a estar apegados a m\u00e9todos o procedimientos particulares (\u201cEsta es la mejor manera de hacer esto.\u201d) Los Treses son m\u00e1s adaptables y cambiar\u00e1n de t\u00e1ctica r\u00e1pidamente si sienten que no est\u00e1n obteniendo el resultado deseado. Los Treses promedio est\u00e1n principalmente interesados en el \u00e9xito, el prestigio y el avance de sus carreras, y la eficiencia que vemos en ellos es un medio para alcanzar esos objetivos.   <\/p>\n\n\n\n<p>Aunque ambos tipos tienden a dejar de lado sus sentimientos en aras de la eficiencia, los Treses promedio son m\u00e1s capaces de enmascarar lo que les molesta. En la superficie, rara vez parecen emocionalmente perturbados por mucho tiempo por nada (aunque pueden desanimarse moment\u00e1neamente o incluso deprimirse por los reveses), ni suelen distraerse por sus sentimientos. Son capaces de invertir la mayor parte de su energ\u00eda en lograr sus objetivos y mantenerse enfocados en ellos con determinaci\u00f3n. Los Unos son mucho menos capaces de ocultar sus irritaciones y decepciones. Los dem\u00e1s son casi inmediatamente conscientes de su agitaci\u00f3n.    <\/p>\n\n\n\n<p>Ambos tipos pueden ser fr\u00edos e impersonales, aunque suelen ser educados y de buenos modales. Con los Unos promedio, tenemos la impresi\u00f3n de que los sentimientos m\u00e1s profundos se mantienen bajo control o se subliman en otra parte, por ejemplo, en la organizaci\u00f3n y mantenimiento de su espacio de oficina, o dedicando tiempo a una organizaci\u00f3n ecol\u00f3gica local. Aunque los Unos no suelen permitir que sus pasiones se expresen, sus emociones permanecen potencialmente disponibles si se levantara el autocontrol que los Unos t\u00edpicamente ejercen. (Sus emociones negativas m\u00e1s prevalentes son la ira justa, la indignaci\u00f3n, la irritaci\u00f3n y la culpa.) En los Treses promedio, sin embargo, la impresi\u00f3n de distancia y frialdad emocional proviene m\u00e1s de un desapego de sus sentimientos que de una supresi\u00f3n de los mismos. Al mismo tiempo, los Treses promedio tienden a presentar cualquier emoci\u00f3n que parezca apropiada en el momento. Si se requiere seriedad, tienden a proyectar seriedad. Si se requiere ligereza, \u201char\u00e1n ligereza,\u201d sonriendo y siendo conversadores, incluso si por dentro se sienten asustados, abrumados o incluso tristes. Para bien o para mal, los Treses son m\u00e1s h\u00e1biles proyectando encanto y \u201cpersonalidad\u201d que los Unos. Sin embargo, podemos discernir el desapego subyacente de sentimientos m\u00e1s profundos cuando los Treses est\u00e1n \u201cactuando\u201d por la brusquedad y facilidad con la que pueden ajustar su afecto de una situaci\u00f3n a otra y de una persona a otra. (En contraste con los Unos, sus emociones negativas m\u00e1s prevalentes son la hostilidad, la arrogancia y los sentimientos subyacentes de verg\u00fcenza y humillaci\u00f3n.)          <\/p>\n\n\n\n<p>Adem\u00e1s, los Unos est\u00e1n tratando de ser perfectos para defenderse de sus propios superegos, mientras que los Treses est\u00e1n tratando de sobresalir para superar los sentimientos de verg\u00fcenza familiar. En efecto, los Unos dicen: \u201cEsc\u00fachame, yo s\u00e9 la forma correcta de hacer las cosas,\u201d mientras que los Treses dicen: \u201cS\u00e9 como yo, yo lo tengo todo bajo control.\u201d Los Unos se ofrecen a s\u00ed mismos como ejemplos de aquellos que se esfuerzan por la perfecci\u00f3n, particularmente la perfecci\u00f3n moral, se ven a s\u00ed mismos como aquellos que pueden cumplir con los m\u00e1s altos est\u00e1ndares; los Treses se ofrecen a s\u00ed mismos como ejemplares de la perfecci\u00f3n individual, particularmente la deseabilidad personal, y como aquellos que pueden lograr y ser los mejores.  <\/p>\n\n\n\n<p>Estos dos tipos son similares porque ambos son tipos \u201cpensantes\u201d: el Uno corresponde al tipo de pensamiento extrovertido de Jung (<em>PT<\/em>, 381), que intenta ser objetivo e impersonal, mientras que el pensamiento del Tres est\u00e1 orientado a objetivos y es pragm\u00e1tico, similar en orientaci\u00f3n al pensamiento extrovertido del Uno promedio, aunque t\u00e9cnicamente no existe una correlaci\u00f3n junguiana directa. Ambos tipos tienen en mente alg\u00fan tipo de meta que desean alcanzar. La diferencia radica en que los Unos intentan descubrir qu\u00e9 medios objetivos conducir\u00e1n mejor al ideal deseado, mientras que los Tres son pragm\u00e1ticos que trabajan de manera inversa para encontrar los medios m\u00e1s eficientes para lograr su objetivo. Las diferencias entre estos tipos se pueden observar comparando a Al Gore (un Uno) con Bill Clinton (un Tres) o entre Emma Thompson (una Uno) y Jane Pauley (una Tres).   <\/p>\n\n\r\n\t\t\t<\/div>\r\n\t\t\n\r\n\t\t\t\t<\/div>\r\n\t\t\t<\/div>\r\n\t\t","protected":false},"excerpt":{"rendered":"<p>Traducido con AI<\/p>\n","protected":false},"author":6,"featured_media":0,"parent":0,"menu_order":0,"comment_status":"closed","ping_status":"closed","template":"","meta":{"_acf_changed":false,"footnotes":""},"class_list":["post-2306","page","type-page","status-publish","hentry"],"acf":[],"_links":{"self":[{"href":"https:\/\/wpml.enneagraminstitute.com\/es\/wp-json\/wp\/v2\/pages\/2306","targetHints":{"allow":["GET"]}}],"collection":[{"href":"https:\/\/wpml.enneagraminstitute.com\/es\/wp-json\/wp\/v2\/pages"}],"about":[{"href":"https:\/\/wpml.enneagraminstitute.com\/es\/wp-json\/wp\/v2\/types\/page"}],"author":[{"embeddable":true,"href":"https:\/\/wpml.enneagraminstitute.com\/es\/wp-json\/wp\/v2\/users\/6"}],"replies":[{"embeddable":true,"href":"https:\/\/wpml.enneagraminstitute.com\/es\/wp-json\/wp\/v2\/comments?post=2306"}],"version-history":[{"count":4,"href":"https:\/\/wpml.enneagraminstitute.com\/es\/wp-json\/wp\/v2\/pages\/2306\/revisions"}],"predecessor-version":[{"id":2841,"href":"https:\/\/wpml.enneagraminstitute.com\/es\/wp-json\/wp\/v2\/pages\/2306\/revisions\/2841"}],"wp:attachment":[{"href":"https:\/\/wpml.enneagraminstitute.com\/es\/wp-json\/wp\/v2\/media?parent=2306"}],"curies":[{"name":"wp","href":"https:\/\/api.w.org\/{rel}","templated":true}]}}