{"id":2304,"date":"2024-01-11T20:34:04","date_gmt":"2024-01-11T20:34:04","guid":{"rendered":"https:\/\/wpml.enneagraminstitute.com\/relacion-entre-el-tipo-1-y-el-tipo-3\/"},"modified":"2025-03-04T16:36:54","modified_gmt":"2025-03-04T16:36:54","slug":"relacion-entre-el-tipo-1-y-el-tipo-3","status":"publish","type":"page","link":"https:\/\/wpml.enneagraminstitute.com\/es\/relacion-entre-el-tipo-1-y-el-tipo-3\/","title":{"rendered":"Relaci\u00f3n entre el Tipo 1 y el Tipo 3"},"content":{"rendered":"<h3 style=\"text-align:center\"> Traducido con AI<\/h3>\r\n\t\t\t<div class='container single-content-layout-layout-block'>\r\n\t\t\t\t<div class='row'>\r\n\t\t\t\t\t\n\r\n\t\t\t<div class='column-block col-12 col-md-10 col-lg-8 offset-lg-1'>\r\n\t\t\t\t\n\n<h1 class=\"wp-block-heading\">Eneagrama Tipo Uno (el Reformador) <br\/><em>con<\/em><br\/>Eneagrama Tipo Tres (el Triunfador)<\/h1>\n\n\n\n<h2 class=\"wp-block-heading\">Lo que cada tipo aporta a la relaci\u00f3n<\/h2>\n\n\n\n<hr class=\"wp-block-separator has-alpha-channel-opacity\"\/>\n\n\n\n<p>Los Unos y los Tres del Eneagrama son competentes, de mentalidad seria e idealistas. Esta es una relaci\u00f3n altamente orientada a las tareas, con ambos miembros impulsados al trabajo arduo y sumamente conscientes de cu\u00e1ndo, individual y colectivamente, no est\u00e1n a la altura de sus propias expectativas y altos est\u00e1ndares. Ambas partes pueden aportar desinter\u00e9s, autodisciplina, buenos h\u00e1bitos de trabajo y la capacidad de dejar de lado sus sentimientos personales en aras del bien objetivo que debe realizarse. Ambos tipos est\u00e1n acostumbrados a trabajar tan arduamente que a menudo tienen \u00e9xito, gan\u00e1ndose la admiraci\u00f3n de quienes los rodean y alcanzando posiciones de liderazgo y responsabilidad. La combinaci\u00f3n de Uno y Tres puede ser deslumbrantemente exitosa, de alta energ\u00eda, extraordinariamente competente e impresionante tanto individual como colectivamente. Ambos se esfuerzan por alcanzar la excelencia, tanto como un ideal como algo que deben encarnar personalmente. A veces tienen tanto \u00e9xito que esta pareja pr\u00e1cticamente resplandece de confianza en s\u00ed mismos y la emoci\u00f3n de sus propios talentos. Se esfuerzan por enorgullecerse mutuamente, por ser alguien a quien el otro pueda admirar y presumir ante sus amigos y familiares. Disfrutan planificando y organizando sus vidas, dividiendo las responsabilidades despu\u00e9s de ver qui\u00e9n es objetivamente mejor en qu\u00e9 tareas. Ambos prosperan con el respeto y se dan espacio personal mutuamente.         <\/p>\n\n\n\n<p>Solo hay otras dos combinaciones igualmente orientadas a objetivos, una combinaci\u00f3n de <a href=\"https:\/\/wpml.enneagraminstitute.com\/es\/tipo-de-relacion-1-con-tipo-1\/\">Uno con Uno<\/a> y una pareja de <a href=\"https:\/\/wpml.enneagraminstitute.com\/es\/relacion-tipo-3-con-tipo-3\/\">Tres con Tres<\/a>, aunque dado que ambas son parejas del mismo tipo, t\u00edpicamente tienen puntos ciegos de los que estas combinaciones deber\u00e1n ser conscientes. Debido a que la pareja Uno\/Tres es mixta, esto produce una coalici\u00f3n poderosa capaz de lidiar tanto con ideales como con asuntos pr\u00e1cticos. Intentar\u00e1n resolver los problemas en la relaci\u00f3n discutiendo los temas involucrados, ya que a ninguno le gustan las discusiones emocionalmente cargadas o los asuntos sin resolver. Los Unos ayudan a los Tres a ser m\u00e1s centrados y realistas; los Tres ayudan a los Unos a superarse y no ser tan perfeccionistas. Ambos son laboriosos y persistentes, eficientes y preocupados por la excelencia y por hacer una diferencia real en el mundo.    <\/p>\n\n\n\n<hr class=\"wp-block-separator has-alpha-channel-opacity\"\/>\n\n\n\n<h2 class=\"wp-block-heading\">Potenciales puntos problem\u00e1ticos o conflictos<\/h2>\n\n\n\n<p>Si esta relaci\u00f3n se mete en problemas, suele ser por compromisos de tiempo, falta de apego emocional mutuo y un creciente sentido de competencia. Adem\u00e1s, los Unos tienden a encontrar a los Tres demasiado adictos al trabajo, pragm\u00e1ticos y excesivamente preocupados por la imagen y sus reputaciones en lugar de los principios. Los Unos pueden ver a los Tres como propensos a tomar atajos en cuestiones \u00e9ticas, dispuestos a exagerar o distorsionar la verdad para lograr lo que persiguen. Tambi\u00e9n pueden volverse cr\u00edticos con los Tres si cambian sus objetivos pragm\u00e1ticamente, abandonando esfuerzos o cambiando de posici\u00f3n cuando algo no funciona para ellos. Los Unos tambi\u00e9n pueden tener problemas con los intentos de los Tres de reinterpretar cuestiones \u00e9ticas y con no asumir la responsabilidad de su comportamiento personal, incluido su comportamiento respecto a la fidelidad en la propia relaci\u00f3n.    <\/p>\n\n\n\n<p>Por otro lado, los Tres tienden a encontrar a los Unos demasiado r\u00edgidos y cr\u00edticos en sus actitudes e inflexibles en varias \u00e1reas. Si bien los Tres generalmente valoran la capacidad organizativa de los Unos y su habilidad para hacer las cosas, los Tres tambi\u00e9n pueden sentir que los Unos son demasiado cerrados de mente y met\u00f3dicos, excesivamente perfeccionistas y enfocados en los detalles en lugar de los resultados. Los Tres pueden tener problemas con los Unos por sentir que est\u00e1n siendo sofocados o juzgados tanto por sus actitudes como por sus acciones. Los Tres prosperan con los elogios, pero los Unos estresados son incapaces de darse cr\u00e9dito a s\u00ed mismos, mucho menos a alguien m\u00e1s. Los Tres ven las cr\u00edticas de los Unos como fastidiosas y una p\u00e9rdida de tiempo. Eventualmente, los Tres comienzan a evitar a los Unos, desencadenando los problemas de abandono de los Unos, y m\u00e1s enojo y cr\u00edtica. Ambos gradualmente pierden el respeto por el otro: los Unos perdiendo respeto por la integridad del Tres, y los Tres perdiendo respeto por la efectividad de los Unos. Puede ocurrir una ruptura abierta, pero si ambos encuentran la relaci\u00f3n \u00fatil, puede perdurar como un matrimonio profesional sin mucha pasi\u00f3n pero porque es \u00fatil para ambas partes para su continuo \u00e9xito profesional y estatus personal.       <\/p>\n\n\n\n<p>Para una mayor comprensi\u00f3n de esta combinaci\u00f3n de tipos, lea m\u00e1s sobre la <a href=\"https:\/\/wpml.enneagraminstitute.com\/es\/como-funciona-el-sistema-del-eneagrama\/\">Flecha de Estr\u00e9s<\/a> y c\u00f3mo los tipos <a href=\"https:\/\/wpml.enneagraminstitute.com\/es\/eneagrama-tipo-1-el-reformador\/\">Uno<\/a> y <a href=\"https:\/\/wpml.enneagraminstitute.com\/es\/eneagrama-tipo-3-el-triunfador\/\">Tres<\/a> se comportan cuando se mueven a lo largo de ella.<\/p>\n\n\r\n\t\t\t<\/div>\r\n\t\t\n\r\n\t\t\t\t<\/div>\r\n\t\t\t<\/div>\r\n\t\t","protected":false},"excerpt":{"rendered":"<p>Traducido con AI<\/p>\n","protected":false},"author":6,"featured_media":0,"parent":0,"menu_order":0,"comment_status":"closed","ping_status":"closed","template":"","meta":{"_acf_changed":false,"footnotes":""},"class_list":["post-2304","page","type-page","status-publish","hentry"],"acf":[],"_links":{"self":[{"href":"https:\/\/wpml.enneagraminstitute.com\/es\/wp-json\/wp\/v2\/pages\/2304","targetHints":{"allow":["GET"]}}],"collection":[{"href":"https:\/\/wpml.enneagraminstitute.com\/es\/wp-json\/wp\/v2\/pages"}],"about":[{"href":"https:\/\/wpml.enneagraminstitute.com\/es\/wp-json\/wp\/v2\/types\/page"}],"author":[{"embeddable":true,"href":"https:\/\/wpml.enneagraminstitute.com\/es\/wp-json\/wp\/v2\/users\/6"}],"replies":[{"embeddable":true,"href":"https:\/\/wpml.enneagraminstitute.com\/es\/wp-json\/wp\/v2\/comments?post=2304"}],"version-history":[{"count":7,"href":"https:\/\/wpml.enneagraminstitute.com\/es\/wp-json\/wp\/v2\/pages\/2304\/revisions"}],"predecessor-version":[{"id":2842,"href":"https:\/\/wpml.enneagraminstitute.com\/es\/wp-json\/wp\/v2\/pages\/2304\/revisions\/2842"}],"wp:attachment":[{"href":"https:\/\/wpml.enneagraminstitute.com\/es\/wp-json\/wp\/v2\/media?parent=2304"}],"curies":[{"name":"wp","href":"https:\/\/api.w.org\/{rel}","templated":true}]}}