{"id":2302,"date":"2024-01-11T20:34:04","date_gmt":"2024-01-11T20:34:04","guid":{"rendered":"https:\/\/wpml.enneagraminstitute.com\/descripciones-de-los-tipos-del-eneagrama\/"},"modified":"2025-03-04T16:36:54","modified_gmt":"2025-03-04T16:36:54","slug":"descripciones-de-los-tipos-del-eneagrama","status":"publish","type":"page","link":"https:\/\/wpml.enneagraminstitute.com\/es\/descripciones-de-los-tipos-del-eneagrama\/","title":{"rendered":"Descripciones de los Tipos del Eneagrama"},"content":{"rendered":"<h3 style=\"text-align:center\"> Traducido con AI<\/h3>\r\n\t\t\t<div class='container single-content-layout-layout-block'>\r\n\t\t\t\t<div class='row'>\r\n\t\t\t\t\t\n\r\n\t\t\t<div class='column-block col-12 col-md-10 col-lg-8 offset-lg-1'>\r\n\t\t\t\t\n\n<h1 class=\"wp-block-heading\" id=\"h-the-nine-enneagram-type-descriptions\">Las Descripciones de los Nueve Tipos del Eneagrama<\/h1>\n\n\n\n<p>Haga clic en cualquiera de los t\u00edtulos a continuaci\u00f3n para leer descripciones detalladas sobre cada uno de los nueve tipos del Eneagrama. <\/p>\n\n\n\n<hr class=\"wp-block-separator has-alpha-channel-opacity\"\/>\n\n\n\n<h2 class=\"wp-block-heading\" id=\"h-1-the-reformer\"><a href=\"https:\/\/wpml.enneagraminstitute.com\/es\/eneagrama-tipo-1-el-reformador\/\">1 EL REFORMADOR<\/a><\/h2>\n\n\n\n<p>El Tipo Racional e Idealista: \u00cdntegro, Resuelto, Autodisciplinado y Perfeccionista<\/p>\n\n\n\n<hr class=\"wp-block-separator has-alpha-channel-opacity\"\/>\n\n\n\n<h2 class=\"wp-block-heading\" id=\"h-2-nbsp-the-helper\"><a href=\"https:\/\/wpml.enneagraminstitute.com\/es\/eneagrama-tipo-2-el-ayudante\/\">2<\/a><a href=\"https:\/\/wpml.enneagraminstitute.com\/es\/eneagrama-tipo-2-el-ayudante\/\"> EL AYUDADOR<\/a><\/h2>\n\n\n\n<p>El Tipo Sol\u00edcito e Interpersonal: Demostrativo, Generoso, Complaciente y Posesivo<\/p>\n\n\n\n<hr class=\"wp-block-separator has-alpha-channel-opacity\"\/>\n\n\n\n<h2 class=\"wp-block-heading\" id=\"h-3-nbsp-t-he-achiever\"><a href=\"https:\/\/wpml.enneagraminstitute.com\/es\/eneagrama-tipo-3-el-triunfador\/\">3 <\/a><a href=\"https:\/\/wpml.enneagraminstitute.com\/es\/eneagrama-tipo-3-el-triunfador\/\">E<\/a><a href=\"https:\/\/wpml.enneagraminstitute.com\/es\/eneagrama-tipo-3-el-triunfador\/\">L TRIUNFADOR<\/a><\/h2>\n\n\n\n<p>El Tipo Orientado al \u00c9xito y Pragm\u00e1tico: Adaptable, Sobresaliente, Ambicioso y Consciente de su Imagen<\/p>\n\n\n\n<hr class=\"wp-block-separator has-alpha-channel-opacity\"\/>\n\n\n\n<h2 class=\"wp-block-heading\" id=\"h-4-nbsp-the-individualist\"><a href=\"https:\/\/wpml.enneagraminstitute.com\/es\/eneagrama-tipo-4-el-individualista\/\">4<\/a><a href=\"https:\/\/wpml.enneagraminstitute.com\/es\/eneagrama-tipo-4-el-individualista\/\"> EL INDIVIDUALISTA<\/a><\/h2>\n\n\n\n<p>El Tipo Sensible e Introspectivo: Expresivo, Dram\u00e1tico, Ensimismado y Temperamental<\/p>\n\n\n\n<hr class=\"wp-block-separator has-alpha-channel-opacity\"\/>\n\n\n\n<h2 class=\"wp-block-heading\" id=\"h-5-nbsp-the-investigator\"><a href=\"https:\/\/wpml.enneagraminstitute.com\/es\/eneagrama-tipo-5-el-investigador\/\">5<\/a><a href=\"https:\/\/wpml.enneagraminstitute.com\/es\/eneagrama-tipo-5-el-investigador\/\"> EL INVESTIGADOR<\/a><\/h2>\n\n\n\n<p>El Tipo Intenso y Cerebral: Perceptivo, Innovador, Reservado y Aislado<\/p>\n\n\n\n<hr class=\"wp-block-separator has-alpha-channel-opacity\"\/>\n\n\n\n<h2 class=\"wp-block-heading\" id=\"h-6-nbsp-the-loyalist\"><a href=\"https:\/\/wpml.enneagraminstitute.com\/es\/eneagrama-tipo-6-el-lealista\/\">6<\/a><a href=\"https:\/\/wpml.enneagraminstitute.com\/es\/eneagrama-tipo-6-el-lealista\/\"> EL LEALISTA<\/a><\/h2>\n\n\n\n<p>El Tipo Comprometido y Orientado a la Seguridad: Participativo, Responsable, Ansioso y Desconfiado<\/p>\n\n\n\n<hr class=\"wp-block-separator has-alpha-channel-opacity\"\/>\n\n\n\n<h2 class=\"wp-block-heading\" id=\"h-7-nbsp-the-enthusiast\"><a href=\"https:\/\/wpml.enneagraminstitute.com\/es\/eneagrama-tipo-7-el-entusiasta\/\">7<\/a><a href=\"https:\/\/wpml.enneagraminstitute.com\/es\/eneagrama-tipo-7-el-entusiasta\/\"> EL ENTUSIASTA<\/a><\/h2>\n\n\n\n<p>El Tipo Ocupado y Jovial: Espont\u00e1neo, Vers\u00e1til, Distra\u00eddo y Disperso<\/p>\n\n\n\n<hr class=\"wp-block-separator has-alpha-channel-opacity\"\/>\n\n\n\n<h2 class=\"wp-block-heading\" id=\"h-8-nbsp-the-challenger\"><a href=\"https:\/\/wpml.enneagraminstitute.com\/es\/eneagrama-tipo-8-el-desafiante\/\">8<\/a><a href=\"https:\/\/wpml.enneagraminstitute.com\/es\/eneagrama-tipo-8-el-desafiante\/\"> EL DESAFIADOR<\/a><\/h2>\n\n\n\n<p>El Tipo Poderoso y Dominante: Seguro de s\u00ed mismo, Decisivo, Obstinado y Confrontativo<\/p>\n\n\n\n<hr class=\"wp-block-separator has-alpha-channel-opacity\"\/>\n\n\n\n<h2 class=\"wp-block-heading\" id=\"h-9-the-peacemaker\"><a href=\"https:\/\/wpml.enneagraminstitute.com\/es\/eneagrama-tipo-9-el-pacificador\/\">9 EL PACIFICADOR<\/a><\/h2>\n\n\n\n<p>El Tipo Apacible y Modesto: Receptivo, Tranquilizador, Complaciente y Conformista<\/p>\n\n\r\n\t\t\t<\/div>\r\n\t\t\n\r\n\t\t\t\t<\/div>\r\n\t\t\t<\/div>\r\n\t\t","protected":false},"excerpt":{"rendered":"<p>Traducido con AI<\/p>\n","protected":false},"author":6,"featured_media":0,"parent":0,"menu_order":0,"comment_status":"closed","ping_status":"closed","template":"","meta":{"_acf_changed":false,"footnotes":""},"class_list":["post-2302","page","type-page","status-publish","hentry"],"acf":[],"_links":{"self":[{"href":"https:\/\/wpml.enneagraminstitute.com\/es\/wp-json\/wp\/v2\/pages\/2302","targetHints":{"allow":["GET"]}}],"collection":[{"href":"https:\/\/wpml.enneagraminstitute.com\/es\/wp-json\/wp\/v2\/pages"}],"about":[{"href":"https:\/\/wpml.enneagraminstitute.com\/es\/wp-json\/wp\/v2\/types\/page"}],"author":[{"embeddable":true,"href":"https:\/\/wpml.enneagraminstitute.com\/es\/wp-json\/wp\/v2\/users\/6"}],"replies":[{"embeddable":true,"href":"https:\/\/wpml.enneagraminstitute.com\/es\/wp-json\/wp\/v2\/comments?post=2302"}],"version-history":[{"count":5,"href":"https:\/\/wpml.enneagraminstitute.com\/es\/wp-json\/wp\/v2\/pages\/2302\/revisions"}],"predecessor-version":[{"id":2843,"href":"https:\/\/wpml.enneagraminstitute.com\/es\/wp-json\/wp\/v2\/pages\/2302\/revisions\/2843"}],"wp:attachment":[{"href":"https:\/\/wpml.enneagraminstitute.com\/es\/wp-json\/wp\/v2\/media?parent=2302"}],"curies":[{"name":"wp","href":"https:\/\/api.w.org\/{rel}","templated":true}]}}