{"id":2300,"date":"2024-01-11T20:34:04","date_gmt":"2024-01-11T20:34:04","guid":{"rendered":"https:\/\/wpml.enneagraminstitute.com\/relacion-tipo-2-con-tipo-4\/"},"modified":"2025-03-04T16:36:54","modified_gmt":"2025-03-04T16:36:54","slug":"relacion-tipo-2-con-tipo-4","status":"publish","type":"page","link":"https:\/\/wpml.enneagraminstitute.com\/es\/relacion-tipo-2-con-tipo-4\/","title":{"rendered":"Relaci\u00f3n Tipo 2 con Tipo 4"},"content":{"rendered":"<h3 style=\"text-align:center\"> Traducido con AI<\/h3>\r\n\t\t\t<div class='container single-content-layout-layout-block'>\r\n\t\t\t\t<div class='row'>\r\n\t\t\t\t\t\n\r\n\t\t\t<div class='column-block col-12 col-md-10 col-lg-8 offset-lg-1'>\r\n\t\t\t\t\n\n<p><\/p>\n\n\n\n<h1 class=\"wp-block-heading\">Eneagrama Tipo Dos (el Ayudador)<br\/><em>con<\/em><br\/>Eneagrama Tipo Cuatro (el Individualista)<\/h1>\n\n\n\n<hr class=\"wp-block-separator has-alpha-channel-opacity\"\/>\n\n\n\n<h2 class=\"wp-block-heading\">Lo que cada tipo aporta a la relaci\u00f3n<\/h2>\n\n\n\n<p>Esta puede ser una pareja muy c\u00e1lida, incluso apasionada, cuando ambas partes contin\u00faan compartiendo abiertamente sus sentimientos. Ambos buscan calidez y conexi\u00f3n, y ambos est\u00e1n dispuestos a proporcionarla cuando est\u00e1n saludables. Por lo tanto, una vez que han superado los obst\u00e1culos iniciales de la intimidad, los Eneatipos Dos y Cuatro pueden ser un lugar seguro para que cada uno comparta sus esperanzas, temores e inseguridades. Pueden ser una buena medicina el uno para el otro: los Dos aportan sociabilidad y energ\u00eda, dando a los Cuatro la confianza para interactuar m\u00e1s f\u00e1cilmente con los dem\u00e1s. Los Dos son c\u00e1lidos, extrovertidos, considerados y atentos, generosos y alentadores. Los Dos tambi\u00e9n son pr\u00e1cticos y orientados a la acci\u00f3n, dispuestos a colaborar donde sea necesario y a hacer las cosas que deben hacerse, sin importar cu\u00e1n desagradables o poco glamurosas sean.     <\/p>\n\n\n\n<p>A esta mezcla, los Cuatro aportan creatividad, sentido del humor, disposici\u00f3n para re\u00edrse de las debilidades humanas y honestidad emocional. Ven su propia locura y su propia falsedad y no intentan disimular la verdad de sus peculiaridades ni a s\u00ed mismos ni al Dos. Los Cuatro tambi\u00e9n aportan un sentido de la belleza y de la sutileza a la relaci\u00f3n: se preocupan por c\u00f3mo las cosas impactan en ellos mismos y en los dem\u00e1s, por lo que se esfuerzan en organizar su mundo para que sea m\u00e1s est\u00e9ticamente agradable, permitiendo que el Dos se sienta m\u00e1s relajado y nutrido. Los Cuatro tambi\u00e9n aportan profundidad emocional y sensibilidad a sus relaciones, un sentido de misterio e imprevisibilidad, sensualidad y libertad sexual. En resumen, los Cuatro invitan a los Dos a examinar m\u00e1s de cerca sus necesidades m\u00e1s profundas, la verdad de qui\u00e9nes son y lo que realmente sienten. Los Dos aprecian las sutilezas y matices que aportan los Cuatro, y los Cuatro prosperan en esta atm\u00f3sfera de apreciaci\u00f3n. Pueden aligerarse mutuamente con un humor inesperado y la apreciaci\u00f3n de las peculiaridades del otro. Cada uno invita al otro a madurar emocionalmente, generalmente sin decirlo. Ambos ayudan al otro a dejar de preocuparse tanto por lo que los dem\u00e1s piensan de ellos y a volverse m\u00e1s orientados hacia su interior.        <\/p>\n\n\n\n<hr class=\"wp-block-separator has-alpha-channel-opacity\"\/>\n\n\n\n<h2 class=\"wp-block-heading\">Potenciales puntos problem\u00e1ticos o conflictos<\/h2>\n\n\n\n<p>Usualmente, los Dos y los Cuatro establecen mejores relaciones como amigos y colegas que como \u00edntimos. Sorprendentemente, esta combinaci\u00f3n es poco frecuente en relaciones \u00edntimas. Uno pensar\u00eda que ser\u00edan una combinaci\u00f3n natural entre s\u00ed: el rescatador (Dos) y el rescatado (Cuatro), el ni\u00f1o perdido y la figura parental. El problema es que puede haber demasiada emocionalidad y demandas no expresadas en esta pareja para su propio bien. Los Dos y los Cuatro tienden a tener muchos problemas emocionales en com\u00fan, lo que les permite entenderse f\u00e1cilmente mientras tambi\u00e9n sienta las bases para posibles problemas y conflictos. Ambos necesitan cercan\u00eda e intimidad y tienden a aferrarse a cualquiera que les responda suficientemente. A largo plazo, existe la tendencia a competir por la atenci\u00f3n o a que una persona se sienta m\u00e1s apreciada y querida que la otra.      <\/p>\n\n\n\n<p>Adem\u00e1s, los Dos tienden a encontrar a los Cuatro demasiado cambiantes y temperamentales, guiados excesivamente por sus sentimientos e impulsos inconscientes. Tambi\u00e9n ven a los Cuatro como hipersensibles y egoc\u00e9ntricos, y no lo suficientemente interesados en los dem\u00e1s o en su bienestar. Los Cuatro tienden a encontrar a los Dos demasiado empalagosos y artificialmente optimistas, aduladores e insinceros para acercarse a las personas y sentirse necesitados. Los Cuatro ven a los Dos como secretamente necesitados emocionalmente, desesperados por que otros los aprecien y los busquen. Pueden ver la disposici\u00f3n de ayuda del Dos como poco m\u00e1s que un intento de sobornar a las personas por amor, lo cual los Cuatro desprecian. Los Cuatro pueden comenzar a sentir envidia secreta de las habilidades sociales de los Dos y del tipo de reacciones positivas que los Dos generalmente obtienen de las personas. Los Cuatro pueden empezar a sentirse socialmente ineptos y eclipsados por el encanto y la popularidad de los Dos. La verg\u00fcenza secreta y el sentimiento de falta de valor por parte de ambos pueden comenzar a socavar la relaci\u00f3n. Puede fracasar debido a los sentimientos de abandono de los Cuatro si el Dos se involucra con otros. Tambi\u00e9n puede fracasar debido a que los Dos se sienten cada vez menos apreciados por el Cuatro. Ambos comienzan a ver al otro como demasiado necesitado emocionalmente y, en \u00faltima instancia, como m\u00e1s demandante de lo que cada uno desea esforzarse.          <\/p>\n\n\n\n<p>Para una mayor comprensi\u00f3n sobre esta combinaci\u00f3n de tipos, lea m\u00e1s acerca de la <a href=\"https:\/\/wpml.enneagraminstitute.com\/es\/como-funciona-el-sistema-del-eneagrama\/\">Flecha de Estr\u00e9s<\/a> y c\u00f3mo los tipos <a href=\"https:\/\/wpml.enneagraminstitute.com\/es\/eneagrama-tipo-2-el-ayudante\/\">Dos<\/a> y <a href=\"https:\/\/wpml.enneagraminstitute.com\/es\/eneagrama-tipo-4-el-individualista\/\">Cuatro<\/a> se comportan cuando se mueven a lo largo de ella.<\/p>\n\n\r\n\t\t\t<\/div>\r\n\t\t\n\r\n\t\t\t\t<\/div>\r\n\t\t\t<\/div>\r\n\t\t","protected":false},"excerpt":{"rendered":"<p>Traducido con AI<\/p>\n","protected":false},"author":6,"featured_media":0,"parent":0,"menu_order":0,"comment_status":"closed","ping_status":"closed","template":"","meta":{"_acf_changed":false,"footnotes":""},"class_list":["post-2300","page","type-page","status-publish","hentry"],"acf":[],"_links":{"self":[{"href":"https:\/\/wpml.enneagraminstitute.com\/es\/wp-json\/wp\/v2\/pages\/2300","targetHints":{"allow":["GET"]}}],"collection":[{"href":"https:\/\/wpml.enneagraminstitute.com\/es\/wp-json\/wp\/v2\/pages"}],"about":[{"href":"https:\/\/wpml.enneagraminstitute.com\/es\/wp-json\/wp\/v2\/types\/page"}],"author":[{"embeddable":true,"href":"https:\/\/wpml.enneagraminstitute.com\/es\/wp-json\/wp\/v2\/users\/6"}],"replies":[{"embeddable":true,"href":"https:\/\/wpml.enneagraminstitute.com\/es\/wp-json\/wp\/v2\/comments?post=2300"}],"version-history":[{"count":5,"href":"https:\/\/wpml.enneagraminstitute.com\/es\/wp-json\/wp\/v2\/pages\/2300\/revisions"}],"predecessor-version":[{"id":2844,"href":"https:\/\/wpml.enneagraminstitute.com\/es\/wp-json\/wp\/v2\/pages\/2300\/revisions\/2844"}],"wp:attachment":[{"href":"https:\/\/wpml.enneagraminstitute.com\/es\/wp-json\/wp\/v2\/media?parent=2300"}],"curies":[{"name":"wp","href":"https:\/\/api.w.org\/{rel}","templated":true}]}}