{"id":2298,"date":"2024-01-11T20:34:04","date_gmt":"2024-01-11T20:34:04","guid":{"rendered":"https:\/\/wpml.enneagraminstitute.com\/identificacion-erronea-de-1-y-4\/"},"modified":"2025-03-04T16:36:55","modified_gmt":"2025-03-04T16:36:55","slug":"identificacion-erronea-de-1-y-4","status":"publish","type":"page","link":"https:\/\/wpml.enneagraminstitute.com\/es\/identificacion-erronea-de-1-y-4\/","title":{"rendered":"Identificaci\u00f3n err\u00f3nea de 1 y 4"},"content":{"rendered":"<h3 style=\"text-align:center\"> Traducido con AI<\/h3>\r\n\t\t\t<div class='container single-content-layout-layout-block'>\r\n\t\t\t\t<div class='row'>\r\n\t\t\t\t\t\n\r\n\t\t\t<div class='column-block col-12 col-md-10 col-lg-8 offset-lg-1'>\r\n\t\t\t\t\n\n<h1 class=\"wp-block-heading\">Identificaci\u00f3n err\u00f3nea de los Unos y los Cuatros<\/h1>\n\n\n\n<hr class=\"wp-block-separator has-alpha-channel-opacity\"\/>\n\n\n\n<p>Dado que los Unos y los Cuatros son tan diferentes, podr\u00eda parecer extra\u00f1o que se puedan confundir. La confusi\u00f3n parece surgir cuando un Uno (que puede estar desintegr\u00e1ndose hacia el Cuatro bajo estr\u00e9s) comienza a pensar que es un Cuatro. Invariablemente, los Unos que se identifican err\u00f3neamente como Cuatros se centran casi exclusivamente en los rasgos del Cuatro poco saludable y no en el tipo en su conjunto. Debido a que se sienten melanc\u00f3licos, deprimidos y alienados de los dem\u00e1s, pueden convencerse de que deben ser Cuatros. Si los Unos han estado experimentando dificultades m\u00e1s severas, es posible que est\u00e9n \u201cdesvi\u00e1ndose\u201d hacia el Cuatro de manera m\u00e1s continua para evitar caer en Niveles a\u00fan m\u00e1s poco saludables del tipo Uno, un problema mucho m\u00e1s grave. En tales momentos, los Unos t\u00edpicamente est\u00e1n atormentados por la culpa, se sienten sin valor y est\u00e1n sujetos a un desprecio y odio hacia s\u00ed mismos excruciantes. (Incluso pueden haber tenido pensamientos suicidas). Su confusi\u00f3n se aclarar\u00eda si se observaran a s\u00ed mismos hist\u00f3ricamente y vieran tanto a s\u00ed mismos como al Cuatro en su totalidad.       <\/p>\n\n\n\n<p>En los Niveles promedio, los Unos generalmente atienden primero sus responsabilidades y luego se ocupan de sus sentimientos. Su falta de enfoque en sus emociones es, de hecho, una de las principales causas de sus frecuentes depresiones. (Tambi\u00e9n vale la pena mencionar que los Unos son uno de los tipos m\u00e1s vulnerables a la depresi\u00f3n). Los Cuatros, por otro lado, desean resolver primero sus sentimientos y ocuparse de sus deberes despu\u00e9s de haber procesado sus emociones. Como resultado, pueden tener dificultades para movilizarse y cumplir con sus responsabilidades. La mayor\u00eda de los Unos no se dar\u00edan permiso para \u201cindulgir\u201d en sus sentimientos de esta manera por mucho tiempo. Para los Cuatros promedio bajos, detenerse improductivamente en sus sentimientos puede ser la norma m\u00e1s que la excepci\u00f3n.      <\/p>\n\n\n\n<p>A pesar de estas diferencias, existen similitudes. Ambos tienden a ser perfeccionistas e insatisfechos con las cosas tal como est\u00e1n. Ambos a menudo se sienten frustrados consigo mismos y con su entorno, y pueden ser percibidos por los dem\u00e1s como quisquillosos o exigentes. Ambos pueden ser muy meticulosos con su entorno y las \u201creglas\u201d que quieren que otros observen en su espacio personal. (\u201cNadie entra aqu\u00ed sin quitarse los zapatos.\u201d) Ambos tipos pueden ser irascibles: los Unos promedio son frecuentemente cr\u00edticos e irritables, pero usualmente debido a la \u201cineficiencia de los dem\u00e1s o su falta de seguimiento de los procedimientos acordados. Los Cuatros promedio a menudo son cr\u00edticos y quisquillosos debido a la\u201d falta de conciencia de los dem\u00e1s sobre sus sensibilidades. Pueden sentirse irritados por la \u201caparente tosquedad de los dem\u00e1s. De manera similar, los Cuatros tambi\u00e9n pueden resentirse cuando sienten que los dem\u00e1s\u201d no aprecian su profundidad y creatividad. Si se molestan de esta manera, los Cuatros intentan castigar a los ofensores retir\u00e1ndose fr\u00edamente de manera emocional o incluso f\u00edsica. Se niegan a participar en comunicaciones posteriores. Los Unos promedio no se alejan de las personas. Por el contrario, se imponen a s\u00ed mismos y sus opiniones sobre los dem\u00e1s con creciente urgencia a medida que se enojan m\u00e1s por lo que perciben como la irresponsabilidad de los otros.            <\/p>\n\n\n\n<p>Tambi\u00e9n es posible que ocasionalmente un Cuatro saludable sea confundido con un Uno; tal identificaci\u00f3n err\u00f3nea ser\u00eda, sin embargo, un cumplido para el Cuatro, ya que indica que se ha integrado al Uno y est\u00e1 viviendo con un prop\u00f3sito m\u00e1s all\u00e1 de s\u00ed mismo. Afortunadamente para ellos, algunos Cuatros realmente se integran y comienzan a manifestar la raz\u00f3n, la moderaci\u00f3n y la atracci\u00f3n por los valores objetivos de los Unos saludables. Adem\u00e1s, algunos Cuatros pueden ser maestros y, en una situaci\u00f3n de ense\u00f1anza, ser llamados a trascender sus sentimientos y estados interiores. Pero un Cuatro que ha integrado genuinamente algunas de las cualidades saludables del tipo Uno sigue siendo un Cuatro y, adem\u00e1s de tener un ala Tres o un ala Cinco, otras caracter\u00edsticas importantes continuar\u00e1n presentes en la personalidad general del Cuatro. Contraste un Cuatro como Anne Rice con un Uno como Martha Stewart o un Cuatro como Tennessee Williams con un Uno como Arthur Miller para obtener m\u00e1s informaci\u00f3n sobre estos tipos.    <\/p>\n\n\r\n\t\t\t<\/div>\r\n\t\t\n\r\n\t\t\t\t<\/div>\r\n\t\t\t<\/div>\r\n\t\t","protected":false},"excerpt":{"rendered":"<p>Traducido con AI<\/p>\n","protected":false},"author":6,"featured_media":0,"parent":0,"menu_order":0,"comment_status":"closed","ping_status":"closed","template":"","meta":{"_acf_changed":false,"footnotes":""},"class_list":["post-2298","page","type-page","status-publish","hentry"],"acf":[],"_links":{"self":[{"href":"https:\/\/wpml.enneagraminstitute.com\/es\/wp-json\/wp\/v2\/pages\/2298","targetHints":{"allow":["GET"]}}],"collection":[{"href":"https:\/\/wpml.enneagraminstitute.com\/es\/wp-json\/wp\/v2\/pages"}],"about":[{"href":"https:\/\/wpml.enneagraminstitute.com\/es\/wp-json\/wp\/v2\/types\/page"}],"author":[{"embeddable":true,"href":"https:\/\/wpml.enneagraminstitute.com\/es\/wp-json\/wp\/v2\/users\/6"}],"replies":[{"embeddable":true,"href":"https:\/\/wpml.enneagraminstitute.com\/es\/wp-json\/wp\/v2\/comments?post=2298"}],"version-history":[{"count":4,"href":"https:\/\/wpml.enneagraminstitute.com\/es\/wp-json\/wp\/v2\/pages\/2298\/revisions"}],"predecessor-version":[{"id":2845,"href":"https:\/\/wpml.enneagraminstitute.com\/es\/wp-json\/wp\/v2\/pages\/2298\/revisions\/2845"}],"wp:attachment":[{"href":"https:\/\/wpml.enneagraminstitute.com\/es\/wp-json\/wp\/v2\/media?parent=2298"}],"curies":[{"name":"wp","href":"https:\/\/api.w.org\/{rel}","templated":true}]}}