{"id":2296,"date":"2024-01-11T20:34:04","date_gmt":"2024-01-11T20:34:04","guid":{"rendered":"https:\/\/wpml.enneagraminstitute.com\/identificacion-erronea-entre-5-y-9\/"},"modified":"2025-03-04T16:36:55","modified_gmt":"2025-03-04T16:36:55","slug":"identificacion-erronea-entre-5-y-9","status":"publish","type":"page","link":"https:\/\/wpml.enneagraminstitute.com\/es\/identificacion-erronea-entre-5-y-9\/","title":{"rendered":"Identificaci\u00f3n err\u00f3nea entre 5 y 9"},"content":{"rendered":"<h3 style=\"text-align:center\"> Traducido con AI<\/h3>\r\n\t\t\t<div class='container single-content-layout-layout-block'>\r\n\t\t\t\t<div class='row'>\r\n\t\t\t\t\t\n\r\n\t\t\t<div class='column-block col-12 col-md-10 col-lg-8 offset-lg-1'>\r\n\t\t\t\t\n\n<h1 class=\"wp-block-heading\">Identificaci\u00f3n err\u00f3nea entre Cincos y Nueves<\/h1>\n\n\n\n<hr class=\"wp-block-separator has-alpha-channel-opacity\"\/>\n\n\n\n<p>Se justifica una comparaci\u00f3n y contraste detallados entre los Cincos y los Nueves debido a que muchos Nueves err\u00f3neamente creen ser Cincos; t\u00edpicamente, la identificaci\u00f3n err\u00f3nea casi nunca ocurre en sentido contrario. Particularmente si est\u00e1n bien educados e son inteligentes, los Nueves masculinos promedio tienden a pensar que son Cincos. (Como se se\u00f1al\u00f3 en la discusi\u00f3n sobre los Dos, las Nueves femeninas promedio tienden a pensar que son Dos.)  <\/p>\n\n\n\n<p>De todos los tipos de personalidad, los Nueves tienen la mayor dificultad para identificar qu\u00e9 tipo son porque su sentido del yo est\u00e1 indefinido. Los Nueves promedio tienen poco sentido de qui\u00e9nes son aparte de aquellos con quienes se han identificado; por lo tanto, generalmente no saben por d\u00f3nde empezar a encontrar su tipo. (Como hemos visto, o bien piensan que son Cincos o Dos, o ven un poco de s\u00ed mismos en todos los tipos y no hacen ning\u00fan esfuerzo adicional por identificarse. Si no tienen orientaci\u00f3n, los Nueves en este predicamento usualmente se encogen de hombros y renuncian al Eneagrama y, lo que es m\u00e1s importante, a adquirir autoconocimiento.)  <\/p>\n\n\n\n<p>Incluso los Nueves relativamente saludables todav\u00eda tienen un sentido del yo algo difuso porque se basa en su capacidad para ser receptivos a los dem\u00e1s y para ser inconscientes de s\u00ed mismos. Adem\u00e1s, los Nueves promedio tienen problemas para identificar su tipo porque hacerlo despierta ansiedad, algo completamente anatem\u00e1tico para ellos. Cualquier cosa que perturbe su tranquilidad es ignorada o recibida con indiferencia. Evitan la introspecci\u00f3n en favor de entretener nociones reconfortantes sobre s\u00ed mismos, cualesquiera que sean. Mantener una comprensi\u00f3n indefinida de s\u00ed mismos, y as\u00ed, mantener su comodidad emocional, es m\u00e1s importante para los Nueves promedio que adquirir percepciones m\u00e1s profundas.    <\/p>\n\n\n\n<p>Nada de esto es cierto para los Cincos, y los dos tipos son opuestos en muchos aspectos. Los Nueves son gentiles, despreocupados, pacientes, receptivos y complacientes, mientras que los Cincos son intensos, de mente fuerte, argumentativos, contenciosos y altamente resistentes a la influencia de los dem\u00e1s. A los Nueves les agrada la gente y conf\u00edan en ella; quiz\u00e1s a veces son demasiado confiados. En contraste, los Cincos promedio son suspicaces de la gente y son todo menos confiados, quiz\u00e1s a veces demasiado c\u00ednicos y resistentes. Ambos tipos est\u00e1n entre los tres tipos retra\u00eddos del Eneagrama, y (como hemos visto con los Cuatros y los Nueves), hay similitudes genuinas entre ellos, aunque solo superficiales (<em>PT<\/em>, 433-36).    <\/p>\n\n\n\n<p>A pesar de sus similitudes, el principal punto de confusi\u00f3n para los Nueves surge en torno a la noci\u00f3n de \u201cpensar.\u201d Los Nueves piensan que son Cincos porque creen tener ideas profundas: por lo tanto, deben ser Cincos. <\/p>\n\n\n\n<p>Parte del problema se deriva del hecho de que los individuos de ambos tipos pueden ser altamente inteligentes, aunque como grupo los Cincos son probablemente los m\u00e1s inteligentes de los nueve tipos de personalidad. (Cuando los Nueves son altamente inteligentes, pueden ser tan brillantes como los Cincos, aunque su destreza intelectual est\u00e1 compartimentada. Son brillantes en el trabajo pero desenfocados y desatentos en todas las dem\u00e1s \u00e1reas, mientras que los Cincos est\u00e1n enfocados y atentos en todas partes todo el tiempo.) Aunque la inteligencia puede manifestarse de diferentes maneras, ser inteligente no convierte a los Nueves en intelectuales, as\u00ed como pensar no los convierte en pensadores. Como hemos visto, el patr\u00f3n en su conjunto (y las motivaciones) debe ser tomado en consideraci\u00f3n, no uno o dos rasgos aislados. Dado que todos los tipos piensan de una manera u otra, el pensar por s\u00ed solo, sin m\u00e1s distinci\u00f3n, no es una base suficiente para un diagn\u00f3stico de personalidad.    <\/p>\n\n\n\n<p>La diferencia fundamental entre el pensamiento de los Nueves y el de los Cincos es que los Nueves son impresionistas, involucrados con generalidades, rumiaciones imaginativas y situaciones fantasiosas. Los Nueves t\u00edpicamente no se preocupan por los detalles, ni suelen ser buenos para dar seguimiento una vez que han actuado. En contraste, el pensamiento de los Cincos es altamente enfocado, penetrante y casi microsc\u00f3pico en la estrechez de su marco de referencia. Los Cincos aman los detalles, perdi\u00e9ndose en la investigaci\u00f3n, la erudici\u00f3n y las complejas b\u00fasquedas intelectuales. Piensan en profundidad, concentr\u00e1ndose tanto que bloquean otras percepciones (eventualmente en su detrimento). En contraste, incluso los Nueves brillantes tienden a tener problemas para concentrarse; tambi\u00e9n tienden a perder el inter\u00e9s r\u00e1pidamente y a permitir que su atenci\u00f3n se desv\u00ede cuando se aburren o se ponen ansiosos.     <\/p>\n\n\n\n<p>Los Nueves tienden a elaborar soluciones grandiosas, amplias e idealistas a los problemas, mientras que los Cincos tienden a especular sobre los problemas, luego sobre los problemas que sus problemas han suscitado, y as\u00ed sucesivamente ad infinitum. Los Nueves pueden ser narradores dotados, capaces de comunicarse de manera simple y efectiva a otros, incluso a ni\u00f1os. Los Cincos usualmente comunican sus ideas solo a unos pocos o las mantienen completamente para s\u00ed mismos. (Adem\u00e1s, sus ideas pueden ser tan complicadas que resultan dif\u00edciles de comunicar a todos excepto a otros especialistas.) Los Nueves generalmente no consideran las consecuencias de sus acciones; los Cincos est\u00e1n extremadamente interesados en predecir las consecuencias de cada acci\u00f3n. Los Nueves idealizan el mundo y crean mundos imaginarios en los que el bien siempre triunfa sobre el mal; los Cincos analizan el mundo real y crean escenarios aterradores en los que el mal generalmente triunfa sobre el bien o existe en tensi\u00f3n con \u00e9l. Los Nueves simplifican; los Cincos complejizan. Los Nueves miran al pasado; los Cincos al futuro. Los Nueves son fantasiosos; los Cincos son te\u00f3ricos. Los Nueves est\u00e1n desconectados; los Cincos est\u00e1n desapegados. Los Nueves son ut\u00f3picos; los Cincos son nihilistas. Los Nueves son optimistas; los Cincos son pesimistas. Los Nueves son abiertos; los Cincos son resistentes. Los Nueves no son amenazantes y no juzgan; los Cincos son defensivos y contenciosos. Los Nueves est\u00e1n en paz; los Cincos est\u00e1n en tensi\u00f3n. Los Nueves terminan en disociaci\u00f3n; los Cincos en paranoia.               <\/p>\n\n\n\n<p>Comparaciones y contrastes como estos podr\u00edan multiplicarse casi indefinidamente porque, si bien estos dos tipos son opuestos, tambi\u00e9n son parad\u00f3jicamente similares. Lo que tienen en com\u00fan es la tendencia a hacer preguntas del tipo \u201c\u00bfQu\u00e9 pasar\u00eda si?\u201d La diferencia est\u00e1 en su respuesta: los Nueves tienden a rumiar sobre sus fantas\u00edas, mientras que los Cincos intentan ver si sus ideas podr\u00edan hacerse realidad. Las ideas de los Nueves generalmente involucran una sola intuici\u00f3n que, aunque sea suficientemente cierta, a menudo es poco pr\u00e1ctica y no lleva a ninguna parte. Por ejemplo, un Nueve puede pensar que el camino hacia la paz mundial es \u201cque todos se amen unos a otros.\u201d Si bien esto es indudablemente cierto, el problema no abordado es c\u00f3mo lograr que todos se amen unos a otros. Un Cinco que se preguntara sobre el mismo problema escribir\u00eda un tratado sobre la paz mundial despu\u00e9s de realizar una exhaustiva investigaci\u00f3n hist\u00f3rica, eventualmente erigiendo una gran teor\u00eda de la paz. (Las ideas del Cinco tambi\u00e9n pueden no llevar a nada, pero al menos son perseguidas, y eventualmente pueden obtenerse resultados pr\u00e1cticos de ellas.) Para dar otro ejemplo, un Nueve podr\u00eda preguntarse c\u00f3mo es volar e inventar una historia al respecto. Un Cinco podr\u00eda preguntarse c\u00f3mo volar e inventar un avi\u00f3n o investigar sobre p\u00e1jaros o dise\u00f1ar un cohete.         <\/p>\n\n\n\n<p>En resumen, los Nueves tienen una vida de fantas\u00eda activa y creen que tienen pensamientos profundos. A veces los tienen, por supuesto, aunque el pensamiento de los Nueves inteligentes y bien educados tiende a ir en la direcci\u00f3n de simplificar la realidad y cortar a trav\u00e9s de matorrales abstrusos para llegar al n\u00facleo de la verdad subyacente. Los Nueves tienden a ver las cosas como quieren que sean; reinterpretan la realidad para hacerla m\u00e1s reconfortante y menos amenazante, m\u00e1s simple y menos desalentadora. En contraste, el pensamiento de los Cincos es complejo. Al intentar llegar a una gran teor\u00eda unificadora que abarque y explique todo, los Cincos promedio terminan involucrados en complicaciones y abstracciones crecientes. Su pensamiento se centra en especificidades, a menudo altamente t\u00e9cnicas y preocupadas por la previsi\u00f3n y las consecuencias de actuar de una manera u otra. Pero en un extremo, los Cincos corren el riesgo de ver la realidad no como es, sino como una proyecci\u00f3n de sus preocupaciones y temores. Distorsionan sus percepciones de la realidad para que la realidad parezca m\u00e1s negativa y amenazante de lo que realmente es.       <\/p>\n\n\n\n<p>Los Nueves se sienten a gusto en el mundo, y su estilo de pensamiento refleja su deseo inconsciente de fundirse con el mundo. Los Cincos temen ser abrumados por el mundo, y sus esfuerzos intelectuales son una defensa inconsciente contra el mundo, un intento de dominarlo intelectualmente. Hay un mundo de diferencia entre estos dos tipos, ya que ven el mundo de manera tan diferente. Compare a Charles Darwin (un Cinco) y Walt Disney (un Nueve), Albert Einstein (un Cinco) y Jim Henson (un Nueve) para comprender m\u00e1s claramente las similitudes y diferencias entre estos dos tipos.   <\/p>\n\n\r\n\t\t\t<\/div>\r\n\t\t\n\r\n\t\t\t\t<\/div>\r\n\t\t\t<\/div>\r\n\t\t","protected":false},"excerpt":{"rendered":"<p>Traducido con AI<\/p>\n","protected":false},"author":6,"featured_media":0,"parent":0,"menu_order":0,"comment_status":"closed","ping_status":"closed","template":"","meta":{"_acf_changed":false,"footnotes":""},"class_list":["post-2296","page","type-page","status-publish","hentry"],"acf":[],"_links":{"self":[{"href":"https:\/\/wpml.enneagraminstitute.com\/es\/wp-json\/wp\/v2\/pages\/2296","targetHints":{"allow":["GET"]}}],"collection":[{"href":"https:\/\/wpml.enneagraminstitute.com\/es\/wp-json\/wp\/v2\/pages"}],"about":[{"href":"https:\/\/wpml.enneagraminstitute.com\/es\/wp-json\/wp\/v2\/types\/page"}],"author":[{"embeddable":true,"href":"https:\/\/wpml.enneagraminstitute.com\/es\/wp-json\/wp\/v2\/users\/6"}],"replies":[{"embeddable":true,"href":"https:\/\/wpml.enneagraminstitute.com\/es\/wp-json\/wp\/v2\/comments?post=2296"}],"version-history":[{"count":4,"href":"https:\/\/wpml.enneagraminstitute.com\/es\/wp-json\/wp\/v2\/pages\/2296\/revisions"}],"predecessor-version":[{"id":2846,"href":"https:\/\/wpml.enneagraminstitute.com\/es\/wp-json\/wp\/v2\/pages\/2296\/revisions\/2846"}],"wp:attachment":[{"href":"https:\/\/wpml.enneagraminstitute.com\/es\/wp-json\/wp\/v2\/media?parent=2296"}],"curies":[{"name":"wp","href":"https:\/\/api.w.org\/{rel}","templated":true}]}}