{"id":2294,"date":"2024-01-11T20:34:04","date_gmt":"2024-01-11T20:34:04","guid":{"rendered":"https:\/\/wpml.enneagraminstitute.com\/relacion-tipo-4-con-tipo-9\/"},"modified":"2025-03-04T16:36:55","modified_gmt":"2025-03-04T16:36:55","slug":"relacion-tipo-4-con-tipo-9","status":"publish","type":"page","link":"https:\/\/wpml.enneagraminstitute.com\/es\/relacion-tipo-4-con-tipo-9\/","title":{"rendered":"Relaci\u00f3n Tipo 4 con Tipo 9"},"content":{"rendered":"<h3 style=\"text-align:center\"> Traducido con AI<\/h3>\r\n\t\t\t<div class='container single-content-layout-layout-block'>\r\n\t\t\t\t<div class='row'>\r\n\t\t\t\t\t\n\r\n\t\t\t<div class='column-block col-12 col-md-10 col-lg-8 offset-lg-1'>\r\n\t\t\t\t\n\n<h1 class=\"wp-block-heading\">Eneagrama Tipo Cuatro (el Individualista)<br\/><em>con<\/em><br\/>Eneagrama Tipo Nueve (el Pacificador)<\/h1>\n\n\n\n<hr class=\"wp-block-separator has-alpha-channel-opacity\"\/>\n\n\n\n<h2 class=\"wp-block-heading\">Lo que cada tipo aporta a la relaci\u00f3n<\/h2>\n\n\n\n<p>Esta puede ser, parad\u00f3jicamente, una combinaci\u00f3n de relaci\u00f3n muy c\u00f3moda y a la vez emocionante. Los Eneagramas Cuatro y Nueve son ambos retra\u00eddos y reservados, sensibles a los sentimientos y necesidades del otro, y emp\u00e1ticos hacia el sufrimiento ajeno. Ambos pueden ser de coraz\u00f3n tierno y altamente compasivos hacia el sufrimiento que encuentran en el mundo y en el otro. Ambos desean encontrar una conexi\u00f3n profunda con el otro, y sin embargo, ambos tambi\u00e9n anhelan cierto grado de autonom\u00eda e insisten en un grado muy real de privacidad. Tanto los Cuatro como los Nueve pueden ser altamente creativos, y como pareja se apoyan mutuamente con entusiasmo en su creatividad y se otorgan un amplio espacio para desarrollar sus talentos. Ambos son idealistas y desean conectarse profundamente con alguien, sintiendo que est\u00e1n en b\u00fasqueda de su alma gemela, la \u00fanica persona en el mundo con quien pueden conectarse completamente y ser ellos mismos.     <\/p>\n\n\n\n<p>Tanto los Cuatro como los Nueve aportan una sensualidad y amor por el confort que es digno de menci\u00f3n; esto puede expresarse en su estilo de vida, h\u00e1bitos de viaje, y en sus actividades sexuales y otras actividades \u00edntimas. Esta es una pareja a la que le gusta quedarse en la cama toda la ma\u00f1ana del domingo, leyendo el peri\u00f3dico y conversando. Cada uno aporta pasi\u00f3n y aprecio por el otro, junto con un deseo de estar c\u00f3modo y construir una vida juntos. Los Cuatro pueden hacer que los Nueve se vuelvan m\u00e1s intensos y expresivos acerca de c\u00f3mo se sienten, mientras que los Nueve pueden permitir que los Cuatro se sientan comprendidos y aceptados tal como son. Los Cuatro son buenos nombrando sentimientos y se\u00f1alando estados emocionales; los Nueve son buenos creando una atm\u00f3sfera de aceptaci\u00f3n sin prejuicios. Los Nueve incluso pueden disfrutar de las tormentas emocionales y dramas en los que ocasionalmente se involucran los Cuatro, sintiendo que a\u00f1aden emoci\u00f3n a su vida en com\u00fan. Gran parte del placer y la pasi\u00f3n de esta pareja es no verbal en la profundidad de la comprensi\u00f3n que cada uno tiene por el otro.     <\/p>\n\n\n\n<hr class=\"wp-block-separator has-alpha-channel-opacity\"\/>\n\n\n\n<h2 class=\"wp-block-heading\">Potenciales puntos problem\u00e1ticos o conflictos<\/h2>\n\n\n\n<p>La mayor \u00e1rea de conflicto entre los Cuatro y los Nueve es que cada uno tiende a reaccionar de manera diferente a medida que aumenta el estr\u00e9s: los Cuatro se vuelven m\u00e1s emocionalmente vol\u00e1tiles y exigentes, mientras que los Nueve se vuelven m\u00e1s desconectados e imposibles de alcanzar. Los Cuatro pueden parecer demasiado inestables y dram\u00e1ticos, impredecibles y caprichosos para los Nueve, mientras que los Nueve pueden parecer demasiado indiferentes y emocionalmente inertes, insatisfactorios e incomunicativos para los Cuatro. Los Nueve pueden enojarse por el sentido de derecho y las demandas de atenci\u00f3n y exenci\u00f3n de los Cuatro. Los Cuatro pueden enojarse por la irresponsabilidad de los Nueve y su aparente incapacidad para aprender de sus errores y experiencias. Si los conflictos y tensiones aumentan entre ellos, los Nueve pueden cerrarse cada vez m\u00e1s, de modo que la comunicaci\u00f3n se detiene, y dan a los Cuatro el sutil mensaje de que no quieren escuchar sus reacciones ni lidiar con sus sentimientos. Los Cuatro pueden sentir que hablar con los Nueve es como jugar tenis solo\u2014no hay nadie que devuelva la pelota\u2014y hay muy poca relaci\u00f3n en la relaci\u00f3n. El desprecio por lo que los Cuatro ven como aburrido e ineficaz puede poner fin a la relaci\u00f3n.      <\/p>\n\n\n\n<p>Ambos tipos buscan parejas que parecen encarnar algunas cualidades que sienten que ellos mismos no poseen: los Nueve buscan parejas fuertes y en\u00e9rgicas, mientras que los Cuatro buscan parejas que posean alg\u00fan ideal del ego que sienten que les falta a ellos mismos. En Cuatro y Nueve de funcionamiento inferior, ninguno energiza al otro y ambos quedan atrapados en un pantano de ira inhibida, resentimiento e irritaci\u00f3n mutua. Los Cuatro tienden a renunciar a los Nueve (por considerarlos irremediablemente inertes y aburridos), mientras que los Nueve tienden a renunciar a los Cuatro (por considerarlos demasiado exigentes y emocionalmente vol\u00e1tiles).  <\/p>\n\n\n\n<p>Para una comprensi\u00f3n m\u00e1s profunda de esta combinaci\u00f3n de tipos, lea m\u00e1s sobre la <a href=\"https:\/\/wpml.enneagraminstitute.com\/es\/como-funciona-el-sistema-del-eneagrama\/\">Flecha de Estr\u00e9s<\/a> y c\u00f3mo los tipos <a href=\"https:\/\/wpml.enneagraminstitute.com\/es\/eneagrama-tipo-4-el-individualista\/\">Cuatro<\/a> y <a href=\"https:\/\/wpml.enneagraminstitute.com\/es\/eneagrama-tipo-9-el-pacificador\/\">Nueve<\/a> se comportan cuando se mueven a lo largo de ella.<\/p>\n\n\r\n\t\t\t<\/div>\r\n\t\t\n\r\n\t\t\t\t<\/div>\r\n\t\t\t<\/div>\r\n\t\t","protected":false},"excerpt":{"rendered":"<p>Traducido con AI<\/p>\n","protected":false},"author":6,"featured_media":0,"parent":0,"menu_order":0,"comment_status":"closed","ping_status":"closed","template":"","meta":{"_acf_changed":false,"footnotes":""},"class_list":["post-2294","page","type-page","status-publish","hentry"],"acf":[],"_links":{"self":[{"href":"https:\/\/wpml.enneagraminstitute.com\/es\/wp-json\/wp\/v2\/pages\/2294","targetHints":{"allow":["GET"]}}],"collection":[{"href":"https:\/\/wpml.enneagraminstitute.com\/es\/wp-json\/wp\/v2\/pages"}],"about":[{"href":"https:\/\/wpml.enneagraminstitute.com\/es\/wp-json\/wp\/v2\/types\/page"}],"author":[{"embeddable":true,"href":"https:\/\/wpml.enneagraminstitute.com\/es\/wp-json\/wp\/v2\/users\/6"}],"replies":[{"embeddable":true,"href":"https:\/\/wpml.enneagraminstitute.com\/es\/wp-json\/wp\/v2\/comments?post=2294"}],"version-history":[{"count":4,"href":"https:\/\/wpml.enneagraminstitute.com\/es\/wp-json\/wp\/v2\/pages\/2294\/revisions"}],"predecessor-version":[{"id":2847,"href":"https:\/\/wpml.enneagraminstitute.com\/es\/wp-json\/wp\/v2\/pages\/2294\/revisions\/2847"}],"wp:attachment":[{"href":"https:\/\/wpml.enneagraminstitute.com\/es\/wp-json\/wp\/v2\/media?parent=2294"}],"curies":[{"name":"wp","href":"https:\/\/api.w.org\/{rel}","templated":true}]}}