{"id":2292,"date":"2024-01-11T20:34:04","date_gmt":"2024-01-11T20:34:04","guid":{"rendered":"https:\/\/wpml.enneagraminstitute.com\/identificacion-erronea-de-3-y-5\/"},"modified":"2025-03-04T16:36:56","modified_gmt":"2025-03-04T16:36:56","slug":"identificacion-erronea-de-3-y-5","status":"publish","type":"page","link":"https:\/\/wpml.enneagraminstitute.com\/es\/identificacion-erronea-de-3-y-5\/","title":{"rendered":"Identificaci\u00f3n err\u00f3nea de 3 y 5"},"content":{"rendered":"<h3 style=\"text-align:center\"> Traducido con AI<\/h3>\r\n\t\t\t<div class='container single-content-layout-layout-block'>\r\n\t\t\t\t<div class='row'>\r\n\t\t\t\t\t\n\r\n\t\t\t<div class='column-block col-12 col-md-10 col-lg-8 offset-lg-1'>\r\n\t\t\t\t\n\n<h1 class=\"wp-block-heading\">Identificaci\u00f3n err\u00f3nea de Tres y Cincos<\/h1>\n\n\n\n<hr class=\"wp-block-separator has-alpha-channel-opacity\"\/>\n\n\n\n<p>El motivo principal por el que se confunden estos dos tipos tan diferentes es que algunos Tres promedio (especialmente si son inteligentes) desean verse a s\u00ed mismos como \u201cpensadores.\u201d Dado que los Cincos son estereot\u00edpicamente considerados como el \u201ctipo inteligente y pensador,\u201d los Tres promedio pueden elegirlo en lugar del tipo que realmente son. Esta identificaci\u00f3n err\u00f3nea es realizada casi exclusivamente por los Tres, ya que es poco probable que los Cincos piensen que son Tres. Los Tres promedio est\u00e1n predispuestos a cumplir con las expectativas ocultas de sus progenitores; por lo tanto, en una familia que valora la inteligencia, la originalidad y la brillantez intelectual, es bastante natural que los Tres crezcan pensando que deben poseer esas cualidades para ser valiosos. As\u00ed, las concepciones limitadas de los tipos, o las presentaciones poco halagadoras e injustas del tipo Tres en algunas literaturas del Eneagrama, pueden hacer que algunos Tres promedio deseen ser Cincos.    <\/p>\n\n\n\n<p>Algunos Tres pueden ser efectivamente pensadores y tener ideas originales; pueden sobresalir acad\u00e9micamente y ser estudiantes brillantes. Sin embargo, estas caracter\u00edsticas por s\u00ed solas no son suficientes para ser un Cinco. Una vez m\u00e1s, la ra\u00edz de la identificaci\u00f3n err\u00f3nea reside en enfocarse en uno o dos rasgos en lugar de considerar el tipo en su totalidad, incluyendo sus motivaciones centrales.  <\/p>\n\n\n\n<p>Existen numerosas diferencias significativas entre estos dos tipos. La clase de pensamiento en la que se involucran es muy distinta: los Cincos est\u00e1n muy orientados al proceso: no se preocupan por los objetivos finales y pueden estar extraordinariamente involucrados en ideas abstractas por el mero af\u00e1n de adquirir conocimiento, pr\u00e1cticamente como un fin en s\u00ed mismo. La b\u00fasqueda y posesi\u00f3n del conocimiento cautiva a los Cincos, y no solo sus intereses no necesitan tener resultados pr\u00e1cticos para ser satisfactorios, sino que los Cincos promedio tienen la misma probabilidad de nunca buscar fama o fortuna por sus descubrimientos o creaciones. Los Cincos siguen sus ideas dondequiera que les lleven, sin un fin particular en mente. Sus ideas ni siquiera necesitan estar relacionadas con hacer descubrimientos. Crear sus propias realidades internas privadas puede ser recompensa suficiente. En cualquier caso, los Cincos promedio permanecer\u00e1n con un proyecto durante a\u00f1os hasta que agoten su tema o a s\u00ed mismos, o ambos.      <\/p>\n\n\n\n<p>Los Tres, por el contrario, no suelen involucrarse en temas por s\u00ed mismos: cambian sus intereses y carreras r\u00e1pidamente si el \u00e9xito y el reconocimiento que buscan se les escapan. Adem\u00e1s, los Tres promedio persiguen su trabajo intelectual con objetivos personales en mente (ya sea consciente o inconscientemente): impresionar a otros, ser famosos, ser reconocidos como los mejores en su campo, ser aclamados como genios, vencer a un rival en un descubrimiento, ganar un premio o subvenci\u00f3n prestigiosa, y as\u00ed sucesivamente. La consideraci\u00f3n esencial es que su trabajo intelectual se emprende frecuentemente para lograr metas y obtener reconocimiento, m\u00e1s que por el amor al conocimiento y la emoci\u00f3n del descubrimiento intelectual. En los Tres, pueden entrar en escena elementos de autopromoci\u00f3n y b\u00fasqueda de estatus. Los Tres promedio tienden a promocionarse a s\u00ed mismos y a hablar sobre sus brillantes logros, mientras que los Cincos promedio tienden a ser reservados y reticentes acerca de su trabajo y descubrimientos. Adem\u00e1s, el pensamiento pragm\u00e1tico de los Tres promedio calcula c\u00f3mo alcanzar objetivos de la manera m\u00e1s eficiente, algo completamente ajeno a los Cincos poco pr\u00e1cticos e impulsados por la curiosidad.     <\/p>\n\n\n\n<p>Adicionalmente, los Tres son altamente sociables y est\u00e1n bien arreglados: saben c\u00f3mo presentarse favorablemente. Los Cincos suelen ser solitarios y a menudo ponen poco o ning\u00fan esfuerzo en su apariencia personal: su apariencia significa menos para ellos que perseguir sus intereses hasta que los problemas est\u00e9n resueltos y el trabajo est\u00e9 hecho. Los Tres promedio son altamente conscientes de lo que otros piensan sobre ellos, mientras que a los Cincos promedio les importa poco la buena opini\u00f3n de los dem\u00e1s. Los Tres promedio desean ser considerados sexual y socialmente deseables y se conformar\u00e1n y establecer\u00e1n est\u00e1ndares sociales. Los Cincos son a menudo extra\u00f1os, exc\u00e9ntricos y aislados de los dem\u00e1s, sin preocuparse en absoluto por conformarse a los est\u00e1ndares sociales. Contr\u00e1stense las personalidades de Tres como Michael Tilson Thomas y Carl Sagan con las de Cincos como Glenn Gould y Stanley Kubrick.     <\/p>\n\n\r\n\t\t\t<\/div>\r\n\t\t\n\r\n\t\t\t\t<\/div>\r\n\t\t\t<\/div>\r\n\t\t","protected":false},"excerpt":{"rendered":"<p>Traducido con AI<\/p>\n","protected":false},"author":6,"featured_media":0,"parent":0,"menu_order":0,"comment_status":"closed","ping_status":"closed","template":"","meta":{"_acf_changed":false,"footnotes":""},"class_list":["post-2292","page","type-page","status-publish","hentry"],"acf":[],"_links":{"self":[{"href":"https:\/\/wpml.enneagraminstitute.com\/es\/wp-json\/wp\/v2\/pages\/2292","targetHints":{"allow":["GET"]}}],"collection":[{"href":"https:\/\/wpml.enneagraminstitute.com\/es\/wp-json\/wp\/v2\/pages"}],"about":[{"href":"https:\/\/wpml.enneagraminstitute.com\/es\/wp-json\/wp\/v2\/types\/page"}],"author":[{"embeddable":true,"href":"https:\/\/wpml.enneagraminstitute.com\/es\/wp-json\/wp\/v2\/users\/6"}],"replies":[{"embeddable":true,"href":"https:\/\/wpml.enneagraminstitute.com\/es\/wp-json\/wp\/v2\/comments?post=2292"}],"version-history":[{"count":4,"href":"https:\/\/wpml.enneagraminstitute.com\/es\/wp-json\/wp\/v2\/pages\/2292\/revisions"}],"predecessor-version":[{"id":2848,"href":"https:\/\/wpml.enneagraminstitute.com\/es\/wp-json\/wp\/v2\/pages\/2292\/revisions\/2848"}],"wp:attachment":[{"href":"https:\/\/wpml.enneagraminstitute.com\/es\/wp-json\/wp\/v2\/media?parent=2292"}],"curies":[{"name":"wp","href":"https:\/\/api.w.org\/{rel}","templated":true}]}}