{"id":2290,"date":"2024-01-11T20:34:04","date_gmt":"2024-01-11T20:34:04","guid":{"rendered":"https:\/\/wpml.enneagraminstitute.com\/identificacion-erronea-de-2-y-3\/"},"modified":"2025-03-04T16:36:56","modified_gmt":"2025-03-04T16:36:56","slug":"identificacion-erronea-de-2-y-3","status":"publish","type":"page","link":"https:\/\/wpml.enneagraminstitute.com\/es\/identificacion-erronea-de-2-y-3\/","title":{"rendered":"Identificaci\u00f3n err\u00f3nea de 2 y 3"},"content":{"rendered":"<h3 style=\"text-align:center\"> Traducido con AI<\/h3>\r\n\t\t\t<div class='container single-content-layout-layout-block'>\r\n\t\t\t\t<div class='row'>\r\n\t\t\t\t\t\n\r\n\t\t\t<div class='column-block col-12 col-md-10 col-lg-8 offset-lg-1'>\r\n\t\t\t\t\n\n<h1 class=\"wp-block-heading\">Identificaci\u00f3n err\u00f3nea de Dos y Tres<\/h1>\n\n\n\n<hr class=\"wp-block-separator has-alpha-channel-opacity\"\/>\n\n\n\n<p>En este caso, nuevamente, es probable que la confusi\u00f3n sobre el ala versus el tipo dominante sea el problema. Es improbable que un Dos con ala Uno sea err\u00f3neamente clasificado como un Tres, y es poco probable que un Tres con ala Cuatro sea confundido con un Dos. Sin embargo, con el 2w3 y el 3w2, el encanto personal y el deseo de agradar y complacer a los dem\u00e1s pueden hacer que estos tipos sean m\u00e1s dif\u00edciles de distinguir. La confusi\u00f3n surge a veces, por ejemplo, porque la palabra \u201cseductor\u201d se ha aplicado frecuentemente al tipo Dos. No obstante, es evidente que todos los tipos pueden ser seductores a su manera, y los Tres pueden ser ciertamente muy seductores. Por lo tanto, es importante distinguir c\u00f3mo estos dos tipos \u201cseducen\u201d la atenci\u00f3n de los dem\u00e1s. B\u00e1sicamente, los Dos intentan que los dem\u00e1s los aprecien haciendo cosas buenas por ellos, centr\u00e1ndose en la otra persona. (\u201c\u00bfC\u00f3mo se siente esta tarde? Parece triste.\u201d) Los Dos prestan mucha atenci\u00f3n apreciativa a la otra persona con la esperanza de ser valorados como amigos o \u00edntimos. Los Dos est\u00e1n principalmente motivados por el deseo de complacer al otro como una forma de crear cercan\u00eda o intimidad, para mejorar la relaci\u00f3n.         <\/p>\n\n\n\n<p>Los Tres logran que los dem\u00e1s los aprecien desarrollando la excelencia de su propio \u201cconjunto\u201d. Los Tres raramente prodigan atenci\u00f3n al otro; m\u00e1s bien, intentan ser tan sobresalientes e irresistibles que el otro querr\u00e1 centrar su atenci\u00f3n en ellos. Y aunque los Tres disfrutan de la atenci\u00f3n y desean relaciones, en realidad temen la intimidad, sinti\u00e9ndose m\u00e1s inc\u00f3modos a medida que la relaci\u00f3n se vuelve m\u00e1s cercana.  <\/p>\n\n\n\n<p>Los Dos y los Tres difieren en varias otras \u00e1reas clave. Mientras que los Dos pueden ser ambiciosos, se sienten inc\u00f3modos persiguiendo sus objetivos directamente, sintiendo que hacerlo ser\u00eda demasiado ego\u00edsta. Los Tres est\u00e1n extremadamente orientados a objetivos y sienten que no est\u00e1n a la altura de su potencial si no son los mejores en lo que hacen. Los Dos son abiertamente sentimentales y expresan sus emociones con facilidad. Los Tres tienden a ser m\u00e1s comedidos y tienen dificultades para acceder a sus sentimientos. Los Dos contin\u00faan intentando hacer cosas agradables por los dem\u00e1s hasta que pierden la paciencia y estallan cuando van al Ocho. Los Tres siguen esforz\u00e1ndose por sobresalir hasta que se agotan y se vuelven m\u00e1s desapegados y pasivos cuando van al Nueve.      <\/p>\n\n\r\n\t\t\t<\/div>\r\n\t\t\n\r\n\t\t\t\t<\/div>\r\n\t\t\t<\/div>\r\n\t\t","protected":false},"excerpt":{"rendered":"<p>Traducido con AI<\/p>\n","protected":false},"author":6,"featured_media":0,"parent":0,"menu_order":0,"comment_status":"closed","ping_status":"closed","template":"","meta":{"_acf_changed":false,"footnotes":""},"class_list":["post-2290","page","type-page","status-publish","hentry"],"acf":[],"_links":{"self":[{"href":"https:\/\/wpml.enneagraminstitute.com\/es\/wp-json\/wp\/v2\/pages\/2290","targetHints":{"allow":["GET"]}}],"collection":[{"href":"https:\/\/wpml.enneagraminstitute.com\/es\/wp-json\/wp\/v2\/pages"}],"about":[{"href":"https:\/\/wpml.enneagraminstitute.com\/es\/wp-json\/wp\/v2\/types\/page"}],"author":[{"embeddable":true,"href":"https:\/\/wpml.enneagraminstitute.com\/es\/wp-json\/wp\/v2\/users\/6"}],"replies":[{"embeddable":true,"href":"https:\/\/wpml.enneagraminstitute.com\/es\/wp-json\/wp\/v2\/comments?post=2290"}],"version-history":[{"count":4,"href":"https:\/\/wpml.enneagraminstitute.com\/es\/wp-json\/wp\/v2\/pages\/2290\/revisions"}],"predecessor-version":[{"id":2849,"href":"https:\/\/wpml.enneagraminstitute.com\/es\/wp-json\/wp\/v2\/pages\/2290\/revisions\/2849"}],"wp:attachment":[{"href":"https:\/\/wpml.enneagraminstitute.com\/es\/wp-json\/wp\/v2\/media?parent=2290"}],"curies":[{"name":"wp","href":"https:\/\/api.w.org\/{rel}","templated":true}]}}