{"id":2288,"date":"2024-01-11T20:34:04","date_gmt":"2024-01-11T20:34:04","guid":{"rendered":"https:\/\/wpml.enneagraminstitute.com\/terminos-de-uso\/"},"modified":"2025-03-04T16:36:56","modified_gmt":"2025-03-04T16:36:56","slug":"terminos-de-uso","status":"publish","type":"page","link":"https:\/\/wpml.enneagraminstitute.com\/es\/terminos-de-uso\/","title":{"rendered":"T\u00e9rminos de Uso"},"content":{"rendered":"<h3 style=\"text-align:center\"> Traducido con AI<\/h3>\r\n\t\t\t<div class='container single-content-layout-layout-block'>\r\n\t\t\t\t<div class='row justify-content-center'>\r\n\t\t\t\t\t\n\r\n\t\t\t<div class='column-block col-12 col-md-10 col-lg-8'>\r\n\t\t\t\t\n\n<h1 class=\"wp-block-heading has-text-align-center\"><strong>The Enneagram Institute<\/strong>\u00ae<br\/><strong>T\u00e9rminos de Uso para el Sitio Web y Comunicaciones Electr\u00f3nicas<\/strong><\/h1>\n\n\n\n<p><strong>POR FAVOR, LEA ATENTAMENTE<\/strong>. Estos t\u00e9rminos de uso representan el acuerdo (\u201cAcuerdo\u201d) entre usted (\u201cUsuario\u201d) y Enneagram Personality Types, Inc., bajo el nombre comercial The Enneagram Institute\u00ae (\u201cEI\u201d) que rige el uso del sitio web de EI (\u201cSitio Web\u201d o \u201cSitio\u201d) y las comunicaciones entre EI y usted a trav\u00e9s de correo electr\u00f3nico u otros medios electr\u00f3nicos (\u201cComunicaciones Electr\u00f3nicas\u201d). EI se reserva el derecho de modificar los t\u00e9rminos de uso en cualquier momento, con o sin previo aviso.  <\/p>\n\n\n\n<p><strong>1. <\/strong><strong>Uso Permitido. <\/strong>Usted puede utilizar el Sitio Web de EI y participar en Comunicaciones Electr\u00f3nicas con EI \u00fanicamente para los prop\u00f3sitos expresamente autorizados. No debe acceder o utilizar el Sitio ni participar en Comunicaciones Electr\u00f3nicas (i) con ning\u00fan prop\u00f3sito il\u00edcito; (ii) de ninguna manera que interfiera con el uso del Sitio o las Comunicaciones Electr\u00f3nicas por parte de otros usuarios; (iii) de ninguna manera que pudiera perjudicar, da\u00f1ar o inhabilitar el Sitio o cualquier ordenador, servidor o red utilizada por EI para las Comunicaciones Electr\u00f3nicas; (iv) utilizando un identificador de usuario, contrase\u00f1a u otras credenciales para las que no est\u00e9 autorizado. EI puede, a su entera discreci\u00f3n, prohibir el acceso o uso del Sitio y las Comunicaciones Electr\u00f3nicas a cualquier Usuario que infrinja este Acuerdo o que interfiera con el funcionamiento y disfrute adecuados del sitio por parte de otros.      <\/p>\n\n\n\n<p><strong>2. <\/strong><strong>Derechos de Autor y Marca Registrada. <\/strong>A menos que se indique lo contrario, en la relaci\u00f3n entre el Usuario y EI, toda la informaci\u00f3n contenida en el Sitio Web y nuestras Comunicaciones Electr\u00f3nicas, como texto, gr\u00e1ficos, marcas comerciales y marcas de servicio, logotipos, im\u00e1genes, clips de audio y v\u00eddeo, pruebas y todo otro contenido es propiedad de EI y no puede ser copiado, reproducido, transmitido, exhibido, interpretado, distribuido, sublicenciado, alterado, almacenado para uso posterior o utilizado de otra manera en su totalidad o en parte de ninguna forma a menos que se obtenga un permiso anticipado por escrito de EI. Si al Usuario se le concede un permiso anticipado por escrito de EI para utilizar o distribuir cualquier contenido de EI, el Usuario deber\u00e1 atribuir claramente la creaci\u00f3n y propiedad a EI. Espec\u00edficamente, el Usuario deber\u00e1 proporcionar al menos un aviso visible de la propiedad de los derechos de autor de EI. THE ENNEAGRAM INSTITUTE\u00ae y ENNEATHOUGHT\u00ae son marcas de servicio registradas de EI, y cualquier logotipo, nombre de dominio y eslogan de EI son marcas de servicio y marcas comerciales de EI y no pueden ser utilizados o reproducidos sin el consentimiento expreso por escrito de EI.   <\/p>\n\n\n\n<p><strong>3. <\/strong><strong>Materiales Enviados por el Usuario. <\/strong>Cualquier material original enviado por el Usuario, incluyendo (sin limitaci\u00f3n) fotograf\u00edas, im\u00e1genes, texto, gr\u00e1ficos y otros materiales (colectivamente, \u201cMateriales Enviados por el Usuario\u201d) est\u00e1n sujetos a los siguientes t\u00e9rminos y condiciones:<\/p>\n\n\n\n<p><strong>a.  <\/strong>En la relaci\u00f3n entre el Usuario y EI, el Usuario conservar\u00e1 la propiedad de dichos Materiales Enviados por el Usuario, y usted otorga a EI y sus designados un derecho y licencia mundial, no exclusiva, transferible, libre de regal\u00edas, perpetua e irrevocable, con derecho de sublicencia (a trav\u00e9s de m\u00faltiples niveles), para usar, reproducir, distribuir (a trav\u00e9s de m\u00faltiples niveles), crear trabajos derivados y exhibir p\u00fablicamente dichos Materiales Enviados por el Usuario \u00fanicamente en relaci\u00f3n con EI.<\/p>\n\n\n\n<p><strong>b.  <\/strong>El Usuario declara y garantiza que posee o de otro modo tiene todos los derechos, permisos y licencias necesarios con respecto a los Materiales Enviados por el Usuario, y que los Materiales Enviados por el Usuario no infringen, se apropian indebidamente, utilizan o divulgan sin autorizaci\u00f3n ni violan de ninguna otra manera cualquier derecho de autor, derecho de secreto comercial u otro derecho de propiedad intelectual o de propiedad de terceros, y que los Materiales Enviados por el Usuario no son ilegales, fraudulentos, amenazantes, abusivos, difamatorios, obscenos o de otro modo objetables.<\/p>\n\n\n\n<p><strong>4. <\/strong><strong>Ausencia de informaci\u00f3n sanitaria.<\/strong> El Test Indicador del Tipo de Eneagrama de Riso-Hudson (RHETI), as\u00ed como otros tests, informaci\u00f3n sobre tipos de personalidad y contenido disponibles en el Sitio Web, se proporcionan TAL CUAL y est\u00e1n sujetos a las exenciones de responsabilidad y otros t\u00e9rminos aqu\u00ed establecidos. Los tests, los resultados de los mismos, la informaci\u00f3n sobre tipos de personalidad y otros contenidos en el Sitio Web o enviados a trav\u00e9s de Comunicaciones Electr\u00f3nicas se proporcionan \u00fanicamente con fines informativos y no est\u00e1n destinados a ser utilizados como base para ning\u00fan diagn\u00f3stico sanitario ni como sustituto de la obtenci\u00f3n de asesoramiento m\u00e9dico y tratamiento por parte de un m\u00e9dico competente, profesional de la salud mental u otro profesional sanitario. EI no es un proveedor de atenci\u00f3n sanitaria ni una entidad cubierta, y los resultados de los tests no constituyen informaci\u00f3n sanitaria protegida conforme a las leyes HIPAA. No debe emprender ninguna acci\u00f3n sanitaria basada en los resultados de los tests u otro contenido del Sitio Web de EI o las Comunicaciones Electr\u00f3nicas sin obtener previamente la orientaci\u00f3n adecuada e independiente de un m\u00e9dico u otro profesional sanitario. Proporcionar, recibir o utilizar el contenido de este Sitio Web o a trav\u00e9s de Comunicaciones Electr\u00f3nicas no constituye ni crea una relaci\u00f3n entre cuidador y paciente.    <\/p>\n\n\n\n<p><strong>5. <\/strong><strong>Pol\u00edtica de privacidad.<\/strong> La Pol\u00edtica de Privacidad de EI se incorpora por referencia y constituye una parte expresa de estos T\u00e9rminos de Uso como si estuviera completamente establecida en este documento.<\/p>\n\n\n\n<p><strong>6. <\/strong><strong>Enlaces y marcos. <\/strong>EI no realiza ninguna representaci\u00f3n, garant\u00eda o respaldo, expreso o impl\u00edcito, sobre ninguna informaci\u00f3n, tests, servicios, productos o mensajes en otras aplicaciones a las que se pueda acceder a trav\u00e9s de enlaces y marcos en el Sitio Web o en sus Comunicaciones Electr\u00f3nicas. Los enlaces y marcos se proporcionan \u00fanicamente por conveniencia y no pretenden ser un respaldo por parte de EI a la organizaci\u00f3n o individuo que opera los sitios web y\/o aplicaciones enlazados\/enmarcados, ni una garant\u00eda o respaldo de ning\u00fan tipo con respecto a los sitios web de terceros o la informaci\u00f3n, servicios, productos o mensajes publicados o disponibles en dichos sitios o de dichos terceros. <\/p>\n\n\n\n<p><strong>7. <\/strong><strong>Exenciones de garant\u00edas y limitaci\u00f3n de responsabilidad.<\/strong> Al utilizar el sitio web o participar en comunicaciones electr\u00f3nicas, la informaci\u00f3n se transmitir\u00e1 a trav\u00e9s de un medio que puede estar fuera del control y la jurisdicci\u00f3n de EI y sus agentes, proveedores y suministradores. En consecuencia, EI no asume ninguna responsabilidad por o relacionada con el retraso, fallo, interrupci\u00f3n, indisponibilidad o corrupci\u00f3n de cualquier dato u otra informaci\u00f3n transmitida en relaci\u00f3n con el uso del sitio web o sus comunicaciones electr\u00f3nicas. El sitio web, las comunicaciones electr\u00f3nicas y el contenido de EI se proporcionan <q id=\"q-first-1\">tal cual<\/q>. EI Y SUS funcionarios, directores, agentes, empleados, CONTRATISTAS, voluntarios, LICENCIANTES, LICENCIATARIOS Y PROVEEDORES, EN LA MEDIDA M\u00c1XIMA PERMITIDA POR LA LEY, RECHAZAN TODAS LAS GARANT\u00cdAS, YA SEAN EXPRESAS O IMPL\u00cdCITAS, ESTATUTARIAS O DE OTRO TIPO, INCLUYENDO PERO NO LIMIT\u00c1NDOSE A LAS GARANT\u00cdAS IMPL\u00cdCITAS DE COMERCIABILIDAD, NO INFRACCI\u00d3N DE DERECHOS DE TERCEROS, IDONEIDAD PARA UN PROP\u00d3SITO PARTICULAR, Y CUALQUIER GARANT\u00cdA IMPL\u00cdCITA DERIVADA DEL CURSO DE NEGOCIACI\u00d3N, DESEMPE\u00d1O O USO COMERCIAL. Sin limitar lo anterior, EI, sus funcionarios, directores, agentes, empleados, voluntarios, licenciatarios, licenciantes y proveedores no hacen representaciones ni garant\u00edas sobre la precisi\u00f3n, fiabilidad, disponibilidad, integridad o puntualidad del contenido y, cuando corresponda, pruebas, resultados de pruebas, software, texto, gr\u00e1ficos, enlaces o comunicaciones proporcionados en o a trav\u00e9s del sitio web o mediante comunicaciones electr\u00f3nicas. En ning\u00fan caso EI, sus funcionarios, directores, agentes, empleados, contratistas, voluntarios, licenciatarios, licenciantes y proveedores, o cualquier tercero mencionado en el sitio web ser\u00e1n responsables de cualquier da\u00f1o (incluyendo, sin limitaci\u00f3n, da\u00f1os incidentales y consecuentes, lesiones personales\/muerte por negligencia, p\u00e9rdida de beneficios o da\u00f1os resultantes de la p\u00e9rdida de datos o interrupci\u00f3n del negocio) resultantes del uso o la imposibilidad de uso del sitio web, las comunicaciones electr\u00f3nicas o el contenido, ya sea basado en garant\u00eda, contrato, agravio o cualquier otra teor\u00eda legal, y ya sea que EI, sus funcionarios, directores, agentes, empleados, voluntarios, contratistas, licenciatarios, licenciantes y proveedores, o cualquier tercero mencionado en el sitio web sean advertidos de la posibilidad de tales da\u00f1os. El usuario acepta eximir de responsabilidad a EI y sus funcionarios, directores, agentes, empleados, contratistas, licenciatarios y voluntarios de todas las reclamaciones que surjan de o est\u00e9n relacionadas con su uso, o su incapacidad de usar, el sitio web o la informaci\u00f3n, pruebas, servicios, productos o mensajes contenidos en el sitio web u otras aplicaciones y\/o sitios web a los que el sitio web est\u00e1 vinculado, incluyendo pero no limit\u00e1ndose a reclamaciones de que usted ha encontrado algo que ha escuchado, visto o descargado del sitio web u otro sitio web o aplicaci\u00f3n a la que est\u00e1 vinculado como obsceno, ofensivo, difamatorio o que infringe sus derechos de propiedad intelectual. En ning\u00fan caso EI o los contribuyentes de informaci\u00f3n al sitio web ser\u00e1n responsables ante el usuario o cualquier otra persona por cualquier decisi\u00f3n tomada o acci\u00f3n realizada por el usuario en base a dicha informaci\u00f3n o por cualquier da\u00f1o consecuente, especial o similar, incluso si se les advierte de la posibilidad de tales da\u00f1os. USTED POR LA PRESENTE LIBERA Y RENUNCIA PARA SIEMPRE A CUALQUIER Y TODAS LAS RECLAMACIONES QUE PUEDA TENER CONTRA EI, SUS FUNCIONARIOS, DIRECTORES, AGENTES, EMPLEADOS, CONTRATISTAS Y VOLUNTARIOS POR P\u00c9RDIDAS O DA\u00d1OS QUE SUFRA EN RELACI\u00d3N CON SU USO DEL SITIO WEB. El usuario acepta eximir de responsabilidad a EI y sus funcionarios, directores, agentes, empleados, licenciatarios y voluntarios de todas las reclamaciones, responsabilidades, causas de acci\u00f3n, da\u00f1os, p\u00e9rdidas y gastos (incluyendo, sin limitaci\u00f3n, honorarios de abogados) que surjan directa o indirectamente de o de los materiales enviados por el usuario.         <\/p>\n\n\n\n<p><strong>8. <\/strong><strong>Supervivencia. <\/strong>En caso de que alguna disposici\u00f3n de este documento se considere inv\u00e1lida o inaplicable, todos los t\u00e9rminos restantes de las Condiciones de Uso permanecer\u00e1n en pleno vigor y efecto como si dicho t\u00e9rmino inv\u00e1lido o inaplicable nunca hubiera sido incluido.<\/p>\n\n\n\n<p><strong>9. <\/strong><strong>Medidas cautelares. <\/strong>El usuario acepta que cualquier incumplimiento material de estas Condiciones de Uso resultar\u00e1 en un da\u00f1o irreparable para EI para el cual los da\u00f1os por s\u00ed solos ser\u00edan un remedio inadecuado. Por lo tanto, adem\u00e1s de sus derechos y recursos disponibles por ley, EI tendr\u00e1 derecho a medidas cautelares, incluyendo tanto una medida cautelar preliminar como permanente, si se produce dicho incumplimiento. <\/p>\n\n\n\n<p><strong>10. <\/strong><strong>No renuncia. <\/strong>Cualquier falta de ejercicio inmediato de cualquier derecho bajo las Condiciones de Uso no crear\u00e1 una renuncia o expectativa de no aplicaci\u00f3n.<\/p>\n\n\n\n<p><strong>11. <\/strong><strong>Ley aplicable. <\/strong>El Usuario y EI acuerdan que los estatutos y leyes del Estado de Nueva York, sin consideraci\u00f3n de los principios de conflictos de leyes del mismo, se aplicar\u00e1n a todos los asuntos que surjan o est\u00e9n relacionados con el uso del Sitio Web. El Usuario y EI tambi\u00e9n acuerdan y por la presente se someten a la jurisdicci\u00f3n personal exclusiva y al foro del Condado de Albany, Nueva York y del Tribunal de Distrito de los Estados Unidos para el Distrito Norte de Nueva York con respecto a dichos asuntos. <\/p>\n\n\n\n<p><strong>12. <\/strong><strong>Totalidad de los T\u00e9rminos de Uso. <\/strong>Este Acuerdo constituye el acuerdo completo entre el Usuario y EI en relaci\u00f3n con el Sitio Web, y cancela y reemplaza cualquier versi\u00f3n anterior de los T\u00e9rminos de Uso.<\/p>\n\n\n\n<p><strong>Fecha de entrada en vigor:<\/strong> 10 de diciembre de 2017<\/p>\n\n\r\n\t\t\t<\/div>\r\n\t\t\n\r\n\t\t\t\t<\/div>\r\n\t\t\t<\/div>\r\n\t\t","protected":false},"excerpt":{"rendered":"<p>Traducido con AI<\/p>\n","protected":false},"author":6,"featured_media":0,"parent":0,"menu_order":0,"comment_status":"closed","ping_status":"closed","template":"","meta":{"_acf_changed":false,"footnotes":""},"class_list":["post-2288","page","type-page","status-publish","hentry"],"acf":[],"_links":{"self":[{"href":"https:\/\/wpml.enneagraminstitute.com\/es\/wp-json\/wp\/v2\/pages\/2288","targetHints":{"allow":["GET"]}}],"collection":[{"href":"https:\/\/wpml.enneagraminstitute.com\/es\/wp-json\/wp\/v2\/pages"}],"about":[{"href":"https:\/\/wpml.enneagraminstitute.com\/es\/wp-json\/wp\/v2\/types\/page"}],"author":[{"embeddable":true,"href":"https:\/\/wpml.enneagraminstitute.com\/es\/wp-json\/wp\/v2\/users\/6"}],"replies":[{"embeddable":true,"href":"https:\/\/wpml.enneagraminstitute.com\/es\/wp-json\/wp\/v2\/comments?post=2288"}],"version-history":[{"count":4,"href":"https:\/\/wpml.enneagraminstitute.com\/es\/wp-json\/wp\/v2\/pages\/2288\/revisions"}],"predecessor-version":[{"id":2850,"href":"https:\/\/wpml.enneagraminstitute.com\/es\/wp-json\/wp\/v2\/pages\/2288\/revisions\/2850"}],"wp:attachment":[{"href":"https:\/\/wpml.enneagraminstitute.com\/es\/wp-json\/wp\/v2\/media?parent=2288"}],"curies":[{"name":"wp","href":"https:\/\/api.w.org\/{rel}","templated":true}]}}