{"id":2286,"date":"2024-01-11T20:34:04","date_gmt":"2024-01-11T20:34:04","guid":{"rendered":"https:\/\/wpml.enneagraminstitute.com\/tipo-de-relacion-1-con-tipo-1\/"},"modified":"2025-03-04T16:36:57","modified_gmt":"2025-03-04T16:36:57","slug":"tipo-de-relacion-1-con-tipo-1","status":"publish","type":"page","link":"https:\/\/wpml.enneagraminstitute.com\/es\/tipo-de-relacion-1-con-tipo-1\/","title":{"rendered":"Tipo de relaci\u00f3n 1 con Tipo 1"},"content":{"rendered":"<h3 style=\"text-align:center\"> Traducido con AI<\/h3>\r\n\t\t\t<div class='container single-content-layout-layout-block'>\r\n\t\t\t\t<div class='row'>\r\n\t\t\t\t\t\n\r\n\t\t\t<div class='column-block col-12 col-md-10 col-lg-8 offset-lg-1'>\r\n\t\t\t\t\n\n<h1 class=\"wp-block-heading\">Eneagrama Tipo Uno (el Reformador)<br\/><em>con<\/em><br\/>Eneagrama Tipo Uno (el Reformador)<\/h1>\n\n\n\n<hr class=\"wp-block-separator has-alpha-channel-opacity\"\/>\n\n\n\n<h2 class=\"wp-block-heading\">Lo que cada tipo aporta a la relaci\u00f3n<\/h2>\n\n\n\n<p>Como ocurre en todas las relaciones de tipo doble, dos Unos del Eneagrama aportan las mismas cualidades generales el uno al otro. En ello reside tanto una fuente principal de atracci\u00f3n como uno de los principales escollos de esta pareja. Dos Unos se preocupar\u00e1n por la equidad, la veracidad, el cumplimiento de acuerdos, los horarios, la coherencia y el trato mutuo con respeto y dignidad. El trabajo y la atenci\u00f3n a las responsabilidades tender\u00e1n a ocupar el primer lugar, relegando el juego y el placer a un segundo plano para esta pareja. Las vacaciones y el ocio, las celebraciones y la recreaci\u00f3n se ajustar\u00e1n una vez que se hayan cumplido las cosas m\u00e1s importantes. Cada uno se sentir\u00e1 como (y asumir\u00e1 el papel de) el adulto en la mayor\u00eda de las situaciones, lo que resulta en un enfoque altamente competente y racional hacia la vida y la resoluci\u00f3n de problemas.     <\/p>\n\n\n\n<p>En su trato mutuo (as\u00ed como con familiares y amigos), dos Unos desear\u00e1n ser objetivos y razonables, justos y veraces por encima de todo, y buscar\u00e1n estas cualidades en los dem\u00e1s. Crean una atm\u00f3sfera de claridad y precisi\u00f3n en la que sus propias interacciones entre s\u00ed (y con amigos y familiares) se sienten limpias, no pegajosas ni sentimentales ni cargadas de motivos ulteriores no expresados. Una pareja de dos Unos a menudo se crea y se mantiene por ideales compartidos, as\u00ed como por el deseo de poner esos ideales en pr\u00e1ctica. Ambos Unos son t\u00edpicamente personas que tienen convicciones s\u00f3lidas sobre las que disfrutan hablando, a menudo con notable elocuencia y pasi\u00f3n. Tambi\u00e9n suelen tener cierta fortaleza de car\u00e1cter y un grado de sabidur\u00eda, que ambos admiran en el otro. No podr\u00edan soportar estar en una relaci\u00f3n con alguien a quien no respetaran y cuyo car\u00e1cter no fuera intachable. Los Unos aportan su sabidur\u00eda duramente ganada a los dem\u00e1s, sobre todo, luchando por la tolerancia, la dignidad y los derechos de todos.      <\/p>\n\n\n\n<hr class=\"wp-block-separator has-alpha-channel-opacity\"\/>\n\n\n\n<h2 class=\"wp-block-heading\">Potenciales puntos problem\u00e1ticos o conflictos<\/h2>\n\n\n\n<p>Ambos Unos se rigen por un fuerte sentido del bien y del mal, as\u00ed como por un sentido de responsabilidad, lo que les confiere una sensaci\u00f3n de autocontrol y una tendencia a sentirse responsables tanto de s\u00ed mismos como de todo lo dem\u00e1s en sus vidas, incluida la calidad de la propia relaci\u00f3n. Puede haber un tono notable de formalidad en esta combinaci\u00f3n, con una reticencia a decir o hacer cualquier cosa que pudiera ser indigna o que no se ajuste a su sentido de la propiedad y la conveniencia. Tendr\u00e1n poca tolerancia con el desorden, el error o lo que definan como comportamiento infantil en cualquier persona. La irritaci\u00f3n y el sarcasmo condescendiente son la forma en que expresan su enojo mutuo, estallando ocasionalmente en una letan\u00eda de agravios de larga data que han sido cargados en sus libros de cuentas mentales. F\u00e1cilmente frustrados por los errores o las lapsus en s\u00ed mismos, son igualmente conscientes de las deficiencias en el otro.    <\/p>\n\n\n\n<p>Los Unos promedio pueden empezar a convertir al otro en un proyecto de mejora perpetua e inacabado, aunque es probable que a dos Unos les resulte demasiado inc\u00f3modo tratarse as\u00ed mutuamente. Pueden llegar a un acuerdo t\u00e1cito entre ellos en el que sus principales cr\u00edticas se dirijan hacia otros o hacia problemas sociales en su lugar. Pueden vincularse entre s\u00ed indign\u00e1ndose por cuestiones y por los errores y la insensatez de los dem\u00e1s. As\u00ed, pueden ascender juntos al Olimpo y mirar el mundo desde su privilegiado y condescendiente punto de vista. Dependiendo de su nivel de salud, las parejas de dos Unos tienden a encontrar pocas personas que est\u00e9n a la altura de sus elevados est\u00e1ndares, con el resultado de que hay menos interacciones sociales y un creciente aislamiento autoimpuesto. Pueden surgir algunas excentricidades y h\u00e1bitos extra\u00f1os (tanto personalmente como en pareja) a medida que se retiran m\u00e1s completamente de la mayor\u00eda de las conexiones humanas. Dos Unos pueden empezar a sentir que son todo el mundo que necesitan, pero puede comenzar a ser un mundo fr\u00edo e implacable a medida que tambi\u00e9n empiezan a tolerarse apenas el uno al otro.      <\/p>\n\n\n\n<p>Para una mayor comprensi\u00f3n sobre esta combinaci\u00f3n de tipos, lea m\u00e1s acerca de la <a href=\"https:\/\/wpml.enneagraminstitute.com\/es\/como-funciona-el-sistema-del-eneagrama\/\"><strong>Flecha de Estr\u00e9s<\/strong><\/a> y c\u00f3mo se comportan los <a href=\"https:\/\/wpml.enneagraminstitute.com\/es\/eneagrama-tipo-1-el-reformador\/\"><strong>Unos<\/strong><\/a> cuando se mueven a lo largo de ella.<\/p>\n\n\r\n\t\t\t<\/div>\r\n\t\t\n\r\n\t\t\t\t<\/div>\r\n\t\t\t<\/div>\r\n\t\t","protected":false},"excerpt":{"rendered":"<p>Traducido con AI<\/p>\n","protected":false},"author":6,"featured_media":0,"parent":0,"menu_order":0,"comment_status":"closed","ping_status":"closed","template":"","meta":{"_acf_changed":false,"footnotes":""},"class_list":["post-2286","page","type-page","status-publish","hentry"],"acf":[],"_links":{"self":[{"href":"https:\/\/wpml.enneagraminstitute.com\/es\/wp-json\/wp\/v2\/pages\/2286","targetHints":{"allow":["GET"]}}],"collection":[{"href":"https:\/\/wpml.enneagraminstitute.com\/es\/wp-json\/wp\/v2\/pages"}],"about":[{"href":"https:\/\/wpml.enneagraminstitute.com\/es\/wp-json\/wp\/v2\/types\/page"}],"author":[{"embeddable":true,"href":"https:\/\/wpml.enneagraminstitute.com\/es\/wp-json\/wp\/v2\/users\/6"}],"replies":[{"embeddable":true,"href":"https:\/\/wpml.enneagraminstitute.com\/es\/wp-json\/wp\/v2\/comments?post=2286"}],"version-history":[{"count":8,"href":"https:\/\/wpml.enneagraminstitute.com\/es\/wp-json\/wp\/v2\/pages\/2286\/revisions"}],"predecessor-version":[{"id":2851,"href":"https:\/\/wpml.enneagraminstitute.com\/es\/wp-json\/wp\/v2\/pages\/2286\/revisions\/2851"}],"wp:attachment":[{"href":"https:\/\/wpml.enneagraminstitute.com\/es\/wp-json\/wp\/v2\/media?parent=2286"}],"curies":[{"name":"wp","href":"https:\/\/api.w.org\/{rel}","templated":true}]}}