{"id":2284,"date":"2024-01-11T20:34:04","date_gmt":"2024-01-11T20:34:04","guid":{"rendered":"https:\/\/wpml.enneagraminstitute.com\/eneagrama-tipo-9-el-pacificador\/"},"modified":"2025-03-04T16:36:57","modified_gmt":"2025-03-04T16:36:57","slug":"eneagrama-tipo-9-el-pacificador","status":"publish","type":"page","link":"https:\/\/wpml.enneagraminstitute.com\/es\/eneagrama-tipo-9-el-pacificador\/","title":{"rendered":"Eneagrama Tipo 9: El Pacificador"},"content":{"rendered":"<h3 style=\"text-align:center\"> Traducido con AI<\/h3>\r\n\t\t\t<div class='container single-content-layout-layout-block'>\r\n\t\t\t\t<div class='row'>\r\n\t\t\t\t\t\n\r\n\t\t\t<div class='column-block col-12 col-md-10 col-lg-8 offset-lg-1'>\r\n\t\t\t\t\n\n<h1 class=\"wp-block-heading\" id=\"h-enneagram-type-9-the-peacemaker\">Eneagrama Tipo 9: EL PACIFICADOR<\/h1>\n\n\n\n<p>El Tipo Afable y Abnegado:<br\/>Receptivo, Tranquilizador, Conciliador y Complaciente<\/p>\n\n\n<div class=\"wp-block-image\">\n<figure class=\"aligncenter size-full\" id=\"yui_3_17_2_1_1705611518691_87\"><img loading=\"lazy\" decoding=\"async\" width=\"300\" height=\"192\" src=\"https:\/\/wpml.enneagraminstitute.com\/wp-content\/uploads\/2025\/08\/37_image-asset.png\" alt=\"Eneagrama Tipo 9: El Pacificador\" class=\"wp-image-1838\"\/><\/figure>\n<\/div>\n\n\n<hr class=\"wp-block-separator has-alpha-channel-opacity\"\/>\n\n\n\n<h2 class=\"wp-block-heading\" id=\"h-enneagram-type-nine-in-brief\">Eneagrama Tipo Nueve en Breve<\/h2>\n\n\n\n<p>Los individuos del Eneagrama Tipo Nueve son acogedores, confiados y estables. Suelen ser creativos, optimistas y solidarios, pero tambi\u00e9n pueden estar demasiado dispuestos a ceder ante los dem\u00e1s para mantener la paz. Desean que todo transcurra sin contratiempos y sin conflictos, pero tambi\u00e9n pueden tender a ser complacientes, simplificando los problemas y minimizando cualquier situaci\u00f3n perturbadora. T\u00edpicamente presentan problemas de inercia y obstinaci\u00f3n. <em>En su mejor momento<\/em>: son indomables y abarcadores, capaces de unir a las personas y sanar conflictos.   <\/p>\n\n\n\n<ul class=\"wp-block-list\">\n<li><strong>Miedo B\u00e1sico:<\/strong> A la p\u00e9rdida y la separaci\u00f3n<\/li>\n\n\n\n<li><strong>Deseo B\u00e1sico:<\/strong> Tener estabilidad interior \u201cpaz mental\u201d<\/li>\n\n\n\n<li><strong>Eneagrama Nueve con Ala Ocho:<\/strong> \u201cEl \u00c1rbitro\u201d<\/li>\n\n\n\n<li><strong>Eneagrama Nueve con Ala Uno:<\/strong> \u201cEl So\u00f1ador\u201d<\/li>\n<\/ul>\n\n\n\n<p><strong>Motivaciones Clave:<\/strong> Desean crear armon\u00eda en su entorno, evitar conflictos y tensiones, preservar las cosas tal como est\u00e1n, resistirse a todo aquello que pueda perturbarlos o inquietarlos.<\/p>\n\n\n\n<h3 class=\"wp-block-heading\" id=\"h-the-meaning-of-the-arrows-in-brief\">El Significado de las Flechas (en breve)<\/h3>\n\n\n\n<p>Cuando se mueven en su Direcci\u00f3n de Desintegraci\u00f3n (estr\u00e9s), los Nueves complacientes se vuelven repentinamente ansiosos y preocupados como los <a href=\"https:\/\/wpml.enneagraminstitute.com\/es\/eneagrama-tipo-6-el-lealista\/\">Seis<\/a>. Sin embargo, cuando se mueven en su Direcci\u00f3n de Integraci\u00f3n (crecimiento), los Nueves indolentes y desatentos consigo mismos se vuelven m\u00e1s autodesarrollados y en\u00e9rgicos, como los <a href=\"https:\/\/wpml.enneagraminstitute.com\/es\/eneagrama-tipo-3-el-triunfador\/\">Tres<\/a> saludables. <a href=\"https:\/\/wpml.enneagraminstitute.com\/es\/como-funciona-el-sistema-del-eneagrama\/\">Obtenga m\u00e1s informaci\u00f3n sobre las flechas<\/a>. <\/p>\n\n\n\n<p><strong>Ejemplos:<\/strong> La Reina Isabel II, la Princesa Grace de M\u00f3naco, Claude Monet, Norman Rockwell, Abraham Lincoln, Dwight D. Eisenhower, Gerald Ford, Ronald Reagan, George W. Bush, John F. Kennedy Jr., el General Colin Powell, Walter Cronkite, Carl Jung, Carl Rogers, Joseph Campbell, Walt Disney, Jim Henson (Muppets), Garrison Keillor, Gloria Steinem, Tony Bennett, Ringo Starr, Carlos Santana, James Taylor, Janet Jackson, Jack Johnson, George Lucas, Ron Howard, Gary Cooper, Jimmy Stewart, Audrey Hepburn, Sophia Loren, Kevin Costner, Annette Bening, Jeff Bridges, Morgan Freeman, John Goodman, Matthew Broderick, Whoopie Goldberg, Woody Harrelson, Geena Davis, Jason Segel, Lisa Kudrow, Tobey McGuire, Zooey Deschanel, \u00abMister Rogers\u00bb, \u00abHomer y Marge Simpson\u00bb<\/p>\n\n\n\n<hr class=\"wp-block-separator has-alpha-channel-opacity\"\/>\n\n\n\n<h2 class=\"wp-block-heading\" id=\"h-enneagram-type-nine-overview\">Visi\u00f3n General del Eneagrama Tipo Nueve<\/h2>\n\n\n\n<p>Hemos denominado al tipo de personalidad Nueve <em>El Pacificador<\/em> porque ning\u00fan tipo est\u00e1 m\u00e1s dedicado a la b\u00fasqueda de la paz interna y externa para s\u00ed mismos y para los dem\u00e1s. Son t\u00edpicamente \u201cbuscadores espirituales\u201d que poseen un gran anhelo de conexi\u00f3n con el cosmos, as\u00ed como con otras personas. Trabajan para mantener su paz mental de la misma manera que trabajan para establecer paz y armon\u00eda en su mundo. Los temas encontrados en el Nueve son fundamentales para todo trabajo psicol\u00f3gico y espiritual: estar despierto versus caer dormido a nuestra verdadera naturaleza; presencia versus trance, apertura versus bloqueo, tensi\u00f3n versus relajaci\u00f3n, paz versus dolor, uni\u00f3n versus separaci\u00f3n.   <\/p>\n\n\n\n<p>Ir\u00f3nicamente, para un tipo tan orientado al mundo espiritual, el Nueve es el centro del Centro Instintivo, y es el tipo que potencialmente est\u00e1 m\u00e1s arraigado en el mundo f\u00edsico y en sus propios cuerpos. La contradicci\u00f3n se resuelve cuando nos damos cuenta de que los Nueves est\u00e1n en contacto con sus cualidades instintivas y tienen un tremendo poder elemental y magnetismo personal, o est\u00e1n desconectados de sus fortalezas instintivas y pueden estar desvinculados y distantes, incluso superficiales. <\/p>\n\n\n\n<p>Para compensar la p\u00e9rdida de contacto con sus energ\u00edas instintivas, los Nueves tambi\u00e9n se refugian en sus mentes y en sus fantas\u00edas emocionales. (Esta es la raz\u00f3n por la que los Nueves a veces pueden identificarse err\u00f3neamente como Cincos y Sietes, \u201ctipos mentales,\u201d o como Dos y Cuatros, \u201ctipos emocionales.\u201d) Adem\u00e1s, cuando sus energ\u00edas instintivas est\u00e1n desequilibradas, los Nueves utilizan estas mismas energ\u00edas contra s\u00ed mismos, reprimiendo su propio poder de manera que todo en su psique se vuelve est\u00e1tico e inerte. Cuando su energ\u00eda no se utiliza, se estanca como un lago alimentado por manantiales que se llena tanto que su propio peso represa los manantiales que lo alimentan. Sin embargo, cuando los Nueves est\u00e1n en equilibrio con su Centro Instintivo y su energ\u00eda, son como un gran r\u00edo, llevando todo consigo sin esfuerzo.    <\/p>\n\n\n\n<p>En ocasiones hemos denominado al Nueve <em>la corona del Eneagrama<\/em> debido a su posici\u00f3n en la c\u00faspide del s\u00edmbolo y porque parece englobar la totalidad del mismo. Los Nueves pueden poseer la fortaleza de los Ochos, el sentido de la diversi\u00f3n y la aventura de los Sietes, el sentido del deber de los Seis, el intelectualismo de los Cincos, la creatividad de los Cuatros, el atractivo de los Tres, la generosidad de los Dos y el idealismo de los Unos. No obstante, lo que generalmente carecen es de la sensaci\u00f3n de habitar realmente en s\u00ed mismos\u2014<em>un fuerte sentido de su propia identidad<\/em>.  <\/p>\n\n\n\n<p>Ir\u00f3nicamente, por consiguiente, el \u00fanico tipo al que el Nueve no se asemeja es a s\u00ed mismo. Ser un yo separado, un individuo que debe afirmarse frente a los dem\u00e1s, resulta aterrador para los Nueves. Preferir\u00edan fundirse con alguien m\u00e1s o seguir silenciosamente sus id\u00edlicas enso\u00f1aciones.  <\/p>\n\n\n\n<p>Red, un consultor empresarial de renombre nacional, comenta sobre esta tendencia:<\/p>\n\n\n\n<blockquote class=\"wp-block-quote is-layout-flow wp-block-quote-is-layout-flow\">\n<p>\u201cSoy consciente de centrarme en otras personas, pregunt\u00e1ndome c\u00f3mo son, c\u00f3mo y d\u00f3nde viven, etc. En una relaci\u00f3n con los dem\u00e1s, a menudo renuncio a mi propia agenda en favor de la de la otra persona. Debo estar en guardia para no ceder ante las demandas de los dem\u00e1s y desestimar mis propias necesidades leg\u00edtimas.\u201d<\/p>\n<\/blockquote>\n\n\n\n<p>Los Nueves demuestran la tentaci\u00f3n universal de ignorar los aspectos perturbadores de la vida y buscar cierto grado de paz y confort mediante el \u201cadormecimiento\u201d. Responden al dolor y al sufrimiento intentando vivir en un estado de serenidad prematura, ya sea en un estado de falsa realizaci\u00f3n espiritual o en una negaci\u00f3n m\u00e1s burda. M\u00e1s que cualquier otro tipo, los Nueves demuestran la tendencia a huir de las paradojas y tensiones de la vida intentando trascenderlas o buscando soluciones simples e indoloras a sus problemas.  <\/p>\n\n\n\n<p>Enfatizar lo agradable de la vida no es algo negativo, por supuesto\u2014es simplemente un enfoque limitado y limitante de la vida. Si los Nueves ven el lado positivo en cada nube como una forma de protegerse del fr\u00edo y la lluvia, otros tipos tambi\u00e9n tienen sus puntos de vista distorsionados. Por ejemplo, los Cuatros se centran en sus propias heridas y victimizaci\u00f3n, los Unos en lo que est\u00e1 mal en c\u00f3mo son las cosas, y as\u00ed sucesivamente. En contraste, los Nueves tienden a centrarse en el \u201clado brillante de la vida\u201d para que su paz mental no se vea perturbada. Pero en lugar de negar el lado oscuro de la vida, lo que los Nueves deben comprender es que <em>todas las perspectivas presentadas por los otros tipos tambi\u00e9n son verdaderas<\/em>. Los Nueves deben resistir el impulso de escapar hacia un \u201cBudismo prematuro\u201d o la \u201cluz blanca\u201d de lo Divino y alejarse del mundo mundano. Deben recordar que \u201cla \u00fanica salida es a trav\u00e9s\u201d.      <\/p>\n\n\n\n<p>(de <a href=\"\/store\"><em>La Sabidur\u00eda del Eneagrama<\/em><\/a>, p. 316-317)<\/p>\n\n\n\n<hr class=\"wp-block-separator has-alpha-channel-opacity\"\/>\n\n\n\n<h2 class=\"wp-block-heading\" id=\"h-type-nine-levels-of-development\">Tipo Nueve\u2014Niveles de Desarrollo<\/h2>\n\n\n\n<p><strong>Niveles Saludables<\/strong><\/p>\n\n\n\n<p><strong>Nivel 1 (En Su Mejor Momento):<\/strong> Se vuelven due\u00f1os de s\u00ed mismos, sinti\u00e9ndose aut\u00f3nomos y realizados: poseen gran ecuanimidad y satisfacci\u00f3n porque est\u00e1n presentes para s\u00ed mismos. Parad\u00f3jicamente, en unidad consigo mismos, y por lo tanto capaces de formar relaciones m\u00e1s profundas. Intensamente vivos, plenamente conectados consigo mismos y con los dem\u00e1s.  <\/p>\n\n\n\n<p><strong>Nivel 2:<\/strong> Profundamente receptivos, aceptadores, espont\u00e1neos, emocionalmente estables y serenos. Confiados en s\u00ed mismos y en los dem\u00e1s, a gusto consigo mismos y con la vida, inocentes y sencillos. Pacientes, sin pretensiones, personas de buen car\u00e1cter genuinamente agradables.  <\/p>\n\n\n\n<p><strong>Nivel 3:<\/strong> Optimistas, reconfortantes, solidarios: ejercen una influencia sanadora y calmante\u2014armonizan grupos, unen a las personas: buenos mediadores, sintetizadores y comunicadores.<\/p>\n\n\n\n<p><strong>Niveles Promedio<\/strong><\/p>\n\n\n\n<p><strong>Nivel 4:<\/strong> Temen los conflictos, por lo que se vuelven abnegados y complacientes, idealizando a los dem\u00e1s y \u201csiguiendo\u201d sus deseos, diciendo \u201cs\u00ed\u201d a cosas que realmente no quieren hacer. Caen en roles y expectativas convencionales. Utilizan filosof\u00edas y dichos trillados para desviar a los dem\u00e1s.  <\/p>\n\n\n\n<p><strong>Nivel 5:<\/strong> Activos, pero desconectados, irreflexivos y desatentos. No quieren verse afectados, por lo que se vuelven indiferentes y complacientes, alej\u00e1ndose de los problemas y \u201cbarri\u00e9ndolos bajo la alfombra\u201d. El pensamiento se vuelve nebuloso y rumiante, mayormente fantas\u00edas reconfortantes, a medida que comienzan a \u201cdesconectarse\u201d de la realidad, volvi\u00e9ndose inconscientes. Emocionalmente indolentes, falta de voluntad para esforzarse o enfocarse en los problemas: indiferencia.   <\/p>\n\n\n\n<p><strong>Nivel 6:<\/strong> Comienzan a minimizar los problemas, a apaciguar a los dem\u00e1s y a buscar \u201cpaz a cualquier precio\u201d. Tercos, fatalistas y resignados, como si nada pudiera hacerse para cambiar algo. Inmersos en el pensamiento ilusorio y las soluciones m\u00e1gicas. Los dem\u00e1s se frustran y enojan por su procrastinaci\u00f3n y falta de respuesta.   <\/p>\n\n\n\n<p><strong>Niveles Insalubres<\/strong><\/p>\n\n\n\n<p><strong>Nivel 7:<\/strong> Pueden llegar a ser altamente reprimidos, poco desarrollados e ineficaces. Se sienten incapaces de enfrentar problemas: se vuelven obstinados, disoci\u00e1ndose de todos los conflictos. Negligentes y peligrosos para los dem\u00e1s.  <\/p>\n\n\n\n<p><strong>Nivel 8:<\/strong> Con el deseo de bloquear de su conciencia cualquier cosa que pudiera afectarles, se disocian tanto que eventualmente no pueden funcionar: se vuelven insensibles y despersonalizados.<\/p>\n\n\n\n<p><strong>Nivel 9:<\/strong> Finalmente se desorientan severamente y se vuelven catat\u00f3nicos, abandon\u00e1ndose a s\u00ed mismos, convirti\u00e9ndose en c\u00e1scaras destrozadas. Posibilidad de personalidades m\u00faltiples. Generalmente corresponde a los trastornos de personalidad Esquizoide y Dependiente.  <\/p>\n\n\n\n<hr class=\"wp-block-separator has-alpha-channel-opacity\"\/>\n\n\n\n<h2 class=\"wp-block-heading\" id=\"h-compatibility-with-other-types\">Compatibilidad con Otros Tipos<\/h2>\n\n\n\n<h3 class=\"wp-block-heading\" id=\"h-type-9-in-relationship-with-type\">Tipo 9 en relaci\u00f3n con el tipo:<\/h3>\n\n\n\n<h3 class=\"wp-block-heading\" id=\"h-1-nbsp-nbsp-nbsp-nbsp-nbsp-2-nbsp-nbsp-nbsp-nbsp-nbsp-3-nbsp-nbsp-nbsp-nbsp-nbsp-4-nbsp-nbsp-nbsp-nbsp-nbsp-5-nbsp-nbsp-nbsp-nbsp-nbsp-6-nbsp-nbsp-nbsp-nbsp-nbsp-7-nbsp-nbsp-nbsp-nbsp-nbsp-8-nbsp-nbsp-nbsp-nbsp-nbsp-9\"><a href=\"https:\/\/wpml.enneagraminstitute.com\/es\/tipo-de-relacion-1-con-tipo-9\/\">1<\/a>     <a href=\"https:\/\/wpml.enneagraminstitute.com\/es\/relacion-tipo-2-con-tipo-9\/\">2<\/a>     <a href=\"https:\/\/wpml.enneagraminstitute.com\/es\/tipo-de-relacion-3-con-tipo-9\/\">3<\/a>     <a href=\"https:\/\/wpml.enneagraminstitute.com\/es\/relacion-tipo-4-con-tipo-9\/\">4<\/a>     <a href=\"https:\/\/wpml.enneagraminstitute.com\/es\/relacion-del-tipo-5-con-el-tipo-9\/\">5<\/a>     <a href=\"https:\/\/wpml.enneagraminstitute.com\/es\/tipo-de-relacion-6-con-tipo-9\/\">6<\/a>     <a href=\"https:\/\/wpml.enneagraminstitute.com\/es\/relacion-tipo-7-con-tipo-9\/\">7<\/a>     <a href=\"https:\/\/wpml.enneagraminstitute.com\/es\/relacion-tipo-8-con-tipo-9\/\">8<\/a>     <a href=\"https:\/\/wpml.enneagraminstitute.com\/es\/tipo-de-relacion-9-con-tipo-9\/\">9<\/a><\/h3>\n\n\n\n<hr class=\"wp-block-separator has-alpha-channel-opacity\"\/>\n\n\n\n<h2 class=\"wp-block-heading\" id=\"h-misidentification-with-other-types\">Identificaci\u00f3n Err\u00f3nea con Otros Tipos<\/h2>\n\n\n\n<h3 class=\"wp-block-heading\" id=\"h-type-9-compared-with-type\">Tipo 9 comparado con el tipo:<\/h3>\n\n\n\n<h3 class=\"wp-block-heading\" id=\"h-1-nbsp-nbsp-nbsp-nbsp-nbsp-2-nbsp-nbsp-nbsp-nbsp-nbsp-3-nbsp-nbsp-nbsp-nbsp-nbsp-4-nbsp-nbsp-nbsp-nbsp-nbsp-5-nbsp-nbsp-nbsp-nbsp-nbsp-6-nbsp-nbsp-nbsp-nbsp-nbsp-7-nbsp-nbsp-nbsp-nbsp-nbsp-8\"><a href=\"https:\/\/wpml.enneagraminstitute.com\/es\/identificar-erroneamente-1-y-9\/\">1<\/a>     <a href=\"https:\/\/wpml.enneagraminstitute.com\/es\/identificacion-erronea-de-2-y-9\/\">2<\/a>     <a href=\"https:\/\/wpml.enneagraminstitute.com\/es\/identificacion-erronea-de-3-y-9\/\">3<\/a>     <a href=\"https:\/\/wpml.enneagraminstitute.com\/es\/confusion-entre-4-y-9\/\">4<\/a>     <a href=\"https:\/\/wpml.enneagraminstitute.com\/es\/identificacion-erronea-entre-5-y-9\/\">5<\/a>     <a href=\"https:\/\/wpml.enneagraminstitute.com\/es\/confundiendo-6-y-9\/\">6<\/a>     <a href=\"https:\/\/wpml.enneagraminstitute.com\/es\/identificacion-erronea-de-7-y-9\/\">7<\/a>     <a href=\"https:\/\/wpml.enneagraminstitute.com\/es\/identificacion-erronea-de-los-tipos-8-y-9\/\">8<\/a><\/h3>\n\n\n\n<hr class=\"wp-block-separator has-alpha-channel-opacity\"\/>\n\n\n\n<h2 class=\"wp-block-heading\" id=\"h-addictions\">Adicciones<\/h2>\n\n\n\n<p>Sobrealimentaci\u00f3n o subalimentaci\u00f3n debido a la falta de autoconciencia y la ira reprimida. Falta de actividad f\u00edsica. Depresores y psicotr\u00f3picos, alcohol, marihuana, narc\u00f3ticos para adormecer la soledad y la ansiedad.  <\/p>\n\n\n\n<hr class=\"wp-block-separator has-alpha-channel-opacity\"\/>\n\n\n\n<h2 class=\"wp-block-heading\" id=\"h-personal-growth-recommendations-for-enneagram-type-nines\">Recomendaciones de Crecimiento Personal<br\/>para Eneatipos Nueve<\/h2>\n\n\n\n<ul class=\"wp-block-list\">\n<li>Es conveniente examinar la tendencia de su tipo a seguir a los dem\u00e1s, haciendo lo que ellos desean para mantener la paz y ser agradable. \u00bfAcaso el constante asentimiento a los deseos de los dem\u00e1s proporcionar\u00e1 el tipo de relaciones que realmente le satisfar\u00e1n? Recuerde, es imposible amar a los dem\u00e1s si uno no est\u00e1 verdaderamente presente para ellos. Esto significa que usted debe ser usted mismo, que (parad\u00f3jicamente) debe ser independiente para poder estar realmente all\u00ed para los dem\u00e1s cuando lo necesiten.   <\/li>\n\n\n\n<li>Esfu\u00e9rcese. Obl\u00edguese a prestar atenci\u00f3n a lo que est\u00e1 sucediendo. No se distraiga ni desconecte de las personas, ni se sumerja en enso\u00f1aciones. Trabaje en enfocar su atenci\u00f3n para convertirse en un participante activo en el mundo que le rodea. Intente involucrarse m\u00e1s mental y emocionalmente.    <\/li>\n\n\n\n<li>Reconozca que usted tambi\u00e9n tiene agresiones, ansiedades y otros sentimientos con los que debe lidiar. Los sentimientos e impulsos negativos son parte de usted y le afectan emocional y f\u00edsicamente, los reconozca o no. Adem\u00e1s, sus emociones negativas a menudo se expresan inadvertidamente y obstaculizan la paz y la armon\u00eda que desea en sus relaciones. Es mejor sacar las cosas a la luz, al menos permiti\u00e9ndose tomar conciencia de sus sentimientos.   <\/li>\n\n\n\n<li>Aunque esto ser\u00e1 muy doloroso para usted, si su matrimonio ha terminado en divorcio o si est\u00e1 teniendo problemas con sus hijos, debe examinar honestamente c\u00f3mo ha contribuido a estos problemas. Examinar las relaciones problem\u00e1ticas ser\u00e1 extremadamente dif\u00edcil porque las personas involucradas han estado cerca de su coraz\u00f3n. Los sentimientos que tiene por los dem\u00e1s le dotan de gran parte de su identidad y autoestima. Pero si realmente ama a los dem\u00e1s, no puede hacer menos que examinar el papel que ha desempe\u00f1ado en cualquier conflicto que haya surgido. En \u00faltimo an\u00e1lisis, la elecci\u00f3n es simple: debe sacrificar su tranquilidad (a corto plazo) por la satisfacci\u00f3n de relaciones genuinas (a largo plazo).    <\/li>\n\n\n\n<li>Haga ejercicio con frecuencia para tomar mayor conciencia de su cuerpo y emociones. (Algunos Nueves corren haciendo recados y piensan que est\u00e1n haciendo suficiente ejercicio). El ejercicio regular es una forma saludable de autodisciplina y aumentar\u00e1 su conciencia de sus sentimientos y otras sensaciones. Desarrollar la conciencia corporal le ayudar\u00e1 a aprender a concentrarse y enfocar su atenci\u00f3n en otras \u00e1reas de su vida tambi\u00e9n. El ejercicio es tambi\u00e9n una buena manera de entrar en contacto y expresar algunas agresiones.    <\/li>\n<\/ul>\n\n\n\n<hr class=\"wp-block-separator has-alpha-channel-opacity\"\/>\n\n\n\n<h2 class=\"wp-block-heading\" id=\"h-learn-more\">Aprender M\u00e1s<\/h2>\n\n\n\n<p>Los <a href=\"https:\/\/wpml.enneagraminstitute.com\/store\/\">libros de Riso-Hudson<\/a> ofrecen las descripciones de tipos m\u00e1s completas disponibles en cualquier parte. <a href=\"https:\/\/wpml.enneagraminstitute.com\/store\/\"><em>Personality Types<\/em><\/a> es el tratamiento m\u00e1s completo, profundo y sistem\u00e1tico de los nueve tipos y del sistema del Eneagrama en su conjunto, y <a href=\"https:\/\/wpml.enneagraminstitute.com\/store\/\"><em>The Wisdom of the Enneagram<\/em><\/a> proporciona la gu\u00eda integral para el crecimiento psicol\u00f3gico y espiritual de los nueve tipos de personalidad.<\/p>\n\n\r\n\t\t\t<\/div>\r\n\t\t\n\r\n\t\t\t\t<\/div>\r\n\t\t\t<\/div>\r\n\t\t","protected":false},"excerpt":{"rendered":"<p>Traducido con AI<\/p>\n","protected":false},"author":6,"featured_media":0,"parent":0,"menu_order":0,"comment_status":"closed","ping_status":"closed","template":"","meta":{"_acf_changed":false,"footnotes":""},"class_list":["post-2284","page","type-page","status-publish","hentry"],"acf":[],"_links":{"self":[{"href":"https:\/\/wpml.enneagraminstitute.com\/es\/wp-json\/wp\/v2\/pages\/2284","targetHints":{"allow":["GET"]}}],"collection":[{"href":"https:\/\/wpml.enneagraminstitute.com\/es\/wp-json\/wp\/v2\/pages"}],"about":[{"href":"https:\/\/wpml.enneagraminstitute.com\/es\/wp-json\/wp\/v2\/types\/page"}],"author":[{"embeddable":true,"href":"https:\/\/wpml.enneagraminstitute.com\/es\/wp-json\/wp\/v2\/users\/6"}],"replies":[{"embeddable":true,"href":"https:\/\/wpml.enneagraminstitute.com\/es\/wp-json\/wp\/v2\/comments?post=2284"}],"version-history":[{"count":6,"href":"https:\/\/wpml.enneagraminstitute.com\/es\/wp-json\/wp\/v2\/pages\/2284\/revisions"}],"predecessor-version":[{"id":2852,"href":"https:\/\/wpml.enneagraminstitute.com\/es\/wp-json\/wp\/v2\/pages\/2284\/revisions\/2852"}],"wp:attachment":[{"href":"https:\/\/wpml.enneagraminstitute.com\/es\/wp-json\/wp\/v2\/media?parent=2284"}],"curies":[{"name":"wp","href":"https:\/\/api.w.org\/{rel}","templated":true}]}}