{"id":2282,"date":"2024-01-11T20:34:04","date_gmt":"2024-01-11T20:34:04","guid":{"rendered":"https:\/\/wpml.enneagraminstitute.com\/tipo-de-relacion-1-con-tipo-9\/"},"modified":"2025-03-04T16:36:58","modified_gmt":"2025-03-04T16:36:58","slug":"tipo-de-relacion-1-con-tipo-9","status":"publish","type":"page","link":"https:\/\/wpml.enneagraminstitute.com\/es\/tipo-de-relacion-1-con-tipo-9\/","title":{"rendered":"Tipo de relaci\u00f3n 1 con Tipo 9"},"content":{"rendered":"<h3 style=\"text-align:center\"> Traducido con AI<\/h3>\r\n\t\t\t<div class='container single-content-layout-layout-block'>\r\n\t\t\t\t<div class='row'>\r\n\t\t\t\t\t\n\r\n\t\t\t<div class='column-block col-12 col-md-10 col-lg-8 offset-lg-1'>\r\n\t\t\t\t\n\n<h2 class=\"wp-block-heading\" id=\"h-enneagram-type-one-the-reformer-with-enneagram-type-nine-the-peacemaker\">Eneagrama Tipo Uno (el Reformador)<br\/><em>con<\/em><br\/>Eneagrama Tipo Nueve (el Pacificador)<\/h2>\n\n\n\n<h2 class=\"wp-block-heading\" id=\"h-what-each-type-brings-to-the-relationship\">Lo que cada tipo aporta a la relaci\u00f3n<\/h2>\n\n\n\n<hr class=\"wp-block-separator has-alpha-channel-opacity\"\/>\n\n\n\n<p>Estos tipos se comprenden mutuamente desde el interior, por as\u00ed decirlo, y para bien o para mal, pueden ver muchos de sus propios rasgos en el otro. En el aspecto positivo, cada tipo aporta cierto idealismo y deseo de cambiar el mundo para mejorarlo. Los Nueves aportan una orientaci\u00f3n m\u00e1s interpersonal que los Unos a su idealismo, pero ambos pueden ser abnegados y trabajadores, y estar dispuestos a dejar de lado sus necesidades e intereses personales por el bienestar de los dem\u00e1s. Ambos son capaces tambi\u00e9n de posponer las recompensas en aras de un bien a largo plazo que persiguen. Los Unos aportan claridad y racionalidad, as\u00ed como la capacidad de articular ideales y entendimientos. Se esfuerzan por mejorarse a s\u00ed mismos y a su entorno, son concienzudos, tienen altos est\u00e1ndares \u00e9ticos y morales, y son justos y coherentes. Los Nueves aportan una cualidad apacible y aceptadora que nutre y apoya a los dem\u00e1s sin tanta demanda expl\u00edcita de automejora. Los Nueves son estables, f\u00e1ciles de llevar, se sienten sin cr\u00edticas ni exigencias, y prefieren la armon\u00eda y las relaciones fluidas por encima del placer de tener raz\u00f3n o de tener la \u00faltima palabra en una situaci\u00f3n.       <\/p>\n\n\n\n<p>En resumen, los Nueves tienden a suavizar un poco el filo \u00e1spero de la cr\u00edtica y la seriedad de los Unos, mientras que los Unos aportan claridad y direcci\u00f3n a los Nueves. Adem\u00e1s, los Unos sienten que tienen una misi\u00f3n en la vida, y son capaces de inspirar a los Nueves para que tomen conciencia de su propio prop\u00f3sito y deseen seguirlo. Esta puede ser una pareja sumamente altruista que equilibra el idealismo con la humanidad. Como pareja, son una compa\u00f1\u00eda amable, hospitalaria y generosa, pero tambi\u00e9n necesitan tiempo para estar a solas como pareja. Tienen un amor mutuo por la naturaleza y los animales que puede acercarlos, as\u00ed como su amor por sus hijos y familia. Los Nueves calman a los Unos, mientras que los Unos recuerdan a los Nueves que deben esforzarse por la excelencia.     <\/p>\n\n\n\n<hr class=\"wp-block-separator has-alpha-channel-opacity\"\/>\n\n\n\n<h2 class=\"wp-block-heading\" id=\"h-potential-trouble-spots-or-issues\">Potenciales puntos problem\u00e1ticos o conflictos<\/h2>\n\n\n\n<p>El principal problema para los Unos y los Nueves tiene que ver con las formas opuestas en que afrontan los conflictos y el aumento del estr\u00e9s. Los Unos tienden a frustrarse m\u00e1s abiertamente consigo mismos y con los dem\u00e1s, y con la sensaci\u00f3n de que las cosas no van como deber\u00edan. Empiezan a exudar una ira punzante, irritabilidad e insatisfacci\u00f3n con todo y con todos. Se obsesionan con encontrar qui\u00e9n tiene la culpa y con legislar c\u00f3mo se podr\u00edan mejorar las cosas. Por el contrario, cuando los conflictos y el estr\u00e9s aumentan, los Nueves empiezan a cerrarse y a retirarse. Se vuelven menos eficaces a la hora de corregir problemas y menos capaces de hablar de sus sentimientos o incomodidad. Cuanto peor se ponen las cosas, m\u00e1s intentan los Nueves ignorarlas mientras mantienen que no pasa nada. As\u00ed, los juicios sobre el criterio, la competencia y la voluntad del Nueve de asumir responsabilidades empa\u00f1an el trato del Uno con los Nueves, mientras que la resistencia y la negaci\u00f3n de los problemas (con un trasfondo de ira apenas reprimida) infectan al Nueve.       <\/p>\n\n\n\n<p>A los Nueves les resulta dif\u00edcil dar un paso al frente y asumir el nivel de responsabilidad que los Unos est\u00e1n buscando. Cuanto m\u00e1s empujan los Unos a los Nueves para que respondan de la manera que quieren, menos dispuestos y capaces est\u00e1n los Nueves de hacerlo, y se refugian en un comportamiento pasivo-agresivo m\u00e1s generalizado. Para los Unos, esto se siente como una resistencia deliberada y una negligencia culpable. La tranquila indiferencia del Nueve solo enfurece a\u00fan m\u00e1s al Uno. En resumen, a los Unos les resulta dif\u00edcil respetar a los Nueves, al igual que a los Nueves les resulta dif\u00edcil sentirse c\u00f3modos con los Unos (y poder expresarse ante ellos). Los Unos acaban volvi\u00e9ndose m\u00e1s moralistas e intolerantes, mientras que los Nueves se vuelven m\u00e1s incomunicativos y obstinadamente indiferentes. A los dem\u00e1s les resulta muy dif\u00edcil estar cerca de esta pareja debido a los evidentes y dolorosos dardos que el Uno lanza al Nueve, y debido al aura de ira apenas reprimida que emana del Nueve. Esta pareja queda congelada en su ira, sin forma de deshacer el punto muerto.       <\/p>\n\n\n\n<p>Para comprender mejor esta combinaci\u00f3n de tipos, lea m\u00e1s sobre la <a href=\"https:\/\/wpml.enneagraminstitute.com\/es\/como-funciona-el-sistema-del-eneagrama\/\">Flecha del Estr\u00e9s<\/a> y c\u00f3mo se comportan los tipos <a href=\"https:\/\/wpml.enneagraminstitute.com\/es\/eneagrama-tipo-1-el-reformador\/\">Uno<\/a> y <a href=\"https:\/\/wpml.enneagraminstitute.com\/es\/eneagrama-tipo-9-el-pacificador\/\">Nueve<\/a> cuando se mueven a lo largo de ella.<\/p>\n\n\r\n\t\t\t<\/div>\r\n\t\t\n\r\n\t\t\t\t<\/div>\r\n\t\t\t<\/div>\r\n\t\t","protected":false},"excerpt":{"rendered":"<p>Traducido con AI<\/p>\n","protected":false},"author":6,"featured_media":0,"parent":0,"menu_order":0,"comment_status":"closed","ping_status":"closed","template":"","meta":{"_acf_changed":false,"footnotes":""},"class_list":["post-2282","page","type-page","status-publish","hentry"],"acf":[],"_links":{"self":[{"href":"https:\/\/wpml.enneagraminstitute.com\/es\/wp-json\/wp\/v2\/pages\/2282","targetHints":{"allow":["GET"]}}],"collection":[{"href":"https:\/\/wpml.enneagraminstitute.com\/es\/wp-json\/wp\/v2\/pages"}],"about":[{"href":"https:\/\/wpml.enneagraminstitute.com\/es\/wp-json\/wp\/v2\/types\/page"}],"author":[{"embeddable":true,"href":"https:\/\/wpml.enneagraminstitute.com\/es\/wp-json\/wp\/v2\/users\/6"}],"replies":[{"embeddable":true,"href":"https:\/\/wpml.enneagraminstitute.com\/es\/wp-json\/wp\/v2\/comments?post=2282"}],"version-history":[{"count":5,"href":"https:\/\/wpml.enneagraminstitute.com\/es\/wp-json\/wp\/v2\/pages\/2282\/revisions"}],"predecessor-version":[{"id":2853,"href":"https:\/\/wpml.enneagraminstitute.com\/es\/wp-json\/wp\/v2\/pages\/2282\/revisions\/2853"}],"wp:attachment":[{"href":"https:\/\/wpml.enneagraminstitute.com\/es\/wp-json\/wp\/v2\/media?parent=2282"}],"curies":[{"name":"wp","href":"https:\/\/api.w.org\/{rel}","templated":true}]}}