{"id":2280,"date":"2024-01-11T20:34:04","date_gmt":"2024-01-11T20:34:04","guid":{"rendered":"https:\/\/wpml.enneagraminstitute.com\/acerca-de\/"},"modified":"2025-03-04T16:36:58","modified_gmt":"2025-03-04T16:36:58","slug":"acerca-de","status":"publish","type":"page","link":"https:\/\/wpml.enneagraminstitute.com\/es\/acerca-de\/","title":{"rendered":"Acerca de"},"content":{"rendered":"<h3 style=\"text-align:center\"> Traducido con AI<\/h3>\r\n\t\t\t<div class='container single-content-layout-layout-block'>\r\n\t\t\t\t<div class='row'>\r\n\t\t\t\t\t\n\r\n\t\t\t<div class='column-block col-12 col-md-10 col-lg-8 offset-lg-1'>\r\n\t\t\t\t\n\n<h1 class=\"wp-block-heading\" id=\"h-about-the-enneagram-institute\"><strong>Acerca del Instituto del Eneagrama<\/strong>\u00ae<\/h1>\n\n\n\n<p>El Instituto del Eneagrama<strong>\u00ae<\/strong>, establecido en 1997 por el difunto Don Richard Riso y por Russ Hudson, se constituy\u00f3 con el objetivo de avanzar en la investigaci\u00f3n y el desarrollo del Eneagrama, una de las herramientas m\u00e1s poderosas y perspicaces para comprendernos a nosotros mismos y a los dem\u00e1s. <\/p>\n\n\n\n<p>En su esencia, el Eneagrama nos ayuda a observarnos a un nivel m\u00e1s profundo y objetivo, pudiendo ser de inestimable ayuda en nuestro camino hacia el autoconocimiento. El Instituto del Eneagrama<strong>\u00ae<\/strong> se dedica actualmente a presentar y patrocinar talleres y cursos centrados en los m\u00faltiples aspectos \u00fanicos del Eneagrama y sus relaciones con la naturaleza humana. Nuestra oficina se encuentra ubicada en Stone Ridge, Nueva York.  <\/p>\n\n\n\n<p>\u00a0<\/p>\n\n\n\n<p>Nuestro personal:<\/p>\n\n\n\n<p>Russ Hudson \u2013 Presidente Em\u00e9rito<\/p>\n\n\n\n<p>Annette Peter \u2013 Presidenta y Asesora Jur\u00eddica General<\/p>\n\n\n\n<p>Brian Taylor \u2013 Vicepresidente<\/p>\n\n\n\n<p>Joyce Stenstrom \u2013 Vicepresidenta de Desarrollo Creativo<\/p>\n\n\n\n<p>Matthew Bean \u2013 Director de Tecnolog\u00eda de la Informaci\u00f3n<\/p>\n\n\n\n<p>Kate Kenney \u2013 Directora de Finanzas<\/p>\n\n\n\n<p>Donna Teresi \u2013 Directora de Programas <\/p>\n\n\n\n<p>\u00a0<\/p>\n\n\n\n<p>Questions or feedback? Please <strong><a href=\"https:\/\/wpml.enneagraminstitute.com\/contact\/\" data-type=\"page\" data-id=\"108\">contact our support team<\/a><\/strong>.<\/p>\n\n\r\n\t\t\t<\/div>\r\n\t\t\n\r\n\t\t\t\t<\/div>\r\n\t\t\t<\/div>\r\n\t\t","protected":false},"excerpt":{"rendered":"<p>Traducido con AI<\/p>\n","protected":false},"author":6,"featured_media":0,"parent":0,"menu_order":0,"comment_status":"closed","ping_status":"closed","template":"","meta":{"_acf_changed":false,"footnotes":""},"class_list":["post-2280","page","type-page","status-publish","hentry"],"acf":[],"_links":{"self":[{"href":"https:\/\/wpml.enneagraminstitute.com\/es\/wp-json\/wp\/v2\/pages\/2280","targetHints":{"allow":["GET"]}}],"collection":[{"href":"https:\/\/wpml.enneagraminstitute.com\/es\/wp-json\/wp\/v2\/pages"}],"about":[{"href":"https:\/\/wpml.enneagraminstitute.com\/es\/wp-json\/wp\/v2\/types\/page"}],"author":[{"embeddable":true,"href":"https:\/\/wpml.enneagraminstitute.com\/es\/wp-json\/wp\/v2\/users\/6"}],"replies":[{"embeddable":true,"href":"https:\/\/wpml.enneagraminstitute.com\/es\/wp-json\/wp\/v2\/comments?post=2280"}],"version-history":[{"count":5,"href":"https:\/\/wpml.enneagraminstitute.com\/es\/wp-json\/wp\/v2\/pages\/2280\/revisions"}],"predecessor-version":[{"id":2854,"href":"https:\/\/wpml.enneagraminstitute.com\/es\/wp-json\/wp\/v2\/pages\/2280\/revisions\/2854"}],"wp:attachment":[{"href":"https:\/\/wpml.enneagraminstitute.com\/es\/wp-json\/wp\/v2\/media?parent=2280"}],"curies":[{"name":"wp","href":"https:\/\/api.w.org\/{rel}","templated":true}]}}