{"id":2278,"date":"2024-01-11T20:34:04","date_gmt":"2024-01-11T20:34:04","guid":{"rendered":"https:\/\/wpml.enneagraminstitute.com\/tipo-de-relacion-9-con-tipo-9\/"},"modified":"2025-03-04T16:38:15","modified_gmt":"2025-03-04T16:38:15","slug":"tipo-de-relacion-9-con-tipo-9","status":"publish","type":"page","link":"https:\/\/wpml.enneagraminstitute.com\/es\/tipo-de-relacion-9-con-tipo-9\/","title":{"rendered":"Tipo de relaci\u00f3n 9 con Tipo 9"},"content":{"rendered":"<h3 style=\"text-align:center\"> Traducido con AI<\/h3>\r\n\t\t\t<div class='container single-content-layout-layout-block'>\r\n\t\t\t\t<div class='row'>\r\n\t\t\t\t\t\n\r\n\t\t\t<div class='column-block col-12 col-md-10 col-lg-8 offset-lg-1'>\r\n\t\t\t\t\n\n<h1 class=\"wp-block-heading\" id=\"h-enneagram-type-nine-the-peacemaker-with-enneagram-type-nine-the-peacemaker\">Eneagrama Tipo Nueve (el Pacificador)<br\/><em>con<\/em><br\/>Eneagrama Tipo Nueve (el Pacificador)<\/h1>\n\n\n\n<hr class=\"wp-block-separator has-alpha-channel-opacity\"\/>\n\n\n\n<h2 class=\"wp-block-heading\" id=\"h-what-each-type-brings-to-the-relationship\">Lo que cada tipo aporta a la relaci\u00f3n<\/h2>\n\n\n\n<p>Como ocurre con todas las relaciones de tipo doble, dos Eneagrama Nueve generalmente aportan las mismas cualidades el uno al otro. En ello radica tanto una fuente principal de atracci\u00f3n como uno de los principales escollos. Por consiguiente, el nivel de salud de cada persona es especialmente importante para este tipo de relaciones, al igual que sus instintos dominantes. Una de las parejas del mismo tipo m\u00e1s comunes, las parejas doble Nueve son invariablemente tranquilas, amables, se apoyan mutuamente y a quienes les rodean, son c\u00f3modas de tratar y hospitalarias con los dem\u00e1s. Son despreocupadas y no permiten que las irritaciones menores de la vida o de la relaci\u00f3n les afecten f\u00e1cilmente. Tienden a ver positivamente sus circunstancias vitales, sean cuales sean, sacando el m\u00e1ximo provecho de lo que tienen. Son pacientes entre s\u00ed y dan al otro el beneficio de la duda, r\u00e1pidos para perdonar si ha habido disputas o conflictos, generosos y constantes en sus emociones y h\u00e1bitos. Se otorgan mutuamente amplio espacio, atenci\u00f3n sin exigencias ni juicios, y una gran dosis de afecto. Ambos sienten que el otro es un esp\u00edritu af\u00edn que puede ser curioso y aventurero, aunque no en exceso.        <\/p>\n\n\n\n<p>Poco perturba profundamente, o incluso amenaza, el mundo de una pareja doble Nueve. Son t\u00edpicamente personas que disfrutan de la regularidad y la previsibilidad, el placer de lo familiar y lo probado. Por ejemplo, la mayor\u00eda de las parejas doble Nueve tienden a ir al mismo restaurante o al mismo lugar de vacaciones una y otra vez una vez que han encontrado algo que les gusta. Si bien son amigables y accesibles, tambi\u00e9n son sorprendentemente dom\u00e9sticos y protectores de su familia y su mundo privado. Esta pareja desea crear y mantener un refugio seguro de los altibajos de la vida. Es importante destacar que ambos se sienten sin presiones en su relaci\u00f3n. La falta de presi\u00f3n y estr\u00e9s en sus interacciones ordinarias es una de las principales atracciones de esta relaci\u00f3n. Ninguno de los dos quiere sentirse presionado; ambos desean vivir la vida a su propio ritmo. La serenidad (con cierta vivacidad y br\u00edo, dependiendo del patr\u00f3n instintivo) es el sello distintivo.        <\/p>\n\n\n\n<hr class=\"wp-block-separator has-alpha-channel-opacity\"\/>\n\n\n\n<h2 class=\"wp-block-heading\" id=\"h-potential-trouble-spots-or-issues\">Potenciales puntos problem\u00e1ticos o conflictos<\/h2>\n\n\n\n<p>La misma constancia y regularidad de una pareja doble Nueve es tambi\u00e9n parte de lo que podr\u00eda ser su tal\u00f3n de Aquiles: el temor a agitar las aguas o permitir que algo se entrometa en la paz y armon\u00eda de su mundo. Pueden parecer amigables pero quedar atrapados en el estancamiento, abandonando gradualmente las conexiones sociales. El mundo exterior, otras personas, incluso los miembros de la familia, pueden ser sutilmente resistidos o descuidados de diversas maneras si la pareja Nueve se siente suficientemente amenazada de alguna manera. Las parejas doble Nueve pueden estar tan ligadas a su deseo de armon\u00eda que tambi\u00e9n encuentran dif\u00edcil plantear cuestiones importantes al otro. Podr\u00edan amarse mutuamente, pero muy poca comunicaci\u00f3n real comienza a tener lugar. La mayor parte es no verbal o, peor a\u00fan, existe solo en sus imaginaciones.     <\/p>\n\n\n\n<p>De hecho, a medida que los Nueve se deterioran, idealizan al otro pero no se relacionan realmente con el otro tal como es. La mayor parte de la relaci\u00f3n ocurre en su imaginaci\u00f3n del otro en lugar de estar en contacto con la persona real. Mucho no se expresa, y pueden caer en rutinas aletargantes que son dif\u00edciles de romper. Tienden a evitar el conflicto no sacando a colaci\u00f3n temas amenazantes, lo que conduce a una acumulaci\u00f3n de viejas tensiones y resentimientos. El comportamiento pasivo-agresivo, la preocupaci\u00f3n, la culpabilizaci\u00f3n y las ansiedades burbujeantes pueden comenzar a socavar la relaci\u00f3n si contin\u00faan evitando hablar sobre c\u00f3mo se sienten realmente. Externamente, pueden parecer una gran pareja natural, d\u00e1ndose mucho espacio mutuamente y pareciendo tener una capacidad inusual para llevarse bien entre s\u00ed. Pero en realidad pueden ser supresores el uno del otro de maneras sutiles, lo que conduce a una p\u00e9rdida gradual de vitalidad, una falta de ambici\u00f3n y una depresi\u00f3n enmascarada sin ninguna causa obvia que destaque. A menudo, las parejas doble Nueve encuentran una manera de coexistir en un pacto de no agresi\u00f3n mutua que les permite dejarse en paz mutuamente. Sin embargo, la alegr\u00eda y la emoci\u00f3n se habr\u00e1n evaporado hace tiempo de la relaci\u00f3n mientras la pareja se asienta en rutinas y evitaciones cada vez m\u00e1s profundamente arraigadas.        <\/p>\n\n\n\n<p>For further understanding about this type combination, read more about the\u00a0<a href=\"\/how-the-enneagram-system-works\">Stress Arrow<\/a>\u00a0and how type\u00a0<a href=\"https:\/\/wpml.enneagraminstitute.com\/type-9\/\">Nines<\/a> behave when they are moving along it.<\/p>\n\n\r\n\t\t\t<\/div>\r\n\t\t\n\r\n\t\t\t\t<\/div>\r\n\t\t\t<\/div>\r\n\t\t","protected":false},"excerpt":{"rendered":"<p>Traducido con AI<\/p>\n","protected":false},"author":6,"featured_media":0,"parent":0,"menu_order":0,"comment_status":"closed","ping_status":"closed","template":"","meta":{"_acf_changed":false,"footnotes":""},"class_list":["post-2278","page","type-page","status-publish","hentry"],"acf":[],"_links":{"self":[{"href":"https:\/\/wpml.enneagraminstitute.com\/es\/wp-json\/wp\/v2\/pages\/2278","targetHints":{"allow":["GET"]}}],"collection":[{"href":"https:\/\/wpml.enneagraminstitute.com\/es\/wp-json\/wp\/v2\/pages"}],"about":[{"href":"https:\/\/wpml.enneagraminstitute.com\/es\/wp-json\/wp\/v2\/types\/page"}],"author":[{"embeddable":true,"href":"https:\/\/wpml.enneagraminstitute.com\/es\/wp-json\/wp\/v2\/users\/6"}],"replies":[{"embeddable":true,"href":"https:\/\/wpml.enneagraminstitute.com\/es\/wp-json\/wp\/v2\/comments?post=2278"}],"version-history":[{"count":5,"href":"https:\/\/wpml.enneagraminstitute.com\/es\/wp-json\/wp\/v2\/pages\/2278\/revisions"}],"predecessor-version":[{"id":2855,"href":"https:\/\/wpml.enneagraminstitute.com\/es\/wp-json\/wp\/v2\/pages\/2278\/revisions\/2855"}],"wp:attachment":[{"href":"https:\/\/wpml.enneagraminstitute.com\/es\/wp-json\/wp\/v2\/media?parent=2278"}],"curies":[{"name":"wp","href":"https:\/\/api.w.org\/{rel}","templated":true}]}}