{"id":2276,"date":"2024-01-11T20:34:04","date_gmt":"2024-01-11T20:34:04","guid":{"rendered":"https:\/\/wpml.enneagraminstitute.com\/identificacion-erronea-de-los-tipos-8-y-9\/"},"modified":"2025-03-04T16:38:16","modified_gmt":"2025-03-04T16:38:16","slug":"identificacion-erronea-de-los-tipos-8-y-9","status":"publish","type":"page","link":"https:\/\/wpml.enneagraminstitute.com\/es\/identificacion-erronea-de-los-tipos-8-y-9\/","title":{"rendered":"Identificaci\u00f3n err\u00f3nea de los Tipos 8 y 9"},"content":{"rendered":"<h3 style=\"text-align:center\"> Traducido con AI<\/h3>\r\n\t\t\t<div class='container single-content-layout-layout-block'>\r\n\t\t\t\t<div class='row'>\r\n\t\t\t\t\t\n\r\n\t\t\t<div class='column-block col-12 col-md-10 col-lg-8 offset-lg-1'>\r\n\t\t\t\t\n\n<h1 class=\"wp-block-heading\">Identificaci\u00f3n err\u00f3nea de los Ochos y los Nueves<\/h1>\n\n\n\n<hr class=\"wp-block-separator has-alpha-channel-opacity\"\/>\n\n\n\n<p>Los Ochos con un ala Nueve pueden, en ocasiones, ser confundidos con los Nueves con un ala Ocho, aunque esto no constituye un error de tipificaci\u00f3n frecuente. Los Ochos son abiertamente asertivos y no tienen reparos en involucrarse en conflictos para exponer su punto de vista. De hecho, los Ochos suelen disfrutar de los conflictos y debates, encontr\u00e1ndolos estimulantes y consider\u00e1ndolos como una se\u00f1al de que la otra persona realmente se preocupa por el asunto en cuesti\u00f3n. Los Nueves, por el contrario, reh\u00fayen cualquier tipo de confrontaci\u00f3n y, de ser posible, preferir\u00edan estar de acuerdo con el otro para mantener la paz. A medida que descienden en los Niveles, los Ochos se tornan m\u00e1s iracundos, agresivos y dominantes, mientras que los Nueves se vuelven m\u00e1s pasivos, desconectados y depresivos. Comp\u00e1rese a los Nueves Geena Davis y Walt Disney con los Ochos Susan Sarandon y John Huston.     <\/p>\n\n\r\n\t\t\t<\/div>\r\n\t\t\n\r\n\t\t\t\t<\/div>\r\n\t\t\t<\/div>\r\n\t\t","protected":false},"excerpt":{"rendered":"<p>Traducido con AI<\/p>\n","protected":false},"author":6,"featured_media":0,"parent":0,"menu_order":0,"comment_status":"closed","ping_status":"closed","template":"","meta":{"_acf_changed":false,"footnotes":""},"class_list":["post-2276","page","type-page","status-publish","hentry"],"acf":[],"_links":{"self":[{"href":"https:\/\/wpml.enneagraminstitute.com\/es\/wp-json\/wp\/v2\/pages\/2276","targetHints":{"allow":["GET"]}}],"collection":[{"href":"https:\/\/wpml.enneagraminstitute.com\/es\/wp-json\/wp\/v2\/pages"}],"about":[{"href":"https:\/\/wpml.enneagraminstitute.com\/es\/wp-json\/wp\/v2\/types\/page"}],"author":[{"embeddable":true,"href":"https:\/\/wpml.enneagraminstitute.com\/es\/wp-json\/wp\/v2\/users\/6"}],"replies":[{"embeddable":true,"href":"https:\/\/wpml.enneagraminstitute.com\/es\/wp-json\/wp\/v2\/comments?post=2276"}],"version-history":[{"count":4,"href":"https:\/\/wpml.enneagraminstitute.com\/es\/wp-json\/wp\/v2\/pages\/2276\/revisions"}],"predecessor-version":[{"id":2856,"href":"https:\/\/wpml.enneagraminstitute.com\/es\/wp-json\/wp\/v2\/pages\/2276\/revisions\/2856"}],"wp:attachment":[{"href":"https:\/\/wpml.enneagraminstitute.com\/es\/wp-json\/wp\/v2\/media?parent=2276"}],"curies":[{"name":"wp","href":"https:\/\/api.w.org\/{rel}","templated":true}]}}