{"id":2274,"date":"2024-01-11T20:34:04","date_gmt":"2024-01-11T20:34:04","guid":{"rendered":"https:\/\/wpml.enneagraminstitute.com\/eneagrama-tipo-4-el-individualista\/"},"modified":"2025-03-04T16:38:16","modified_gmt":"2025-03-04T16:38:16","slug":"eneagrama-tipo-4-el-individualista","status":"publish","type":"page","link":"https:\/\/wpml.enneagraminstitute.com\/es\/eneagrama-tipo-4-el-individualista\/","title":{"rendered":"Eneagrama Tipo 4: El Individualista"},"content":{"rendered":"<h3 style=\"text-align:center\"> Traducido con AI<\/h3>\r\n\t\t\t<div class='container single-content-layout-layout-block'>\r\n\t\t\t\t<div class='row'>\r\n\t\t\t\t\t\n\r\n\t\t\t<div class='column-block col-12 col-md-10 col-lg-8 offset-lg-1'>\r\n\t\t\t\t\n\n<h1 class=\"wp-block-heading\" id=\"h-enneagram-type-four-the-individualist\">Eneagrama Tipo Cuatro: EL INDIVIDUALISTA<\/h1>\n\n\n\n<p>El Tipo Sensible e Introspectivo:<br\/>Expresivo, Dram\u00e1tico, Ensimismado y Temperamental<\/p>\n\n\n<div class=\"wp-block-image\">\n<figure class=\"aligncenter size-full\" id=\"yui_3_17_2_1_1705610066048_87\"><img loading=\"lazy\" decoding=\"async\" width=\"300\" height=\"192\" src=\"https:\/\/wpml.enneagraminstitute.com\/wp-content\/uploads\/2025\/08\/34_image-asset.png\" alt=\"Eneagrama Tipo 4\" class=\"wp-image-1835\"\/><\/figure>\n<\/div>\n\n\n<hr class=\"wp-block-separator has-alpha-channel-opacity\"\/>\n\n\n\n<h2 class=\"wp-block-heading\" id=\"h-enneagram-type-four-in-brief\">Eneagrama Tipo Cuatro en Breve<\/h2>\n\n\n\n<p>Los Cuatro son conscientes de s\u00ed mismos, sensibles y reservados. Son emocionalmente honestos, creativos y personales, pero tambi\u00e9n pueden ser caprichosos y autoconscientes. Se abstienen de relacionarse con otros debido a sentirse vulnerables y defectuosos, y tambi\u00e9n pueden sentirse desde\u00f1osos y exentos de las formas ordinarias de vida. T\u00edpicamente tienen problemas con la melancol\u00eda, la autoindulgencia y la autocompasi\u00f3n. <em>En su Mejor versi\u00f3n<\/em>: est\u00e1n inspirados y son altamente creativos, capaces de renovarse y transformar sus experiencias.   <\/p>\n\n\n\n<ul class=\"wp-block-list\">\n<li><strong>Temor B\u00e1sico:<\/strong> No tener identidad o significado personal<\/li>\n\n\n\n<li><strong>Deseo B\u00e1sico:<\/strong> Encontrarse a s\u00ed mismos y su significado (crear una<br\/>identidad)<\/li>\n\n\n\n<li><strong>Eneagrama Cuatro con Ala Tres:<\/strong> \u201cEl Arist\u00f3crata\u201d<\/li>\n\n\n\n<li><strong>Eneagrama Cuatro con Ala Cinco:<\/strong> \u201cEl Bohemio\u201d<\/li>\n<\/ul>\n\n\n\n<p><strong>Motivaciones Clave:<\/strong> Desean expresarse y su individualidad, crear y rodearse de belleza, mantener ciertos estados de \u00e1nimo y sentimientos, retirarse para proteger su autoimagen, atender sus necesidades emocionales antes que cualquier otra cosa, atraer a un \u201crescatador.\u201d<\/p>\n\n\n\n<h3 class=\"wp-block-heading\" id=\"h-the-meaning-of-the-arrows-in-brief\">El Significado de las Flechas (en breve)<\/h3>\n\n\n\n<p>Cuando se mueven en su Direcci\u00f3n de Desintegraci\u00f3n (estr\u00e9s), los Cuatro distantes repentinamente se vuelven demasiado involucrados y dependientes como el <a href=\"https:\/\/wpml.enneagraminstitute.com\/es\/eneagrama-tipo-2-el-ayudante\/\">Dos<\/a>. Sin embargo, cuando se mueven en su Direcci\u00f3n de Integraci\u00f3n (crecimiento), los Cuatro envidiosos y emocionalmente turbulentos se vuelven m\u00e1s objetivos y con principios, como los <a href=\"https:\/\/wpml.enneagraminstitute.com\/es\/eneagrama-tipo-1-el-reformador\/\">Unos<\/a> saludables. <a href=\"https:\/\/wpml.enneagraminstitute.com\/es\/como-funciona-el-sistema-del-eneagrama\/\">Aprenda m\u00e1s sobre las flechas<\/a>. <\/p>\n\n\n\n<p><strong>Ejemplos:<\/strong> Rumi, Fr\u00e9d\u00e9ric Chopin, Pyotr I. Tchaikovsky, Gustav Mahler, Jackie Kennedy Onassis, Edgar Allen Poe, Yukio Mishima, Virginia Woolf, Anne Frank, Karen Blixen \/ Isak Dinesen, Ana\u00ees Nin, Tennessee Williams, J.D. Salinger, Anne Rice, Frida Kahlo, Diane Arbus, Martha Graham, Rudolf Nureyev, Cindy Sherman, Hank Williams, Billie Holiday, Judy Garland, Maria Callas, Miles Davis, Keith Jarrett, Joni Mitchell, Bob Dylan, Paul Simon, Leonard Cohen, Yusuf Islam (Cat Stevens), Ferron, Cher, Stevie Nicks, Annie Lennox, Prince, Sarah McLachlan, Alanis Morrisette, Feist, Florence (+ the Machine) Welch, Amy Winehouse, Ingmar Bergman, Lars von Trier, Marlon Brando, Jeremy Irons, Angelina Jolie, Winona Ryder, Kate Winslet, Nicolas Cage, Johnny Depp, la artista del tatuaje Kat Von D., el mago Criss Angel, \u201cBlanche duBois\u201d de Un Tranv\u00eda Llamado Deseo<\/p>\n\n\n\n<hr class=\"wp-block-separator has-alpha-channel-opacity\"\/>\n\n\n\n<h2 class=\"wp-block-heading\" id=\"h-enneagram-type-four-overview\">Visi\u00f3n General del Eneagrama Tipo Cuatro<\/h2>\n\n\n\n<p>Hemos denominado a este tipo <em>El Individualista<\/em> porque los Cuatro mantienen su identidad vi\u00e9ndose a s\u00ed mismos como fundamentalmente diferentes de los dem\u00e1s. Los Cuatro sienten que son distintos a otros seres humanos y, en consecuencia, que nadie puede entenderlos o amarlos adecuadamente. A menudo se ven a s\u00ed mismos como poseedores de talentos \u00fanicos, con dones especiales e irrepetibles, pero tambi\u00e9n como singularmente desfavorecidos o defectuosos. M\u00e1s que cualquier otro tipo, los Cuatro son agudamente conscientes y est\u00e1n enfocados en sus diferencias y deficiencias personales.   <\/p>\n\n\n\n<p>Los Cuatro saludables son honestos consigo mismos: asumen todos sus sentimientos y pueden examinar sus motivos, contradicciones y conflictos emocionales sin negarlos ni encubrirlos. Puede que no les guste necesariamente lo que descubren, pero no intentan racionalizar sus estados, ni tratan de ocultarlos de s\u00ed mismos o de los dem\u00e1s. No temen verse a s\u00ed mismos \u201ccon todos sus defectos.\u201d Los Cuatro saludables est\u00e1n dispuestos a revelar aspectos altamente personales y potencialmente vergonzosos sobre s\u00ed mismos porque est\u00e1n determinados a comprender la verdad de su experiencia, para as\u00ed descubrir qui\u00e9nes son y llegar a t\u00e9rminos con su historia emocional. Esta capacidad tambi\u00e9n les permite soportar el sufrimiento con una fuerza silenciosa. Su familiaridad con su propia naturaleza oscura les facilita procesar experiencias dolorosas que podr\u00edan abrumar a otros tipos.     <\/p>\n\n\n\n<p>No obstante, los Cuatro a menudo informan que sienten que les falta algo en s\u00ed mismos, aunque pueden tener dificultades para identificar exactamente qu\u00e9 es ese \u201calgo\u201d. \u00bfEs fuerza de voluntad? \u00bfFacilidad social? \u00bfConfianza en s\u00ed mismos? \u00bfTranquilidad emocional? \u2014todo lo cual ven en otros, aparentemente en abundancia. Con tiempo y suficiente perspectiva, los Cuatro generalmente reconocen que est\u00e1n inseguros sobre <em>aspectos de su autoimagen<\/em> \u2014su personalidad o estructura del ego en s\u00ed misma. Sienten que carecen de una identidad clara y estable, particularmente de una persona social con la que se sientan c\u00f3modos. <\/p>\n\n\n\n<p>Si bien es cierto que los Cuatro a menudo se sienten diferentes de los dem\u00e1s, en realidad no desean estar solos. Pueden sentirse socialmente inc\u00f3modos o cohibidos, pero anhelan profundamente conectarse con personas que los comprendan a ellos y a sus sentimientos. Los <q id=\"q-first-1\">rom\u00e1nticos<\/q> del Eneagrama, anhelan que alguien entre en sus vidas y aprecie el ser secreto que han nutrido y ocultado privadamente del mundo. Si, con el tiempo, dicha validaci\u00f3n permanece fuera de su alcance, los Cuatro comienzan a construir su identidad en torno a <em>cu\u00e1n diferentes son de todos los dem\u00e1s<\/em>. El marginado, por lo tanto, se consuela convirti\u00e9ndose en un individualista insistente: todo debe hacerse por su cuenta, a su manera, en sus propios t\u00e9rminos. El mantra de los Cuatro se convierte en <q id=\"q-first-2\">Yo soy yo mismo. Nadie me comprende. Soy diferente y especial,<\/q> mientras secretamente desean poder disfrutar de la facilidad y confianza que los dem\u00e1s parecen gozar.     <\/p>\n\n\n\n<p>Los Cuatro t\u00edpicamente tienen problemas con una autoimagen negativa y una autoestima cr\u00f3nicamente baja. Intentan compensar esto cultivando un <em>Ser Fant\u00e1stico<\/em> \u2014una autoimagen idealizada que se construye principalmente en su imaginaci\u00f3n. Un Cuatro que conocemos comparti\u00f3 con nosotros que pasaba la mayor parte de su tiempo libre escuchando m\u00fasica cl\u00e1sica mientras fantaseaba con ser un gran pianista de conciertos \u2014<em>\u00e0 la<\/em> Vladimir Horowitz. Desafortunadamente, su compromiso con la pr\u00e1ctica quedaba muy por debajo de su autoimagen fantaseada, y a menudo se avergonzaba cuando la gente le ped\u00eda que tocara para ellos. Sus habilidades reales, aunque no eran pobres, se convert\u00edan en fuentes de verg\u00fcenza.    <\/p>\n\n\n\n<p>A lo largo de sus vidas, los Cuatro pueden probar varias identidades diferentes, bas\u00e1ndolas en estilos, preferencias o cualidades que encuentran atractivas en otros. Pero bajo la superficie, a\u00fan se sienten inciertos sobre qui\u00e9nes son realmente. El problema es que basan su identidad en gran medida en sus sentimientos. Cuando los Cuatro miran hacia adentro, ven un patr\u00f3n caleidosc\u00f3pico y en constante cambio de reacciones emocionales. De hecho, los Cuatro perciben con precisi\u00f3n una verdad sobre la naturaleza humana: que es din\u00e1mica y siempre cambiante. Pero debido a que quieren crear una identidad estable y confiable a partir de sus emociones, intentan cultivar solo ciertos sentimientos mientras rechazan otros. Algunos sentimientos son vistos como \u201cyo,\u201d mientras que otros son \u201cno yo.\u201d Al intentar aferrarse a estados de \u00e1nimo espec\u00edficos y expresar otros, los Cuatro creen que est\u00e1n siendo fieles a s\u00ed mismos.       <\/p>\n\n\n\n<p>Uno de los mayores desaf\u00edos que enfrentan los Cuatro es aprender a dejar ir los sentimientos del pasado; tienden a alimentar heridas y aferrarse a sentimientos negativos sobre aquellos que los han lastimado. De hecho, los Cuatro pueden llegar a apegarse tanto al anhelo y la decepci\u00f3n que son incapaces de reconocer los muchos tesoros en sus vidas. <\/p>\n\n\n\n<p>Leigh es una madre trabajadora que ha luchado con estos dif\u00edciles sentimientos durante muchos a\u00f1os.<\/p>\n\n\n\n<blockquote class=\"wp-block-quote is-layout-flow wp-block-quote-is-layout-flow\">\n<p>\u00abMe derrumbo cuando estoy en el mundo exterior. He tenido una serie de desastres en mis relaciones. He odiado la bondad de mi hermana \u2014y odiado la bondad en general. Pas\u00e9 a\u00f1os sin alegr\u00eda en mi vida, solo pretendiendo sonre\u00edr porque las sonrisas reales no me llegaban. He tenido un anhelo constante por todo lo que no puedo tener. Mis anhelos nunca pueden cumplirse porque ahora me doy cuenta de que estoy apegada a \u201cel anhelo\u201d y no a ning\u00fan resultado final espec\u00edfico.\u00bb<\/p>\n<\/blockquote>\n\n\n\n<p>Existe una historia suf\u00ed relacionada con esto sobre un perro viejo que hab\u00eda sido maltratado gravemente y estaba cerca de morir de hambre. Un d\u00eda, el perro encontr\u00f3 un hueso, lo llev\u00f3 a un lugar seguro y comenz\u00f3 a roerlo. El perro estaba tan hambriento que mastic\u00f3 el hueso durante mucho tiempo y obtuvo hasta el \u00faltimo bit de nutrici\u00f3n que pudo de \u00e9l. Despu\u00e9s de un tiempo, un anciano bondadoso not\u00f3 al perro y su pat\u00e9tico trozo y comenz\u00f3 a dejarle comida silenciosamente. Pero el pobre sabueso estaba tan apegado a su hueso que se neg\u00f3 a soltarlo y pronto muri\u00f3 de hambre.    <\/p>\n\n\n\n<p>Los Cuatro se encuentran en el mismo predicamento. Mientras crean que hay algo fundamentalmente malo en ellos, no pueden permitirse experimentar o disfrutar de sus muchas buenas cualidades. Reconocer sus buenas cualidades ser\u00eda perder su sentido de identidad (como una v\u00edctima sufriente) y quedarse sin una identidad personal relativamente consistente (su Miedo B\u00e1sico). Los Cuatro crecen al aprender a ver que gran parte de su historia no es cierta \u2014o al menos ya no lo es. Los viejos sentimientos comienzan a desvanecerse una vez que dejan de contarse su vieja historia: es irrelevante para quienes son ahora.    <\/p>\n\n\n\n<p>(de <a href=\"\/store\"><em>La Sabidur\u00eda del Eneagrama<\/em><\/a>, p. 180-182)<\/p>\n\n\n\n<hr class=\"wp-block-separator has-alpha-channel-opacity\"\/>\n\n\n\n<p>\u00a0<\/p>\n\n\n\n<h2 class=\"wp-block-heading\" id=\"h-enneagram-type-four-levels-of-development\">Niveles de Desarrollo del Eneagrama Tipo Cuatro<\/h2>\n\n\n\n<h3 class=\"wp-block-heading\" id=\"h-healthy-levels\"><strong>Niveles Saludables<\/strong><\/h3>\n\n\n\n<p><strong>Nivel 1 (En Su Mejor Momento):<\/strong> Profundamente creativos, expresando lo personal y lo universal, posiblemente en una obra de arte. Inspirados, autorenovadores y regeneradores: capaces de transformar todas sus experiencias en algo valioso: autocreadores. <\/p>\n\n\n\n<p><strong>Nivel 2:<\/strong> Autoconscientes, introspectivos, en \u201cb\u00fasqueda de s\u00ed mismos,\u201d conscientes de sus sentimientos e impulsos internos. Sensibles e intuitivos tanto consigo mismos como con los dem\u00e1s: gentiles, discretos, compasivos. <\/p>\n\n\n\n<p><strong>Nivel 3:<\/strong> Altamente personales, individualistas, \u201cfieles a s\u00ed mismos.\u201d Autorreveladores, emocionalmente honestos, humanos. Visi\u00f3n ir\u00f3nica de s\u00ed mismos y de la vida: pueden ser serios y divertidos, vulnerables y emocionalmente fuertes.  <\/p>\n\n\n\n<h3 class=\"wp-block-heading\" id=\"h-average-levels\"><strong>Niveles Promedio<\/strong><\/h3>\n\n\n\n<p><strong>Nivel 4:<\/strong> Adoptan una orientaci\u00f3n art\u00edstica y rom\u00e1ntica hacia la vida, creando un entorno bello y est\u00e9tico para cultivar y prolongar sentimientos personales. Intensifican la realidad a trav\u00e9s de la fantas\u00eda, sentimientos apasionados y la imaginaci\u00f3n. <\/p>\n\n\n\n<p><strong>Nivel 5:<\/strong> Para mantenerse en contacto con sus sentimientos, interiorizan todo, tom\u00e1ndolo de manera personal, pero se vuelven ensimismados e introvertidos, cambiantes e hipersensibles, t\u00edmidos y autoconscientes, incapaces de ser espont\u00e1neos o de \u201csalir de s\u00ed mismos.\u201d Permanecen retra\u00eddos para proteger su autoimagen y ganar tiempo para clasificar sus sentimientos. <\/p>\n\n\n\n<p><strong>Nivel 6:<\/strong> Gradualmente piensan que son diferentes a los dem\u00e1s, y sienten que est\u00e1n exentos de vivir como lo hace el resto. Se convierten en so\u00f1adores melanc\u00f3licos, desde\u00f1osos, decadentes y sensuales, viviendo en un mundo de fantas\u00eda. La autocompasi\u00f3n y la envidia hacia los dem\u00e1s conducen a la autoindulgencia, y a volverse cada vez m\u00e1s poco pr\u00e1cticos, improductivos, afectados y preciosistas.  <\/p>\n\n\n\n<h3 class=\"wp-block-heading\" id=\"h-unhealthy-levels\"><strong>Niveles Insalubres<\/strong><\/h3>\n\n\n\n<p><strong>Nivel 7:<\/strong> Cuando los sue\u00f1os fallan, se vuelven autoinhibidos y enojados consigo mismos, deprimidos y alienados de s\u00ed mismos y de los dem\u00e1s, bloqueados y emocionalmente paralizados. Avergonzados de s\u00ed mismos, fatigados e incapaces de funcionar. <\/p>\n\n\n\n<p><strong>Nivel 8:<\/strong> Atormentados por un autodesprecio delirante, autorreproches, odio hacia s\u00ed mismos y pensamientos m\u00f3rbidos: todo es fuente de tormento. Culpando a otros, alejan a cualquiera que intente ayudarlos. <\/p>\n\n\n\n<p><strong>Nivel 9:<\/strong> Desesperados, se sienten sin esperanza y se vuelven autodestructivos, posiblemente abusando del alcohol o las drogas para escapar. En casos extremos: es probable un colapso emocional o suicidio. Generalmente corresponde a los trastornos de personalidad Evitativa, Depresiva y Narcisista.  <\/p>\n\n\n\n<hr class=\"wp-block-separator has-alpha-channel-opacity\"\/>\n\n\n\n<h2 class=\"wp-block-heading\" id=\"h-compatibility-with-other-types\">Compatibilidad con Otros Tipos<\/h2>\n\n\n\n<h3 class=\"wp-block-heading\" id=\"h-type-4-in-relationship-with-type\">Tipo 4 en relaci\u00f3n con el tipo:<\/h3>\n\n\n\n<h3 class=\"wp-block-heading\" id=\"h-1-nbsp-nbsp-nbsp-nbsp-2-nbsp-nbsp-nbsp-nbsp-nbsp-3-nbsp-nbsp-nbsp-nbsp-nbsp-4-nbsp-nbsp-nbsp-nbsp-nbsp-5-nbsp-nbsp-nbsp-nbsp-nbsp-6-nbsp-nbsp-nbsp-nbsp-nbsp-7-nbsp-nbsp-nbsp-nbsp-nbsp-8-nbsp-nbsp-nbsp-nbsp-nbsp-9\"><a href=\"https:\/\/wpml.enneagraminstitute.com\/es\/relacion-tipo-1-con-tipo-4\/\">1<\/a>     <a href=\"https:\/\/wpml.enneagraminstitute.com\/es\/relacion-tipo-2-con-tipo-4\/\">2<\/a>     <a href=\"https:\/\/wpml.enneagraminstitute.com\/es\/relacion-entre-el-tipo-3-y-el-tipo-4\/\">3<\/a>     <a href=\"https:\/\/wpml.enneagraminstitute.com\/es\/relacion-tipo-4-con-tipo-4\/\">4<\/a>     <a href=\"https:\/\/wpml.enneagraminstitute.com\/es\/relacion-entre-el-tipo-4-y-el-tipo-5\/\">5<\/a>     <a href=\"https:\/\/wpml.enneagraminstitute.com\/es\/relacion-tipo-4-con-tipo-6\/\">6<\/a>     <a href=\"https:\/\/wpml.enneagraminstitute.com\/es\/relacion-entre-el-tipo-4-y-el-tipo-7\/\">7<\/a>     <a href=\"https:\/\/wpml.enneagraminstitute.com\/es\/relacion-tipo-4-con-tipo-8\/\">8<\/a>     <a href=\"https:\/\/wpml.enneagraminstitute.com\/es\/relacion-tipo-4-con-tipo-9\/\">9<\/a><\/h3>\n\n\n\n<hr class=\"wp-block-separator has-alpha-channel-opacity\"\/>\n\n\n\n<h2 class=\"wp-block-heading\" id=\"h-misidentification-with-other-types\">Identificaci\u00f3n Err\u00f3nea con Otros Tipos<\/h2>\n\n\n\n<h3 class=\"wp-block-heading\" id=\"h-type-4-compared-with-type\">Tipo 4 comparado con el tipo:<\/h3>\n\n\n\n<h3 class=\"wp-block-heading\" id=\"h-1-nbsp-nbsp-nbsp-nbsp-nbsp-2-nbsp-nbsp-nbsp-nbsp-nbsp-3-nbsp-nbsp-nbsp-nbsp-nbsp-5-nbsp-nbsp-nbsp-nbsp-nbsp-6-nbsp-nbsp-nbsp-nbsp-nbsp-7-nbsp-nbsp-nbsp-nbsp-nbsp-8-nbsp-nbsp-nbsp-nbsp-nbsp-9\"><a href=\"https:\/\/wpml.enneagraminstitute.com\/es\/identificacion-erronea-de-1-y-4\/\">1<\/a>     <a href=\"https:\/\/wpml.enneagraminstitute.com\/es\/identificacion-erronea-de-2-y-4\/\">2<\/a>     <a href=\"https:\/\/wpml.enneagraminstitute.com\/es\/identificacion-erronea-de-3-y-4\/\">3<\/a>     <a href=\"https:\/\/wpml.enneagraminstitute.com\/es\/identificacion-erronea-de-4-y-5\/\">5<\/a>     <a href=\"https:\/\/wpml.enneagraminstitute.com\/es\/identificacion-erronea-de-4-y-6\/\">6<\/a>     <a href=\"https:\/\/wpml.enneagraminstitute.com\/es\/identificacion-erronea-de-4-y-7\/\">7<\/a>     <a href=\"https:\/\/wpml.enneagraminstitute.com\/es\/confundiendo-el-4-y-el-8\/\">8<\/a>     <a href=\"https:\/\/wpml.enneagraminstitute.com\/es\/confusion-entre-4-y-9\/\">9<\/a><\/h3>\n\n\n\n<hr class=\"wp-block-separator has-alpha-channel-opacity\"\/>\n\n\n\n<h2 class=\"wp-block-heading\" id=\"h-addictions\">Adicciones<\/h2>\n\n\n\n<p>Exceso en alimentos ricos, dulces, alcohol para alterar el estado de \u00e1nimo, socializar y para consuelo emocional. Falta de actividad f\u00edsica. Bulimia. Depresi\u00f3n. Tabaco, medicamentos recetados o hero\u00edna para la ansiedad social. Cirug\u00eda est\u00e9tica para borrar rasgos rechazados.     <\/p>\n\n\n\n<hr class=\"wp-block-separator has-alpha-channel-opacity\"\/>\n\n\n\n<h2 class=\"wp-block-heading\" id=\"h-personal-growth-recommendations-for-enneagram-type-fours\">Recomendaciones de Crecimiento Personal<br\/>para el Eneagrama Tipo Cuatro<\/h2>\n\n\n\n<ul class=\"wp-block-list\">\n<li>No preste tanta atenci\u00f3n a sus sentimientos; no son una verdadera fuente de apoyo para usted, como probablemente ya sabe. Recuerde este consejo: \u201cDesde nuestra perspectiva actual, tambi\u00e9n podemos ver que uno de los errores m\u00e1s importantes que cometen los Cuatro es equipararse a s\u00ed mismos con sus sentimientos. La falacia es que para entenderse a s\u00ed mismos deben comprender sus sentimientos, particularmente los negativos, antes de actuar. Los Cuatro no ven que el yo no es lo mismo que sus sentimientos o que la presencia de sentimientos negativos no excluye la presencia de lo bueno en s\u00ed mismos\u201d (<a href=\"https:\/\/wpml.enneagraminstitute.com\/store\/\" target=\"_blank\" rel=\"noreferrer noopener\"><em>Tipos de Personalidad<\/em><\/a>, p. 172). Recuerde siempre que sus sentimientos le est\u00e1n diciendo algo sobre usted mismo tal como es en este momento particular, no necesariamente m\u00e1s que eso.  <\/li>\n\n\n\n<li>Evite posponer las cosas hasta que est\u00e9 \u201cen el estado de \u00e1nimo adecuado.\u201d Comprom\u00e9tase con un trabajo productivo y significativo que contribuya a su bien y al de los dem\u00e1s, por peque\u00f1a que sea la contribuci\u00f3n. Trabajar consistentemente en el mundo real crear\u00e1 un contexto en el que pueda descubrirse a s\u00ed mismo y sus talentos. (En realidad, usted es m\u00e1s feliz cuando est\u00e1 trabajando, es decir, activando sus potenciales y realiz\u00e1ndose. No se \u201cencontrar\u00e1 a s\u00ed mismo\u201d en un vac\u00edo o mientras espera que llegue la inspiraci\u00f3n, as\u00ed que con\u00e9ctese \u2014y mant\u00e9ngase conectado\u2014 con el mundo real.    <\/li>\n\n\n\n<li>La autoestima y la confianza en uno mismo se desarrollar\u00e1n \u00fanicamente a partir de experiencias positivas, independientemente de si usted cree estar preparado para tenerlas o no. Por consiguiente, col\u00f3quese en el camino del bien. Es posible que nunca sienta que est\u00e1 preparado para asumir un desaf\u00edo de alg\u00fan tipo, que siempre necesite m\u00e1s tiempo. (Los Cuatro t\u00edpicamente nunca sienten que est\u00e1n suficientemente \u201ccompletos\u201d, pero no obstante deben tener el coraje de dejar de posponer sus vidas.) Incluso si comienza con algo peque\u00f1o, comprom\u00e9tase a hacer algo que saque lo mejor de usted.    <\/li>\n\n\n\n<li>Una autodisciplina saludable adopta muchas formas, desde dormir en horarios regulares hasta trabajar regularmente y hacer ejercicio de manera constante, y tiene un efecto acumulativo y fortalecedor. Dado que proviene de usted mismo, una autodisciplina saludable no es contraria a su libertad o individualidad. Por otro lado, la sensualidad, las experiencias sexuales excesivas, el alcohol, las drogas, el sue\u00f1o o la fantas\u00eda tienen un efecto debilitante en usted, como ya sabe. Por lo tanto, practique una autodisciplina saludable y mant\u00e9ngase firme en ella.   <\/li>\n\n\n\n<li>Evite las conversaciones prolongadas en su imaginaci\u00f3n, particularmente si son negativas, resentidas o incluso excesivamente rom\u00e1nticas. Estas conversaciones son esencialmente irreales y, en el mejor de los casos, solo ensayos para la acci\u00f3n, aunque, como usted sabe, casi nunca dice o hace lo que imagina que har\u00e1. En lugar de pasar tiempo imaginando su vida y sus relaciones, comience a vivirlas.  <\/li>\n<\/ul>\n\n\n\n<hr class=\"wp-block-separator has-alpha-channel-opacity\"\/>\n\n\n\n<h2 class=\"wp-block-heading\" id=\"h-learn-more\">Aprender M\u00e1s<\/h2>\n\n\n\n<p>Los <a href=\"\/store\">libros de Riso-Hudson<\/a> ofrecen las descripciones de tipos m\u00e1s completas disponibles en cualquier parte. <a href=\"\/store\"><em>Personality Types<\/em><\/a> es el tratamiento m\u00e1s completo, profundo y sistem\u00e1tico de los nueve tipos y del sistema del Eneagrama en su conjunto, y <a href=\"\/store\" target=\"_blank\" rel=\"noreferrer noopener\"><em>The Wisdom of the Enneagram<\/em><\/a> proporciona la gu\u00eda integral para el crecimiento psicol\u00f3gico y espiritual de los nueve tipos de personalidad.<\/p>\n\n\n\n<p>\u00a0<\/p>\n\n\r\n\t\t\t<\/div>\r\n\t\t\n\r\n\t\t\t\t<\/div>\r\n\t\t\t<\/div>\r\n\t\t","protected":false},"excerpt":{"rendered":"<p>Traducido con AI<\/p>\n","protected":false},"author":6,"featured_media":0,"parent":0,"menu_order":0,"comment_status":"closed","ping_status":"closed","template":"","meta":{"_acf_changed":false,"footnotes":""},"class_list":["post-2274","page","type-page","status-publish","hentry"],"acf":[],"_links":{"self":[{"href":"https:\/\/wpml.enneagraminstitute.com\/es\/wp-json\/wp\/v2\/pages\/2274","targetHints":{"allow":["GET"]}}],"collection":[{"href":"https:\/\/wpml.enneagraminstitute.com\/es\/wp-json\/wp\/v2\/pages"}],"about":[{"href":"https:\/\/wpml.enneagraminstitute.com\/es\/wp-json\/wp\/v2\/types\/page"}],"author":[{"embeddable":true,"href":"https:\/\/wpml.enneagraminstitute.com\/es\/wp-json\/wp\/v2\/users\/6"}],"replies":[{"embeddable":true,"href":"https:\/\/wpml.enneagraminstitute.com\/es\/wp-json\/wp\/v2\/comments?post=2274"}],"version-history":[{"count":7,"href":"https:\/\/wpml.enneagraminstitute.com\/es\/wp-json\/wp\/v2\/pages\/2274\/revisions"}],"predecessor-version":[{"id":2857,"href":"https:\/\/wpml.enneagraminstitute.com\/es\/wp-json\/wp\/v2\/pages\/2274\/revisions\/2857"}],"wp:attachment":[{"href":"https:\/\/wpml.enneagraminstitute.com\/es\/wp-json\/wp\/v2\/media?parent=2274"}],"curies":[{"name":"wp","href":"https:\/\/api.w.org\/{rel}","templated":true}]}}