{"id":2272,"date":"2024-01-11T20:34:04","date_gmt":"2024-01-11T20:34:04","guid":{"rendered":"https:\/\/wpml.enneagraminstitute.com\/relacion-entre-el-tipo-2-y-el-tipo-7\/"},"modified":"2025-03-04T16:38:16","modified_gmt":"2025-03-04T16:38:16","slug":"relacion-entre-el-tipo-2-y-el-tipo-7","status":"publish","type":"page","link":"https:\/\/wpml.enneagraminstitute.com\/es\/relacion-entre-el-tipo-2-y-el-tipo-7\/","title":{"rendered":"Relaci\u00f3n entre el Tipo 2 y el Tipo 7"},"content":{"rendered":"<h3 style=\"text-align:center\"> Traducido con AI<\/h3>\r\n\t\t\t<div class='container single-content-layout-layout-block'>\r\n\t\t\t\t<div class='row'>\r\n\t\t\t\t\t\n\r\n\t\t\t<div class='column-block col-12 col-md-10 col-lg-8 offset-lg-1'>\r\n\t\t\t\t\n\n<h1 class=\"wp-block-heading\">Eneagrama Tipo Dos (el Ayudador)<br\/><em>con<\/em><br\/>Eneagrama Tipo Siete (el Entusiasta)<\/h1>\n\n\n\n<hr class=\"wp-block-separator has-alpha-channel-opacity\"\/>\n\n\n\n<h2 class=\"wp-block-heading\">Lo que cada tipo aporta a la relaci\u00f3n<\/h2>\n\n\n\n<p>En muchos aspectos, ambos tipos pueden parecer similares. Tanto los Eneagrama Dos como los Siete pueden ser extrovertidos, amigables, divertidos, personas de alta energ\u00eda y compa\u00f1\u00eda muy agradable. Desean que los dem\u00e1s sean felices y se diviertan, y ambos tipos tienden a interpretar las cosas (incluso los contratiempos) de manera positiva, siempre buscando el lado positivo o la bendici\u00f3n en una aparente cat\u00e1strofe. Ambos tipos son cautivadores, espont\u00e1neos y aman las cosas buenas de la vida. Adem\u00e1s, los Dos aportan una profundidad de sentimiento y preocupaci\u00f3n por el bienestar de los dem\u00e1s. Los Dos admiran el arrojo y el entusiasmo con el que los Siete se lanzan a la vida, convirtiendo cada d\u00eda en una aventura impredecible. Los Siete aportan una alta energ\u00eda y una mente \u00e1gil que ve posibilidades y genera ideas m\u00e1s r\u00e1pido de lo que se puede actuar sobre ellas. Hay una especie de electricidad mental y emoci\u00f3n que los Siete generan, un aura de pura posibilidad que los Dos encuentran embriagadora, no solo para s\u00ed mismos sino para aquellos con quienes quieren compartir su entusiasmo. El Siete ayuda al Dos a recordar hacer cosas agradables para s\u00ed mismo de manera regular. Les recuerdan a los Dos que si no cuidan su propia salud y realizaci\u00f3n, realmente no podr\u00e1n ser \u00fatiles a los dem\u00e1s. Por otro lado, los Siete saludables sienten que sus necesidades emocionales y f\u00edsicas son en gran medida satisfechas por un Dos saludable. El Dos ayuda al Siete a sentirse relajado y realizado, reduciendo la tentaci\u00f3n de divagar.           <\/p>\n\n\n\n<p>Adem\u00e1s, tanto los Dos como los Siete son idealistas, pero los Dos pueden traducir este impulso en acci\u00f3n altruista de manera m\u00e1s f\u00e1cil y consistente. Esto inspira al Siete, quien tambi\u00e9n disfruta compartir su abundancia con los dem\u00e1s. Juntos, pueden ser notablemente generosos y considerados como pareja. La combinaci\u00f3n de Dos y Siete puede tener un efecto positivo en las personas que es pr\u00e1cticamente inigualable por cualquier otra pareja: pueden ser c\u00e1lidos, acogedores y generosos, haciendo que los dem\u00e1s se sientan amados e invitados a la fiesta.   <\/p>\n\n\n\n<hr class=\"wp-block-separator has-alpha-channel-opacity\"\/>\n\n\n\n<h2 class=\"wp-block-heading\">Potenciales puntos problem\u00e1ticos o conflictos<\/h2>\n\n\n\n<p>Con el tiempo, los Dos sienten que nunca pueden tener suficiente intimidad y generalmente tratan de encontrar formas de estar m\u00e1s cerca del Siete. Les gusta quedarse en casa, dar paseos tranquilos juntos, cocinar y hablar sobre establecerse y formar una familia. Los Siete, por otro lado, generalmente encuentran que la idea de establecerse y limitar sus opciones no es ni de cerca tan atractiva para ellos. Los Siete son capaces de compromisos a largo plazo, pero tienden a no estar ansiosos por entrar en ellos. Como resultado de estas se\u00f1ales, el Dos puede comenzar a rondar y volverse m\u00e1s intrusivo, tirando de las riendas del Siete, insistiendo en que tengan m\u00e1s tiempo de calidad juntos. Los Siete pueden sentirse f\u00e1cilmente atrapados por esta maniobra, y pueden comenzar a perder inter\u00e9s en el Dos, sintiendo que la relaci\u00f3n se ha vuelto ins\u00edpida (en lugar de darse cuenta de su propia ansiedad sobre el potencial cierre de opciones). Los Dos querr\u00e1n cada vez m\u00e1s ponerse serios acerca de la relaci\u00f3n justo cuando el Siete comienza a sentirse aburrido o que la relaci\u00f3n se ha vuelto pesada e insatisfactoria. Los Dos pueden as\u00ed comenzar a ver al Siete como poco confiable, un mujeriego (o donju\u00e1n) que ego\u00edstamente los est\u00e1 ilusionando sin intenci\u00f3n de comprometerse. Los Siete pueden comenzar a ver a los Dos como posesivos y manipuladores, jugando con su culpa o inseguridades para asegurarse de que el Siete no se desv\u00ede.        <\/p>\n\n\n\n<p>Adem\u00e1s, los Siete necesitan ser el centro de atenci\u00f3n como una forma de mantenerse energizados y emocionados. Las otras personas y sus necesidades no son realmente el foco de su preocupaci\u00f3n tanto como son una audiencia de potenciales compa\u00f1eros de juego, si otros pueden mantenerse al d\u00eda con ellos y su ritmo acelerado. Si bien hacer que el Siete sea el centro de atenci\u00f3n generalmente le conviene a los Dos por un tiempo, los Dos eventualmente comienzan a sentirse inconscientemente utilizados. O bien retendr\u00e1n su atenci\u00f3n y afecto, o comenzar\u00e1n a compensar de otras maneras, como comer en exceso o tener problemas de salud reales o imaginarios como una forma de forzar al Siete a prestar atenci\u00f3n a sus necesidades. Se produce un punto muerto, puntuado por conflictos, batallas y escenas ruidosas.    <\/p>\n\n\n\n<p>Para una mayor comprensi\u00f3n sobre esta combinaci\u00f3n de tipos, lea m\u00e1s sobre la <a href=\"https:\/\/wpml.enneagraminstitute.com\/es\/como-funciona-el-sistema-del-eneagrama\/\">Flecha de Estr\u00e9s<\/a> y c\u00f3mo los tipos <a href=\"https:\/\/wpml.enneagraminstitute.com\/es\/eneagrama-tipo-2-el-ayudante\/\">Dos<\/a> y <a href=\"https:\/\/wpml.enneagraminstitute.com\/es\/eneagrama-tipo-7-el-entusiasta\/\">Siete<\/a> se comportan cuando se mueven a lo largo de ella.<\/p>\n\n\r\n\t\t\t<\/div>\r\n\t\t\n\r\n\t\t\t\t<\/div>\r\n\t\t\t<\/div>\r\n\t\t","protected":false},"excerpt":{"rendered":"<p>Traducido con AI<\/p>\n","protected":false},"author":6,"featured_media":0,"parent":0,"menu_order":0,"comment_status":"closed","ping_status":"closed","template":"","meta":{"_acf_changed":false,"footnotes":""},"class_list":["post-2272","page","type-page","status-publish","hentry"],"acf":[],"_links":{"self":[{"href":"https:\/\/wpml.enneagraminstitute.com\/es\/wp-json\/wp\/v2\/pages\/2272","targetHints":{"allow":["GET"]}}],"collection":[{"href":"https:\/\/wpml.enneagraminstitute.com\/es\/wp-json\/wp\/v2\/pages"}],"about":[{"href":"https:\/\/wpml.enneagraminstitute.com\/es\/wp-json\/wp\/v2\/types\/page"}],"author":[{"embeddable":true,"href":"https:\/\/wpml.enneagraminstitute.com\/es\/wp-json\/wp\/v2\/users\/6"}],"replies":[{"embeddable":true,"href":"https:\/\/wpml.enneagraminstitute.com\/es\/wp-json\/wp\/v2\/comments?post=2272"}],"version-history":[{"count":5,"href":"https:\/\/wpml.enneagraminstitute.com\/es\/wp-json\/wp\/v2\/pages\/2272\/revisions"}],"predecessor-version":[{"id":2858,"href":"https:\/\/wpml.enneagraminstitute.com\/es\/wp-json\/wp\/v2\/pages\/2272\/revisions\/2858"}],"wp:attachment":[{"href":"https:\/\/wpml.enneagraminstitute.com\/es\/wp-json\/wp\/v2\/media?parent=2272"}],"curies":[{"name":"wp","href":"https:\/\/api.w.org\/{rel}","templated":true}]}}