{"id":2270,"date":"2024-01-11T20:34:04","date_gmt":"2024-01-11T20:34:04","guid":{"rendered":"https:\/\/wpml.enneagraminstitute.com\/relacion-entre-el-tipo-1-y-el-tipo-2\/"},"modified":"2025-03-04T16:38:17","modified_gmt":"2025-03-04T16:38:17","slug":"relacion-entre-el-tipo-1-y-el-tipo-2","status":"publish","type":"page","link":"https:\/\/wpml.enneagraminstitute.com\/es\/relacion-entre-el-tipo-1-y-el-tipo-2\/","title":{"rendered":"Relaci\u00f3n entre el Tipo 1 y el Tipo 2"},"content":{"rendered":"<h3 style=\"text-align:center\"> Traducido con AI<\/h3>\r\n\t\t\t<div class='container single-content-layout-layout-block'>\r\n\t\t\t\t<div class='row'>\r\n\t\t\t\t\t\n\r\n\t\t\t<div class='column-block col-12 col-md-10 col-lg-8 offset-lg-1'>\r\n\t\t\t\t\n\n<h1 class=\"wp-block-heading\">Eneagrama Tipo Uno (el Reformador)<br\/><em>con<\/em><br\/>Eneagrama Tipo Dos (el Ayudador)<\/h1>\n\n\n\n<h2 class=\"wp-block-heading\">Lo que cada tipo aporta a la relaci\u00f3n<\/h2>\n\n\n\n<hr class=\"wp-block-separator has-alpha-channel-opacity\"\/>\n\n\n\n<p>Los Unos y los Dos del Eneagrama constituyen una pareja complementaria, ya que ambos ofrecen al otro el ejemplo de sus propias cualidades. Ambos tipos son altamente diligentes y se sienten atra\u00eddos por roles y ocupaciones de servicio: ambos pueden ser docentes, ministros religiosos o trabajadores de la salud con largas jornadas y numerosas responsabilidades. Las parejas de Unos y Dos suelen ser profesionales cuyo trabajo les exige salir del hogar y requiere que enfoquen su atenci\u00f3n en las necesidades de otros, no en la relaci\u00f3n en s\u00ed misma ni en ellos personalmente. Las personas en este tipo de relaci\u00f3n son a menudo inusualmente maduras e independientes, capaces de satisfacer sus necesidades emocionales a trav\u00e9s de una variedad de personas y conexiones, incluyendo las profesionales. Aportan a la relaci\u00f3n elevados ideales, fuertes est\u00e1ndares \u00e9ticos y el deseo de servir a otros, manteniendo el v\u00ednculo s\u00f3lido y en contacto con valores firmes y perspectivas pr\u00e1cticas.    <\/p>\n\n\n\n<p>La relaci\u00f3n se construye en torno a valores compartidos: ambos est\u00e1n juntos en alg\u00fan tipo de camino. Los Dos aportan el cuidado y los sentimientos que los Uno no se permiten f\u00e1cilmente: ayudan a los Uno a suavizarse y relajarse. Por otro lado, los Uno aportan integridad, conciencia, responsabilidad y consistencia. Son estables, confiables y veraces. Los Uno se comprometen firmemente, lo que hace que los Dos se sientan seguros y que no ser\u00e1n abandonados. Adem\u00e1s, los Dos aportan calidez, una preocupaci\u00f3n por las personas y una disposici\u00f3n a hacer excepciones a las reglas para individuos necesitados. Son conscientes del sufrimiento y trabajan arduamente y con generosidad para aliviarlo donde sea posible. Los Dos son m\u00e1s sociables y acogedores que los Uno y pueden calentar el exterior t\u00edpicamente reservado de los Uno, lo cual la mayor\u00eda de los Uno agradece que suceda.       <\/p>\n\n\n\n<hr class=\"wp-block-separator has-alpha-channel-opacity\"\/>\n\n\n\n<h2 class=\"wp-block-heading\">Potenciales puntos problem\u00e1ticos o conflictos<\/h2>\n\n\n\n<p>Por m\u00e1s preocupados que est\u00e9n los Uno y los Dos por las necesidades de los dem\u00e1s, ir\u00f3nicamente, tienden a no ser muy conscientes de sus propias necesidades o a no poder expresarlas f\u00e1cilmente. Los Uno sienten que la vida es un asunto serio y que el trabajo debe siempre preceder al juego; los impulsos inferiores del yo deben mantenerse estrictamente bajo control. Los Dos sienten que deben atender las necesidades de todos los dem\u00e1s antes de permitirse tener necesidades propias. La vida se trata de servir a otros y hacerse \u00fatiles para que los dem\u00e1s los necesiten y los quieran en sus vidas. Por lo tanto, tanto los Uno como los Dos encuentran dif\u00edcil hablar sobre lo que realmente est\u00e1n sintiendo, lo que realmente est\u00e1 sucediendo en la relaci\u00f3n y lo que realmente desean. En este tipo de relaci\u00f3n, a menudo hay motivos ocultos y agendas no declaradas, sin que nadie sea capaz de admitir que no est\u00e1 obteniendo lo que quiere, mucho menos que podr\u00eda no estar feliz o realizado. Para ambos, obtener lo que quieren se siente ego\u00edsta y prohibido. Los Uno pueden comenzar a sentirse decepcionados por la tendencia de los Dos a dar tanto de s\u00ed mismos a otros y a ser tan desregulados respecto al tiempo y la atenci\u00f3n. Los Dos pueden parecer a los Uno estar en todas partes sirviendo en otro comit\u00e9 o grupo caritativo m\u00e1s, pero no en el hogar o en su trabajo, cumpliendo con sus responsabilidades primarias.        <\/p>\n\n\n\n<p>Por otro lado, los Dos pueden ver a los Uno como demasiado impersonales y despreocupados por los dem\u00e1s, no lo suficientemente compasivos o caritativos. Pueden comenzar a sentirse decepcionados con la realidad del idealismo de los Uno, pensando que los Uno pueden amar a la humanidad pero tener poca compasi\u00f3n real por las personas reales. Los Uno pueden sentirse inc\u00f3modos con la efusividad y la necesidad de contacto de los Dos; los Dos pueden sentirse inc\u00f3modos con el sarcasmo y la irritabilidad de los Uno. Ambos albergar\u00e1n un enojo que, lenta pero inexorablemente, conducir\u00e1 a discusiones cada vez m\u00e1s intensas. Ambos pueden comenzar a volverse condenatorios y cr\u00edticos del otro a medida que la relaci\u00f3n se distancia.    <\/p>\n\n\n\n<p>Para una mayor comprensi\u00f3n de esta combinaci\u00f3n de tipos, lea m\u00e1s sobre la <a href=\"https:\/\/wpml.enneagraminstitute.com\/es\/como-funciona-el-sistema-del-eneagrama\/\">Flecha de Estr\u00e9s<\/a> y c\u00f3mo los tipos <a href=\"https:\/\/wpml.enneagraminstitute.com\/es\/eneagrama-tipo-1-el-reformador\/\">Uno<\/a> y <a href=\"https:\/\/wpml.enneagraminstitute.com\/es\/eneagrama-tipo-2-el-ayudante\/\">Dos<\/a> se comportan cuando se mueven a lo largo de ella.<\/p>\n\n\r\n\t\t\t<\/div>\r\n\t\t\n\r\n\t\t\t\t<\/div>\r\n\t\t\t<\/div>\r\n\t\t","protected":false},"excerpt":{"rendered":"<p>Traducido con AI<\/p>\n","protected":false},"author":6,"featured_media":0,"parent":0,"menu_order":0,"comment_status":"closed","ping_status":"closed","template":"","meta":{"_acf_changed":false,"footnotes":""},"class_list":["post-2270","page","type-page","status-publish","hentry"],"acf":[],"_links":{"self":[{"href":"https:\/\/wpml.enneagraminstitute.com\/es\/wp-json\/wp\/v2\/pages\/2270","targetHints":{"allow":["GET"]}}],"collection":[{"href":"https:\/\/wpml.enneagraminstitute.com\/es\/wp-json\/wp\/v2\/pages"}],"about":[{"href":"https:\/\/wpml.enneagraminstitute.com\/es\/wp-json\/wp\/v2\/types\/page"}],"author":[{"embeddable":true,"href":"https:\/\/wpml.enneagraminstitute.com\/es\/wp-json\/wp\/v2\/users\/6"}],"replies":[{"embeddable":true,"href":"https:\/\/wpml.enneagraminstitute.com\/es\/wp-json\/wp\/v2\/comments?post=2270"}],"version-history":[{"count":11,"href":"https:\/\/wpml.enneagraminstitute.com\/es\/wp-json\/wp\/v2\/pages\/2270\/revisions"}],"predecessor-version":[{"id":2859,"href":"https:\/\/wpml.enneagraminstitute.com\/es\/wp-json\/wp\/v2\/pages\/2270\/revisions\/2859"}],"wp:attachment":[{"href":"https:\/\/wpml.enneagraminstitute.com\/es\/wp-json\/wp\/v2\/media?parent=2270"}],"curies":[{"name":"wp","href":"https:\/\/api.w.org\/{rel}","templated":true}]}}