{"id":2268,"date":"2024-01-11T20:34:04","date_gmt":"2024-01-11T20:34:04","guid":{"rendered":"https:\/\/wpml.enneagraminstitute.com\/confusion-en-la-identificacion-del-2-y-el-6\/"},"modified":"2025-03-04T16:38:17","modified_gmt":"2025-03-04T16:38:17","slug":"confusion-en-la-identificacion-del-2-y-el-6","status":"publish","type":"page","link":"https:\/\/wpml.enneagraminstitute.com\/es\/confusion-en-la-identificacion-del-2-y-el-6\/","title":{"rendered":"Confusi\u00f3n en la identificaci\u00f3n del 2 y el 6"},"content":{"rendered":"<h3 style=\"text-align:center\"> Traducido con AI<\/h3>\r\n\t\t\t<div class='container single-content-layout-layout-block'>\r\n\t\t\t\t<div class='row'>\r\n\t\t\t\t\t\n\r\n\t\t\t<div class='column-block col-12 col-md-10 col-lg-8 offset-lg-1'>\r\n\t\t\t\t\n\n<h1 class=\"wp-block-heading\">Confusi\u00f3n en la identificaci\u00f3n de los Dos y los Seis<\/h1>\n\n\n\n<hr class=\"wp-block-separator has-alpha-channel-opacity\"\/>\n\n\n\n<p>Esta es una confusi\u00f3n bastante com\u00fan debido a que estos dos tipos comparten una serie de caracter\u00edsticas clave. Ambos son c\u00e1lidos y atractivos y desean ser apreciados; aunque, m\u00e1s precisamente, los Seis desean obtener la aprobaci\u00f3n y el apoyo de los dem\u00e1s, mientras que los Dos anhelan ser amados y ser importantes para los otros. Ambos se congrarian con las personas, aunque los Seis lo hacen siendo juguetones y graciosos, bromeando y provocando a aquellos de quienes desean obtener una respuesta emocional (protectora). Los Dos promedio tambi\u00e9n se congrarian, pero desde una posici\u00f3n impl\u00edcita de superioridad: son c\u00e1lidos y amistosos, aunque la implicaci\u00f3n es que est\u00e1n ofreciendo su amor y amistad, su aprobaci\u00f3n y consejo, en lugar de buscarlo del otro, al menos inicialmente.   <\/p>\n\n\n\n<p>En resumen, el tono emocional de ambos tipos es completamente diferente: los Seis invitan cautelosamente a otros seleccionados a sus vidas, mientras que los Dos lanzan la red de sus sentimientos con m\u00e1s abandono para ver a qui\u00e9n pueden atraer. Los Seis desean crear asociaciones con otros que los apoyen en su intento de ser m\u00e1s independientes, pero comienzan a sentirse ansiosos si la relaci\u00f3n se vuelve demasiado fusionada o \u201cempalagosa\u201d. Los Dos desean estar cerca de los dem\u00e1s, y cuanta m\u00e1s intimidad y fusi\u00f3n tengan con sus seres queridos, mejor.  <\/p>\n\n\n\n<p>Ambos tipos son emocionales, correspondiendo a los tipos de sentimiento junguianos: el Dos es el tipo de sentimiento extrovertido (<em>PT<\/em>, 62-63), y el Seis, el tipo de sentimiento introvertido (<em>PT<\/em>, 222-223). Los Dos \u201cllevan el coraz\u00f3n en la mano\u201d y son abiertamente c\u00e1lidos y demostrativos sobre c\u00f3mo se sienten hacia los dem\u00e1s. Los Seis, por el contrario, a menudo son ambivalentes sobre sus sentimientos, frecuentemente enviando se\u00f1ales ambiguas y mixtas a otras personas. A medida que se deterioran, los Dos promedio a no saludables se vuelven cada vez m\u00e1s encubiertos en sus tratos con las personas, finalmente volvi\u00e9ndose manipuladores mientras ocultan sus verdaderos motivos incluso de s\u00ed mismos. Por el contrario, los Seis promedio a no saludables se vuelven desenfrenadamente reactivos (exagerando) y conscientemente confundidos sobre sus sentimientos, finalmente volvi\u00e9ndose paranoicos.    <\/p>\n\n\n\n<p>En efecto, los Seis son conscientemente asaltados por la ansiedad, la indecisi\u00f3n y las dudas, y buscan en otros de confianza (especialmente alg\u00fan tipo de figura de autoridad) que los tranquilicen y les ayuden a construir su confianza e independencia. Los Dos tambi\u00e9n son a veces ansiosos, por supuesto, como todos los seres humanos; sin embargo, no son tan indecisos ni asaltados por dudas, ni consultan a una figura de autoridad en busca de respuestas. Por el contrario, a medida que crecen en importancia personal, los Dos promedio usualmente se convierten en figuras de autoridad, dispensando consejos sobre todos los asuntos de la vida a las personas dentro de sus esferas de influencia. En resumen, los Dos promedio a no saludables creen que solo obtendr\u00e1n amor haciendo que otros dependan de ellos, mientras que los Seis promedio a no saludables temen cada vez m\u00e1s volverse dependientes de otros, mientras que en realidad se vuelven m\u00e1s dependientes. Al final del Continuo, las diferencias se pueden ver m\u00e1s claramente entre el sufrimiento psicosom\u00e1tico y la obsesi\u00f3n rom\u00e1ntica del Dos no saludable y la paranoia y los arrebatos vol\u00e1tiles del Seis no saludable. Contraste Dos como Merv Griffin y Sammy Davis, Jr., con Seis como Johnny Carson y Mel Gibson.     <\/p>\n\n\r\n\t\t\t<\/div>\r\n\t\t\n\r\n\t\t\t\t<\/div>\r\n\t\t\t<\/div>\r\n\t\t","protected":false},"excerpt":{"rendered":"<p>Traducido con AI<\/p>\n","protected":false},"author":6,"featured_media":0,"parent":0,"menu_order":0,"comment_status":"closed","ping_status":"closed","template":"","meta":{"_acf_changed":false,"footnotes":""},"class_list":["post-2268","page","type-page","status-publish","hentry"],"acf":[],"_links":{"self":[{"href":"https:\/\/wpml.enneagraminstitute.com\/es\/wp-json\/wp\/v2\/pages\/2268","targetHints":{"allow":["GET"]}}],"collection":[{"href":"https:\/\/wpml.enneagraminstitute.com\/es\/wp-json\/wp\/v2\/pages"}],"about":[{"href":"https:\/\/wpml.enneagraminstitute.com\/es\/wp-json\/wp\/v2\/types\/page"}],"author":[{"embeddable":true,"href":"https:\/\/wpml.enneagraminstitute.com\/es\/wp-json\/wp\/v2\/users\/6"}],"replies":[{"embeddable":true,"href":"https:\/\/wpml.enneagraminstitute.com\/es\/wp-json\/wp\/v2\/comments?post=2268"}],"version-history":[{"count":4,"href":"https:\/\/wpml.enneagraminstitute.com\/es\/wp-json\/wp\/v2\/pages\/2268\/revisions"}],"predecessor-version":[{"id":2860,"href":"https:\/\/wpml.enneagraminstitute.com\/es\/wp-json\/wp\/v2\/pages\/2268\/revisions\/2860"}],"wp:attachment":[{"href":"https:\/\/wpml.enneagraminstitute.com\/es\/wp-json\/wp\/v2\/media?parent=2268"}],"curies":[{"name":"wp","href":"https:\/\/api.w.org\/{rel}","templated":true}]}}